{"id":4417,"date":"2026-02-27T21:09:32","date_gmt":"2026-02-27T20:09:32","guid":{"rendered":"https:\/\/gigistravelworld.de\/?post_type=product&#038;p=4417"},"modified":"2026-03-12T15:59:27","modified_gmt":"2026-03-12T14:59:27","slug":"vegas-cosmetics-haarparfuem","status":"publish","type":"product","link":"https:\/\/gigistravelworld.de\/fr\/vegas-cosmetics-haarparfuem\/","title":{"rendered":"Parfum pour cheveux 50 ml"},"content":{"rendered":"<h4 data-path-to-node=\"10\"><b data-path-to-node=\"10\" data-index-in-node=\"0\">Parfum pour cheveux Vegas Cosmetics : Votre accessoire invisible pour des cheveux irr\u00e9sistibles !<\/b><\/h4>\n<p data-path-to-node=\"11\">Dans <b data-path-to-node=\"11\" data-index-in-node=\"3\">Le monde des voyages de Gigi<\/b> Nous le savons : rien n&#039;est plus s\u00e9duisant que des cheveux qui d\u00e9gagent un parfum d\u00e9licat et frais \u00e0 chaque mouvement. <b data-path-to-node=\"11\" data-index-in-node=\"136\">Parfum pour cheveux Vegas Cosmetics<\/b> Voici mon astuce secr\u00e8te pour un rafra\u00eechissement express. C&#039;est bien plus qu&#039;un simple parfum\u00a0: c&#039;est un v\u00e9ritable soin revitalisant pour votre style\u00a0!<\/p>\n<p data-path-to-node=\"12\">Pour seulement <b data-path-to-node=\"12\" data-index-in-node=\"18\">17,50 \u20ac<\/b> Vous obtenez 50 ml d&#039;un parfum de luxe pur qui \u00e9limine instantan\u00e9ment les mauvaises odeurs et enveloppe vos cheveux d&#039;une brillance soyeuse.<\/p>\n<h4 data-path-to-node=\"13\"><b data-path-to-node=\"13\" data-index-in-node=\"0\">Pourquoi ce parfum pour cheveux devrait se trouver dans tous les sacs \u00e0 main\u00a0:<\/b><\/h4>\n<p data-path-to-node=\"14\">On conna\u00eet tous \u00e7a\u00a0: la fum\u00e9e, les odeurs de cuisine ou les polluants environnementaux s\u2019incrustent dans nos cheveux. Impossible de les laver pour le moment\u00a0? Voici la solution\u00a0:<\/p>\n<ul data-path-to-node=\"15\">\n<li>\n<p data-path-to-node=\"15,0,0\"><b data-path-to-node=\"15,0,0\" data-index-in-node=\"0\">Neutralisateur d&#039;odeurs :<\/b> Gr\u00e2ce \u00e0 sa formule innovante, les odeurs ind\u00e9sirables ne sont pas seulement masqu\u00e9es, mais efficacement neutralis\u00e9es. Vos cheveux sentent instantan\u00e9ment le frais, comme s&#039;ils venaient d&#039;\u00eatre lav\u00e9s !<\/p>\n<\/li>\n<li>\n<p data-path-to-node=\"15,1,0\"><b data-path-to-node=\"15,1,0\" data-index-in-node=\"0\">Soin renforc\u00e9 au panth\u00e9nol\u00a0:<\/b> Alors que les parfums ordinaires ont souvent tendance \u00e0 dess\u00e9cher les cheveux (en raison de leur forte teneur en alcool), celui-ci\u2026 <b data-path-to-node=\"15,1,0\" data-index-in-node=\"119\">Parfum pour cheveux Vegas Cosmetics<\/b> en mati\u00e8re de soins. <b data-path-to-node=\"15,1,0\" data-index-in-node=\"158\">Panth\u00e9nol<\/b> et les huiles fines assurent souplesse et \u00e9clat sain.<\/p>\n<\/li>\n<li>\n<p data-path-to-node=\"15,2,0\"><b data-path-to-node=\"15,2,0\" data-index-in-node=\"0\">Pure l\u00e9g\u00e8ret\u00e9 :<\/b> Plus besoin de craindre les cheveux plats ! Sa formule ultra-l\u00e9g\u00e8re n&#039;alourdit pas les cheveux et ne laisse aucun r\u00e9sidu. Votre coiffure restera parfaitement en place.<\/p>\n<\/li>\n<li>\n<p data-path-to-node=\"15,3,0\"><b data-path-to-node=\"15,3,0\" data-index-in-node=\"0\">Brillance soyeuse :<\/b> Des ingr\u00e9dients doux forment un film protecteur autour des cheveux, leur donnant un aspect \u00e9clatant et sain.<\/p>\n<\/li>\n<\/ul>\n<h4 data-path-to-node=\"16\"><b data-path-to-node=\"16\" data-index-in-node=\"0\">Des ingr\u00e9dients que vos cheveux vont adorer\u00a0:<\/b><\/h4>\n<p data-path-to-node=\"17\">Nous privil\u00e9gions la qualit\u00e9 : <b data-path-to-node=\"17\" data-index-in-node=\"25\">Panth\u00e9nol<\/b> Elle procure de l&#039;hydratation, tandis que des extraits naturels tels que <b data-path-to-node=\"17\" data-index-in-node=\"89\">huile d&#039;\u00e9corce de citron<\/b> et <b data-path-to-node=\"17\" data-index-in-node=\"111\">huile d&#039;\u00e9corce de cannelle<\/b> Il offre un parfum sophistiqu\u00e9 et profond. C&#039;est une composition de fra\u00eecheur et d&#039;\u00e9l\u00e9gance tout simplement addictive.<\/p>\n<h4 data-path-to-node=\"18\"><b data-path-to-node=\"18\" data-index-in-node=\"0\">Foire aux questions (FAQ) sur le parfum pour cheveux Vegas Cosmetics\u00a0:<\/b><\/h4>\n<p data-path-to-node=\"19\"><b data-path-to-node=\"19\" data-index-in-node=\"0\">1. Est-ce que ce parfum dess\u00e8che mes cheveux ?<\/b> Bien au contraire ! Gr\u00e2ce au panth\u00e9nol et \u00e0 des ingr\u00e9dients nourrissants comme l&#039;huile de ricin, vos cheveux sont \u00e9galement hydrat\u00e9s. Ce soin a \u00e9t\u00e9 sp\u00e9cialement formul\u00e9 pour les cheveux sensibles.<\/p>\n<p data-path-to-node=\"20\"><b data-path-to-node=\"20\" data-index-in-node=\"0\">2. \u00c0 quelle fr\u00e9quence puis-je l&#039;utiliser ?<\/b> Aussi souvent que vous le souhaitez ! Id\u00e9al pour rafra\u00eechir votre parfum tout au long de la journ\u00e9e ou pour une sensation de fra\u00eecheur instantan\u00e9e apr\u00e8s le sport.<\/p>\n<p data-path-to-node=\"21\"><b data-path-to-node=\"21\" data-index-in-node=\"0\">3. Puis-je \u00e9galement l&#039;utiliser sur des cheveux coiff\u00e9s\u00a0?<\/b> Oui, absolument ! Il suffit de le vaporiser en derni\u00e8re \u00e9tape apr\u00e8s avoir coiff\u00e9 vos cheveux. Il apporte une finition parfaite et une brillance sophistiqu\u00e9e.<\/p>\n<p data-path-to-node=\"22\"><b data-path-to-node=\"22\" data-index-in-node=\"0\">4. Quelle est son odeur exactement ?<\/b> C&#039;est un parfum sophistiqu\u00e9 et longue tenue \u2013 un m\u00e9lange de notes florales, d&#039;une touche de vanille et d&#039;une fra\u00eecheur d&#039;agrumes zest\u00e9e. \u00c9l\u00e9gant, moderne et absolument irr\u00e9sistible.<\/p>\n<div><\/div>","protected":false},"excerpt":{"rendered":"<p>Votre secret pour des cheveux impeccables toute la journ\u00e9e ! \ud83c\udf1f <b data-path-to-node=\"25\" data-index-in-node=\"48\">Parfum pour cheveux Vegas Cosmetics (50 ml pour 17,50 \u20ac)<\/b> Il neutralise instantan\u00e9ment les mauvaises odeurs et offre \u00e0 vos cheveux une exp\u00e9rience olfactive inoubliable. Gr\u00e2ce \u00e0 <b data-path-to-node=\"25\" data-index-in-node=\"195\">Panth\u00e9nol<\/b> Elle nourrit, apporte une brillance soyeuse et ne laisse pas de sensation de lourdeur sur la peau. Un soin rafra\u00eechissant id\u00e9al \u00e0 tout moment de la journ\u00e9e. <b data-path-to-node=\"25\" data-index-in-node=\"318\">Commandez le v\u00f4tre d\u00e8s maintenant chez Gigi !<\/b><\/p>","protected":false},"featured_media":4414,"template":"","meta":{"_et_pb_use_builder":"","_et_pb_old_content":"","_et_gb_content_width":""},"product_brand":[63],"product_cat":[22,208,33,201],"product_tag":[],"class_list":{"0":"post-4417","1":"product","2":"type-product","3":"status-publish","4":"has-post-thumbnail","6":"product_brand-vegas-cosmetics-gmbh","7":"product_cat-duefte","8":"product_cat-beauty-care","9":"product_cat-duefte-duefte","10":"product_cat-haarparfuem","12":"first","13":"instock","14":"shipping-taxable","15":"product-type-external"},"_links":{"self":[{"href":"https:\/\/gigistravelworld.de\/fr\/wp-json\/wp\/v2\/product\/4417","targetHints":{"allow":["GET"]}}],"collection":[{"href":"https:\/\/gigistravelworld.de\/fr\/wp-json\/wp\/v2\/product"}],"about":[{"href":"https:\/\/gigistravelworld.de\/fr\/wp-json\/wp\/v2\/types\/product"}],"wp:featuredmedia":[{"embeddable":true,"href":"https:\/\/gigistravelworld.de\/fr\/wp-json\/wp\/v2\/media\/4414"}],"wp:attachment":[{"href":"https:\/\/gigistravelworld.de\/fr\/wp-json\/wp\/v2\/media?parent=4417"}],"wp:term":[{"taxonomy":"product_brand","embeddable":true,"href":"https:\/\/gigistravelworld.de\/fr\/wp-json\/wp\/v2\/product_brand?post=4417"},{"taxonomy":"product_cat","embeddable":true,"href":"https:\/\/gigistravelworld.de\/fr\/wp-json\/wp\/v2\/product_cat?post=4417"},{"taxonomy":"product_tag","embeddable":true,"href":"https:\/\/gigistravelworld.de\/fr\/wp-json\/wp\/v2\/product_tag?post=4417"}],"curies":[{"name":"wp","href":"https:\/\/api.w.org\/{rel}","templated":true}]}}