{"id":4179,"date":"2026-02-02T22:58:39","date_gmt":"2026-02-02T21:58:39","guid":{"rendered":"https:\/\/gigistravelworld.de\/?post_type=product&#038;p=4179"},"modified":"2026-03-14T16:55:43","modified_gmt":"2026-03-14T15:55:43","slug":"lash-growth-duo-wimpern","status":"publish","type":"product","link":"https:\/\/gigistravelworld.de\/fr\/lash-growth-duo-wimpern\/","title":{"rendered":"Duo Croissance Cils | Cils longs en 30 jours"},"content":{"rendered":"<div id=\"headingOne\" class=\"panel-heading\" role=\"tab\">\n<h1 data-path-to-node=\"9\">Duo pour la croissance des cils\u00a0: des cils longs et volumineux adapt\u00e9s \u00e0 votre style de vie<\/h1>\n<p data-path-to-node=\"10\">Quiconque me conna\u00eet le sait : dans mon <a class=\"ng-star-inserted\" href=\"https:\/\/gigistravelworld.de\/fr\/gigis-travel-world-ueber-mich\/\" target=\"_blank\" rel=\"noopener\" data-hveid=\"0\" data-ved=\"0CAAQ_4QMahgKEwj4pojP1p-TAxUAAAAAHQAAAAAQ3wI\">Style de vie professionnel<\/a> Je n&#039;ai pas le temps pour des faux cils qui n\u00e9cessitent des retouches constantes. Je mise sur une beaut\u00e9 naturelle et durable, que ce soit pour faire du sport, lors de longs vols ou de r\u00e9unions importantes. <b data-path-to-node=\"10\" data-index-in-node=\"255\">Duo pour la croissance des cils<\/b> C&#039;est mon arme secr\u00e8te quotidienne pour un look lumineux et expressif. Pour seulement <b data-path-to-node=\"10\" data-index-in-node=\"352\">43,40 \u20ac<\/b> Ici, vous pouvez obtenir le forfait complet pour votre transformation des cils chez <b data-path-to-node=\"10\" data-index-in-node=\"434\">Gigis Travel World<\/b>.<\/p>\n<h2 data-path-to-node=\"11\">Phase 1\u00a0: Le s\u00e9rum pour cils \u2013 croissance de l\u2019int\u00e9rieur<\/h2>\n<p data-path-to-node=\"12\">La star dans <b data-path-to-node=\"12\" data-index-in-node=\"12\">Duo pour la croissance des cils<\/b> Voici le s\u00e9rum nourrissant. Il fortifie vos cils et sourcils gr\u00e2ce au Biotinoyl Tripeptide-1 et \u00e0 l&#039;acide hyaluronique. Le meilleur\u00a0? Il est totalement sans hormones\u00a0! Des \u00e9tudes cliniques montrent une croissance cellulaire de pr\u00e8s de 67\u00a0% apr\u00e8s seulement un mois. C&#039;est le compl\u00e9ment id\u00e9al de ma routine quotidienne, tout comme mon <a class=\"ng-star-inserted\" href=\"https:\/\/gigistravelworld.de\/fr\/vitality-power\/nahrungsergaenzungsmittel-vitamine\/vitamine-und-mineralien\/vitamin-d3k2\/vitamin-d3-k2-30ml\/\" target=\"_blank\" rel=\"noopener\" data-hveid=\"0\" data-ved=\"0CAAQ_4QMahgKEwj4pojP1p-TAxUAAAAAHQAAAAAQ4AI\">Vitamine D3 + K2<\/a>, pour soutenir le corps de mani\u00e8re holistique.<\/p>\n<h2 data-path-to-node=\"13\">Phase 2 : Prime Lashes \u2013 Volume et Protection (R\u00e9sistant \u00e0 l&#039;eau)<\/h2>\n<p data-path-to-node=\"14\">Le mascara dans mon <b data-path-to-node=\"14\" data-index-in-node=\"22\">Duo pour la croissance des cils<\/b> C&#039;est un produit vraiment polyvalent. Gr\u00e2ce \u00e0 sa formule r\u00e9sistante \u00e0 l&#039;eau, il ne coule pas \u2013 id\u00e9al pour les longs voyages ou les climats humides. Le panth\u00e9nol qu&#039;il contient laisse \u00e9galement les cheveux doux et souples.<\/p>\n<ul data-path-to-node=\"15\">\n<li>\n<p data-path-to-node=\"15,0,0\"><b data-path-to-node=\"15,0,0\" data-index-in-node=\"0\">Longueur visible :<\/b> Des cils d\u00e9finis et allong\u00e9s d\u00e8s la premi\u00e8re application.<\/p>\n<\/li>\n<li>\n<p data-path-to-node=\"15,1,0\"><b data-path-to-node=\"15,1,0\" data-index-in-node=\"0\">Compatibilit\u00e9 maximale :<\/b> Test\u00e9 dermatologiquement et ophtalmologiquement.<\/p>\n<\/li>\n<li>\n<p data-path-to-node=\"15,2,0\"><b data-path-to-node=\"15,2,0\" data-index-in-node=\"0\">100 % V\u00e9gan :<\/b> Des ingr\u00e9dients purs pour votre tranquillit\u00e9 d&#039;esprit.<\/p>\n<\/li>\n<\/ul>\n<h2 data-path-to-node=\"16\">Pourquoi le duo pour la croissance des cils deviendra votre nouveau chouchou<\/h2>\n<p data-path-to-node=\"17\">Pourquoi les acheter s\u00e9par\u00e9ment quand on peut avoir le duo parfait\u00a0? J\u2019adore le fait que le s\u00e9rum cr\u00e9e une base saine pour la pousse des cheveux, tandis que le mascara apporte instantan\u00e9ment du volume. Si vous\u2026 <b data-path-to-node=\"17\" data-index-in-node=\"188\">Duo pour la croissance des cils<\/b> Si vous l&#039;utilisez r\u00e9guli\u00e8rement pendant au moins 30 jours, vous constaterez non seulement la diff\u00e9rence, mais vous la ressentirez \u00e9galement.<\/p>\n<h2 data-path-to-node=\"18\">Questions fr\u00e9quemment pos\u00e9es sur le duo pour la croissance des cils (FAQ)<\/h2>\n<ul data-path-to-node=\"19\">\n<li>\n<p data-path-to-node=\"19,0,0\"><b data-path-to-node=\"19,0,0\" data-index-in-node=\"0\">Quand verrai-je les premiers r\u00e9sultats ?<\/b> De nombreuses personnes constatent les premiers changements apr\u00e8s seulement 15 jours, les r\u00e9sultats d\u00e9finitifs devenant visibles apr\u00e8s environ 4 \u00e0 8 semaines.<\/p>\n<\/li>\n<li>\n<p data-path-to-node=\"19,1,0\"><b data-path-to-node=\"19,1,0\" data-index-in-node=\"0\">Ce s\u00e9rum est-il sans danger pour les porteurs de lentilles de contact ?<\/b> Oui, le s\u00e9rum dans <b data-path-to-node=\"19,1,0\" data-index-in-node=\"63\">Duo pour la croissance des cils<\/b> Il est test\u00e9 ophtalmologiquement et convient parfaitement aux yeux sensibles.<\/p>\n<\/li>\n<li>\n<p data-path-to-node=\"19,2,0\"><b data-path-to-node=\"19,2,0\" data-index-in-node=\"0\">Comment l&#039;appliquer correctement ?<\/b> Appliquez simplement le s\u00e9rum sur la ligne des cils matin et soir, comme un eyeliner. Utilisez ensuite votre mascara habituel pour votre maquillage quotidien.<\/p>\n<\/li>\n<\/ul>\n<\/div>","protected":false},"excerpt":{"rendered":"<p data-path-to-node=\"4\"><b data-path-to-node=\"4\" data-index-in-node=\"0\">Votre secret pour un regard parfait\u00a0: le duo pour la croissance des cils.<\/b><\/p>\n<p data-path-to-node=\"5\">Vous r\u00eavez de cils plus longs et plus \u00e9pais et de sourcils fournis ? <b data-path-to-node=\"5\" data-index-in-node=\"72\">Duo pour la croissance des cils<\/b> Vegas Cosmetics allie soin intensif et effet spectaculaire instantan\u00e9. Ce coffret contient un s\u00e9rum pour cils sans hormones, ultra-efficace, et un mascara waterproof Prime Lashes enrichi en panth\u00e9nol. R\u00e9sultats visibles en seulement 30 jours \u2013 cliniquement prouv\u00e9\u00a0! En prime, un \u00e9l\u00e9gant sac en papier vous est offert.<\/p>\n<ul data-path-to-node=\"6\">\n<li>\n<p data-path-to-node=\"6,0,0\">\u2705 <b data-path-to-node=\"6,0,0\" data-index-in-node=\"2\">Contenu du coffret :<\/b> S\u00e9rum pour cils + Mascara Prime Lashes (R\u00e9sistant \u00e0 l&#039;eau)<\/p>\n<\/li>\n<li>\n<p data-path-to-node=\"6,1,0\">\u2705 <b data-path-to-node=\"6,1,0\" data-index-in-node=\"2\">R\u00e9sultats:<\/b> +66,8 Croissance des cellules % apr\u00e8s 30 jours<\/p>\n<\/li>\n<li>\n<p data-path-to-node=\"6,2,0\">\u2705 <b data-path-to-node=\"6,2,0\" data-index-in-node=\"2\">Formule:<\/b> 100 % Vegan, sans hormones et adapt\u00e9 aux yeux sensibles<\/p>\n<\/li>\n<li>\n<p data-path-to-node=\"6,3,0\">\u2705 <b data-path-to-node=\"6,3,0\" data-index-in-node=\"2\">Prime:<\/b> Un petit sac en papier est inclus en cadeau.<\/p>\n<\/li>\n<li>\n<p data-path-to-node=\"6,4,0\">\u2705 <b data-path-to-node=\"6,4,0\" data-index-in-node=\"2\">Prix : 43,40 \u20ac<\/b><\/p>\n<\/li>\n<\/ul>","protected":false},"featured_media":4178,"template":"","meta":{"_et_pb_use_builder":"","_et_pb_old_content":"","_et_gb_content_width":""},"product_brand":[63],"product_cat":[53,132,208],"product_tag":[],"class_list":{"0":"post-4179","1":"product","2":"type-product","3":"status-publish","4":"has-post-thumbnail","6":"product_brand-vegas-cosmetics-gmbh","7":"product_cat-makeup","8":"product_cat-augen","9":"product_cat-beauty-care","11":"first","12":"instock","13":"shipping-taxable","14":"product-type-external"},"_links":{"self":[{"href":"https:\/\/gigistravelworld.de\/fr\/wp-json\/wp\/v2\/product\/4179","targetHints":{"allow":["GET"]}}],"collection":[{"href":"https:\/\/gigistravelworld.de\/fr\/wp-json\/wp\/v2\/product"}],"about":[{"href":"https:\/\/gigistravelworld.de\/fr\/wp-json\/wp\/v2\/types\/product"}],"wp:featuredmedia":[{"embeddable":true,"href":"https:\/\/gigistravelworld.de\/fr\/wp-json\/wp\/v2\/media\/4178"}],"wp:attachment":[{"href":"https:\/\/gigistravelworld.de\/fr\/wp-json\/wp\/v2\/media?parent=4179"}],"wp:term":[{"taxonomy":"product_brand","embeddable":true,"href":"https:\/\/gigistravelworld.de\/fr\/wp-json\/wp\/v2\/product_brand?post=4179"},{"taxonomy":"product_cat","embeddable":true,"href":"https:\/\/gigistravelworld.de\/fr\/wp-json\/wp\/v2\/product_cat?post=4179"},{"taxonomy":"product_tag","embeddable":true,"href":"https:\/\/gigistravelworld.de\/fr\/wp-json\/wp\/v2\/product_tag?post=4179"}],"curies":[{"name":"wp","href":"https:\/\/api.w.org\/{rel}","templated":true}]}}