{"id":4079,"date":"2026-01-30T18:09:43","date_gmt":"2026-01-30T17:09:43","guid":{"rendered":"https:\/\/gigistravelworld.de\/?post_type=product&#038;p=4079"},"modified":"2026-03-07T19:01:09","modified_gmt":"2026-03-07T18:01:09","slug":"aloe-vera-intense-spray","status":"publish","type":"product","link":"https:\/\/gigistravelworld.de\/fr\/aloe-vera-intense-spray\/","title":{"rendered":"Spray Intense \u00e0 l&#039;Aloe Vera 100 ml | 90% Aloe Vera Bio et 11 Plantes"},"content":{"rendered":"<div id=\"headingOne\" class=\"panel-heading\" role=\"tab\">\n<p data-path-to-node=\"13\"><b data-path-to-node=\"4,0\" data-index-in-node=\"1\">Spray intense \u00e0 l&#039;aloe vera<\/b> Voici le soulagement instantan\u00e9 par excellence pour votre peau\u00a0: un soin ultra-concentr\u00e9 qui devrait se trouver dans toutes les pharmacies. Dans mon \u201e\u00a0univers de voyage\u00a0\u201c, ce spray est le v\u00e9ritable \u201e\u00a0sauveur des urgences\u00a0\u201c. Apr\u00e8s une exposition excessive au soleil, une irritation due au rasage ou une piq\u00fbre d\u2019insecte, ce spray rafra\u00eechit, apaise et r\u00e9g\u00e9n\u00e8re en quelques secondes. Et tout cela \u00e0 un prix imbattable\u00a0! <b data-path-to-node=\"13\" data-index-in-node=\"438\">16,90 \u20ac<\/b> Ici, vous b\u00e9n\u00e9ficiez d&#039;une qualit\u00e9 professionnelle \u00e0 base d&#039;ingr\u00e9dients naturels.<\/p>\n<p data-path-to-node=\"14\"><strong>Pourquoi le spray intense \u00e0 l&#039;aloe vera est-il si efficace ?<\/strong><\/p>\n<p data-path-to-node=\"15\">Le secret r\u00e9side dans sa formule. Alors que de nombreux fabricants l\u00e9sinent sur les ingr\u00e9dients actifs, Vegas Cosmetics mise tout sur le pouvoir des plantes. Le premier ingr\u00e9dient mentionn\u00e9 est\u2026 <b data-path-to-node=\"15\" data-index-in-node=\"182\">90 % Jus de feuilles d&#039;Aloe Barbadensis<\/b>. Ce gel bio \u00e0 base de feuilles fra\u00eeches apporte \u00e0 votre peau l&#039;hydratation dont elle a d\u00e9sesp\u00e9r\u00e9ment besoin en p\u00e9riode de stress. Mais ce n&#039;est pas tout\u00a0: <b data-path-to-node=\"15\" data-index-in-node=\"363\">Spray intense \u00e0 l&#039;aloe vera<\/b> est soutenu par un complexe unique de 11 extraits naturels.<\/p>\n<p data-path-to-node=\"16\"><strong>Le \u201e pouvoir des onze herbes \u201c pour votre peau :<\/strong><\/p>\n<ul data-path-to-node=\"17\">\n<li>\n<p data-path-to-node=\"17,0,0\"><b data-path-to-node=\"17,0,0\" data-index-in-node=\"0\">R\u00e9confort:<\/b> Le calendula (souci), la camomille et la passiflore r\u00e9duisent imm\u00e9diatement les rougeurs.<\/p>\n<\/li>\n<li>\n<p data-path-to-node=\"17,1,0\"><b data-path-to-node=\"17,1,0\" data-index-in-node=\"0\">R\u00e9g\u00e9n\u00e9ration:<\/b> La propolis, l&#039;allanto\u00efne et l&#039;achill\u00e9e millefeuille favorisent la cicatrisation cutan\u00e9e.<\/p>\n<\/li>\n<li>\n<p data-path-to-node=\"17,2,0\"><b data-path-to-node=\"17,2,0\" data-index-in-node=\"0\">Fra\u00eecheur et protection :<\/b> L&#039;eucalyptus, la sauge et le thym ont un effet purifiant et protecteur.<\/p>\n<\/li>\n<li>\n<p data-path-to-node=\"17,3,0\"><b data-path-to-node=\"17,3,0\" data-index-in-node=\"0\">Chaleur et vitalit\u00e9 :<\/b> Le gingembre et le curcuma favorisent la microcirculation et ont des effets anti-inflammatoires.<\/p>\n<\/li>\n<\/ul>\n<p data-path-to-node=\"18\"><strong>Le compagnon id\u00e9al pour chaque voyage<\/strong><\/p>\n<p data-path-to-node=\"19\">pourquoi cela <b data-path-to-node=\"19\" data-index-in-node=\"10\">Spray intense \u00e0 l&#039;aloe vera<\/b> Que faut-il absolument emporter dans sa valise\u00a0? Car l\u2019espace est pr\u00e9cieux en voyage. Plut\u00f4t que cinq cr\u00e8mes diff\u00e9rentes pour les coups de soleil, les piq\u00fbres d\u2019insectes ou le feu du rasoir, emportez simplement ce spray de 100\u00a0ml. Il est autoris\u00e9 en bagage cabine (sur la plupart des compagnies a\u00e9riennes) et pr\u00eat \u00e0 l\u2019emploi. Apr\u00e8s une journ\u00e9e \u00e0 la plage ou \u00e0 la montagne, ce spray est un v\u00e9ritable bienfait pour les peaux agress\u00e9es. <b data-path-to-node=\"19\" data-index-in-node=\"406\">0 % Parab\u00e8nes<\/b> Gr\u00e2ce \u00e0 sa composition (nom de l&#039;ingr\u00e9dient), il convient parfaitement aux peaux sensibles.<\/p>\n<p data-path-to-node=\"20\"><strong>Conseils d&#039;application en cas d&#039;urgence<\/strong><\/p>\n<p data-path-to-node=\"21\">La gestion de <b data-path-to-node=\"21\" data-index-in-node=\"19\">Spray intense \u00e0 l&#039;aloe vera<\/b> est incroyablement simple :<\/p>\n<ol start=\"1\" data-path-to-node=\"22\">\n<li>\n<p data-path-to-node=\"22,0,0\"><b data-path-to-node=\"22,0,0\" data-index-in-node=\"0\">Faire le m\u00e9nage:<\/b> Vaporisez le produit sur la zone de peau nettoy\u00e9e.<\/p>\n<\/li>\n<li>\n<p data-path-to-node=\"22,1,0\"><b data-path-to-node=\"22,1,0\" data-index-in-node=\"0\">Effets :<\/b> Vous pouvez l&#039;appliquer en massant d\u00e9licatement ou simplement la laisser s\u00e9cher \u00e0 l&#039;air libre \u2013 l&#039;effet rafra\u00eechissant est imm\u00e9diat.<\/p>\n<\/li>\n<li>\n<p data-path-to-node=\"22,2,0\"><b data-path-to-node=\"22,2,0\" data-index-in-node=\"0\">Conseil de pro\u00a0:<\/b> Gardez le spray dans le minibar ou le r\u00e9frig\u00e9rateur pendant vos vacances. Le choc froid soulage incroyablement les coups de soleil\u00a0!<\/p>\n<\/li>\n<\/ol>\n<p data-path-to-node=\"23\"><strong>Vos avantages en un coup d&#039;\u0153il\u00a0:<\/strong><\/p>\n<ul data-path-to-node=\"24\">\n<li>\n<p data-path-to-node=\"24,0,0\"><b data-path-to-node=\"24,0,0\" data-index-in-node=\"0\">Concentration maximale :<\/b> 90 % gel d&#039;aloe vera pur et biologique.<\/p>\n<\/li>\n<li>\n<p data-path-to-node=\"24,1,0\"><b data-path-to-node=\"24,1,0\" data-index-in-node=\"0\">Polyvalent:<\/b> Soulage les coups de soleil, les piq\u00fbres d&#039;insectes et les irritations cutan\u00e9es.<\/p>\n<\/li>\n<li>\n<p data-path-to-node=\"24,2,0\"><b data-path-to-node=\"24,2,0\" data-index-in-node=\"0\">Naturopathie :<\/b> 11 extraits de plantes pr\u00e9cieux, dont la propolis et le gingembre.<\/p>\n<\/li>\n<li>\n<p data-path-to-node=\"24,3,0\"><b data-path-to-node=\"24,3,0\" data-index-in-node=\"0\">Impact sur le rapport qualit\u00e9-prix\u00a0:<\/b> Qualit\u00e9 pharmaceutique authentique pour seulement 16,90 \u20ac.<\/p>\n<\/li>\n<\/ul>\n<p data-path-to-node=\"25\"><b data-path-to-node=\"25\" data-index-in-node=\"0\">Ingr\u00e9dients (INCI) :<\/b> Jus de feuille d&#039;Aloe Barbadensis, glyc\u00e9rine, propyl\u00e8ne glycol, eau, extrait de fleur de Calendula Officinalis, extrait de feuille d&#039;Eucalyptus Globulus, extrait de Chamomilla Recutita, extrait de propolis, extrait de racine de Zingiber Officinale, extrait de feuille de Salvia Officialis, thym, et bien plus encore.<\/p>\n<\/div>","protected":false},"excerpt":{"rendered":"<p><b data-path-to-node=\"10\" data-index-in-node=\"0\">La \u201e pharmacie liquide \u201c pour seulement 16,90 \u20ac !<\/b> Le <b data-path-to-node=\"10\" data-index-in-node=\"45\">Spray intense \u00e0 l&#039;aloe vera<\/b> Ce gel d&#039;aloe vera (100 ml) est le soin ultime pour votre peau. Gr\u00e2ce \u00e0 sa concentration exceptionnelle de 90 % de gel d&#039;aloe vera pur issu de l&#039;agriculture biologique et \u00e0 ses 11 pr\u00e9cieux extraits de plantes, dont la propolis, le calendula et le gingembre, il soulage instantan\u00e9ment les coups de soleil, les irritations cutan\u00e9es et les piq\u00fbres d&#039;insectes. Sans parab\u00e8nes, hautement efficace, c&#039;est un indispensable de votre pharmacie familiale et de votre trousse de voyage. <b data-path-to-node=\"10\" data-index-in-node=\"461\">Une aide rapide qui tient dans n&#039;importe quelle poche !<\/b><\/p>","protected":false},"featured_media":4078,"template":"","meta":{"_et_pb_use_builder":"","_et_pb_old_content":"","_et_gb_content_width":""},"product_brand":[63],"product_cat":[80,113,208,77,60,64,61,75],"product_tag":[],"class_list":{"0":"post-4079","1":"product","2":"type-product","3":"status-publish","4":"has-post-thumbnail","6":"product_brand-vegas-cosmetics-gmbh","7":"product_cat-gigis-travel-world","8":"product_cat-aloe-vera","9":"product_cat-beauty-care","10":"product_cat-feuchtigkeitscremes","11":"product_cat-hautpflege","12":"product_cat-koerper-haarpflege","13":"product_cat-pflegeserien","14":"product_cat-spezialbehandlung","16":"first","17":"instock","18":"shipping-taxable","19":"product-type-external"},"_links":{"self":[{"href":"https:\/\/gigistravelworld.de\/fr\/wp-json\/wp\/v2\/product\/4079","targetHints":{"allow":["GET"]}}],"collection":[{"href":"https:\/\/gigistravelworld.de\/fr\/wp-json\/wp\/v2\/product"}],"about":[{"href":"https:\/\/gigistravelworld.de\/fr\/wp-json\/wp\/v2\/types\/product"}],"wp:featuredmedia":[{"embeddable":true,"href":"https:\/\/gigistravelworld.de\/fr\/wp-json\/wp\/v2\/media\/4078"}],"wp:attachment":[{"href":"https:\/\/gigistravelworld.de\/fr\/wp-json\/wp\/v2\/media?parent=4079"}],"wp:term":[{"taxonomy":"product_brand","embeddable":true,"href":"https:\/\/gigistravelworld.de\/fr\/wp-json\/wp\/v2\/product_brand?post=4079"},{"taxonomy":"product_cat","embeddable":true,"href":"https:\/\/gigistravelworld.de\/fr\/wp-json\/wp\/v2\/product_cat?post=4079"},{"taxonomy":"product_tag","embeddable":true,"href":"https:\/\/gigistravelworld.de\/fr\/wp-json\/wp\/v2\/product_tag?post=4079"}],"curies":[{"name":"wp","href":"https:\/\/api.w.org\/{rel}","templated":true}]}}