{"id":4033,"date":"2026-01-25T20:08:37","date_gmt":"2026-01-25T19:08:37","guid":{"rendered":"https:\/\/gigistravelworld.de\/?post_type=product&#038;p=4033"},"modified":"2026-03-14T17:06:36","modified_gmt":"2026-03-14T16:06:36","slug":"autoduft-personalisierbar-diffusor","status":"publish","type":"product","link":"https:\/\/gigistravelworld.de\/fr\/autoduft-personalisierbar-diffusor\/","title":{"rendered":"D\u00e9sodorisant de voiture personnalisable | Votre logo \u00e0 partir de 15 pi\u00e8ces"},"content":{"rendered":"<div id=\"headingOne\" class=\"panel-heading\" role=\"tab\">\n<h1 data-path-to-node=\"10\">D\u00e9sodorisant de voiture personnalisable\u00a0: votre logo, votre parfum, votre message<\/h1>\n<p data-path-to-node=\"11\">Tous ceux qui me connaissent le savent : les d\u00e9tails font toute la diff\u00e9rence. <a class=\"ng-star-inserted\" href=\"https:\/\/gigistravelworld.de\/fr\/gigis-travel-world-ueber-mich\/\" target=\"_blank\" rel=\"noopener\" data-hveid=\"0\" data-ved=\"0CAAQ_4QMahgKEwj4pojP1p-TAxUAAAAAHQAAAAAQjwM\">Style de vie professionnel<\/a> Une image de marque coh\u00e9rente est primordiale. Alors pourquoi ne pas utiliser le parfum d&#039;ambiance dans la voiture pour marquer les esprits\u00a0? <b data-path-to-node=\"11\" data-index-in-node=\"193\">parfum de voiture personnalisable<\/b> Von Vegas est bien plus qu&#039;un simple d\u00e9sodorisant : c&#039;est une carte de visite qui procure une sensation de bien-\u00eatre. <b data-path-to-node=\"11\" data-index-in-node=\"317\">Gigis Travel World<\/b> Je vous propose le set de 15 pi\u00e8ces pour <b data-path-to-node=\"11\" data-index-in-node=\"367\">112,50 \u20ac<\/b> y compris l&#039;impression individuelle sur la bo\u00eete.<\/p>\n<h2 data-path-to-node=\"12\">Pourquoi un d\u00e9sodorisant de voiture personnalis\u00e9 est le cadeau id\u00e9al<\/h2>\n<p data-path-to-node=\"13\">Que vous teniez une concession automobile, planifiez un mariage ou souhaitiez surprendre vos clients fid\u00e8les\u00a0: un parfum suscite des \u00e9motions. Celui-ci. <b data-path-to-node=\"13\" data-index-in-node=\"131\">parfum de voiture personnalisable<\/b> Il se fixe facilement \u00e0 la grille d&#039;a\u00e9ration gr\u00e2ce \u00e0 sa pince pratique et diffuse d\u00e9licatement le parfum dans toute la pi\u00e8ce. C&#039;est le compl\u00e9ment parfait \u00e0 mon <a class=\"ng-star-inserted\" href=\"https:\/\/gigistravelworld.de\/fr\/beauty-care\/duefte\/my-feeling-eau-de-parfum-men\/\" target=\"_blank\" rel=\"noopener\" data-hveid=\"0\" data-ved=\"0CAAQ_4QMahgKEwj4pojP1p-TAxUAAAAAHQAAAAAQkAM\">Parfum pour hommes My Feeling<\/a>, surtout si vous appr\u00e9ciez les saveurs exclusives lors de vos d\u00e9placements.<\/p>\n<ul data-path-to-node=\"14\">\n<li>\n<p data-path-to-node=\"14,0,0\"><b data-path-to-node=\"14,0,0\" data-index-in-node=\"0\">Conception simple\u00a0:<\/b> Pour les commandes de 15 pi\u00e8ces ou plus (mod\u00e8le uniforme par groupe), nous imprimerons sur le devant de la bo\u00eete.<\/p>\n<\/li>\n<li>\n<p data-path-to-node=\"14,1,0\"><b data-path-to-node=\"14,1,0\" data-index-in-node=\"0\">Optiques haut de gamme :<\/b> Le couvercle carr\u00e9 en bois noir a un aspect \u00e9l\u00e9gant et moderne.<\/p>\n<\/li>\n<li>\n<p data-path-to-node=\"14,2,0\"><b data-path-to-node=\"14,2,0\" data-index-in-node=\"0\">Flexibilit\u00e9:<\/b> Vous pouvez choisir librement la variante de parfum \u2013 la personnalisation concerne le design, pas le parfum !<\/p>\n<\/li>\n<\/ul>\n<h2 data-path-to-node=\"15\">La personnalisation fonctionne aussi facilement.<\/h2>\n<ol start=\"1\" data-path-to-node=\"16\">\n<li>\n<p data-path-to-node=\"16,0,0\"><b data-path-to-node=\"16,0,0\" data-index-in-node=\"0\">Choisissez votre ensemble\u00a0:<\/b> La base est toujours un groupe de 15 personnes.<\/p>\n<\/li>\n<li>\n<p data-path-to-node=\"16,1,0\"><b data-path-to-node=\"16,1,0\" data-index-in-node=\"0\">Votre conception\u00a0:<\/b> L&#039;impression sur la bo\u00eete est incluse dans le prix. Souhaitez-vous \u00e9galement faire imprimer la bouteille en verre\u00a0? C&#039;est possible sur trois faces maximum, moyennant un suppl\u00e9ment de 0,60\u00a0\u20ac par face.<\/p>\n<\/li>\n<li>\n<p data-path-to-node=\"16,2,0\"><b data-path-to-node=\"16,2,0\" data-index-in-node=\"0\">Application:<\/b> Retirez le couvercle, enlevez le capuchon, fixez le clip et revissez-le. Fixez-le \u00e0 la grille d&#039;a\u00e9ration et profitez-en\u00a0!<\/p>\n<\/li>\n<\/ol>\n<h2 data-path-to-node=\"17\">Parfaitement adapt\u00e9 pour :<\/h2>\n<ul data-path-to-node=\"18\">\n<li>\n<p data-path-to-node=\"18,0,0\"><b data-path-to-node=\"18,0,0\" data-index-in-node=\"0\">\u00c9v\u00e9nements et mariages\u00a0:<\/b> Un cadeau qui sera r\u00e9ellement utilis\u00e9.<\/p>\n<\/li>\n<li>\n<p data-path-to-node=\"18,1,0\"><b data-path-to-node=\"18,1,0\" data-index-in-node=\"0\">Entreprise:<\/b> Les compagnies d&#039;assurance, les h\u00f4tels ou les ateliers qui souhaitent se d\u00e9marquer de mani\u00e8re positive.<\/p>\n<\/li>\n<li>\n<p data-path-to-node=\"18,2,0\"><b data-path-to-node=\"18,2,0\" data-index-in-node=\"0\">Marques de style de vie\u00a0:<\/b> Votre logo directement dans le champ de vision de vos clients.<\/p>\n<\/li>\n<\/ul>\n<\/div>","protected":false},"excerpt":{"rendered":"<p data-path-to-node=\"5\"><b data-path-to-node=\"5\" data-index-in-node=\"0\">Laissez une impression durable\u00a0: Parfum d\u2019ambiance personnalisable pour voiture (lot de 15).<\/b><\/p>\n<p data-path-to-node=\"6\">Transformez votre voiture, ou celle de vos clients, en un havre de bien-\u00eatre ! <b data-path-to-node=\"6\" data-index-in-node=\"66\">Parfum personnalis\u00e9 pour voiture<\/b> Ce coffret cadeau avec diffuseur en bois naturel est id\u00e9al pour vos partenaires, clients ou invit\u00e9s. \u00c0 partir de 15 unit\u00e9s (prix du coffret\u00a0: 112,50\u00a0\u20ac), nous personnalisons le coffret avec votre logo ou message. \u00c9l\u00e9gant et pratique, il renferme un parfum de qualit\u00e9 de 8\u00a0ml\u00a0: une fa\u00e7on raffin\u00e9e de laisser une impression durable.<\/p>\n<ul data-path-to-node=\"7\">\n<li>\n<p data-path-to-node=\"7,0,0\">\u2705 <b data-path-to-node=\"7,0,0\" data-index-in-node=\"2\">Produit:<\/b> 15 diffuseurs de parfum pour voiture (8 ml chacun)<\/p>\n<\/li>\n<li>\n<p data-path-to-node=\"7,1,0\">\u2705 <b data-path-to-node=\"7,1,0\" data-index-in-node=\"2\">Personnalisation:<\/b> Impression de la bo\u00eete (logo\/design) incluse pour les commandes de 15 pi\u00e8ces ou plus.<\/p>\n<\/li>\n<li>\n<p data-path-to-node=\"7,2,0\">\u2705 <b data-path-to-node=\"7,2,0\" data-index-in-node=\"2\">Conception:<\/b> Couvercle et clip en bois noir pour la grille de ventilation<\/p>\n<\/li>\n<li>\n<p data-path-to-node=\"7,3,0\">\u2705 <b data-path-to-node=\"7,3,0\" data-index-in-node=\"2\">Public cible :<\/b> Id\u00e9al pour les entreprises, les \u00e9v\u00e9nements, les mariages et les concessions automobiles.<\/p>\n<\/li>\n<li>\n<p data-path-to-node=\"7,4,0\">\u2705 <b data-path-to-node=\"7,4,0\" data-index-in-node=\"2\">Prix fixe : 112,50 \u20ac (impression de base incluse)<\/b><\/p>\n<\/li>\n<\/ul>","protected":false},"featured_media":4036,"template":"","meta":{"_et_pb_use_builder":"","_et_pb_old_content":"","_et_gb_content_width":""},"product_brand":[63],"product_cat":[22,197,31,195,210,29,70],"product_tag":[],"class_list":{"0":"post-4033","1":"product","2":"type-product","3":"status-publish","4":"has-post-thumbnail","6":"product_brand-vegas-cosmetics-gmbh","7":"product_cat-duefte","8":"product_cat-autoduft-car-care","9":"product_cat-autoduft","10":"product_cat-car-care","11":"product_cat-home-style","12":"product_cat-vegas-ambience","13":"product_cat-wohnen-auto","15":"first","16":"instock","17":"shipping-taxable","18":"product-type-external"},"_links":{"self":[{"href":"https:\/\/gigistravelworld.de\/fr\/wp-json\/wp\/v2\/product\/4033","targetHints":{"allow":["GET"]}}],"collection":[{"href":"https:\/\/gigistravelworld.de\/fr\/wp-json\/wp\/v2\/product"}],"about":[{"href":"https:\/\/gigistravelworld.de\/fr\/wp-json\/wp\/v2\/types\/product"}],"wp:featuredmedia":[{"embeddable":true,"href":"https:\/\/gigistravelworld.de\/fr\/wp-json\/wp\/v2\/media\/4036"}],"wp:attachment":[{"href":"https:\/\/gigistravelworld.de\/fr\/wp-json\/wp\/v2\/media?parent=4033"}],"wp:term":[{"taxonomy":"product_brand","embeddable":true,"href":"https:\/\/gigistravelworld.de\/fr\/wp-json\/wp\/v2\/product_brand?post=4033"},{"taxonomy":"product_cat","embeddable":true,"href":"https:\/\/gigistravelworld.de\/fr\/wp-json\/wp\/v2\/product_cat?post=4033"},{"taxonomy":"product_tag","embeddable":true,"href":"https:\/\/gigistravelworld.de\/fr\/wp-json\/wp\/v2\/product_tag?post=4033"}],"curies":[{"name":"wp","href":"https:\/\/api.w.org\/{rel}","templated":true}]}}