{"id":4022,"date":"2026-01-21T19:28:13","date_gmt":"2026-01-21T18:28:13","guid":{"rendered":"https:\/\/gigistravelworld.de\/?post_type=product&#038;p=4022"},"modified":"2026-03-14T17:15:35","modified_gmt":"2026-03-14T16:15:35","slug":"home-fragrance-set-wellness","status":"publish","type":"product","link":"https:\/\/gigistravelworld.de\/fr\/home-fragrance-set-wellness\/","title":{"rendered":"Coffret parfum\u00e9 pour la maison | Bougie parfum\u00e9e et diffuseur"},"content":{"rendered":"<div id=\"headingOne\" class=\"panel-heading\" role=\"tab\">\n<h1 data-path-to-node=\"10\">Coffret de parfums d&#039;int\u00e9rieur : Votre exp\u00e9rience olfactive personnelle pour une d\u00e9tente optimale<\/h1>\n<p data-path-to-node=\"11\">Tous ceux qui me connaissent le savent : je voyage beaucoup, mais ma maison est mon point d&#039;ancrage. <a class=\"ng-star-inserted\" href=\"https:\/\/gigistravelworld.de\/fr\/gigis-travel-world-ueber-mich\/\" target=\"_blank\" rel=\"noopener\" data-hveid=\"0\" data-ved=\"0CAAQ_4QMahgKEwj4pojP1p-TAxUAAAAAHQAAAAAQxwM\">Style de vie professionnel<\/a> Il est extr\u00eamement important pour moi de cr\u00e9er un environnement o\u00f9 je puisse d\u00e9connecter imm\u00e9diatement. <b data-path-to-node=\"11\" data-index-in-node=\"207\">Coffret de parfums d&#039;int\u00e9rieur<\/b> \u00e0 <b data-path-to-node=\"11\" data-index-in-node=\"230\">Gigis Travel World<\/b> Pour moi, c&#039;est pr\u00e9cis\u00e9ment ce moment de luxe dans la vie quotidienne. <b data-path-to-node=\"11\" data-index-in-node=\"303\">67,40 \u20ac<\/b> Vous recevrez un coffret de parfums complet qui transformera votre maison en un spa exclusif.<\/p>\n<h2 data-path-to-node=\"12\">Pourquoi ce coffret de parfums d&#039;ambiance transformera votre maison<\/h2>\n<p data-path-to-node=\"13\">Un parfum agr\u00e9able influence instantan\u00e9ment notre humeur. Tandis qu&#039;une bougie parfum\u00e9e cr\u00e9e une ambiance chaleureuse le soir, un diffuseur d&#039;ambiance, avec ses tiges naturelles, r\u00e9pand en continu une douce brise dans la pi\u00e8ce. C&#039;est le compl\u00e9ment parfait \u00e0 mon <a class=\"ng-star-inserted\" href=\"https:\/\/gigistravelworld.de\/fr\/beauty-care\/duefte\/autoduft-personalisierbar-diffusor\/\" target=\"_blank\" rel=\"noopener\" data-hveid=\"0\" data-ved=\"0CAAQ_4QMahgKEwj4pojP1p-TAxUAAAAAHQAAAAAQyAM\">parfum de voiture personnalisable<\/a>, pour que vous puissiez profiter pleinement de votre parfum pr\u00e9f\u00e9r\u00e9 o\u00f9 que vous soyez.<\/p>\n<ul data-path-to-node=\"14\">\n<li>\n<p data-path-to-node=\"14,0,0\"><b data-path-to-node=\"14,0,0\" data-index-in-node=\"0\">Bougie parfum\u00e9e (R\u00e9f. 153) :<\/b> Design \u00e9l\u00e9gant et \u00e9clairage d&#039;ambiance.<\/p>\n<\/li>\n<li>\n<p data-path-to-node=\"14,1,0\"><b data-path-to-node=\"14,1,0\" data-index-in-node=\"0\">Diffuseur d&#039;ambiance haut de gamme (R\u00e9f. 152) :<\/b> \u00c9l\u00e9gante bouteille en verre avec diffuseur naturel.<\/p>\n<\/li>\n<li>\n<p data-path-to-node=\"14,2,0\"><b data-path-to-node=\"14,2,0\" data-index-in-node=\"0\">Recharge (R\u00e9f. 156)\u00a0:<\/b> Inclus dans le coffret en offre sp\u00e9ciale, pour que votre exp\u00e9rience olfactive ne s&#039;arr\u00eate jamais.<\/p>\n<\/li>\n<\/ul>\n<h2 data-path-to-node=\"15\">Voici comment composer facilement votre coffret de parfums d&#039;int\u00e9rieur.<\/h2>\n<p data-path-to-node=\"16\">Il est important pour moi que vous obteniez exactement le parfum que vous aimez. Gr\u00e2ce \u00e0 la libert\u00e9 de choix offerte par ce coffret, commander est tr\u00e8s simple\u00a0:<\/p>\n<ol start=\"1\" data-path-to-node=\"17\">\n<li>\n<p data-path-to-node=\"17,0,0\"><b data-path-to-node=\"17,0,0\" data-index-in-node=\"0\">Choisissez votre bougie :<\/b> Ajoutez le lot \u00e0 votre panier et s\u00e9lectionnez directement la bougie parfum\u00e9e de votre choix (R\u00e9f. 153).<\/p>\n<\/li>\n<li>\n<p data-path-to-node=\"17,1,0\"><b data-path-to-node=\"17,1,0\" data-index-in-node=\"0\">Diffuseur et pack de recharge :<\/b> Ces \u00e9l\u00e9ments seront ajout\u00e9s automatiquement.<\/p>\n<\/li>\n<li>\n<p data-path-to-node=\"17,2,0\"><b data-path-to-node=\"17,2,0\" data-index-in-node=\"0\">D\u00e9finir les variantes\u00a0:<\/b> Veuillez s\u00e9lectionner le parfum souhait\u00e9 pour le diffuseur et la recharge avant de finaliser votre commande.<\/p>\n<\/li>\n<\/ol>\n<h2 data-path-to-node=\"18\">Mon conseil personnel pour vous<\/h2>\n<p data-path-to-node=\"19\">J&#039;adore utiliser des parfums frais et vivifiants dans le salon et des senteurs de bougies apaisantes dans la chambre. <b data-path-to-node=\"19\" data-index-in-node=\"136\">Coffret de parfums d&#039;int\u00e9rieur<\/b> Vous avez toute latitude pour personnaliser vos chambres. Offrez-vous ce moment de d\u00e9tente \u2013 vous le m\u00e9ritez !<\/p>\n<\/div>","protected":false},"excerpt":{"rendered":"<p data-path-to-node=\"5\"><b data-path-to-node=\"5\" data-index-in-node=\"0\">Transformez votre maison en un havre de bien-\u00eatre : Coffret de parfums d&#039;int\u00e9rieur.<\/b><\/p>\n<p data-path-to-node=\"6\">Il n&#039;y a rien de mieux que d&#039;ouvrir la porte et d&#039;\u00eatre accueilli par son parfum pr\u00e9f\u00e9r\u00e9. Avec mon <b data-path-to-node=\"6\" data-index-in-node=\"109\">Coffret de parfums d&#039;int\u00e9rieur<\/b> Avec Vegas, offrez-vous une exp\u00e9rience de bien-\u00eatre ultime dans votre salon. Le coffret comprend une bougie parfum\u00e9e luxueuse, un diffuseur d&#039;ambiance haut de gamme et une recharge assortie. Mieux encore\u00a0: vous pouvez choisir chaque fragrance individuellement selon vos envies\u00a0!<\/p>\n<ul data-path-to-node=\"7\">\n<li>\n<p data-path-to-node=\"7,0,0\">\u2705 <b data-path-to-node=\"7,0,0\" data-index-in-node=\"2\">Contenu du coffret :<\/b> Bougie parfum\u00e9e, diffuseur d&#039;ambiance et recharge (offre gratuite incluse dans le coffret)<\/p>\n<\/li>\n<li>\n<p data-path-to-node=\"7,1,0\">\u2705 <b data-path-to-node=\"7,1,0\" data-index-in-node=\"2\">Individualit\u00e9:<\/b> Choisissez vos parfums pr\u00e9f\u00e9r\u00e9s pour chaque produit individuellement.<\/p>\n<\/li>\n<li>\n<p data-path-to-node=\"7,2,0\">\u2705 <b data-path-to-node=\"7,2,0\" data-index-in-node=\"2\">Conception:<\/b> Un style \u00e9l\u00e9gant, adapt\u00e9 \u00e0 tous les styles de d\u00e9coration int\u00e9rieure.<\/p>\n<\/li>\n<li>\n<p data-path-to-node=\"7,3,0\">\u2705 <b data-path-to-node=\"7,3,0\" data-index-in-node=\"2\">Avantage:<\/b> Des parfums de haute qualit\u00e9 qui durent longtemps<\/p>\n<\/li>\n<li>\n<p data-path-to-node=\"7,4,0\">\u2705 <b data-path-to-node=\"7,4,0\" data-index-in-node=\"2\">Prix : 67,40 \u20ac<\/b><\/p>\n<\/li>\n<\/ul>","protected":false},"featured_media":4023,"template":"","meta":{"_et_pb_use_builder":"","_et_pb_old_content":"","_et_gb_content_width":""},"product_brand":[63],"product_cat":[22,30,210,29],"product_tag":[],"class_list":{"0":"post-4022","1":"product","2":"type-product","3":"status-publish","4":"has-post-thumbnail","6":"product_brand-vegas-cosmetics-gmbh","7":"product_cat-duefte","8":"product_cat-diffusor","9":"product_cat-home-style","10":"product_cat-vegas-ambience","12":"first","13":"instock","14":"shipping-taxable","15":"product-type-external"},"_links":{"self":[{"href":"https:\/\/gigistravelworld.de\/fr\/wp-json\/wp\/v2\/product\/4022","targetHints":{"allow":["GET"]}}],"collection":[{"href":"https:\/\/gigistravelworld.de\/fr\/wp-json\/wp\/v2\/product"}],"about":[{"href":"https:\/\/gigistravelworld.de\/fr\/wp-json\/wp\/v2\/types\/product"}],"wp:featuredmedia":[{"embeddable":true,"href":"https:\/\/gigistravelworld.de\/fr\/wp-json\/wp\/v2\/media\/4023"}],"wp:attachment":[{"href":"https:\/\/gigistravelworld.de\/fr\/wp-json\/wp\/v2\/media?parent=4022"}],"wp:term":[{"taxonomy":"product_brand","embeddable":true,"href":"https:\/\/gigistravelworld.de\/fr\/wp-json\/wp\/v2\/product_brand?post=4022"},{"taxonomy":"product_cat","embeddable":true,"href":"https:\/\/gigistravelworld.de\/fr\/wp-json\/wp\/v2\/product_cat?post=4022"},{"taxonomy":"product_tag","embeddable":true,"href":"https:\/\/gigistravelworld.de\/fr\/wp-json\/wp\/v2\/product_tag?post=4022"}],"curies":[{"name":"wp","href":"https:\/\/api.w.org\/{rel}","templated":true}]}}