{"id":4015,"date":"2026-01-21T18:49:19","date_gmt":"2026-01-21T17:49:19","guid":{"rendered":"https:\/\/gigistravelworld.de\/?post_type=product&#038;p=4015"},"modified":"2026-03-09T18:41:18","modified_gmt":"2026-03-09T17:41:18","slug":"eau-de-parfum-women-2-ml","status":"publish","type":"product","link":"https:\/\/gigistravelworld.de\/fr\/eau-de-parfum-women-2-ml\/","title":{"rendered":"Eau de Parfum Femme 2 ml | Testez les parfums Vegas pour 1,50\u20ac"},"content":{"rendered":"<div id=\"headingOne\" class=\"panel-heading\" role=\"tab\">\n<p data-path-to-node=\"11\"><b data-path-to-node=\"11\" data-index-in-node=\"0\">Votre accessoire invisible \u2013 le luxe en voyage<\/b> \u201e Un bon parfum est comme une promesse. C&#039;est la premi\u00e8re chose que les gens remarquent chez vous lorsque vous entrez dans une pi\u00e8ce, et la derni\u00e8re chose qui reste lorsque vous la quittez. Au cours de mes voyages, j&#039;ai appris que rien n&#039;\u00e9voque les souvenirs avec autant de force qu&#039;un parfum. \u00bb.<\/p>\n<p data-path-to-node=\"12\">Le <b data-path-to-node=\"12\" data-index-in-node=\"4\">Eau de Parfum Femme 2 ml<\/b> Ceci s&#039;adresse \u00e0 toutes les femmes qui souhaitent red\u00e9finir leur f\u00e9minit\u00e9 au quotidien. Juste pour... <b data-path-to-node=\"12\" data-index-in-node=\"120\">1,50 \u20ac<\/b> D\u00e9couvrez une vaste gamme de parfums envo\u00fbtants et s\u00e9duisants. Que ce soit pour une r\u00e9union d&#039;affaires \u00e0 Milan ou un d\u00eener sur la plage, ces petits flacons de 2 ml sont vos compagnons id\u00e9aux. \u00c9l\u00e9gants, uniques et toujours appropri\u00e9s. <b data-path-to-node=\"12\" data-index-in-node=\"381\">Bien \u00e0 vous, Gigi<\/b>\u201c<\/p>\n<h2 data-path-to-node=\"15\">Eau de Parfum Femme 2 ml : S\u00e9duction \u00e0 un prix irr\u00e9sistible<\/h2>\n<p data-path-to-node=\"16\">La qu\u00eate du parfum parfait est un voyage vers soi-m\u00eame. <b data-path-to-node=\"16\" data-index-in-node=\"73\">Eau de Parfum Femme 2 ml<\/b> Vegas Cosmetics propose une s\u00e9lection exclusive pour la femme moderne et s\u00fbre d&#039;elle. Pour seulement <b data-path-to-node=\"16\" data-index-in-node=\"190\">1,50 \u20ac<\/b> Vous d\u00e9couvrirez un univers de parfums, des notes florales d\u00e9licates aux fragrances orientales myst\u00e9rieuses. Ce format est id\u00e9al pour s&#039;offrir un petit plaisir au quotidien, sans engagement imm\u00e9diat.<\/p>\n<h3 data-path-to-node=\"17\">Une qualit\u00e9 que vous pouvez sentir<\/h3>\n<p data-path-to-node=\"18\"><span data-path-to-node=\"18,0\">Contrairement aux \u00e9chantillons ordinaires, celui-ci est authentique. <b data-path-to-node=\"18,0\" data-index-in-node=\"67\">Eau de Parfum<\/b>. Cela signifie une concentration plus \u00e9lev\u00e9e d&#039;huiles parfum\u00e9es pr\u00e9cieuses, ce qui garantit une tenue impressionnante sur la peau. <\/span><span data-path-to-node=\"18,2\"><span class=\"citation-439\">Vegas Cosmetics GmbH utilise les normes les plus strictes dans son processus de fabrication afin de garantir une exp\u00e9rience olfactive intense et durable.<\/span><\/span><span data-path-to-node=\"18,4\">.<\/span><\/p>\n<p data-path-to-node=\"19\"><span data-path-to-node=\"19,1\"><span class=\"citation-438\">Nous accordons une grande importance aux certifications techniques et aux fiches de donn\u00e9es de s\u00e9curit\u00e9 de nos produits de nettoyage.<\/span><\/span><span data-path-to-node=\"19,3\">, Pour nos parfums f\u00e9minins, la composition esth\u00e9tique est primordiale. Chaque \u00e9chantillon contient la m\u00eame formule que nos flacons de taille standard, vous permettant ainsi d&#039;en appr\u00e9cier la qualit\u00e9 par vous-m\u00eame.<\/span><\/p>\n<h3 data-path-to-node=\"20\">Pourquoi l&#039;\u00e9chantillon de 2 ml deviendra votre nouveau favori<\/h3>\n<ul data-path-to-node=\"21\">\n<li>\n<p data-path-to-node=\"21,0,0\"><b data-path-to-node=\"21,0,0\" data-index-in-node=\"0\">D\u00e9veloppement individuel :<\/b> Pour 1,50 \u20ac, testez comment le parfum s&#039;harmonise avec votre peau.<\/p>\n<\/li>\n<li>\n<p data-path-to-node=\"21,1,0\"><b data-path-to-node=\"21,1,0\" data-index-in-node=\"0\">S\u00e9lection extravagante :<\/b> D\u00e9couvrez une large gamme de parfums qui vous feront vous sentir s\u00e9duisante et unique.<\/p>\n<\/li>\n<li>\n<p data-path-to-node=\"21,2,0\"><b data-path-to-node=\"21,2,0\" data-index-in-node=\"0\">Taille id\u00e9ale :<\/b> Le <b data-path-to-node=\"21,2,0\" data-index-in-node=\"18\">Eau de Parfum Femme 2 ml<\/b> La sonde s&#039;adapte \u00e0 tous les embrayages et est parfaitement adapt\u00e9e aux voyages \u2013 id\u00e9ale pour les d\u00e9placements.<\/p>\n<\/li>\n<li>\n<p data-path-to-node=\"21,3,0\"><b data-path-to-node=\"21,3,0\" data-index-in-node=\"0\">Durabilit\u00e9:<\/b> D\u00e9couvrez l&#039;\u00e9volution des notes aigu\u00ebs, m\u00e9diums et graves pendant de nombreuses heures.<\/p>\n<\/li>\n<\/ul>\n<h3 data-path-to-node=\"22\">Conseil d&#039;application pour une exp\u00e9rience durable<\/h3>\n<p data-path-to-node=\"23\">Vaporisez-le <b data-path-to-node=\"23\" data-index-in-node=\"11\">Eau de Parfum Femme 2 ml<\/b> Appliquez le parfum sur les points de pulsation\u00a0: poignets, cou ou derri\u00e8re les lobes des oreilles. La peau y est plus chaude, ce qui permet au parfum de d\u00e9velopper pleinement son bouquet.<\/p>\n<\/div>","protected":false},"excerpt":{"rendered":"<p>La s\u00e9duction en format 2 ml ! <b data-path-to-node=\"30\" data-index-in-node=\"31\">Eau de Parfum Femme 2 ml<\/b> pour seulement <b data-path-to-node=\"30\" data-index-in-node=\"64\">1,50 \u20ac<\/b> D\u00e9couvrez de pr\u00e8s l&#039;univers exclusif des parfums Vegas Cosmetics. Explorez des cr\u00e9ations extravagantes et uniques, \u00e0 la tenue exceptionnelle. Id\u00e9ales pour tester ou \u00e0 glisser dans votre sac \u00e0 main. <b data-path-to-node=\"30\" data-index-in-node=\"257\">Cliquez ici pour choisir votre palette de parfums dans la boutique !<\/b><\/p>","protected":false},"featured_media":891,"template":"","meta":{"_et_pb_use_builder":"","_et_pb_old_content":"","_et_gb_content_width":""},"product_brand":[63],"product_cat":[22,208,33,36,27,23],"product_tag":[],"class_list":{"0":"post-4015","1":"product","2":"type-product","3":"status-publish","4":"has-post-thumbnail","6":"product_brand-vegas-cosmetics-gmbh","7":"product_cat-duefte","8":"product_cat-beauty-care","9":"product_cat-duefte-duefte","10":"product_cat-duftproben-duefte-duefte","11":"product_cat-duftproben","12":"product_cat-premium-duefte","14":"first","15":"instock","16":"shipping-taxable","17":"product-type-external"},"_links":{"self":[{"href":"https:\/\/gigistravelworld.de\/fr\/wp-json\/wp\/v2\/product\/4015","targetHints":{"allow":["GET"]}}],"collection":[{"href":"https:\/\/gigistravelworld.de\/fr\/wp-json\/wp\/v2\/product"}],"about":[{"href":"https:\/\/gigistravelworld.de\/fr\/wp-json\/wp\/v2\/types\/product"}],"wp:featuredmedia":[{"embeddable":true,"href":"https:\/\/gigistravelworld.de\/fr\/wp-json\/wp\/v2\/media\/891"}],"wp:attachment":[{"href":"https:\/\/gigistravelworld.de\/fr\/wp-json\/wp\/v2\/media?parent=4015"}],"wp:term":[{"taxonomy":"product_brand","embeddable":true,"href":"https:\/\/gigistravelworld.de\/fr\/wp-json\/wp\/v2\/product_brand?post=4015"},{"taxonomy":"product_cat","embeddable":true,"href":"https:\/\/gigistravelworld.de\/fr\/wp-json\/wp\/v2\/product_cat?post=4015"},{"taxonomy":"product_tag","embeddable":true,"href":"https:\/\/gigistravelworld.de\/fr\/wp-json\/wp\/v2\/product_tag?post=4015"}],"curies":[{"name":"wp","href":"https:\/\/api.w.org\/{rel}","templated":true}]}}