{"id":3586,"date":"2025-08-23T20:56:13","date_gmt":"2025-08-23T18:56:13","guid":{"rendered":"https:\/\/gigistravelworld.de\/?post_type=product&#038;p=3586"},"modified":"2026-03-14T18:13:26","modified_gmt":"2026-03-14T17:13:26","slug":"golden-drops-serum","status":"publish","type":"product","link":"https:\/\/gigistravelworld.de\/fr\/golden-drops-serum\/","title":{"rendered":"S\u00e9rum Gouttes d&#039;Or | \u00c9clat instantan\u00e9 et fini bronz\u00e9"},"content":{"rendered":"<h1 data-path-to-node=\"10\">S\u00e9rum Golden Drops : Votre dose quotidienne d&#039;\u00e9clat pour le visage et le corps<\/h1>\n<p data-path-to-node=\"11\">Quiconque me conna\u00eet le sait : dans mon <a class=\"ng-star-inserted\" href=\"https:\/\/gigistravelworld.de\/fr\/gigis-travel-world-ueber-mich\/\" target=\"_blank\" rel=\"noopener\" data-hveid=\"0\" data-ved=\"0CAAQ_4QMahgKEwj4pojP1p-TAxUAAAAAHQAAAAAQvAY\">Style de vie professionnel<\/a> On manque souvent de temps pour s&#039;exposer longuement au soleil. Mais je ne voudrais surtout pas me priver d&#039;un teint frais et \u00e9clatant ! <b data-path-to-node=\"11\" data-index-in-node=\"177\">S\u00e9rum Golden Drops<\/b> Vegas Cosmetics est mon produit indispensable pour raviver instantan\u00e9ment une peau fatigu\u00e9e. <b data-path-to-node=\"11\" data-index-in-node=\"289\">Gigis Travel World<\/b> Je vous propose ce s\u00e9rum pour <b data-path-to-node=\"11\" data-index-in-node=\"339\">23,50 \u20ac<\/b> Un petit investissement pour un \u00e9clat qui dure toute la journ\u00e9e.<\/p>\n<h2 data-path-to-node=\"12\">Pourquoi le s\u00e9rum Golden Drops est bien plus qu&#039;un simple autobronzant<\/h2>\n<p data-path-to-node=\"13\">De nombreux produits autobronzants dess\u00e8chent la peau ou donnent une sensation de lourdeur. <b data-path-to-node=\"13\" data-index-in-node=\"78\">S\u00e9rum Golden Drops<\/b> est diff\u00e9rent. Sa texture l\u00e9g\u00e8re et soyeuse p\u00e9n\u00e8tre instantan\u00e9ment, ne laissant qu&#039;un teint \u00e9clatant de sant\u00e9. Gr\u00e2ce \u00e0 l&#039;association d&#039;ingr\u00e9dients de haute qualit\u00e9 <a class=\"ng-star-inserted\" href=\"https:\/\/de.wikipedia.org\/wiki\/Hyalurons%C3%A4ure\" target=\"_blank\" rel=\"noopener nofollow\" data-hveid=\"0\" data-ved=\"0CAAQ_4QMahgKEwj4pojP1p-TAxUAAAAAHQAAAAAQvQY\">acide hyaluronique<\/a> et l&#039;huile de jojoba nourrissante revitalise votre peau pendant que vous la portez.<\/p>\n<ul data-path-to-node=\"14\">\n<li>\n<p data-path-to-node=\"14,0,0\"><b data-path-to-node=\"14,0,0\" data-index-in-node=\"0\">Teint uniforme :<\/b> Unifie en douceur le teint.<\/p>\n<\/li>\n<li>\n<p data-path-to-node=\"14,1,0\"><b data-path-to-node=\"14,1,0\" data-index-in-node=\"0\">Fini soyeux :<\/b> Donne un \u00e9clat sain et sans effet gras \u00e0 tous les types de peau.<\/p>\n<\/li>\n<li>\n<p data-path-to-node=\"14,2,0\"><b data-path-to-node=\"14,2,0\" data-index-in-node=\"0\">Parfum luxueux :<\/b> Un ar\u00f4me d\u00e9licat qui transforme l&#039;application en un v\u00e9ritable moment de bien-\u00eatre.<\/p>\n<\/li>\n<\/ul>\n<h2 data-path-to-node=\"15\">Ingr\u00e9dients et bienfaits v\u00e9rifi\u00e9s\u00a0:<\/h2>\n<table data-path-to-node=\"16\">\n<thead>\n<tr>\n<td><strong>ingr\u00e9dient<\/strong><\/td>\n<td><strong>Effet sur votre peau<\/strong><\/td>\n<\/tr>\n<\/thead>\n<tbody>\n<tr>\n<td><span data-path-to-node=\"16,1,0,0\"><b data-path-to-node=\"16,1,0,0\" data-index-in-node=\"0\">acide hyaluronique<\/b><\/span><\/td>\n<td><span data-path-to-node=\"16,1,1,0\">Soin hydratant et repulpant intensif<\/span><\/td>\n<\/tr>\n<tr>\n<td><span data-path-to-node=\"16,2,0,0\"><b data-path-to-node=\"16,2,0,0\" data-index-in-node=\"0\">huile de jojoba<\/b><\/span><\/td>\n<td><span data-path-to-node=\"16,2,1,0\">Laisse la peau douce et soyeuse sans \u00eatre grasse.<\/span><\/td>\n<\/tr>\n<tr>\n<td><span data-path-to-node=\"16,3,0,0\"><b data-path-to-node=\"16,3,0,0\" data-index-in-node=\"0\">Vitamine E<\/b><\/span><\/td>\n<td><span data-path-to-node=\"16,3,1,0\">En tant qu&#039;antioxydant, il prot\u00e8ge contre les influences environnementales.<\/span><\/td>\n<\/tr>\n<tr>\n<td><span data-path-to-node=\"16,4,0,0\"><b data-path-to-node=\"16,4,0,0\" data-index-in-node=\"0\">pigments dor\u00e9s<\/b><\/span><\/td>\n<td><span data-path-to-node=\"16,4,1,0\">Procure un \u00e9clat subtil et lumineux<\/span><\/td>\n<\/tr>\n<\/tbody>\n<\/table>\n<h2 data-path-to-node=\"17\"><\/h2>\n<h2 data-path-to-node=\"17\">Voici comment utiliser correctement le s\u00e9rum Golden Drops.<\/h2>\n<p data-path-to-node=\"18\">Pour un r\u00e9sultat parfait, voici deux conseils\u00a0:<\/p>\n<ol start=\"1\" data-path-to-node=\"19\">\n<li>\n<p data-path-to-node=\"19,0,0\"><b data-path-to-node=\"19,0,0\" data-index-in-node=\"0\">Le look pur :<\/b> Appliquez quelques gouttes de <b data-path-to-node=\"19,0,0\" data-index-in-node=\"42\">S\u00e9rum Golden Drops<\/b> Appliquer directement sur la peau nettoy\u00e9e (visage, cou ou jambes) et estomper du bout des doigts.<\/p>\n<\/li>\n<li>\n<p data-path-to-node=\"19,1,0\"><b data-path-to-node=\"19,1,0\" data-index-in-node=\"0\">L&#039;\u00e9clat personnalis\u00e9 :<\/b> M\u00e9langez simplement 1 \u00e0 2 gouttes \u00e0 votre maquillage ou fond de teint habituel. Le r\u00e9sultat\u00a0? Un fini digne d&#039;un d\u00e9fil\u00e9 de mode\u00a0!<\/p>\n<\/li>\n<\/ol>\n<p data-path-to-node=\"20\"><b data-path-to-node=\"20\" data-index-in-node=\"0\">Important:<\/b> Bien agiter avant utilisation pour assurer une r\u00e9partition optimale des particules d&#039;or !<\/p>","protected":false},"excerpt":{"rendered":"<p data-path-to-node=\"5\"><b data-path-to-node=\"5\" data-index-in-node=\"0\">Un \u00e9clat estival en flacon : S\u00e9rum Golden Drops (50 ml).<\/b><\/p>\n<p data-path-to-node=\"6\">Offrez \u00e0 votre peau le fini luxueux qu&#039;elle m\u00e9rite ! <b data-path-to-node=\"6\" data-index-in-node=\"66\">S\u00e9rum Golden Drops<\/b> Voici le secret d&#039;un teint h\u00e2l\u00e9 et impeccable, subtilement rehauss\u00e9 d&#039;un \u00e9clat dor\u00e9. Utilisable sur le visage comme sur le corps, ce s\u00e9rum polyvalent offre un \u00e9clat instantan\u00e9 et une hydratation intense gr\u00e2ce \u00e0 l&#039;acide hyaluronique et \u00e0 l&#039;huile de jojoba. Id\u00e9al pour tous les types de peau qui recherchent un bronzage naturel sans effet gras.<\/p>\n<ul data-path-to-node=\"7\">\n<li>\n<p data-path-to-node=\"7,0,0\">\u2705 <b data-path-to-node=\"7,0,0\" data-index-in-node=\"2\">Effet:<\/b> Bronzage naturel et \u00e9clat dor\u00e9 luxueux<\/p>\n<\/li>\n<li>\n<p data-path-to-node=\"7,1,0\">\u2705 <b data-path-to-node=\"7,1,0\" data-index-in-node=\"2\">Pouvoir de soin :<\/b> \u00c0 base d&#039;acide hyaluronique, d&#039;huile de jojoba et de vitamine E<\/p>\n<\/li>\n<li>\n<p data-path-to-node=\"7,2,0\">\u2705 <b data-path-to-node=\"7,2,0\" data-index-in-node=\"2\">Beaut\u00e9 propre :<\/b> Sans parab\u00e8nes, silicones ni microplastiques<\/p>\n<\/li>\n<li>\n<p data-path-to-node=\"7,3,0\">\u2705 <b data-path-to-node=\"7,3,0\" data-index-in-node=\"2\">Polyvalent:<\/b> Peut \u00eatre utilis\u00e9 seul ou m\u00e9lang\u00e9 \u00e0 du maquillage<\/p>\n<\/li>\n<li>\n<p data-path-to-node=\"7,4,0\">\u2705 <b data-path-to-node=\"7,4,0\" data-index-in-node=\"2\">Prix : 23,50 \u20ac<\/b><\/p>\n<\/li>\n<\/ul>","protected":false},"featured_media":1298,"template":"","meta":{"_et_pb_use_builder":"","_et_pb_old_content":"","_et_gb_content_width":""},"product_brand":[63],"product_cat":[208,125,72,126,53],"product_tag":[],"class_list":{"0":"post-3586","1":"product","2":"type-product","3":"status-publish","4":"has-post-thumbnail","6":"product_brand-vegas-cosmetics-gmbh","7":"product_cat-beauty-care","8":"product_cat-erroeten-bronzer","9":"product_cat-gesicht","10":"product_cat-highlighter","11":"product_cat-makeup","13":"first","14":"instock","15":"shipping-taxable","16":"product-type-external"},"_links":{"self":[{"href":"https:\/\/gigistravelworld.de\/fr\/wp-json\/wp\/v2\/product\/3586","targetHints":{"allow":["GET"]}}],"collection":[{"href":"https:\/\/gigistravelworld.de\/fr\/wp-json\/wp\/v2\/product"}],"about":[{"href":"https:\/\/gigistravelworld.de\/fr\/wp-json\/wp\/v2\/types\/product"}],"wp:featuredmedia":[{"embeddable":true,"href":"https:\/\/gigistravelworld.de\/fr\/wp-json\/wp\/v2\/media\/1298"}],"wp:attachment":[{"href":"https:\/\/gigistravelworld.de\/fr\/wp-json\/wp\/v2\/media?parent=3586"}],"wp:term":[{"taxonomy":"product_brand","embeddable":true,"href":"https:\/\/gigistravelworld.de\/fr\/wp-json\/wp\/v2\/product_brand?post=3586"},{"taxonomy":"product_cat","embeddable":true,"href":"https:\/\/gigistravelworld.de\/fr\/wp-json\/wp\/v2\/product_cat?post=3586"},{"taxonomy":"product_tag","embeddable":true,"href":"https:\/\/gigistravelworld.de\/fr\/wp-json\/wp\/v2\/product_tag?post=3586"}],"curies":[{"name":"wp","href":"https:\/\/api.w.org\/{rel}","templated":true}]}}