{"id":3583,"date":"2025-08-23T20:56:13","date_gmt":"2025-08-23T18:56:13","guid":{"rendered":"https:\/\/gigistravelworld.de\/?post_type=product&#038;p=3583"},"modified":"2026-03-14T17:52:16","modified_gmt":"2026-03-14T16:52:16","slug":"geschenkset-eau-de-parfum-gratis","status":"publish","type":"product","link":"https:\/\/gigistravelworld.de\/fr\/geschenkset-eau-de-parfum-gratis\/","title":{"rendered":"Coffret Eau de Parfum | Incl. atomiseur gratuit"},"content":{"rendered":"<h1 data-path-to-node=\"9\">Coffret cadeau Eau de Parfum : Partagez la joie et ajoutez une touche de style.<\/h1>\n<p data-path-to-node=\"10\">Le <b data-path-to-node=\"10\" data-index-in-node=\"4\">Coffret cadeau Eau de Parfum<\/b> est dans ma boutique <b data-path-to-node=\"10\" data-index-in-node=\"49\">Gigis Travel World<\/b> La r\u00e9ponse \u00e0 l&#039;\u00e9ternelle question : \u201e Que dois-je offrir en cadeau ? \u201c Ceux qui me connaissent le savent : dans mon <a class=\"ng-star-inserted\" href=\"https:\/\/www.google.com\/search?q=https:\/\/gigistravelworld.de\/ueber-mich\/\" target=\"_blank\" rel=\"noopener\" data-hveid=\"0\" data-ved=\"0CAAQ_4QMahgKEwj4pojP1p-TAxUAAAAAHQAAAAAQxgU\">Style de vie professionnel<\/a> J&#039;appr\u00e9cie les petits gestes qui laissent une impression durable. <b data-path-to-node=\"10\" data-index-in-node=\"267\">45,50 \u20ac<\/b> Vous obtenez non seulement un parfum de haute qualit\u00e9 dans un coffret \u00e9l\u00e9gant, mais aussi l&#039;accessoire de voyage id\u00e9al pour vos d\u00e9placements.<\/p>\n<h2 data-path-to-node=\"11\">Pourquoi le coffret cadeau Eau de Parfum est le cadeau id\u00e9al<\/h2>\n<p data-path-to-node=\"12\">Nous connaissons le probl\u00e8me\u00a0: les grands flacons de parfum sont souvent trop lourds ou encombrants pour les bagages \u00e0 main. Gr\u00e2ce au vaporisateur de voyage offert\u2026 <b data-path-to-node=\"12\" data-index-in-node=\"146\">Coffret cadeau Eau de Parfum<\/b> Il vous suffit de transvaser votre parfum pr\u00e9f\u00e9r\u00e9 dans un flacon et vous voil\u00e0 pr\u00eate \u00e0 rayonner partout. Il s&#039;accorde parfaitement avec mon <a class=\"ng-star-inserted\" href=\"https:\/\/gigistravelworld.de\/fr\/beauty-care\/makeup\/lash-growth-duo-wimpern\/\" target=\"_blank\" rel=\"noopener\" data-hveid=\"0\" data-ved=\"0CAAQ_4QMahgKEwj4pojP1p-TAxUAAAAAHQAAAAAQxwU\">Duo pour la croissance des cils<\/a>, pour que votre look et votre parfum soient toujours parfaitement coordonn\u00e9s, m\u00eame en voyage.<\/p>\n<ul data-path-to-node=\"13\">\n<li>\n<p data-path-to-node=\"13,0,0\"><b data-path-to-node=\"13,0,0\" data-index-in-node=\"0\">S\u00e9lection individuelle du parfum :<\/b> Choisissez votre mod\u00e8le pr\u00e9f\u00e9r\u00e9 parmi la collection exclusive Vegas.<\/p>\n<\/li>\n<li>\n<p data-path-to-node=\"13,1,0\"><b data-path-to-node=\"13,1,0\" data-index-in-node=\"0\">Pr\u00eat \u00e0 offrir imm\u00e9diatement :<\/b> L&#039;\u00e9l\u00e9gant coffret cadeau vous fait gagner du temps lors de l&#039;emballage.<\/p>\n<\/li>\n<li>\n<p data-path-to-node=\"13,2,0\"><b data-path-to-node=\"13,2,0\" data-index-in-node=\"0\">Valeur ajout\u00e9e pratique :<\/b> L&#039;atomiseur de poche change vraiment la donne pour les longues journ\u00e9es.<\/p>\n<\/li>\n<\/ul>\n<h2 data-path-to-node=\"14\">Le conseil de Gigi pour une apparence parfaite<\/h2>\n<p data-path-to-node=\"15\">Vous ne savez pas quel parfum vous convient le mieux ? <b data-path-to-node=\"15\" data-index-in-node=\"56\">Coffret cadeau Eau de Parfum<\/b> Il offre toujours une allure sophistiqu\u00e9e et personnelle. Que ce soit pour un gentleman \u00e9l\u00e9gant ou une femme d&#039;affaires, l&#039;association du parfum et du vaporisateur portable cr\u00e9e une exp\u00e9rience vraiment unique. D\u00e9couvrez aussi mes autres articles\u00a0! <a class=\"ng-star-inserted\" href=\"https:\/\/www.google.com\/search?q=https:\/\/gigistravelworld.de\/beauty-care\/parfum\/exklusives-my-feeling-eau-de-parfum-men-50ml\/\" target=\"_blank\" rel=\"noopener\" data-hveid=\"0\" data-ved=\"0CAAQ_4QMahgKEwj4pojP1p-TAxUAAAAAHQAAAAAQyAU\">Points forts du parfum<\/a> Pour vous inspirer !<\/p>","protected":false},"excerpt":{"rendered":"<p data-path-to-node=\"4\"><b data-path-to-node=\"4\" data-index-in-node=\"0\">Offrez un cadeau \u00e9l\u00e9gant\u00a0: le coffret cadeau exclusif Eau de Parfum.<\/b><\/p>\n<p data-path-to-node=\"5\">Offrir des cadeaux est une joie \u2013 surtout lorsqu&#039;ils sont si \u00e9l\u00e9gamment emball\u00e9s ! <b data-path-to-node=\"5\" data-index-in-node=\"72\">Coffret cadeau Eau de Parfum<\/b> Vegas Cosmetics allie votre parfum pr\u00e9f\u00e9r\u00e9 \u00e0 une touche de luxe. Pr\u00e9sent\u00e9 dans un \u00e9l\u00e9gant coffret cadeau, c&#039;est le cadeau id\u00e9al pour toutes les occasions. Le clou du spectacle pour tous les passionn\u00e9s de voyage\u00a0: vous recevrez un <b data-path-to-node=\"5\" data-index-in-node=\"311\">Atomiseur de poche (R\u00e9f. 809-2) GRATUIT<\/b> Et voil\u00e0 ! Ainsi, vous avez toujours votre parfum \u00e0 port\u00e9e de main, que ce soit en r\u00e9union d&#039;affaires ou en voyage.<\/p>\n<ul data-path-to-node=\"6\">\n<li>\n<p data-path-to-node=\"6,0,0\">\u2705 <b data-path-to-node=\"6,0,0\" data-index-in-node=\"2\">Contenu:<\/b> 1 Eau de Parfum (100 ml) au choix et coffret cadeau<\/p>\n<\/li>\n<li>\n<p data-path-to-node=\"6,1,0\">\u2705 <b data-path-to-node=\"6,1,0\" data-index-in-node=\"2\">Un cadeau pour vous :<\/b> 1 atomiseur de poche pratique (R\u00e9f. 809-2) inclus<\/p>\n<\/li>\n<li>\n<p data-path-to-node=\"6,2,0\">\u2705 <b data-path-to-node=\"6,2,0\" data-index-in-node=\"2\">Avantage:<\/b> Enti\u00e8rement emball\u00e9 \u2013 pr\u00eat \u00e0 offrir en cadeau.<\/p>\n<\/li>\n<li>\n<p data-path-to-node=\"6,3,0\">\u2705 <b data-path-to-node=\"6,3,0\" data-index-in-node=\"2\">Style de vie :<\/b> Le duo parfait pour votre sac \u00e0 main ou vos bagages<\/p>\n<\/li>\n<li>\n<p data-path-to-node=\"6,4,0\">\u2705 <b data-path-to-node=\"6,4,0\" data-index-in-node=\"2\">Prix : 45,50 \u20ac<\/b><\/p>\n<\/li>\n<\/ul>","protected":false},"featured_media":1295,"template":"","meta":{"_et_pb_use_builder":"","_et_pb_old_content":"","_et_gb_content_width":""},"product_brand":[63],"product_cat":[208,22,33,34],"product_tag":[],"class_list":{"0":"post-3583","1":"product","2":"type-product","3":"status-publish","4":"has-post-thumbnail","6":"product_brand-vegas-cosmetics-gmbh","7":"product_cat-beauty-care","8":"product_cat-duefte","9":"product_cat-duefte-duefte","10":"product_cat-geschenkbox","12":"first","13":"instock","14":"shipping-taxable","15":"product-type-external"},"_links":{"self":[{"href":"https:\/\/gigistravelworld.de\/fr\/wp-json\/wp\/v2\/product\/3583","targetHints":{"allow":["GET"]}}],"collection":[{"href":"https:\/\/gigistravelworld.de\/fr\/wp-json\/wp\/v2\/product"}],"about":[{"href":"https:\/\/gigistravelworld.de\/fr\/wp-json\/wp\/v2\/types\/product"}],"wp:featuredmedia":[{"embeddable":true,"href":"https:\/\/gigistravelworld.de\/fr\/wp-json\/wp\/v2\/media\/1295"}],"wp:attachment":[{"href":"https:\/\/gigistravelworld.de\/fr\/wp-json\/wp\/v2\/media?parent=3583"}],"wp:term":[{"taxonomy":"product_brand","embeddable":true,"href":"https:\/\/gigistravelworld.de\/fr\/wp-json\/wp\/v2\/product_brand?post=3583"},{"taxonomy":"product_cat","embeddable":true,"href":"https:\/\/gigistravelworld.de\/fr\/wp-json\/wp\/v2\/product_cat?post=3583"},{"taxonomy":"product_tag","embeddable":true,"href":"https:\/\/gigistravelworld.de\/fr\/wp-json\/wp\/v2\/product_tag?post=3583"}],"curies":[{"name":"wp","href":"https:\/\/api.w.org\/{rel}","templated":true}]}}