{"id":3582,"date":"2025-08-23T20:56:13","date_gmt":"2025-08-23T18:56:13","guid":{"rendered":"https:\/\/gigistravelworld.de\/?post_type=product&#038;p=3582"},"modified":"2026-03-14T17:45:01","modified_gmt":"2026-03-14T16:45:01","slug":"geschenkset-eau-de-parfum","status":"publish","type":"product","link":"https:\/\/gigistravelworld.de\/fr\/geschenkset-eau-de-parfum\/","title":{"rendered":"Coffret Eau de Parfum | Incl. atomiseur gratuit"},"content":{"rendered":"<h1 data-path-to-node=\"9\">Coffret cadeau Eau de Parfum : Offrez un cadeau \u00e9l\u00e9gant et r\u00e9pandez la joie<\/h1>\n<p data-path-to-node=\"10\">Ceux qui me connaissent savent : <b data-path-to-node=\"10\" data-index-in-node=\"25\">Le monde des voyages de Gigi<\/b> Tout tourne autour des belles choses de la vie. Mais quoi de mieux que de partager cette joie ? <b data-path-to-node=\"10\" data-index-in-node=\"156\">Coffret cadeau Eau de Parfum<\/b> Voici la r\u00e9ponse \u00e0 la question ancestrale : \u201e Que dois-je offrir en cadeau ? \u201c <b data-path-to-node=\"10\" data-index-in-node=\"253\">45,50 \u20ac<\/b> Vous obtenez non seulement un parfum de haute qualit\u00e9 dans un coffret \u00e9l\u00e9gant, mais aussi l&#039;accessoire de voyage id\u00e9al. <a class=\"ng-star-inserted\" href=\"https:\/\/gigistravelworld.de\/fr\/gigis-travel-world-ueber-mich\/\" target=\"_blank\" rel=\"noopener\" data-hveid=\"0\" data-ved=\"0CAAQ_4QMahgKEwj4pojP1p-TAxUAAAAAHQAAAAAQjQU\">Style de vie professionnel<\/a> Ce coffret est mon conseil d&#039;initi\u00e9e absolu pour les anniversaires ou comme cadeau de remerciement.<\/p>\n<h2 data-path-to-node=\"11\">Pourquoi le coffret cadeau d&#039;Eau de Parfum devrait figurer dans chaque valise<\/h2>\n<p data-path-to-node=\"12\">Ce qui rend cette offre sp\u00e9ciale, c&#039;est l&#039;atomiseur de voyage offert. On conna\u00eet le probl\u00e8me\u00a0: le grand flacon est trop lourd pour un bagage cabine ou une petite pochette. Avec l&#039;atomiseur de la <b data-path-to-node=\"12\" data-index-in-node=\"195\">Coffret cadeau Eau de Parfum<\/b> Il suffit de transf\u00e9rer votre parfum et vous voil\u00e0 pr\u00eate \u00e0 rayonner partout. Il s&#039;accorde parfaitement avec mon <a class=\"ng-star-inserted\" href=\"https:\/\/gigistravelworld.de\/fr\/beauty-care\/makeup\/lash-growth-duo-wimpern\/\" target=\"_blank\" rel=\"noopener\" data-hveid=\"0\" data-ved=\"0CAAQ_4QMahgKEwj4pojP1p-TAxUAAAAAHQAAAAAQjgU\">Duo pour la croissance des cils<\/a>, pour que votre apparence et votre parfum soient toujours impeccables, m\u00eame en voyage.<\/p>\n<ul data-path-to-node=\"13\">\n<li>\n<p data-path-to-node=\"13,0,0\"><b data-path-to-node=\"13,0,0\" data-index-in-node=\"0\">Votre parfum pr\u00e9f\u00e9r\u00e9 :<\/b> Choisissez votre mod\u00e8le pr\u00e9f\u00e9r\u00e9 parmi la collection exclusive Vegas.<\/p>\n<\/li>\n<li>\n<p data-path-to-node=\"13,1,0\"><b data-path-to-node=\"13,1,0\" data-index-in-node=\"0\">Emballage \u00e9l\u00e9gant\u00a0:<\/b> La bo\u00eete est vraiment impressionnante et vous \u00e9vite la corv\u00e9e de l&#039;emballage.<\/p>\n<\/li>\n<li>\n<p data-path-to-node=\"13,2,0\"><b data-path-to-node=\"13,2,0\" data-index-in-node=\"0\">Suppl\u00e9ment gratuit :<\/b> L&#039;atomiseur change vraiment la donne pour les d\u00e9placements.<\/p>\n<\/li>\n<\/ul>\n<h2 data-path-to-node=\"14\">Le conseil de Gigi pour une exp\u00e9rience cadeau ultime<\/h2>\n<p data-path-to-node=\"15\">Vous h\u00e9sitez sur le parfum qui vous convient\u00a0? Consultez mes descriptions de\u2026 <a class=\"ng-star-inserted\" href=\"https:\/\/gigistravelworld.de\/fr\/beauty-care\/duefte\/my-feeling-eau-de-parfum-men\/\" target=\"_blank\" rel=\"noopener\" data-hveid=\"0\" data-ved=\"0CAAQ_4QMahgKEwj4pojP1p-TAxUAAAAAHQAAAAAQjwU\">Mes sentiments hommes<\/a> pour se familiariser avec les diff\u00e9rentes notes olfactives. <b data-path-to-node=\"15\" data-index-in-node=\"170\">Coffret cadeau Eau de Parfum<\/b> C&#039;est bien plus qu&#039;un simple parfum \u2013 c&#039;est un compliment en coffret.<\/p>","protected":false},"excerpt":{"rendered":"<p data-path-to-node=\"4\"><b data-path-to-node=\"4\" data-index-in-node=\"0\">Le cadeau id\u00e9al pour vos proches : coffret cadeau Eau de Parfum.<\/b><\/p>\n<p data-path-to-node=\"5\">Offrir des cadeaux est une joie \u2013 surtout quand c&#039;est aussi \u00e9l\u00e9gant ! <b data-path-to-node=\"5\" data-index-in-node=\"64\">Coffret cadeau Eau de Parfum<\/b> Vegas Cosmetics allie votre parfum pr\u00e9f\u00e9r\u00e9 \u00e0 une touche de luxe. Pr\u00e9sent\u00e9 dans un \u00e9l\u00e9gant coffret cadeau, c&#039;est le pr\u00e9sent id\u00e9al pour toutes les occasions. Le point fort : vous recevrez un <b data-path-to-node=\"5\" data-index-in-node=\"291\">Atomiseur de poche (R\u00e9f. 809-1) GRATUIT<\/b> Et voil\u00e0 ! Ainsi, vous aurez toujours votre parfum \u00e0 port\u00e9e de main, o\u00f9 que vos voyages vous m\u00e8nent.<\/p>\n<ul data-path-to-node=\"6\">\n<li>\n<p data-path-to-node=\"6,0,0\">\u2705 <b data-path-to-node=\"6,0,0\" data-index-in-node=\"2\">Contenu:<\/b> 1 Eau de Parfum (100 ml) au choix et coffret cadeau<\/p>\n<\/li>\n<li>\n<p data-path-to-node=\"6,1,0\">\u2705 <b data-path-to-node=\"6,1,0\" data-index-in-node=\"2\">Un cadeau pour vous :<\/b> 1 atomiseur de poche pratique (R\u00e9f. 809-1) inclus<\/p>\n<\/li>\n<li>\n<p data-path-to-node=\"6,2,0\">\u2705 <b data-path-to-node=\"6,2,0\" data-index-in-node=\"2\">Avantage:<\/b> Enti\u00e8rement emball\u00e9 \u2013 pr\u00eat \u00e0 offrir en cadeau.<\/p>\n<\/li>\n<li>\n<p data-path-to-node=\"6,3,0\">\u2705 <b data-path-to-node=\"6,3,0\" data-index-in-node=\"2\">Style de vie :<\/b> Id\u00e9al pour un sac \u00e0 main ou une valise<\/p>\n<\/li>\n<li>\n<p data-path-to-node=\"6,4,0\">\u2705 <b data-path-to-node=\"6,4,0\" data-index-in-node=\"2\">Prix : 45,50 \u20ac<\/b><\/p>\n<\/li>\n<\/ul>","protected":false},"featured_media":1294,"template":"","meta":{"_et_pb_use_builder":"","_et_pb_old_content":"","_et_gb_content_width":""},"product_brand":[63],"product_cat":[208,22,33,35],"product_tag":[],"class_list":{"0":"post-3582","1":"product","2":"type-product","3":"status-publish","4":"has-post-thumbnail","6":"product_brand-vegas-cosmetics-gmbh","7":"product_cat-beauty-care","8":"product_cat-duefte","9":"product_cat-duefte-duefte","10":"product_cat-personalisiertes-parfum","12":"first","13":"instock","14":"shipping-taxable","15":"product-type-external"},"_links":{"self":[{"href":"https:\/\/gigistravelworld.de\/fr\/wp-json\/wp\/v2\/product\/3582","targetHints":{"allow":["GET"]}}],"collection":[{"href":"https:\/\/gigistravelworld.de\/fr\/wp-json\/wp\/v2\/product"}],"about":[{"href":"https:\/\/gigistravelworld.de\/fr\/wp-json\/wp\/v2\/types\/product"}],"wp:featuredmedia":[{"embeddable":true,"href":"https:\/\/gigistravelworld.de\/fr\/wp-json\/wp\/v2\/media\/1294"}],"wp:attachment":[{"href":"https:\/\/gigistravelworld.de\/fr\/wp-json\/wp\/v2\/media?parent=3582"}],"wp:term":[{"taxonomy":"product_brand","embeddable":true,"href":"https:\/\/gigistravelworld.de\/fr\/wp-json\/wp\/v2\/product_brand?post=3582"},{"taxonomy":"product_cat","embeddable":true,"href":"https:\/\/gigistravelworld.de\/fr\/wp-json\/wp\/v2\/product_cat?post=3582"},{"taxonomy":"product_tag","embeddable":true,"href":"https:\/\/gigistravelworld.de\/fr\/wp-json\/wp\/v2\/product_tag?post=3582"}],"curies":[{"name":"wp","href":"https:\/\/api.w.org\/{rel}","templated":true}]}}