{"id":3580,"date":"2025-08-23T20:56:13","date_gmt":"2025-08-23T18:56:13","guid":{"rendered":"https:\/\/gigistravelworld.de\/?post_type=product&#038;p=3580"},"modified":"2026-03-14T17:33:44","modified_gmt":"2026-03-14T16:33:44","slug":"raumduft-staebchen","status":"publish","type":"product","link":"https:\/\/gigistravelworld.de\/fr\/raumduft-staebchen\/","title":{"rendered":"B\u00e2tonnets diffuseurs \u00e0 roseaux | Lot de 10 en bois naturel"},"content":{"rendered":"<h1 data-path-to-node=\"9\">Diffuseurs \u00e0 b\u00e2tonnets\u00a0: le petit d\u00e9tail qui fait toute la diff\u00e9rence<\/h1>\n<p data-path-to-node=\"10\">Ceux qui me connaissent savent que j&#039;adore une maison qui sent bon. Mais souvent, quand le parfum s&#039;estompe, ce n&#039;est pas l&#039;huile parfum\u00e9e elle-m\u00eame qui pose probl\u00e8me, mais plut\u00f4t les tiges de diffuseur satur\u00e9es. <a class=\"ng-star-inserted\" href=\"https:\/\/gigistravelworld.de\/fr\/gigis-travel-world-ueber-mich\/\" target=\"_blank\" rel=\"noopener\" data-hveid=\"0\" data-ved=\"0CAAQ_4QMahgKEwj4pojP1p-TAxUAAAAAHQAAAAAQ2gQ\">Style de vie professionnel<\/a> Je suis attentif \u00e0 l&#039;efficacit\u00e9 \u2013 et c&#039;est pr\u00e9cis\u00e9ment ce que ces produits offrent. <b data-path-to-node=\"10\" data-index-in-node=\"263\">diffuseur \u00e0 roseaux<\/b>. \u00c0 <b data-path-to-node=\"10\" data-index-in-node=\"286\">Gigis Travel World<\/b> Vous pouvez obtenir le set de 10 pi\u00e8ces \u00e0 un prix imbattable. <b data-path-to-node=\"10\" data-index-in-node=\"347\">4,95 \u20ac<\/b>, afin que votre <a class=\"ng-star-inserted\" href=\"https:\/\/gigistravelworld.de\/fr\/beauty-care\/duefte\/home-fragrance-set-wellness\/\" target=\"_blank\" rel=\"noopener\" data-hveid=\"0\" data-ved=\"0CAAQ_4QMahgKEwj4pojP1p-TAxUAAAAAHQAAAAAQ2wQ\">Coffret de parfums d&#039;int\u00e9rieur<\/a> Fonctionne toujours aussi bien qu&#039;au premier jour.<\/p>\n<h2 data-path-to-node=\"11\">Pourquoi les b\u00e2tons en bois naturel font toute la diff\u00e9rence<\/h2>\n<p data-path-to-node=\"12\">Ce <b data-path-to-node=\"12\" data-index-in-node=\"6\">diffuseur \u00e0 roseaux<\/b> Fabriqu\u00e9s en bois naturel non trait\u00e9, ces diffuseurs absorbent progressivement la solution parfum\u00e9e gr\u00e2ce \u00e0 la structure capillaire du bois, et la diffusent d\u00e9licatement dans l&#039;espace environnant. Ainsi, le parfum reste constant et sans \u00eatre ent\u00eatant.<\/p>\n<ul data-path-to-node=\"13\">\n<li>\n<p data-path-to-node=\"13,0,0\"><b data-path-to-node=\"13,0,0\" data-index-in-node=\"0\">\u00c9change facile :<\/b> Les vieilles baguettes jet\u00e9es, les neuves install\u00e9es <b data-path-to-node=\"13,0,0\" data-index-in-node=\"46\">diffuseur \u00e0 roseaux<\/b> C&#039;est fait !<\/p>\n<\/li>\n<li>\n<p data-path-to-node=\"13,1,0\"><b data-path-to-node=\"13,1,0\" data-index-in-node=\"0\">Long\u00e9vit\u00e9:<\/b> Un jeu de 10 pi\u00e8ces suffit pour une r\u00e9novation compl\u00e8te de votre diffuseur.<\/p>\n<\/li>\n<li>\n<p data-path-to-node=\"13,2,0\"><b data-path-to-node=\"13,2,0\" data-index-in-node=\"0\">Polyvalent:<\/b> Parfaitement adapt\u00e9 \u00e0 tous les parfums d&#039;ambiance liquides et aux huiles aromatiques.<\/p>\n<\/li>\n<\/ul>\n<h2 data-path-to-node=\"14\">Le conseil de Gigi pour une puissance de parfum maximale<\/h2>\n<p data-path-to-node=\"15\">Si vous remarquez que le parfum dans la pi\u00e8ce s&#039;affaiblit, \u00e9teignez le <b data-path-to-node=\"15\" data-index-in-node=\"69\">diffuseur \u00e0 roseaux<\/b> Il suffit de le retourner une fois par semaine. Cela permet \u00e0 la face imbib\u00e9e de s\u00e9cher directement \u00e0 l&#039;air libre. Si cela ne suffit plus, il est temps de choisir un nouveau set dans ma collection. C&#039;est la solution la plus \u00e9conomique pour retrouver instantan\u00e9ment une ambiance spa \u00e0 la maison\u00a0!<\/p>","protected":false},"excerpt":{"rendered":"<p data-path-to-node=\"4\"><b data-path-to-node=\"4\" data-index-in-node=\"0\">Une touche de fra\u00eecheur pour votre int\u00e9rieur\u00a0: des b\u00e2tonnets parfum\u00e9s en bois naturel.<\/b><\/p>\n<p data-path-to-node=\"5\">Votre parfum pr\u00e9f\u00e9r\u00e9 s&#039;estompe ? Pas besoin de remplacer tout le diffuseur ! Le mien <b data-path-to-node=\"5\" data-index-in-node=\"82\">diffuseur \u00e0 roseaux<\/b> Ce lot de 10 diffuseurs en bois naturel de haute qualit\u00e9 est id\u00e9al pour diffuser instantan\u00e9ment un parfum agr\u00e9able dans vos pi\u00e8ces. D&#039;une longueur de 18 cm, ils s&#039;adaptent \u00e0 la plupart des diffuseurs et garantissent une diffusion homog\u00e8ne et durable. Il suffit de les remettre en place et de profiter \u00e0 nouveau d&#039;un parfum d\u00e9licieux\u00a0!<\/p>\n<ul data-path-to-node=\"6\">\n<li>\n<p data-path-to-node=\"6,0,0\">\u2705 <b data-path-to-node=\"6,0,0\" data-index-in-node=\"2\">Produit:<\/b> b\u00e2tonnets parfum\u00e9s pour la pi\u00e8ce (10 pi\u00e8ces)<\/p>\n<\/li>\n<li>\n<p data-path-to-node=\"6,1,0\">\u2705 <b data-path-to-node=\"6,1,0\" data-index-in-node=\"2\">Mat\u00e9riel:<\/b> 100 % Bois naturel pour une puissance d&#039;aspiration optimale<\/p>\n<\/li>\n<li>\n<p data-path-to-node=\"6,2,0\">\u2705 <b data-path-to-node=\"6,2,0\" data-index-in-node=\"2\">Masse:<\/b> Longueur de 18 cm \u2013 id\u00e9ale pour les diffuseurs standard<\/p>\n<\/li>\n<li>\n<p data-path-to-node=\"6,3,0\">\u2705 <b data-path-to-node=\"6,3,0\" data-index-in-node=\"2\">Effet:<\/b> Diffusion de parfum uniforme et durable<\/p>\n<\/li>\n<li>\n<p data-path-to-node=\"6,4,0\">\u2705 <b data-path-to-node=\"6,4,0\" data-index-in-node=\"2\">Prix : 4,95 \u20ac<\/b><\/p>\n<\/li>\n<\/ul>","protected":false},"featured_media":1287,"template":"","meta":{"_et_pb_use_builder":"","_et_pb_old_content":"","_et_gb_content_width":""},"product_brand":[63],"product_cat":[71,30,22,210,200,29,70],"product_tag":[],"class_list":{"0":"post-3580","1":"product","2":"type-product","3":"status-publish","4":"has-post-thumbnail","6":"product_brand-vegas-cosmetics-gmbh","7":"product_cat-acessoires","8":"product_cat-diffusor","9":"product_cat-duefte","10":"product_cat-home-style","11":"product_cat-sticks","12":"product_cat-vegas-ambience","13":"product_cat-wohnen-auto","15":"first","16":"instock","17":"shipping-taxable","18":"product-type-external"},"_links":{"self":[{"href":"https:\/\/gigistravelworld.de\/fr\/wp-json\/wp\/v2\/product\/3580","targetHints":{"allow":["GET"]}}],"collection":[{"href":"https:\/\/gigistravelworld.de\/fr\/wp-json\/wp\/v2\/product"}],"about":[{"href":"https:\/\/gigistravelworld.de\/fr\/wp-json\/wp\/v2\/types\/product"}],"wp:featuredmedia":[{"embeddable":true,"href":"https:\/\/gigistravelworld.de\/fr\/wp-json\/wp\/v2\/media\/1287"}],"wp:attachment":[{"href":"https:\/\/gigistravelworld.de\/fr\/wp-json\/wp\/v2\/media?parent=3580"}],"wp:term":[{"taxonomy":"product_brand","embeddable":true,"href":"https:\/\/gigistravelworld.de\/fr\/wp-json\/wp\/v2\/product_brand?post=3580"},{"taxonomy":"product_cat","embeddable":true,"href":"https:\/\/gigistravelworld.de\/fr\/wp-json\/wp\/v2\/product_cat?post=3580"},{"taxonomy":"product_tag","embeddable":true,"href":"https:\/\/gigistravelworld.de\/fr\/wp-json\/wp\/v2\/product_tag?post=3580"}],"curies":[{"name":"wp","href":"https:\/\/api.w.org\/{rel}","templated":true}]}}