{"id":3574,"date":"2025-08-23T20:56:12","date_gmt":"2025-08-23T18:56:12","guid":{"rendered":"https:\/\/gigistravelworld.de\/?post_type=product&#038;p=3574"},"modified":"2026-03-15T16:26:01","modified_gmt":"2026-03-15T15:26:01","slug":"love-for-him-eau-de-parfum-herren","status":"publish","type":"product","link":"https:\/\/gigistravelworld.de\/fr\/love-for-him-eau-de-parfum-herren\/","title":{"rendered":"AMOUR POUR LUI Eau de Parfum | Parfum homme 50 ml"},"content":{"rendered":"<h1 data-path-to-node=\"9\">LOVE FOR HIM Eau de Parfum : Votre dose quotidienne de confiance en soi<\/h1>\n<p data-path-to-node=\"10\">Le <b data-path-to-node=\"10\" data-index-in-node=\"4\">LOVE FOR HIM Eau de Parfum<\/b> est dans ma boutique <b data-path-to-node=\"10\" data-index-in-node=\"50\">Gigis Travel World<\/b> Le summum pour les hommes qui ne font aucun compromis. Dans mon <a class=\"ng-star-inserted\" href=\"https:\/\/gigistravelworld.de\/fr\/gigis-travel-world-ueber-mich\/\" target=\"_blank\" rel=\"noopener\" data-hveid=\"0\" data-ved=\"0CAAQ_4QMahgKEwilsaq-_6GTAxUAAAAAHQAAAAAQ4AM\">Style de vie professionnel<\/a> J&#039;appr\u00e9cie les parfums qui durent de la premi\u00e8re rencontre jusqu&#039;\u00e0 la soir\u00e9e. <b data-path-to-node=\"10\" data-index-in-node=\"224\">LOVE FOR HIM Eau de Parfum<\/b> C&#039;est exactement le genre de compagnon : il d\u00e9marre \u00e9nergique et d\u00e9veloppe une profondeur myst\u00e9rieuse et bois\u00e9e au fil de la journ\u00e9e. <b data-path-to-node=\"10\" data-index-in-node=\"376\">29,90 \u20ac<\/b> Ici, vous b\u00e9n\u00e9ficiez d&#039;une qualit\u00e9 de luxe au quotidien.<\/p>\n<h2 data-path-to-node=\"11\">L&#039;architecture du parfum : de la Sicile \u00e0 la Chine<\/h2>\n<p data-path-to-node=\"12\">Ce qui rend ce parfum si unique, c&#039;est la s\u00e9lection de haute qualit\u00e9 des mati\u00e8res premi\u00e8res. La note de t\u00eate est compos\u00e9e de <a class=\"ng-star-inserted\" href=\"https:\/\/de.wikipedia.org\/wiki\/Zitronatzitrone\" target=\"_blank\" rel=\"noopener nofollow\" data-hveid=\"0\" data-ved=\"0CAAQ_4QMahgKEwilsaq-_6GTAxUAAAAAHQAAAAAQ4QM\">citron<\/a> Elle procure une sensation de fra\u00eecheur instantan\u00e9e. Mais son v\u00e9ritable secret r\u00e9side dans sa base : le th\u00e9 noir de Chine et l&#039;encens lui conf\u00e8rent son caract\u00e8re unique. <b data-path-to-node=\"12\" data-index-in-node=\"254\">LOVE FOR HIM Eau de Parfum<\/b> Une \u00e9l\u00e9gance envo\u00fbtante qui restera longtemps grav\u00e9e dans les m\u00e9moires. Elle compl\u00e8te \u00e0 merveille son pendant f\u00e9minin. <a class=\"ng-star-inserted\" href=\"https:\/\/gigistravelworld.de\/fr\/beauty-care\/duefte\/limited-edition\/vegas-love-for-her\/love-for-her-eau-de-parfum-damen\/\" target=\"_blank\" rel=\"noopener\" data-hveid=\"0\" data-ved=\"0CAAQ_4QMahgKEwilsaq-_6GTAxUAAAAAHQAAAAAQ4gM\">L&#039;AMOUR POUR ELLE<\/a>, au cas o\u00f9 vous seriez \u00e0 la recherche du parfum id\u00e9al pour vous accompagner.<\/p>\n<h2 data-path-to-node=\"13\">La pyramide olfactive en un coup d&#039;\u0153il\u00a0:<\/h2>\n<table data-path-to-node=\"14\">\n<thead>\n<tr>\n<td><strong>note<\/strong><\/td>\n<td><strong>Ingr\u00e9dients<\/strong><\/td>\n<td><strong>personnage<\/strong><\/td>\n<\/tr>\n<\/thead>\n<tbody>\n<tr>\n<td><span data-path-to-node=\"14,1,0,0\"><b data-path-to-node=\"14,1,0,0\" data-index-in-node=\"0\">Note de t\u00eate<\/b><\/span><\/td>\n<td><span data-path-to-node=\"14,1,1,0\">Citron, bergamote, orange<\/span><\/td>\n<td><span data-path-to-node=\"14,1,2,0\">P\u00e9tillant et vivifiant<\/span><\/td>\n<\/tr>\n<tr>\n<td><span data-path-to-node=\"14,2,0,0\"><b data-path-to-node=\"14,2,0,0\" data-index-in-node=\"0\">Note du c\u0153ur<\/b><\/span><\/td>\n<td><span data-path-to-node=\"14,2,1,0\">N\u00e9roli, gingembre, cannelle de Ceylan<\/span><\/td>\n<td><span data-path-to-node=\"14,2,2,0\">\u00c9pic\u00e9 et dynamique<\/span><\/td>\n<\/tr>\n<tr>\n<td><span data-path-to-node=\"14,3,0,0\"><b data-path-to-node=\"14,3,0,0\" data-index-in-node=\"0\">Niveau de base<\/b><\/span><\/td>\n<td><span data-path-to-node=\"14,3,1,0\">Th\u00e9 noir, bois de ga\u00efac, encens<\/span><\/td>\n<td><span data-path-to-node=\"14,3,2,0\">\u00c9l\u00e9gant et myst\u00e9rieux<\/span><\/td>\n<\/tr>\n<\/tbody>\n<\/table>\n<h2 data-path-to-node=\"15\"><\/h2>\n<h2 data-path-to-node=\"15\">Pourquoi LOVE FOR HIM a sa place dans votre trousse de voyage<\/h2>\n<p data-path-to-node=\"16\">Que ce soit en voyage d&#039;affaires ou en vacances, ce parfum s&#039;adapte \u00e0 toutes les situations. La note d&#039;ambroxan lui conf\u00e8re une aura moderne, tandis que le bois de ga\u00efac compl\u00e8te harmonieusement\u2026 <b data-path-to-node=\"16\" data-index-in-node=\"169\">LOVE FOR HIM Eau de Parfum<\/b> Il procure une sensation d&#039;ancrage. C&#039;est un parfum qui suscite les compliments sans \u00eatre ostentatoire.<\/p>\n<h2 data-path-to-node=\"17\">Le conseil de Gigi pour une fra\u00eecheur longue dur\u00e9e<\/h2>\n<p data-path-to-node=\"18\">Portez ceci <b data-path-to-node=\"18\" data-index-in-node=\"10\">LOVE FOR HIM Eau de Parfum<\/b> Appliquez directement sur votre peau encore l\u00e9g\u00e8rement chaude apr\u00e8s la douche. Vos pores seront alors ouverts et retiendront encore mieux les mol\u00e9cules de parfum. Une vaporisation sur le revers de votre veste assurera \u00e9galement que l&#039;\u00e9l\u00e9gante note de fond vous accompagne subtilement tout au long de la journ\u00e9e.<\/p>","protected":false},"excerpt":{"rendered":"<p data-path-to-node=\"4\"><b data-path-to-node=\"4\" data-index-in-node=\"0\">L&#039;\u00e9l\u00e9gance rencontre l&#039;\u00e9nergie : LOVE FOR HIM Eau de Parfum (50 ml).<\/b><\/p>\n<p data-path-to-node=\"5\">Un parfum comme un costume sur mesure \u2013 parfaitement ajust\u00e9 et d&#039;une sophistication absolue. <b data-path-to-node=\"5\" data-index-in-node=\"66\">L&#039;AMOUR POUR LUI<\/b> Il s&#039;ouvre sur une explosion de bergamote de Calabre et d&#039;orange de Sicile, \u00e9volue vers un c\u0153ur \u00e9pic\u00e9 de gingembre du Nig\u00e9ria et de cannelle de Ceylan, et trouve sa perfection dans un fond raffin\u00e9 de th\u00e9 noir et d&#039;encens. Un parfum envo\u00fbtant pour l&#039;homme moderne qui recherche l&#039;alliance parfaite entre fra\u00eecheur et profondeur masculine.<\/p>\n<ul data-path-to-node=\"6\">\n<li>\n<p data-path-to-node=\"6,0,0\">\u2705 <b data-path-to-node=\"6,0,0\" data-index-in-node=\"2\">Caract\u00e8re du parfum :<\/b> Frais et citronn\u00e9, \u00e9pic\u00e9 et fum\u00e9 \u2013 \u00e9l\u00e9gant<\/p>\n<\/li>\n<li>\n<p data-path-to-node=\"6,1,0\">\u2705 <b data-path-to-node=\"6,1,0\" data-index-in-node=\"2\">Points forts:<\/b> Th\u00e9 noir, gingembre nig\u00e9rian et encens<\/p>\n<\/li>\n<li>\n<p data-path-to-node=\"6,2,0\">\u2705 <b data-path-to-node=\"6,2,0\" data-index-in-node=\"2\">Durabilit\u00e9:<\/b> Eau de parfum puissante \u00e0 la pr\u00e9sence saisissante<\/p>\n<\/li>\n<li>\n<p data-path-to-node=\"6,3,0\">\u2705 <b data-path-to-node=\"6,3,0\" data-index-in-node=\"2\">Ambiance:<\/b> Souverain, dynamique et absolument exclusif<\/p>\n<\/li>\n<li>\n<p data-path-to-node=\"6,4,0\">\u2705 <b data-path-to-node=\"6,4,0\" data-index-in-node=\"2\">Prix : 29,90 \u20ac<\/b><\/p>\n<\/li>\n<\/ul>","protected":false},"featured_media":1281,"template":"","meta":{"_et_pb_use_builder":"","_et_pb_old_content":"","_et_gb_content_width":""},"product_brand":[63],"product_cat":[208,22,46,48],"product_tag":[],"class_list":{"0":"post-3574","1":"product","2":"type-product","3":"status-publish","4":"has-post-thumbnail","6":"product_brand-vegas-cosmetics-gmbh","7":"product_cat-beauty-care","8":"product_cat-duefte","9":"product_cat-limited-edition","10":"product_cat-vegas-love-for-him","12":"first","13":"instock","14":"shipping-taxable","15":"product-type-external"},"_links":{"self":[{"href":"https:\/\/gigistravelworld.de\/fr\/wp-json\/wp\/v2\/product\/3574","targetHints":{"allow":["GET"]}}],"collection":[{"href":"https:\/\/gigistravelworld.de\/fr\/wp-json\/wp\/v2\/product"}],"about":[{"href":"https:\/\/gigistravelworld.de\/fr\/wp-json\/wp\/v2\/types\/product"}],"wp:featuredmedia":[{"embeddable":true,"href":"https:\/\/gigistravelworld.de\/fr\/wp-json\/wp\/v2\/media\/1281"}],"wp:attachment":[{"href":"https:\/\/gigistravelworld.de\/fr\/wp-json\/wp\/v2\/media?parent=3574"}],"wp:term":[{"taxonomy":"product_brand","embeddable":true,"href":"https:\/\/gigistravelworld.de\/fr\/wp-json\/wp\/v2\/product_brand?post=3574"},{"taxonomy":"product_cat","embeddable":true,"href":"https:\/\/gigistravelworld.de\/fr\/wp-json\/wp\/v2\/product_cat?post=3574"},{"taxonomy":"product_tag","embeddable":true,"href":"https:\/\/gigistravelworld.de\/fr\/wp-json\/wp\/v2\/product_tag?post=3574"}],"curies":[{"name":"wp","href":"https:\/\/api.w.org\/{rel}","templated":true}]}}