{"id":3573,"date":"2025-08-23T20:56:12","date_gmt":"2025-08-23T18:56:12","guid":{"rendered":"https:\/\/gigistravelworld.de\/?post_type=product&#038;p=3573"},"modified":"2026-03-15T16:15:57","modified_gmt":"2026-03-15T15:15:57","slug":"love-for-her-eau-de-parfum-damen","status":"publish","type":"product","link":"https:\/\/gigistravelworld.de\/fr\/love-for-her-eau-de-parfum-damen\/","title":{"rendered":"LOVE FOR HER Eau de Parfum | Parfum pour femme 50 ml"},"content":{"rendered":"<h1 data-path-to-node=\"9\">LOVE FOR HER Eau de Parfum : Une d\u00e9claration d&#039;amour \u00e0 votre \u00e9clat<\/h1>\n<p data-path-to-node=\"10\">Le <b data-path-to-node=\"10\" data-index-in-node=\"4\">LOVE FOR HER Eau de Parfum<\/b> est dans ma boutique <b data-path-to-node=\"10\" data-index-in-node=\"50\">Gigis Travel World<\/b> La r\u00e9ponse pour tous ceux qui recherchent un parfum \u00e0 la fois frais et profond. <a class=\"ng-star-inserted\" href=\"https:\/\/gigistravelworld.de\/fr\/gigis-travel-world-ueber-mich\/\" target=\"_blank\" rel=\"noopener\" data-hveid=\"0\" data-ved=\"0CAAQ_4QMahgKEwilsaq-_6GTAxUAAAAAHQAAAAAQogM\">Style de vie professionnel<\/a> Un parfum adapt\u00e9 est comme une carte de visite invisible. Que ce soit lors d&#039;une r\u00e9union ou d&#039;un d\u00eener apr\u00e8s un long vol, il fait toute la diff\u00e9rence. <b data-path-to-node=\"10\" data-index-in-node=\"315\">LOVE FOR HER Eau de Parfum<\/b> Elle met en valeur votre personnalit\u00e9 sans \u00eatre intrusive. <b data-path-to-node=\"10\" data-index-in-node=\"409\">29,90 \u20ac<\/b> Ici, vous pouvez faire entrer l&#039;art authentique de la parfumerie chez vous.<\/p>\n<h2 data-path-to-node=\"11\">La magie de la pyramide olfactive : la rose rencontre le cacao<\/h2>\n<p data-path-to-node=\"12\">Ce qui rend ce parfum si sp\u00e9cial, c&#039;est son ingr\u00e9dient principal. La combinaison de <a class=\"ng-star-inserted\" href=\"https:\/\/de.wikipedia.org\/wiki\/Damaszener-Rose\" target=\"_blank\" rel=\"noopener nofollow\" data-hveid=\"0\" data-ved=\"0CAAQ_4QMahgKEwilsaq-_6GTAxUAAAAAHQAAAAAQowM\">Rose turque<\/a> Le cacao est \u00e0 la fois audacieux et s\u00e9duisant. Tandis que la note de t\u00eate offre une ouverture p\u00e9tillante, le patchouli en fond conf\u00e8re au parfum un caract\u00e8re plus riche et complexe. <b data-path-to-node=\"12\" data-index-in-node=\"238\">LOVE FOR HER Eau de Parfum<\/b> sa chaleur sensuelle et durable. D&#039;ailleurs, elle s&#039;accorde parfaitement avec notre <a class=\"ng-star-inserted\" href=\"https:\/\/gigistravelworld.de\/fr\/beauty-care\/makeup\/gesicht\/erroeten-bronzer\/golden-drops-serum\/\" target=\"_blank\" rel=\"noopener\" data-hveid=\"0\" data-ved=\"0CAAQ_4QMahgKEwilsaq-_6GTAxUAAAAAHQAAAAAQpAM\">S\u00e9rum Golden Drops<\/a>, pour parfaire votre look avec un \u00e9clat dor\u00e9.<\/p>\n<h2 data-path-to-node=\"13\">Votre exp\u00e9rience olfactive en d\u00e9tail\u00a0:<\/h2>\n<table data-path-to-node=\"14\">\n<thead>\n<tr>\n<td><strong>note<\/strong><\/td>\n<td><strong>Ingr\u00e9dients<\/strong><\/td>\n<td><strong>Effet<\/strong><\/td>\n<\/tr>\n<\/thead>\n<tbody>\n<tr>\n<td><span data-path-to-node=\"14,1,0,0\"><b data-path-to-node=\"14,1,0,0\" data-index-in-node=\"0\">Note de t\u00eate<\/b><\/span><\/td>\n<td><span data-path-to-node=\"14,1,1,0\">Litchi, gingembre, bergamote<\/span><\/td>\n<td><span data-path-to-node=\"14,1,2,0\">Rafra\u00eechissant et vivifiant<\/span><\/td>\n<\/tr>\n<tr>\n<td><span data-path-to-node=\"14,2,0,0\"><b data-path-to-node=\"14,2,0,0\" data-index-in-node=\"0\">Note du c\u0153ur<\/b><\/span><\/td>\n<td><span data-path-to-node=\"14,2,1,0\">Pivoine, rose turque, cacao<\/span><\/td>\n<td><span data-path-to-node=\"14,2,2,0\">Floral et fascinant<\/span><\/td>\n<\/tr>\n<tr>\n<td><span data-path-to-node=\"14,3,0,0\"><b data-path-to-node=\"14,3,0,0\" data-index-in-node=\"0\">Niveau de base<\/b><\/span><\/td>\n<td><span data-path-to-node=\"14,3,1,0\">Patchouli<\/span><\/td>\n<td><span data-path-to-node=\"14,3,2,0\">Sensuel et durable<\/span><\/td>\n<\/tr>\n<\/tbody>\n<\/table>\n<h2 data-path-to-node=\"15\">D\u00e9couvrez l&#039;exp\u00e9rience olfactive (vid\u00e9o)<\/h2>\n<p><iframe loading=\"lazy\" title=\"Mediadrive Vegas Cosmetics Parfums LOVE FOR HER 142\" width=\"563\" height=\"1000\" src=\"https:\/\/www.youtube.com\/embed\/m288f4CJhnY?feature=oembed\"  allow=\"accelerometer; autoplay; clipboard-write; encrypted-media; gyroscope; picture-in-picture; web-share\" referrerpolicy=\"strict-origin-when-cross-origin\" allowfullscreen><\/iframe><\/p>\n<p data-path-to-node=\"16\">Dans notre vid\u00e9o exclusive, vous pouvez explorer encore plus en profondeur le monde de <b data-path-to-node=\"16\" data-index-in-node=\"99\">L&#039;AMOUR POUR ELLE<\/b> Plongez-y et d\u00e9couvrez pourquoi ce parfum est le choix id\u00e9al pour votre prochaine occasion.<\/p>\n<h2 data-path-to-node=\"17\">Le conseil de Gigi pour un parfum parfait<\/h2>\n<p data-path-to-node=\"18\">Vaporisez-le <b data-path-to-node=\"18\" data-index-in-node=\"11\">LOVE FOR HER Eau de Parfum<\/b> Appliquez directement sur les points de pulsation comme les poignets ou le cou. Petit conseil : une vaporisation dans les cheveux permet au parfum de vous envelopper d\u00e9licatement \u00e0 chaque mouvement.<\/p>","protected":false},"excerpt":{"rendered":"<p data-path-to-node=\"4\"><b data-path-to-node=\"4\" data-index-in-node=\"0\">S\u00e9duction fascinante : LOVE FOR HER Eau de Parfum (50 ml).<\/b><\/p>\n<p data-path-to-node=\"5\">Laissez-vous envo\u00fbter par une composition parfum\u00e9e qui allie \u00e9l\u00e9gance et passion. <b data-path-to-node=\"5\" data-index-in-node=\"86\">L&#039;AMOUR POUR ELLE<\/b> Cette eau de parfum d&#039;exception s&#039;ouvre sur des notes fra\u00eeches de litchi et de bergamote, s\u00e9duit par la pr\u00e9cieuse rose turque et une touche de cacao en son c\u0153ur, et s&#039;\u00e9panouit pleinement sur un fond profond de patchouli. Un parfum inoubliable, id\u00e9al pour la femme moderne qui affirme sa f\u00e9minit\u00e9 avec \u00e9l\u00e9gance.<\/p>\n<ul data-path-to-node=\"6\">\n<li>\n<p data-path-to-node=\"6,0,0\">\u2705 <b data-path-to-node=\"6,0,0\" data-index-in-node=\"2\">Caract\u00e8re du parfum :<\/b> Floral, frais, avec une profondeur myst\u00e9rieuse<\/p>\n<\/li>\n<li>\n<p data-path-to-node=\"6,1,0\">\u2705 <b data-path-to-node=\"6,1,0\" data-index-in-node=\"2\">Points forts:<\/b> Pivoine, rose turque et une pointe de cacao<\/p>\n<\/li>\n<li>\n<p data-path-to-node=\"6,2,0\">\u2705 <b data-path-to-node=\"6,2,0\" data-index-in-node=\"2\">Durabilit\u00e9:<\/b> Eau de parfum longue tenue pour le jour et la nuit<\/p>\n<\/li>\n<li>\n<p data-path-to-node=\"6,3,0\">\u2705 <b data-path-to-node=\"6,3,0\" data-index-in-node=\"2\">Sp\u00e9cial:<\/b> Comprend une vid\u00e9o produit exclusive !<\/p>\n<\/li>\n<li>\n<p data-path-to-node=\"6,4,0\">\u2705 <b data-path-to-node=\"6,4,0\" data-index-in-node=\"2\">Prix : 29,90 \u20ac<\/b><\/p>\n<\/li>\n<\/ul>","protected":false},"featured_media":1280,"template":"","meta":{"_et_pb_use_builder":"","_et_pb_old_content":"","_et_gb_content_width":""},"product_brand":[63],"product_cat":[208,22,46,47],"product_tag":[],"class_list":{"0":"post-3573","1":"product","2":"type-product","3":"status-publish","4":"has-post-thumbnail","6":"product_brand-vegas-cosmetics-gmbh","7":"product_cat-beauty-care","8":"product_cat-duefte","9":"product_cat-limited-edition","10":"product_cat-vegas-love-for-her","12":"first","13":"instock","14":"shipping-taxable","15":"product-type-external"},"_links":{"self":[{"href":"https:\/\/gigistravelworld.de\/fr\/wp-json\/wp\/v2\/product\/3573","targetHints":{"allow":["GET"]}}],"collection":[{"href":"https:\/\/gigistravelworld.de\/fr\/wp-json\/wp\/v2\/product"}],"about":[{"href":"https:\/\/gigistravelworld.de\/fr\/wp-json\/wp\/v2\/types\/product"}],"wp:featuredmedia":[{"embeddable":true,"href":"https:\/\/gigistravelworld.de\/fr\/wp-json\/wp\/v2\/media\/1280"}],"wp:attachment":[{"href":"https:\/\/gigistravelworld.de\/fr\/wp-json\/wp\/v2\/media?parent=3573"}],"wp:term":[{"taxonomy":"product_brand","embeddable":true,"href":"https:\/\/gigistravelworld.de\/fr\/wp-json\/wp\/v2\/product_brand?post=3573"},{"taxonomy":"product_cat","embeddable":true,"href":"https:\/\/gigistravelworld.de\/fr\/wp-json\/wp\/v2\/product_cat?post=3573"},{"taxonomy":"product_tag","embeddable":true,"href":"https:\/\/gigistravelworld.de\/fr\/wp-json\/wp\/v2\/product_tag?post=3573"}],"curies":[{"name":"wp","href":"https:\/\/api.w.org\/{rel}","templated":true}]}}