{"id":3571,"date":"2025-08-23T20:56:12","date_gmt":"2025-08-23T18:56:12","guid":{"rendered":"https:\/\/gigistravelworld.de\/?post_type=product&#038;p=3571"},"modified":"2026-03-15T15:52:29","modified_gmt":"2026-03-15T14:52:29","slug":"raumduft-nachfuellpack-relaxing","status":"publish","type":"product","link":"https:\/\/gigistravelworld.de\/fr\/raumduft-nachfuellpack-relaxing\/","title":{"rendered":"Recharge de parfum d&#039;ambiance \u2013 Relaxant 500 ml"},"content":{"rendered":"<h1 data-path-to-node=\"9\">Recharge de parfum d&#039;ambiance \u2013 Relaxant : Votre havre de paix et d&#039;\u00e9quilibre<\/h1>\n<p data-path-to-node=\"10\">Dans mon <a class=\"ng-star-inserted\" href=\"https:\/\/gigistravelworld.de\/fr\/gigis-travel-world-ueber-mich\/\" target=\"_blank\" rel=\"noopener\" data-hveid=\"0\" data-ved=\"0CAAQ_4QMahgKEwilsaq-_6GTAxUAAAAAHQAAAAAQ9wE\">Style de vie professionnel<\/a> Rentrer \u00e0 la maison est le moment le plus important de la journ\u00e9e. Pour que ce moment soit parfait, j&#039;utilise\u2026 <b data-path-to-node=\"10\" data-index-in-node=\"134\">Recharge de parfum d&#039;ambiance \u2013 Relaxant<\/b>. \u00c0 <b data-path-to-node=\"10\" data-index-in-node=\"172\">Gigis Travel World<\/b> Nous privil\u00e9gions la qualit\u00e9 et la durabilit\u00e9 \u2013 et avec 500 ml de produit, ce coffret vous assure que votre parfum pr\u00e9f\u00e9r\u00e9 ne sera jamais \u00e0 court. <b data-path-to-node=\"10\" data-index-in-node=\"327\">44,90 \u20ac<\/b> Apportez le luxe de l&#039;aromath\u00e9rapie directement dans votre salon.<\/p>\n<h2 data-path-to-node=\"11\">Pourquoi \u201e Relaxing \u201c est bien plus qu&#039;un simple parfum<\/h2>\n<p data-path-to-node=\"12\">La composition de ce parfum a \u00e9t\u00e9 sp\u00e9cifiquement d\u00e9velopp\u00e9e pour apaiser le syst\u00e8me nerveux. <a class=\"ng-star-inserted\" href=\"https:\/\/de.wikipedia.org\/wiki\/Echter_Lavendel\" target=\"_blank\" rel=\"noopener nofollow\" data-hveid=\"0\" data-ved=\"0CAAQ_4QMahgKEwilsaq-_6GTAxUAAAAAHQAAAAAQ-AE\">lavande<\/a> Mondialement reconnue pour ses vertus relaxantes, la bergamote offre une fra\u00eecheur subtile qui vivifie l&#039;esprit sans l&#039;agresser. La douce vanille vient parfaire l&#039;exp\u00e9rience et procure une sensation de bien-\u00eatre. C&#039;est le compl\u00e9ment id\u00e9al de notre <a href=\"https:\/\/gigistravelworld.de\/fr\/beauty-care\/duefte\/home-fragrance-set-wellness\/\" target=\"_blank\" rel=\"noopener\">Coffret de parfums d&#039;int\u00e9rieur<\/a>, si vous recherchez une sensation de bien-\u00eatre constante.<\/p>\n<h2 data-path-to-node=\"13\">Vos avantages en un coup d&#039;\u0153il\u00a0:<\/h2>\n<ul data-path-to-node=\"14\">\n<li>\n<p data-path-to-node=\"14,0,0\"><b data-path-to-node=\"14,0,0\" data-index-in-node=\"0\">Efficacit\u00e9:<\/b> Avec 500 ml, vous pouvez recharger vos diffuseurs plusieurs fois.<\/p>\n<\/li>\n<li>\n<p data-path-to-node=\"14,1,0\"><b data-path-to-node=\"14,1,0\" data-index-in-node=\"0\">Qualit\u00e9 constante :<\/b> Diffusion constante du parfum pendant plusieurs semaines.<\/p>\n<\/li>\n<li>\n<p data-path-to-node=\"14,2,0\"><b data-path-to-node=\"14,2,0\" data-index-in-node=\"0\">Facile \u00e0 utiliser :<\/b> Parfaitement adapt\u00e9 \u00e0 nos <a class=\"ng-star-inserted\" href=\"https:\/\/gigistravelworld.de\/fr\/beauty-care\/duefte\/vegas-ambience\/diffusor\/raumduft-staebchen\/\" target=\"_blank\" rel=\"noopener\" data-hveid=\"0\" data-ved=\"0CAAQ_4QMahgKEwilsaq-_6GTAxUAAAAAHQAAAAAQ-gE\">diffuseur \u00e0 roseaux<\/a>.<\/p>\n<\/li>\n<\/ul>\n<h2 data-path-to-node=\"15\">D\u00e9tails du produit et ingr\u00e9dients\u00a0:<\/h2>\n<table data-path-to-node=\"16\">\n<thead>\n<tr>\n<td><strong>Caract\u00e9ristiques<\/strong><\/td>\n<td><strong>D\u00e9tails<\/strong><\/td>\n<\/tr>\n<\/thead>\n<tbody>\n<tr>\n<td><span data-path-to-node=\"16,1,0,0\"><b data-path-to-node=\"16,1,0,0\" data-index-in-node=\"0\">Parfum<\/b><\/span><\/td>\n<td><span data-path-to-node=\"16,1,1,0\">Relaxant (Lavande, Bergamote, Vanille)<\/span><\/td>\n<\/tr>\n<tr>\n<td><span data-path-to-node=\"16,2,0,0\"><b data-path-to-node=\"16,2,0,0\" data-index-in-node=\"0\">Contenu<\/b><\/span><\/td>\n<td><span data-path-to-node=\"16,2,1,0\">bouteille de recharge de 500 ml<\/span><\/td>\n<\/tr>\n<tr>\n<td><span data-path-to-node=\"16,3,0,0\"><b data-path-to-node=\"16,3,0,0\" data-index-in-node=\"0\">Substances importantes<\/b><\/span><\/td>\n<td><span data-path-to-node=\"16,3,1,0\">Linalol, ac\u00e9tate de linalyle, D-limon\u00e8ne, g\u00e9raniol<\/span><\/td>\n<\/tr>\n<tr>\n<td><span data-path-to-node=\"16,4,0,0\"><b data-path-to-node=\"16,4,0,0\" data-index-in-node=\"0\">Application<\/b><\/span><\/td>\n<td><span data-path-to-node=\"16,4,1,0\">Diffuseurs, d\u00e9sodorisants<\/span><\/td>\n<\/tr>\n<\/tbody>\n<\/table>\n<h2 data-path-to-node=\"17\">Application : Voici comment vous ressourcer facilement.<\/h2>\n<p data-path-to-node=\"18\">L&#039;application de <b data-path-to-node=\"18\" data-index-in-node=\"18\">Recharge de parfum d&#039;ambiance \u2013 Relaxant<\/b> c&#039;est incroyablement simple :<\/p>\n<ol start=\"1\" data-path-to-node=\"19\">\n<li>\n<p data-path-to-node=\"19,0,0\">Ouvrez le r\u00e9cipient vide de votre diffuseur.<\/p>\n<\/li>\n<li>\n<p data-path-to-node=\"19,1,0\">Versez soigneusement la quantit\u00e9 souhait\u00e9e de la recharge.<\/p>\n<\/li>\n<li>\n<p data-path-to-node=\"19,2,0\">Utilisez des b\u00e2tonnets neufs (pour de meilleurs r\u00e9sultats, je recommande nos b\u00e2tonnets en bois naturel).<\/p>\n<\/li>\n<li>\n<p data-path-to-node=\"19,3,0\"><b data-path-to-node=\"19,3,0\" data-index-in-node=\"0\">Le conseil de Gigi :<\/b> Retournez les b\u00e2tonnets tous les deux ou trois jours pour raviver l&#039;intensit\u00e9 du parfum !<\/p>\n<\/li>\n<\/ol>","protected":false},"excerpt":{"rendered":"<p data-path-to-node=\"4\"><b data-path-to-node=\"4\" data-index-in-node=\"0\">Votre moment de bien-\u00eatre en recharge de 500 ml : Recharge de parfum d&#039;ambiance \u2013 Relaxant.<\/b><\/p>\n<p data-path-to-node=\"5\">Transformez votre maison en un havre de paix. La mienne <b data-path-to-node=\"5\" data-index-in-node=\"51\">Recharge de parfum d&#039;ambiance \u2013 Relaxant<\/b> Ce flacon vous offre 500 ml de pure d\u00e9tente dans n&#039;importe quelle pi\u00e8ce. L&#039;harmonieuse combinaison de lavande apaisante, de bergamote fra\u00eeche et de vanille onctueuse cr\u00e9e une atmosph\u00e8re propice \u00e0 la s\u00e9r\u00e9nit\u00e9. \u00c9conomique et \u00e9cologique, il est id\u00e9al pour recharger facilement vos diffuseurs pr\u00e9f\u00e9r\u00e9s.<\/p>\n<ul data-path-to-node=\"6\">\n<li>\n<p data-path-to-node=\"6,0,0\">\u2705 <b data-path-to-node=\"6,0,0\" data-index-in-node=\"2\">Note olfactive :<\/b> Lavande, bergamote et vanille<\/p>\n<\/li>\n<li>\n<p data-path-to-node=\"6,1,0\">\u2705 <b data-path-to-node=\"6,1,0\" data-index-in-node=\"2\">Foule:<\/b> 500 ml \u2013 id\u00e9al pour le salon, la chambre et le bureau<\/p>\n<\/li>\n<li>\n<p data-path-to-node=\"6,2,0\">\u2705 <b data-path-to-node=\"6,2,0\" data-index-in-node=\"2\">Avantage:<\/b> Recharge \u00e9conomique et \u00e9cologique<\/p>\n<\/li>\n<li>\n<p data-path-to-node=\"6,3,0\">\u2705 <b data-path-to-node=\"6,3,0\" data-index-in-node=\"2\">Effet:<\/b> Apaisant, harmonisant et durable<\/p>\n<\/li>\n<li>\n<p data-path-to-node=\"6,4,0\">\u2705 <b data-path-to-node=\"6,4,0\" data-index-in-node=\"2\">Prix : 44,90 \u20ac<\/b><\/p>\n<\/li>\n<\/ul>","protected":false},"featured_media":1278,"template":"","meta":{"_et_pb_use_builder":"","_et_pb_old_content":"","_et_gb_content_width":""},"product_brand":[63],"product_cat":[30,22,210,29],"product_tag":[],"class_list":{"0":"post-3571","1":"product","2":"type-product","3":"status-publish","4":"has-post-thumbnail","6":"product_brand-vegas-cosmetics-gmbh","7":"product_cat-diffusor","8":"product_cat-duefte","9":"product_cat-home-style","10":"product_cat-vegas-ambience","12":"first","13":"instock","14":"shipping-taxable","15":"product-type-external"},"_links":{"self":[{"href":"https:\/\/gigistravelworld.de\/fr\/wp-json\/wp\/v2\/product\/3571","targetHints":{"allow":["GET"]}}],"collection":[{"href":"https:\/\/gigistravelworld.de\/fr\/wp-json\/wp\/v2\/product"}],"about":[{"href":"https:\/\/gigistravelworld.de\/fr\/wp-json\/wp\/v2\/types\/product"}],"wp:featuredmedia":[{"embeddable":true,"href":"https:\/\/gigistravelworld.de\/fr\/wp-json\/wp\/v2\/media\/1278"}],"wp:attachment":[{"href":"https:\/\/gigistravelworld.de\/fr\/wp-json\/wp\/v2\/media?parent=3571"}],"wp:term":[{"taxonomy":"product_brand","embeddable":true,"href":"https:\/\/gigistravelworld.de\/fr\/wp-json\/wp\/v2\/product_brand?post=3571"},{"taxonomy":"product_cat","embeddable":true,"href":"https:\/\/gigistravelworld.de\/fr\/wp-json\/wp\/v2\/product_cat?post=3571"},{"taxonomy":"product_tag","embeddable":true,"href":"https:\/\/gigistravelworld.de\/fr\/wp-json\/wp\/v2\/product_tag?post=3571"}],"curies":[{"name":"wp","href":"https:\/\/api.w.org\/{rel}","templated":true}]}}