{"id":3570,"date":"2025-08-23T20:56:06","date_gmt":"2025-08-23T18:56:06","guid":{"rendered":"https:\/\/gigistravelworld.de\/?post_type=product&#038;p=3570"},"modified":"2026-03-15T17:24:23","modified_gmt":"2026-03-15T16:24:23","slug":"aumduft-nachfuellpack-energize-500ml","status":"publish","type":"product","link":"https:\/\/gigistravelworld.de\/fr\/aumduft-nachfuellpack-energize-500ml\/","title":{"rendered":"Recharge de parfum d&#039;ambiance \u2013 Energize 500 ml | Agrumes et Vitalit\u00e9"},"content":{"rendered":"<h1 data-path-to-node=\"9\">Recharge de parfum d&#039;ambiance \u2013 Energize\u00a0: Un regain d&#039;\u00e9nergie pour chaque pi\u00e8ce<\/h1>\n<p data-path-to-node=\"10\">Le <b data-path-to-node=\"10\" data-index-in-node=\"4\">Recharge de parfum d&#039;ambiance \u2013 Energize<\/b> est dans ma boutique <b data-path-to-node=\"10\" data-index-in-node=\"56\">Gigis Travel World<\/b> L&#039;accessoire indispensable pour quiconque souhaite insuffler du dynamisme \u00e0 son quotidien. <a class=\"ng-star-inserted\" href=\"https:\/\/www.google.com\/search?q=https:\/\/gigistravelworld.de\/ueber-mich\/\" target=\"_blank\" rel=\"noopener\" data-hveid=\"0\" data-ved=\"0CAAQ_4QMahgKEwilsaq-_6GTAxUAAAAAHQAAAAAQxgg\">Style de vie professionnel<\/a> La concentration est primordiale, que ce soit pour le t\u00e9l\u00e9travail ou la planification d&#039;un voyage. Gr\u00e2ce \u00e0 sa haute qualit\u00e9 <b data-path-to-node=\"10\" data-index-in-node=\"278\">Recharge de parfum d&#039;ambiance \u2013 Energize<\/b> Vous cr\u00e9ez un environnement qui vous soutient et vous dynamise mentalement. <b data-path-to-node=\"10\" data-index-in-node=\"382\">44,90 \u20ac<\/b> Ici, vous pouvez vous procurer 500 ml d&#039;\u00e9nergie pure.<\/p>\n<h2 data-path-to-node=\"11\">Pourquoi le sachet de recharge de parfum d&#039;ambiance Energize stimule votre productivit\u00e9<\/h2>\n<p data-path-to-node=\"12\">Sa composition, fruit de recherches scientifiques, fait toute la diff\u00e9rence. Tandis que les agrumes apportent une fra\u00eecheur instantan\u00e9e, <a class=\"ng-star-inserted\" href=\"https:\/\/de.wikipedia.org\/wiki\/Echter_Salbei\" target=\"_blank\" rel=\"noopener nofollow\" data-hveid=\"0\" data-ved=\"0CAAQ_4QMahgKEwilsaq-_6GTAxUAAAAAHQAAAAAQxwg\">sage<\/a> Pour la clart\u00e9 mentale, et le jasmin pour une finale harmonieuse. <b data-path-to-node=\"12\" data-index-in-node=\"207\">Recharge de parfum d&#039;ambiance \u2013 Energize<\/b> est le choix id\u00e9al si vous recherchez <a class=\"ng-star-inserted\" href=\"https:\/\/www.google.com\/search?q=https:\/\/gigistravelworld.de\/beauty-care\/home-lifestyle\/raumduft-nachfuellpack-dream-500ml\/\" target=\"_blank\" rel=\"noopener\" data-hveid=\"0\" data-ved=\"0CAAQ_4QMahgKEwilsaq-_6GTAxUAAAAAHQAAAAAQyAg\">Recharge de parfum d&#039;ambiance \u2013 R\u00eave<\/a> recherchent une fragrance plus dynamique.<\/p>\n<ul data-path-to-node=\"13\">\n<li>\n<p data-path-to-node=\"13,0,0\"><b data-path-to-node=\"13,0,0\" data-index-in-node=\"0\">Durabilit\u00e9 et efficacit\u00e9 :<\/b> Avec le <b data-path-to-node=\"13,0,0\" data-index-in-node=\"41\">Recharge de parfum d&#039;ambiance \u2013 Energize<\/b> Vous pouvez r\u00e9duire activement les d\u00e9chets plastiques en r\u00e9utilisant simplement vos contenants en verre.<\/p>\n<\/li>\n<li>\n<p data-path-to-node=\"13,1,0\"><b data-path-to-node=\"13,1,0\" data-index-in-node=\"0\">Puissance durable :<\/b> Gr\u00e2ce \u00e0 des ingr\u00e9dients tels que <b data-path-to-node=\"13,1,0\" data-index-in-node=\"46\">Linalol \u00e9thylique<\/b> et <b data-path-to-node=\"13,1,0\" data-index-in-node=\"65\">Salicylate de benzyle<\/b> L&#039;intensit\u00e9 du parfum de <b data-path-to-node=\"13,1,0\" data-index-in-node=\"113\">Recharge de parfum d&#039;ambiance \u2013 Energize<\/b> Constance pendant des semaines.<\/p>\n<\/li>\n<li>\n<p data-path-to-node=\"13,2,0\"><b data-path-to-node=\"13,2,0\" data-index-in-node=\"0\">Application professionnelle :<\/b> Utiliser pour le <b data-path-to-node=\"13,2,0\" data-index-in-node=\"31\">Recharge de parfum d&#039;ambiance \u2013 Energize<\/b> notre sp\u00e9cial <a class=\"ng-star-inserted\" href=\"https:\/\/www.google.com\/search?q=https:\/\/gigistravelworld.de\/beauty-care\/home-lifestyle\/raumduft-staebchen\/\" target=\"_blank\" rel=\"noopener\" data-hveid=\"0\" data-ved=\"0CAAQ_4QMahgKEwilsaq-_6GTAxUAAAAAHQAAAAAQyQg\">diffuseur \u00e0 roseaux<\/a> Fabriqu\u00e9 en bois naturel pour une diffusion optimale.<\/p>\n<\/li>\n<\/ul>\n<h2 data-path-to-node=\"14\">Questions fr\u00e9quemment pos\u00e9es concernant le pack de recharge de parfum d&#039;ambiance Energize (FAQ)<\/h2>\n<ul data-path-to-node=\"15\">\n<li>\n<p data-path-to-node=\"15,0,0\"><b data-path-to-node=\"15,0,0\" data-index-in-node=\"0\">Quelle est l&#039;odeur exacte du sachet de recharge de parfum d&#039;ambiance Energize\u00a0?<\/b> C&#039;est un parfum tr\u00e8s frais et vibrant. Les notes d&#039;agrumes sont pr\u00e9dominantes, tandis que la fra\u00eecheur verte de la sauge les compl\u00e8te harmonieusement. <b data-path-to-node=\"15,0,0\" data-index-in-node=\"176\">Recharge de parfum d&#039;ambiance \u2013 Energize<\/b> lui conf\u00e8re une profondeur noble.<\/p>\n<\/li>\n<li>\n<p data-path-to-node=\"15,1,0\"><b data-path-to-node=\"15,1,0\" data-index-in-node=\"0\">O\u00f9 est-il pr\u00e9f\u00e9rable de placer le sachet de recharge de parfum d&#039;ambiance Energize\u00a0?<\/b> Je recommande de l&#039;utiliser dans le bureau, le couloir ou la cuisine \u2013 partout o\u00f9 vous pourriez b\u00e9n\u00e9ficier d&#039;une touche de fra\u00eecheur.<\/p>\n<\/li>\n<li>\n<p data-path-to-node=\"15,2,0\"><b data-path-to-node=\"15,2,0\" data-index-in-node=\"0\">Combien de temps dure une recharge de parfum d&#039;ambiance Energize de 500 ml ?<\/b> Le produit est extr\u00eamement \u00e9conomique. Une bouteille de <b data-path-to-node=\"15,2,0\" data-index-in-node=\"112\">Recharge de parfum d&#039;ambiance \u2013 Energize<\/b> Suffisant pour environ 4 \u00e0 6 mois de diffusion continue de parfum dans la pi\u00e8ce.<\/p>\n<\/li>\n<\/ul>\n<h2 data-path-to-node=\"16\">Aper\u00e7u des donn\u00e9es produit\u00a0:<\/h2>\n<table data-path-to-node=\"17\">\n<thead>\n<tr>\n<td><strong>Caract\u00e9ristiques<\/strong><\/td>\n<td><strong>D\u00e9tails<\/strong><\/td>\n<\/tr>\n<\/thead>\n<tbody>\n<tr>\n<td><span data-path-to-node=\"17,1,0,0\"><b data-path-to-node=\"17,1,0,0\" data-index-in-node=\"0\">Nom du produit<\/b><\/span><\/td>\n<td><span data-path-to-node=\"17,1,1,0\"><b data-path-to-node=\"17,1,1,0\" data-index-in-node=\"0\">Recharge de parfum d&#039;ambiance \u2013 Energize<\/b><\/span><\/td>\n<\/tr>\n<tr>\n<td><span data-path-to-node=\"17,2,0,0\"><b data-path-to-node=\"17,2,0,0\" data-index-in-node=\"0\">Contenu<\/b><\/span><\/td>\n<td><span data-path-to-node=\"17,2,1,0\">Bouteille de recharge XL de 500 ml<\/span><\/td>\n<\/tr>\n<tr>\n<td><span data-path-to-node=\"17,3,0,0\"><b data-path-to-node=\"17,3,0,0\" data-index-in-node=\"0\">Parfum<\/b><\/span><\/td>\n<td><span data-path-to-node=\"17,3,1,0\">Revigorant et frais (agrumes et sauge)<\/span><\/td>\n<\/tr>\n<tr>\n<td><span data-path-to-node=\"17,4,0,0\"><b data-path-to-node=\"17,4,0,0\" data-index-in-node=\"0\">Ingr\u00e9dients cl\u00e9s<\/b><\/span><\/td>\n<td><span data-path-to-node=\"17,4,1,0\">D-limon\u00e8ne, citral, g\u00e9raniol<\/span><\/td>\n<\/tr>\n<\/tbody>\n<\/table>\n<p>&nbsp;<\/p>\n<p><b data-path-to-node=\"18,0\" data-index-in-node=\"0\">Le conseil business de Gigi :<\/b> Si vous avez une r\u00e9union ou un appel t\u00e9l\u00e9phonique important, tournez les tiges de votre diffuseur avec le <b data-path-to-node=\"18,0\" data-index-in-node=\"122\">Recharge de parfum d&#039;ambiance \u2013 Energize<\/b> Juste avant. Les mol\u00e9cules d&#039;agrumes frais vous aident \u00e0 rester \u00e9veill\u00e9 et pr\u00e9sent !<\/p>","protected":false},"excerpt":{"rendered":"<p data-path-to-node=\"4\"><b data-path-to-node=\"4\" data-index-in-node=\"0\">Une vitalit\u00e9 pure dans un format XL de recharge de 500 ml : Recharge de parfum d&#039;ambiance \u2013 Energize.<\/b><\/p>\n<p data-path-to-node=\"5\">\u00c9veillez vos sens et remplissez vos espaces d&#039;une vie nouvelle ! <b data-path-to-node=\"5\" data-index-in-node=\"70\">Recharge de parfum d&#039;ambiance \u2013 Energize<\/b> Ce parfum est un m\u00e9lange parfait d&#039;agrumes acidul\u00e9s, de jasmin \u00e9l\u00e9gant et de la fra\u00eecheur vivifiante de la sauge verte. Ce flacon de recharge de 500 ml offre une solution pratique et durable pour recharger facilement vos diffuseurs. Id\u00e9al pour les bureaux et les espaces de vie o\u00f9 la concentration et une \u00e9nergie positive sont essentielles.<\/p>\n<ul data-path-to-node=\"6\">\n<li>\n<p data-path-to-node=\"6,0,0\">\u2705 <b data-path-to-node=\"6,0,0\" data-index-in-node=\"2\">Note olfactive :<\/b> \u00c9nergisant (Agrumes, Jasmin et Sauge)<\/p>\n<\/li>\n<li>\n<p data-path-to-node=\"6,1,0\">\u2705 <b data-path-to-node=\"6,1,0\" data-index-in-node=\"2\">Foule:<\/b> 500 ml \u2013 couverture maximale pour une fra\u00eecheur longue dur\u00e9e<\/p>\n<\/li>\n<li>\n<p data-path-to-node=\"6,2,0\">\u2705 <b data-path-to-node=\"6,2,0\" data-index-in-node=\"2\">Avantage:<\/b> Syst\u00e8me de recharge \u00e9conomique, pr\u00e9serve les ressources<\/p>\n<\/li>\n<li>\n<p data-path-to-node=\"6,3,0\">\u2705 <b data-path-to-node=\"6,3,0\" data-index-in-node=\"2\">Effet:<\/b> Revigorant, stimulant la concentration et rafra\u00eechissant<\/p>\n<\/li>\n<li>\n<p data-path-to-node=\"6,4,0\">\u2705 <b data-path-to-node=\"6,4,0\" data-index-in-node=\"2\">Prix : 44,90 \u20ac<\/b><\/p>\n<\/li>\n<\/ul>","protected":false},"featured_media":1277,"template":"","meta":{"_et_pb_use_builder":"","_et_pb_old_content":"","_et_gb_content_width":""},"product_brand":[63],"product_cat":[30,22,210,29],"product_tag":[],"class_list":{"0":"post-3570","1":"product","2":"type-product","3":"status-publish","4":"has-post-thumbnail","6":"product_brand-vegas-cosmetics-gmbh","7":"product_cat-diffusor","8":"product_cat-duefte","9":"product_cat-home-style","10":"product_cat-vegas-ambience","12":"first","13":"instock","14":"shipping-taxable","15":"product-type-external"},"_links":{"self":[{"href":"https:\/\/gigistravelworld.de\/fr\/wp-json\/wp\/v2\/product\/3570","targetHints":{"allow":["GET"]}}],"collection":[{"href":"https:\/\/gigistravelworld.de\/fr\/wp-json\/wp\/v2\/product"}],"about":[{"href":"https:\/\/gigistravelworld.de\/fr\/wp-json\/wp\/v2\/types\/product"}],"wp:featuredmedia":[{"embeddable":true,"href":"https:\/\/gigistravelworld.de\/fr\/wp-json\/wp\/v2\/media\/1277"}],"wp:attachment":[{"href":"https:\/\/gigistravelworld.de\/fr\/wp-json\/wp\/v2\/media?parent=3570"}],"wp:term":[{"taxonomy":"product_brand","embeddable":true,"href":"https:\/\/gigistravelworld.de\/fr\/wp-json\/wp\/v2\/product_brand?post=3570"},{"taxonomy":"product_cat","embeddable":true,"href":"https:\/\/gigistravelworld.de\/fr\/wp-json\/wp\/v2\/product_cat?post=3570"},{"taxonomy":"product_tag","embeddable":true,"href":"https:\/\/gigistravelworld.de\/fr\/wp-json\/wp\/v2\/product_tag?post=3570"}],"curies":[{"name":"wp","href":"https:\/\/api.w.org\/{rel}","templated":true}]}}