{"id":3565,"date":"2025-08-23T20:56:06","date_gmt":"2025-08-23T18:56:06","guid":{"rendered":"https:\/\/gigistravelworld.de\/?post_type=product&#038;p=3565"},"modified":"2026-03-15T16:39:14","modified_gmt":"2026-03-15T15:39:14","slug":"raumduft-nachfuellpack-lovely-breeze","status":"publish","type":"product","link":"https:\/\/gigistravelworld.de\/fr\/raumduft-nachfuellpack-lovely-breeze\/","title":{"rendered":"Recharge de parfum d&#039;ambiance \u2013 Brise Douce 500 ml | Agrumes et Mimosa"},"content":{"rendered":"<h1 data-path-to-node=\"9\">Recharge de parfum d&#039;ambiance \u2013 Brise Douce : Votre dose quotidienne de fra\u00eecheur<\/h1>\n<p data-path-to-node=\"10\">Le <b data-path-to-node=\"10\" data-index-in-node=\"4\">Recharge de parfum d&#039;ambiance \u2013 Brise Douce<\/b> est dans ma boutique <b data-path-to-node=\"10\" data-index-in-node=\"61\">Gigis Travel World<\/b> L&#039;incarnation m\u00eame de la clart\u00e9 et de l&#039;\u00e9l\u00e9gance. Dans mon <a class=\"ng-star-inserted\" href=\"https:\/\/www.google.com\/search?q=https:\/\/gigistravelworld.de\/ueber-mich\/\" target=\"_blank\" rel=\"noopener\" data-hveid=\"0\" data-ved=\"0CAAQ_4QMahgKEwilsaq-_6GTAxUAAAAAHQAAAAAQjQU\">Style de vie professionnel<\/a> J&#039;adore les parfums qui agrandissent l&#039;espace et cr\u00e9ent une \u00e9nergie positive. <b data-path-to-node=\"10\" data-index-in-node=\"232\">Recharge de parfum d&#039;ambiance \u2013 Brise Douce<\/b> Vous cr\u00e9ez une atmosph\u00e8re aussi rafra\u00eechissante qu&#039;une douce brise marine. <b data-path-to-node=\"10\" data-index-in-node=\"354\">44,90 \u20ac<\/b> Voici 500 ml de pure revitalisation pour votre maison.<\/p>\n<h2 data-path-to-node=\"11\">Pourquoi \u201e Lovely Breeze \u201c revitalise votre climat int\u00e9rieur<\/h2>\n<p data-path-to-node=\"12\">Sa composition olfactive unique rend cette recharge si sp\u00e9ciale. <a class=\"ng-star-inserted\" href=\"https:\/\/de.wikipedia.org\/wiki\/Zitruspflanzen\" target=\"_blank\" rel=\"noopener nofollow\" data-hveid=\"0\" data-ved=\"0CAAQ_4QMahgKEwilsaq-_6GTAxUAAAAAHQAAAAAQjgU\">agrumes<\/a> Elle procure un regain d&#039;\u00e9nergie imm\u00e9diat, tandis que le mimosa en son c\u0153ur repr\u00e9sente une profondeur florale. <b data-path-to-node=\"12\" data-index-in-node=\"202\">Recharge de parfum d&#039;ambiance \u2013 Brise Douce<\/b> est le choix id\u00e9al si vous recherchez <a class=\"ng-star-inserted\" href=\"https:\/\/www.google.com\/search?q=https:\/\/gigistravelworld.de\/beauty-care\/home-lifestyle\/raumduft-nachfuellpack-wellness-500ml\/\" target=\"_blank\" rel=\"noopener\" data-hveid=\"0\" data-ved=\"0CAAQ_4QMahgKEwilsaq-_6GTAxUAAAAAHQAAAAAQjwU\">Recharge de parfum d&#039;ambiance \u2013 Bien-\u00eatre<\/a> Vous recherchez une note plus l\u00e9g\u00e8re et plus florale.<\/p>\n<ul data-path-to-node=\"13\">\n<li>\n<p data-path-to-node=\"13,0,0\"><b data-path-to-node=\"13,0,0\" data-index-in-node=\"0\">Efficace et durable :<\/b> Avec le <b data-path-to-node=\"13,0,0\" data-index-in-node=\"32\">Recharge de parfum d&#039;ambiance \u2013 Brise Douce<\/b> Vous r\u00e9duisez activement vos d\u00e9chets et \u00e9conomisez de l&#039;argent par rapport aux achats individuels.<\/p>\n<\/li>\n<li>\n<p data-path-to-node=\"13,1,0\"><b data-path-to-node=\"13,1,0\" data-index-in-node=\"0\">Effet durable :<\/b> Gr\u00e2ce \u00e0 des ingr\u00e9dients de haute qualit\u00e9 tels que le dihydrojasmonate de m\u00e9thyle, le parfum est r\u00e9parti de mani\u00e8re uniforme et subtile.<\/p>\n<\/li>\n<li>\n<p data-path-to-node=\"13,2,0\"><b data-path-to-node=\"13,2,0\" data-index-in-node=\"0\">Compl\u00e9ment id\u00e9al :<\/b> Id\u00e9al en combinaison avec notre <a class=\"ng-star-inserted\" href=\"https:\/\/www.google.com\/search?q=https:\/\/gigistravelworld.de\/beauty-care\/home-lifestyle\/raumduft-staebchen\/\" target=\"_blank\" rel=\"noopener\" data-hveid=\"0\" data-ved=\"0CAAQ_4QMahgKEwilsaq-_6GTAxUAAAAAHQAAAAAQkAU\">diffuseur \u00e0 roseaux<\/a> pour un d\u00e9veloppement optimal.<\/p>\n<\/li>\n<\/ul>\n<h2 data-path-to-node=\"14\">Questions fr\u00e9quemment pos\u00e9es concernant le pack de recharge de parfum d&#039;ambiance Lovely Breeze (FAQ)<\/h2>\n<ul data-path-to-node=\"15\">\n<li>\n<p data-path-to-node=\"15,0,0\"><b data-path-to-node=\"15,0,0\" data-index-in-node=\"0\">Quelle est l&#039;odeur exacte de Lovely Breeze ?<\/b> C&#039;est un parfum tr\u00e8s frais et propre. Le mimosa lui donne une saveur particuli\u00e8re. <b data-path-to-node=\"15,0,0\" data-index-in-node=\"93\">Recharge de parfum d&#039;ambiance \u2013 Brise Douce<\/b> une \u00e9l\u00e9gante note florale, d\u00e9licatement adoucie par la vanille.<\/p>\n<\/li>\n<li>\n<p data-path-to-node=\"15,1,0\"><b data-path-to-node=\"15,1,0\" data-index-in-node=\"0\">Puis-je r\u00e9gler l&#039;intensit\u00e9\u00a0?<\/b> Absolument ! Utilisez-le pour le <b data-path-to-node=\"15,1,0\" data-index-in-node=\"56\">Recharge de parfum d&#039;ambiance \u2013 Brise Douce<\/b> Utilisez simplement plus de tiges si vous souhaitez un parfum plus intense dans la pi\u00e8ce.<\/p>\n<\/li>\n<li>\n<p data-path-to-node=\"15,2,0\"><b data-path-to-node=\"15,2,0\" data-index-in-node=\"0\">Combien de temps me dureront 500 ml ?<\/b> Le <b data-path-to-node=\"15,2,0\" data-index-in-node=\"40\">Recharge de parfum d&#039;ambiance \u2013 Brise Douce<\/b> Il est tr\u00e8s \u00e9conomique et dure plusieurs mois en utilisation normale.<\/p>\n<\/li>\n<\/ul>\n<h2 data-path-to-node=\"16\">Aper\u00e7u des donn\u00e9es produit\u00a0:<\/h2>\n<table data-path-to-node=\"17\">\n<thead>\n<tr>\n<td><strong>Caract\u00e9ristiques<\/strong><\/td>\n<td><strong>D\u00e9tails<\/strong><\/td>\n<\/tr>\n<\/thead>\n<tbody>\n<tr>\n<td><span data-path-to-node=\"17,1,0,0\"><b data-path-to-node=\"17,1,0,0\" data-index-in-node=\"0\">Nom du produit<\/b><\/span><\/td>\n<td><span data-path-to-node=\"17,1,1,0\"><b data-path-to-node=\"17,1,1,0\" data-index-in-node=\"0\">Recharge de parfum d&#039;ambiance \u2013 Brise Douce<\/b><\/span><\/td>\n<\/tr>\n<tr>\n<td><span data-path-to-node=\"17,2,0,0\"><b data-path-to-node=\"17,2,0,0\" data-index-in-node=\"0\">Contenu<\/b><\/span><\/td>\n<td><span data-path-to-node=\"17,2,1,0\">bouteille de recharge de 500 ml<\/span><\/td>\n<\/tr>\n<tr>\n<td><span data-path-to-node=\"17,3,0,0\"><b data-path-to-node=\"17,3,0,0\" data-index-in-node=\"0\">Parfum<\/b><\/span><\/td>\n<td><span data-path-to-node=\"17,3,1,0\">Frais et floral (mimosa et agrumes)<\/span><\/td>\n<\/tr>\n<tr>\n<td><span data-path-to-node=\"17,4,0,0\"><b data-path-to-node=\"17,4,0,0\" data-index-in-node=\"0\">Prix<\/b><\/span><\/td>\n<td><span data-path-to-node=\"17,4,1,0\">44,90 \u20ac<\/span><\/td>\n<\/tr>\n<\/tbody>\n<\/table>\n<p>&nbsp;<\/p>\n<p><b data-path-to-node=\"18,0\" data-index-in-node=\"0\">Conseil d\u00e9co de Gigi :<\/b> Le <b data-path-to-node=\"18,0\" data-index-in-node=\"21\">Recharge de parfum d&#039;ambiance \u2013 Brise Douce<\/b> Il s&#039;int\u00e8gre parfaitement dans les pi\u00e8ces lumineuses et a\u00e9r\u00e9es. Son parfum compl\u00e8te \u00e0 merveille un int\u00e9rieur moderne et minimaliste !<\/p>","protected":false},"excerpt":{"rendered":"<p data-path-to-node=\"4\"><b data-path-to-node=\"4\" data-index-in-node=\"0\">Une bouff\u00e9e d&#039;air frais pour votre maison : Recharge de parfum d&#039;ambiance \u2013 Brise Douce (500 ml).<\/b><\/p>\n<p data-path-to-node=\"5\">Apportez une sensation de pure l\u00e9g\u00e8ret\u00e9 dans vos pi\u00e8ces ! <b data-path-to-node=\"5\" data-index-in-node=\"63\">Recharge de parfum d&#039;ambiance \u2013 Brise Douce<\/b> Ce parfum allie la fra\u00eecheur vivifiante des agrumes verts \u00e0 un \u00e9l\u00e9gant bouquet floral domin\u00e9 par le mimosa et une douce note de vanille. Le g\u00e9n\u00e9reux flacon de recharge de 500 ml est une solution durable pour recharger facilement vos diffuseurs et profiter d&#039;une exp\u00e9rience olfactive luxueuse et constante.<\/p>\n<ul data-path-to-node=\"6\">\n<li>\n<p data-path-to-node=\"6,0,0\">\u2705 <b data-path-to-node=\"6,0,0\" data-index-in-node=\"2\">Note olfactive :<\/b> Brise Douce (agrumes, mimosa, vanille)<\/p>\n<\/li>\n<li>\n<p data-path-to-node=\"6,1,0\">\u2705 <b data-path-to-node=\"6,1,0\" data-index-in-node=\"2\">Foule:<\/b> Format XL 500 ml \u2013 \u00e9conomique et respectueux de l&#039;environnement<\/p>\n<\/li>\n<li>\n<p data-path-to-node=\"6,2,0\">\u2705 <b data-path-to-node=\"6,2,0\" data-index-in-node=\"2\">Effet:<\/b> Rafra\u00eechissant, floral et subtilement sucr\u00e9<\/p>\n<\/li>\n<li>\n<p data-path-to-node=\"6,3,0\">\u2705 <b data-path-to-node=\"6,3,0\" data-index-in-node=\"2\">Domaine d&#039;application :<\/b> Id\u00e9al pour les salons, salles de bains et bureaux lumineux<\/p>\n<\/li>\n<li>\n<p data-path-to-node=\"6,4,0\">\u2705 <b data-path-to-node=\"6,4,0\" data-index-in-node=\"2\">Prix : 44,90 \u20ac<\/b><\/p>\n<\/li>\n<\/ul>","protected":false},"featured_media":1272,"template":"","meta":{"_et_pb_use_builder":"","_et_pb_old_content":"","_et_gb_content_width":""},"product_brand":[63],"product_cat":[30,22,210,29],"product_tag":[],"class_list":{"0":"post-3565","1":"product","2":"type-product","3":"status-publish","4":"has-post-thumbnail","6":"product_brand-vegas-cosmetics-gmbh","7":"product_cat-diffusor","8":"product_cat-duefte","9":"product_cat-home-style","10":"product_cat-vegas-ambience","12":"first","13":"instock","14":"shipping-taxable","15":"product-type-external"},"_links":{"self":[{"href":"https:\/\/gigistravelworld.de\/fr\/wp-json\/wp\/v2\/product\/3565","targetHints":{"allow":["GET"]}}],"collection":[{"href":"https:\/\/gigistravelworld.de\/fr\/wp-json\/wp\/v2\/product"}],"about":[{"href":"https:\/\/gigistravelworld.de\/fr\/wp-json\/wp\/v2\/types\/product"}],"wp:featuredmedia":[{"embeddable":true,"href":"https:\/\/gigistravelworld.de\/fr\/wp-json\/wp\/v2\/media\/1272"}],"wp:attachment":[{"href":"https:\/\/gigistravelworld.de\/fr\/wp-json\/wp\/v2\/media?parent=3565"}],"wp:term":[{"taxonomy":"product_brand","embeddable":true,"href":"https:\/\/gigistravelworld.de\/fr\/wp-json\/wp\/v2\/product_brand?post=3565"},{"taxonomy":"product_cat","embeddable":true,"href":"https:\/\/gigistravelworld.de\/fr\/wp-json\/wp\/v2\/product_cat?post=3565"},{"taxonomy":"product_tag","embeddable":true,"href":"https:\/\/gigistravelworld.de\/fr\/wp-json\/wp\/v2\/product_tag?post=3565"}],"curies":[{"name":"wp","href":"https:\/\/api.w.org\/{rel}","templated":true}]}}