{"id":3564,"date":"2025-08-23T20:56:06","date_gmt":"2025-08-23T18:56:06","guid":{"rendered":"https:\/\/gigistravelworld.de\/?post_type=product&#038;p=3564"},"modified":"2026-03-15T16:33:16","modified_gmt":"2026-03-15T15:33:16","slug":"raumduft-nachfuellpack-cherry-bomb","status":"publish","type":"product","link":"https:\/\/gigistravelworld.de\/fr\/raumduft-nachfuellpack-cherry-bomb\/","title":{"rendered":"Recharge de parfum d&#039;ambiance \u2013 Cherry Bomb 500 ml | Doux et \u00e9l\u00e9gant"},"content":{"rendered":"<h1 data-path-to-node=\"9\">Recharge de parfum d&#039;ambiance \u2013 Cherry Bomb\u00a0: La touche finale pour une maison \u00e9l\u00e9gante<\/h1>\n<p data-path-to-node=\"10\">Le <b data-path-to-node=\"10\" data-index-in-node=\"4\">Recharge de parfum d&#039;ambiance \u2013 Cherry Bomb<\/b> est dans ma boutique <b data-path-to-node=\"10\" data-index-in-node=\"59\">Gigis Travel World<\/b> Un incontournable pour tous les amateurs de parfums d&#039;exception. <a class=\"ng-star-inserted\" href=\"https:\/\/www.google.com\/search?q=https:\/\/gigistravelworld.de\/ueber-mich\/\" target=\"_blank\" rel=\"noopener\" data-hveid=\"0\" data-ved=\"0CAAQ_4QMahgKEwilsaq-_6GTAxUAAAAAHQAAAAAQtwQ\">Style de vie professionnel<\/a> J&#039;accorde une grande importance \u00e0 un environnement \u00e0 la fois inspirant et confortable. <b data-path-to-node=\"10\" data-index-in-node=\"267\">Cherry Bomb<\/b> Elle parvient \u00e0 trouver exactement cet \u00e9quilibre : elle est pr\u00e9sente, \u00e9l\u00e9gante et d&#039;une douceur exquise. <b data-path-to-node=\"10\" data-index-in-node=\"356\">44,90 \u20ac<\/b> Ici, vous pouvez vous assurer des mois de plaisir olfactif haut de gamme.<\/p>\n<h2 data-path-to-node=\"11\">Pourquoi \u201e Cherry Bomb \u201c deviendra votre nouveau parfum pr\u00e9f\u00e9r\u00e9<\/h2>\n<p data-path-to-node=\"12\">La composition est magistralement \u00e9quilibr\u00e9e. Tandis que le juteux <a class=\"ng-star-inserted\" href=\"https:\/\/de.wikipedia.org\/wiki\/Sauerkirsche\" target=\"_blank\" rel=\"noopener nofollow\" data-hveid=\"0\" data-ved=\"0CAAQ_4QMahgKEwilsaq-_6GTAxUAAAAAHQAAAAAQuAQ\">cerise<\/a> L&#039;amande douce, qui vous remonte instantan\u00e9ment le moral, conf\u00e8re au parfum une profondeur raffin\u00e9e, parfaitement compl\u00e9t\u00e9e par la vanille. <b data-path-to-node=\"12\" data-index-in-node=\"199\">Recharge de parfum d&#039;ambiance \u2013 Cherry Bomb<\/b> est le compl\u00e9ment parfait \u00e0 nos autres favoris tels que le <a class=\"ng-star-inserted\" href=\"https:\/\/www.google.com\/search?q=https:\/\/gigistravelworld.de\/beauty-care\/home-lifestyle\/raumduft-nachfuellpack-relaxing-500ml\/\" target=\"_blank\" rel=\"noopener\" data-hveid=\"0\" data-ved=\"0CAAQ_4QMahgKEwilsaq-_6GTAxUAAAAAHQAAAAAQuQQ\">Recharge de parfum d&#039;ambiance \u2013 Relaxant<\/a>, si vous avez envie de changement.<\/p>\n<ul data-path-to-node=\"13\">\n<li>\n<p data-path-to-node=\"13,0,0\"><b data-path-to-node=\"13,0,0\" data-index-in-node=\"0\">Quand durabilit\u00e9 rime avec design :<\/b> Avec 500 ml, vous pouvez recharger vos diffuseurs plusieurs fois et agir de mani\u00e8re \u00e9coresponsable.<\/p>\n<\/li>\n<li>\n<p data-path-to-node=\"13,1,0\"><b data-path-to-node=\"13,1,0\" data-index-in-node=\"0\">Une \u00e9l\u00e9gance constante :<\/b> Sa formule de haute qualit\u00e9 (contenant notamment de l&#039;Iso E Super) assure une diffusion homog\u00e8ne du parfum.<\/p>\n<\/li>\n<li>\n<p data-path-to-node=\"13,2,0\"><b data-path-to-node=\"13,2,0\" data-index-in-node=\"0\">Polyvalent dans ses applications :<\/b> Que ce soit dans le salon, le dressing ou le bureau, la Cherry Bomb s&#039;adapte partout.<\/p>\n<\/li>\n<\/ul>\n<h2 data-path-to-node=\"14\">Foire aux questions sur le pack de recharge de parfum d&#039;ambiance Cherry Bomb (FAQ)<\/h2>\n<ul data-path-to-node=\"15\">\n<li>\n<p data-path-to-node=\"15,0,0\"><b data-path-to-node=\"15,0,0\" data-index-in-node=\"0\">Quelle est l&#039;intensit\u00e9 du parfum de la Cherry Bomb ?<\/b> Le parfum est distinctif et chaleureux. En raison du nombre de <a class=\"ng-star-inserted\" href=\"https:\/\/www.google.com\/search?q=https:\/\/gigistravelworld.de\/beauty-care\/home-lifestyle\/raumduft-staebchen\/\" target=\"_blank\" rel=\"noopener\" data-hveid=\"0\" data-ved=\"0CAAQ_4QMahgKEwilsaq-_6GTAxUAAAAAHQAAAAAQugQ\">diffuseur \u00e0 roseaux<\/a> Pouvez-vous r\u00e9gler l&#039;intensit\u00e9 de la <b data-path-to-node=\"15,0,0\" data-index-in-node=\"143\">Recharge de parfum d&#039;ambiance \u2013 Cherry Bomb<\/b> Contr\u00f4lez-le compl\u00e8tement individuellement.<\/p>\n<\/li>\n<li>\n<p data-path-to-node=\"15,1,0\"><b data-path-to-node=\"15,1,0\" data-index-in-node=\"0\">L&#039;odeur vous semble-t-elle tr\u00e8s artificielle\u00a0?<\/b> Non, le m\u00e9lange d&#039;amande et de vanille conf\u00e8re \u00e0 la cerise une douceur tr\u00e8s naturelle, \u201e cuite au four \u201c, qui semble d&#039;une qualit\u00e9 exceptionnelle.<\/p>\n<\/li>\n<li>\n<p data-path-to-node=\"15,2,0\"><b data-path-to-node=\"15,2,0\" data-index-in-node=\"0\">Combien de temps durent 500 ml ?<\/b> Depuis lors <b data-path-to-node=\"15,2,0\" data-index-in-node=\"32\">Recharge de parfum d&#039;ambiance \u2013 Cherry Bomb<\/b> Gr\u00e2ce \u00e0 sa grande efficacit\u00e9, un flacon dure jusqu&#039;\u00e0 6 mois selon l&#039;utilisation.<\/p>\n<\/li>\n<\/ul>\n<h2 data-path-to-node=\"16\">Aper\u00e7u des donn\u00e9es produit\u00a0:<\/h2>\n<table data-path-to-node=\"17\">\n<thead>\n<tr>\n<td><strong>Caract\u00e9ristiques<\/strong><\/td>\n<td><strong>D\u00e9tails<\/strong><\/td>\n<\/tr>\n<\/thead>\n<tbody>\n<tr>\n<td><span data-path-to-node=\"17,1,0,0\"><b data-path-to-node=\"17,1,0,0\" data-index-in-node=\"0\">Nom du produit<\/b><\/span><\/td>\n<td><span data-path-to-node=\"17,1,1,0\"><b data-path-to-node=\"17,1,1,0\" data-index-in-node=\"0\">Recharge de parfum d&#039;ambiance \u2013 Cherry Bomb<\/b><\/span><\/td>\n<\/tr>\n<tr>\n<td><span data-path-to-node=\"17,2,0,0\"><b data-path-to-node=\"17,2,0,0\" data-index-in-node=\"0\">Contenu<\/b><\/span><\/td>\n<td><span data-path-to-node=\"17,2,1,0\">bouteille de recharge de 500 ml<\/span><\/td>\n<\/tr>\n<tr>\n<td><span data-path-to-node=\"17,3,0,0\"><b data-path-to-node=\"17,3,0,0\" data-index-in-node=\"0\">Notes olfactives<\/b><\/span><\/td>\n<td><span data-path-to-node=\"17,3,1,0\">Cerise, amande, vanille<\/span><\/td>\n<\/tr>\n<tr>\n<td><span data-path-to-node=\"17,4,0,0\"><b data-path-to-node=\"17,4,0,0\" data-index-in-node=\"0\">Ingr\u00e9dients<\/b><\/span><\/td>\n<td><span data-path-to-node=\"17,4,1,0\">Iso E Super, Ionone B\u00eata, Dihydrojasmonate de m\u00e9thyle<\/span><\/td>\n<\/tr>\n<tr>\n<td><span data-path-to-node=\"17,5,0,0\"><b data-path-to-node=\"17,5,0,0\" data-index-in-node=\"0\">Prix<\/b><\/span><\/td>\n<td><span data-path-to-node=\"17,5,1,0\">44,90 \u20ac<\/span><\/td>\n<\/tr>\n<\/tbody>\n<\/table>","protected":false},"excerpt":{"rendered":"<p data-path-to-node=\"4\"><b data-path-to-node=\"4\" data-index-in-node=\"0\">Une douce tentation en format XL de 500 ml : Recharge de parfum d&#039;ambiance \u2013 Cherry Bomb.<\/b><\/p>\n<p data-path-to-node=\"5\">Transformez vos pi\u00e8ces en une oasis de parfum \u00e9l\u00e9gante ! <b data-path-to-node=\"5\" data-index-in-node=\"56\">Recharge de parfum d&#039;ambiance \u2013 Cherry Bomb<\/b> Laissez-vous s\u00e9duire par un m\u00e9lange irr\u00e9sistible de cerise juteuse, d&#039;amande douce et d&#039;une touche de vanille chaleureuse. L&#039;\u00e9l\u00e9gant flacon de recharge de 500 ml est la solution id\u00e9ale pour recharger vos diffuseurs de mani\u00e8re durable et \u00e9conomique. Un parfum qui diffuse une fragrance chaleureuse et apporte une note raffin\u00e9e et luxueuse \u00e0 votre int\u00e9rieur.<\/p>\n<ul data-path-to-node=\"6\">\n<li>\n<p data-path-to-node=\"6,0,0\">\u2705 <b data-path-to-node=\"6,0,0\" data-index-in-node=\"2\">Profil olfactif :<\/b> Fruit\u00e9-sucr\u00e9 (cerise, amande, vanille)<\/p>\n<\/li>\n<li>\n<p data-path-to-node=\"6,1,0\">\u2705 <b data-path-to-node=\"6,1,0\" data-index-in-node=\"2\">Contenu:<\/b> 500 ml \u2013 rendement maximal<\/p>\n<\/li>\n<li>\n<p data-path-to-node=\"6,2,0\">\u2705 <b data-path-to-node=\"6,2,0\" data-index-in-node=\"2\">Avantage:<\/b> Syst\u00e8me de recharge \u00e9cologique, r\u00e9duisant les d\u00e9chets d&#039;emballage<\/p>\n<\/li>\n<li>\n<p data-path-to-node=\"6,3,0\">\u2705 <b data-path-to-node=\"6,3,0\" data-index-in-node=\"2\">Atmosph\u00e8re:<\/b> Chaleureux, accueillant et r\u00e9solument tendance<\/p>\n<\/li>\n<li>\n<p data-path-to-node=\"6,4,0\">\u2705 <b data-path-to-node=\"6,4,0\" data-index-in-node=\"2\">Prix : 44,90 \u20ac<\/b><\/p>\n<\/li>\n<\/ul>","protected":false},"featured_media":1256,"template":"","meta":{"_et_pb_use_builder":"","_et_pb_old_content":"","_et_gb_content_width":""},"product_brand":[63],"product_cat":[30,22,210,29],"product_tag":[],"class_list":{"0":"post-3564","1":"product","2":"type-product","3":"status-publish","4":"has-post-thumbnail","6":"product_brand-vegas-cosmetics-gmbh","7":"product_cat-diffusor","8":"product_cat-duefte","9":"product_cat-home-style","10":"product_cat-vegas-ambience","12":"first","13":"instock","14":"shipping-taxable","15":"product-type-external"},"_links":{"self":[{"href":"https:\/\/gigistravelworld.de\/fr\/wp-json\/wp\/v2\/product\/3564","targetHints":{"allow":["GET"]}}],"collection":[{"href":"https:\/\/gigistravelworld.de\/fr\/wp-json\/wp\/v2\/product"}],"about":[{"href":"https:\/\/gigistravelworld.de\/fr\/wp-json\/wp\/v2\/types\/product"}],"wp:featuredmedia":[{"embeddable":true,"href":"https:\/\/gigistravelworld.de\/fr\/wp-json\/wp\/v2\/media\/1256"}],"wp:attachment":[{"href":"https:\/\/gigistravelworld.de\/fr\/wp-json\/wp\/v2\/media?parent=3564"}],"wp:term":[{"taxonomy":"product_brand","embeddable":true,"href":"https:\/\/gigistravelworld.de\/fr\/wp-json\/wp\/v2\/product_brand?post=3564"},{"taxonomy":"product_cat","embeddable":true,"href":"https:\/\/gigistravelworld.de\/fr\/wp-json\/wp\/v2\/product_cat?post=3564"},{"taxonomy":"product_tag","embeddable":true,"href":"https:\/\/gigistravelworld.de\/fr\/wp-json\/wp\/v2\/product_tag?post=3564"}],"curies":[{"name":"wp","href":"https:\/\/api.w.org\/{rel}","templated":true}]}}