{"id":3562,"date":"2025-08-23T20:56:05","date_gmt":"2025-08-23T18:56:05","guid":{"rendered":"https:\/\/gigistravelworld.de\/?post_type=product&#038;p=3562"},"modified":"2026-03-16T18:59:28","modified_gmt":"2026-03-16T17:59:28","slug":"raumduft-mit-natuerlichem-diffusor-lovely-breeze-150ml","status":"publish","type":"product","link":"https:\/\/gigistravelworld.de\/fr\/raumduft-mit-natuerlichem-diffusor-lovely-breeze-150ml\/","title":{"rendered":"Parfum d&#039;ambiance avec diffuseur naturel \u2013 Lovely Breeze 150 ml | Design"},"content":{"rendered":"<h1 data-path-to-node=\"9\">Parfum d&#039;ambiance avec diffuseur naturel \u2013 Lovely Breeze : Votre oasis florale de bien-\u00eatre<\/h1>\n<p data-path-to-node=\"10\">Le <b data-path-to-node=\"10\" data-index-in-node=\"4\">Parfum d&#039;ambiance avec diffuseur naturel \u2013 Brise Douce<\/b> est dans ma boutique <b data-path-to-node=\"10\" data-index-in-node=\"73\">Gigis Travel World<\/b> L&#039;incarnation m\u00eame de l&#039;\u00e9l\u00e9gance et de la d\u00e9tente f\u00e9minines. <a class=\"ng-star-inserted\" href=\"https:\/\/gigistravelworld.de\/fr\/gigis-travel-world-ueber-mich\/\" target=\"_blank\" rel=\"noopener\" data-hveid=\"0\" data-ved=\"0CAAQ_4QMahgKEwi727OZ6aSTAxUAAAAAHQAAAAAQ6wU\">Style de vie professionnel<\/a> J&#039;adore rentrer chez moi apr\u00e8s une longue journ\u00e9e et retrouver un endroit qui sent le printemps. <b data-path-to-node=\"10\" data-index-in-node=\"267\">Parfum d&#039;ambiance avec diffuseur naturel \u2013 Brise Douce<\/b> Ce n&#039;est pas seulement une exp\u00e9rience olfactive, mais aussi un v\u00e9ritable bijou pour votre int\u00e9rieur gr\u00e2ce \u00e0 ses fleurs d\u00e9coratives. <b data-path-to-node=\"10\" data-index-in-node=\"452\">29,90 \u20ac<\/b> Vous recevrez 150 ml de pur luxe de Vegas Ambiente.<\/p>\n<h2 data-path-to-node=\"11\">Composition olfactive du parfum d&#039;ambiance pour diffuseur naturel \u2013 Douce Brise<\/h2>\n<p data-path-to-node=\"12\">Quoi le <b data-path-to-node=\"12\" data-index-in-node=\"8\">Parfum d&#039;ambiance avec diffuseur naturel \u2013 Brise Douce<\/b> Ce qui le rend si sp\u00e9cial, c&#039;est son d\u00e9veloppement complexe. La note de t\u00eate d&#039;agrumes verts lui conf\u00e8re\u2026 <b data-path-to-node=\"12\" data-index-in-node=\"162\">Parfum d&#039;ambiance avec diffuseur naturel \u2013 Brise Douce<\/b> Une l\u00e9g\u00e8ret\u00e9 initiale, avant que le c\u0153ur du mimosa ne s&#039;\u00e9panouisse pleinement. Des ingr\u00e9dients tels que <b data-path-to-node=\"12\" data-index-in-node=\"302\">Dihydrojasmonates de m\u00e9thyle<\/b> et <b data-path-to-node=\"12\" data-index-in-node=\"330\">Linalol<\/b> Ils veillent \u00e0 ce que les accords floraux sonnent avec \u00e9l\u00e9gance et authenticit\u00e9. La base vanill\u00e9e apporte\u2026 <b data-path-to-node=\"12\" data-index-in-node=\"439\">Parfum d&#039;ambiance avec diffuseur naturel \u2013 Brise Douce<\/b> Enfin, sa profondeur chaleureuse et apaisante.<\/p>\n<h2 data-path-to-node=\"13\">D\u00e9coration et diffusion du parfum d&#039;ambiance avec un diffuseur naturel \u2013 Lovely Breeze<\/h2>\n<p data-path-to-node=\"14\">Ce coffret de 150 ml vous offre une flexibilit\u00e9 maximale en mati\u00e8re de design. <b data-path-to-node=\"14\" data-index-in-node=\"77\">Parfum d&#039;ambiance avec diffuseur naturel \u2013 Brise Douce<\/b> Livr\u00e9 avec des fleurs d\u00e9coratives faites \u00e0 la main.<\/p>\n<ul data-path-to-node=\"15\">\n<li>\n<p data-path-to-node=\"15,0,0\"><b data-path-to-node=\"15,0,0\" data-index-in-node=\"0\">Votre design personnalis\u00e9\u00a0:<\/b> Les 3 fleurs se trouvent dans le <b data-path-to-node=\"15,0,0\" data-index-in-node=\"49\">Parfum d&#039;ambiance avec diffuseur naturel \u2013 Brise Douce<\/b> peut \u00eatre combin\u00e9 avec les 5 b\u00e2tonnets de rotin selon les besoins.<\/p>\n<\/li>\n<li>\n<p data-path-to-node=\"15,1,0\"><b data-path-to-node=\"15,1,0\" data-index-in-node=\"0\">Contr\u00f4le de l&#039;intensit\u00e9\u00a0:<\/b> \u00c0 vous de d\u00e9cider ! Moins de baguettes dans le <b data-path-to-node=\"15,1,0\" data-index-in-node=\"66\">Parfum d&#039;ambiance avec diffuseur naturel \u2013 Brise Douce<\/b> Ils diffusent un parfum de fond subtil, tandis que tous les b\u00e2tonnets offrent une exp\u00e9rience olfactive intense.<\/p>\n<\/li>\n<li>\n<p data-path-to-node=\"15,2,0\"><b data-path-to-node=\"15,2,0\" data-index-in-node=\"0\">Conseil de pro\u00a0:<\/b> Pour un d\u00e9veloppement optimal, vous devriez utiliser les b\u00e2tonnets de votre <b data-path-to-node=\"15,2,0\" data-index-in-node=\"72\">Parfum d&#039;ambiance avec diffuseur naturel \u2013 Brise Douce<\/b> Retournez-les tous les 3 \u00e0 4 jours.<\/p>\n<\/li>\n<\/ul>\n<h2 data-path-to-node=\"16\">Durabilit\u00e9 et qualit\u00e9 sup\u00e9rieure<\/h2>\n<p data-path-to-node=\"17\">Chez Vegas Ambiente, nous privil\u00e9gions les huiles de haute qualit\u00e9 et longue dur\u00e9e. Si le flacon de 150 ml de <b data-path-to-node=\"17\" data-index-in-node=\"87\">Parfum d&#039;ambiance avec diffuseur naturel \u2013 Brise Douce<\/b> Une fois vides, vous pouvez facilement r\u00e9utiliser l&#039;\u00e9l\u00e9gante bouteille en verre gr\u00e2ce \u00e0 notre <a class=\"ng-star-inserted\" href=\"https:\/\/www.google.com\/search?q=https:\/\/gigistravelworld.de\/beauty-care\/home-lifestyle\/\" target=\"_blank\" rel=\"noopener\" data-hveid=\"0\" data-ved=\"0CAAQ_4QMahgKEwi727OZ6aSTAxUAAAAAHQAAAAAQ7AU\">Recharges de parfum d&#039;ambiance de 500 ml<\/a> Remplissez-le. De cette fa\u00e7on, votre <b data-path-to-node=\"17\" data-index-in-node=\"275\">Parfum d&#039;ambiance avec diffuseur naturel \u2013 Brise Douce<\/b> un compagnon permanent dans votre maison.<\/p>\n<h2 data-path-to-node=\"18\">Questions fr\u00e9quentes concernant le parfum d&#039;ambiance avec diffuseur naturel \u2013 Lovely Breeze (FAQ)<\/h2>\n<ul data-path-to-node=\"19\">\n<li>\n<p data-path-to-node=\"19,0,0\"><b data-path-to-node=\"19,0,0\" data-index-in-node=\"0\">Combien de temps dure le parfum d&#039;ambiance avec diffuseur naturel \u2013 Lovely Breeze (150 ml)\u00a0?<\/b> En utilisation normale (3 \u00e0 4 b\u00e2tonnets), le contenu dure environ 4 \u00e0 6 mois.<\/p>\n<\/li>\n<li>\n<p data-path-to-node=\"19,1,0\"><b data-path-to-node=\"19,1,0\" data-index-in-node=\"0\">Les fleurs changent-elles de couleur lorsqu&#039;on utilise le parfum d&#039;ambiance avec un diffuseur naturel \u2013 Lovely Breeze\u00a0?<\/b> Les fleurs absorbent l&#039;huile de <b data-path-to-node=\"19,1,0\" data-index-in-node=\"111\">Parfum d&#039;ambiance avec diffuseur naturel \u2013 Brise Douce<\/b> Cela peut l\u00e9g\u00e8rement intensifier leur couleur, signe qu&#039;elles diffusent activement leur parfum dans la pi\u00e8ce.<\/p>\n<\/li>\n<li>\n<p data-path-to-node=\"19,2,0\"><b data-path-to-node=\"19,2,0\" data-index-in-node=\"0\">Le parfum d&#039;ambiance diffus\u00e9 par les diffuseurs naturels \u2013 Lovely Breeze \u2013 est-il plut\u00f4t sucr\u00e9\u00a0?<\/b> Elle poss\u00e8de une douce saveur sucr\u00e9e gr\u00e2ce \u00e0 la vanille, mais reste \u00e9quilibr\u00e9e par les agrumes verts et le mimosa. <b data-path-to-node=\"19,2,0\" data-index-in-node=\"170\">Parfum d&#039;ambiance avec diffuseur naturel \u2013 Brise Douce<\/b> Toujours frais et \u00e9l\u00e9gant.<\/p>\n<\/li>\n<\/ul>\n<h2 data-path-to-node=\"20\">Aper\u00e7u des donn\u00e9es produit\u00a0:<\/h2>\n<table data-path-to-node=\"21\">\n<thead>\n<tr>\n<td><strong>Caract\u00e9ristiques<\/strong><\/td>\n<td><strong>D\u00e9tails<\/strong><\/td>\n<\/tr>\n<\/thead>\n<tbody>\n<tr>\n<td><span data-path-to-node=\"21,1,0,0\"><b data-path-to-node=\"21,1,0,0\" data-index-in-node=\"0\">Nom du produit<\/b><\/span><\/td>\n<td><span data-path-to-node=\"21,1,1,0\"><b data-path-to-node=\"21,1,1,0\" data-index-in-node=\"0\">Parfum d&#039;ambiance avec diffuseur naturel \u2013 Brise Douce<\/b><\/span><\/td>\n<\/tr>\n<tr>\n<td><span data-path-to-node=\"21,2,0,0\"><b data-path-to-node=\"21,2,0,0\" data-index-in-node=\"0\">Contenu<\/b><\/span><\/td>\n<td><span data-path-to-node=\"21,2,1,0\">bouteille en verre de 150 ml<\/span><\/td>\n<\/tr>\n<tr>\n<td><span data-path-to-node=\"21,3,0,0\"><b data-path-to-node=\"21,3,0,0\" data-index-in-node=\"0\">Accessoires<\/b><\/span><\/td>\n<td><span data-path-to-node=\"21,3,1,0\">5 b\u00e2tonnets + 3 fleurs d\u00e9coratives<\/span><\/td>\n<\/tr>\n<tr>\n<td><span data-path-to-node=\"21,4,0,0\"><b data-path-to-node=\"21,4,0,0\" data-index-in-node=\"0\">Caract\u00e8re du parfum<\/b><\/span><\/td>\n<td><span data-path-to-node=\"21,4,1,0\">Floral \/ Mimosa \/ Vanille<\/span><\/td>\n<\/tr>\n<\/tbody>\n<\/table>","protected":false},"excerpt":{"rendered":"<p data-path-to-node=\"4\"><b data-path-to-node=\"4\" data-index-in-node=\"0\">\u00c9l\u00e9gance douce et r\u00eaves floraux : Parfum d&#039;ambiance avec diffuseur naturel \u2013 Lovely Breeze (150 ml).<\/b><\/p>\n<p data-path-to-node=\"5\">Laissez-vous charmer par une douce brise ! <b data-path-to-node=\"5\" data-index-in-node=\"51\">Parfum d&#039;ambiance avec diffuseur naturel \u2013 Brise Douce<\/b> Ce diffuseur allie la fra\u00eecheur des agrumes verts \u00e0 un bouquet floral opulent, o\u00f9 le mimosa est \u00e0 l&#039;honneur. Sublim\u00e9 par une touche de vanille chaude, il cr\u00e9e une ambiance \u00e0 la fois confortable et raffin\u00e9e. Le coffret comprend 5 b\u00e2tonnets en rotin et 3 fleurs d\u00e9coratives. <b data-path-to-node=\"5\" data-index-in-node=\"404\">Parfum d&#039;ambiance avec diffuseur naturel \u2013 Brise Douce<\/b> pour mettre en valeur la beaut\u00e9 visuelle de n&#039;importe quelle pi\u00e8ce.<\/p>\n<ul data-path-to-node=\"6\">\n<li>\n<p data-path-to-node=\"6,0,0\">\u2705 <b data-path-to-node=\"6,0,0\" data-index-in-node=\"2\">Parfum:<\/b> Brise Douce (Mimosa, agrumes verts et vanille)<\/p>\n<\/li>\n<li>\n<p data-path-to-node=\"6,1,0\">\u2705 <b data-path-to-node=\"6,1,0\" data-index-in-node=\"2\">Contenu:<\/b> Huile aromatique de qualit\u00e9 sup\u00e9rieure de 150 ml pour une dur\u00e9e de conservation extra longue<\/p>\n<\/li>\n<li>\n<p data-path-to-node=\"6,2,0\">\u2705 <b data-path-to-node=\"6,2,0\" data-index-in-node=\"2\">Accessoires :<\/b> 5 b\u00e2tonnets de rotin et 3 fleurs d\u00e9coratives (peuvent \u00eatre plac\u00e9es individuellement)<\/p>\n<\/li>\n<li>\n<p data-path-to-node=\"6,3,0\">\u2705 <b data-path-to-node=\"6,3,0\" data-index-in-node=\"2\">Ambiance:<\/b> Doux, floral, chaleureux et accueillant<\/p>\n<\/li>\n<li>\n<p data-path-to-node=\"6,4,0\">\u2705 <b data-path-to-node=\"6,4,0\" data-index-in-node=\"2\">Prix : 29,90 \u20ac<\/b><\/p>\n<\/li>\n<\/ul>","protected":false},"featured_media":1254,"template":"","meta":{"_et_pb_use_builder":"","_et_pb_old_content":"","_et_gb_content_width":""},"product_brand":[63],"product_cat":[30,22,210,29],"product_tag":[],"class_list":{"0":"post-3562","1":"product","2":"type-product","3":"status-publish","4":"has-post-thumbnail","6":"product_brand-vegas-cosmetics-gmbh","7":"product_cat-diffusor","8":"product_cat-duefte","9":"product_cat-home-style","10":"product_cat-vegas-ambience","12":"first","13":"instock","14":"shipping-taxable","15":"product-type-external"},"_links":{"self":[{"href":"https:\/\/gigistravelworld.de\/fr\/wp-json\/wp\/v2\/product\/3562","targetHints":{"allow":["GET"]}}],"collection":[{"href":"https:\/\/gigistravelworld.de\/fr\/wp-json\/wp\/v2\/product"}],"about":[{"href":"https:\/\/gigistravelworld.de\/fr\/wp-json\/wp\/v2\/types\/product"}],"wp:featuredmedia":[{"embeddable":true,"href":"https:\/\/gigistravelworld.de\/fr\/wp-json\/wp\/v2\/media\/1254"}],"wp:attachment":[{"href":"https:\/\/gigistravelworld.de\/fr\/wp-json\/wp\/v2\/media?parent=3562"}],"wp:term":[{"taxonomy":"product_brand","embeddable":true,"href":"https:\/\/gigistravelworld.de\/fr\/wp-json\/wp\/v2\/product_brand?post=3562"},{"taxonomy":"product_cat","embeddable":true,"href":"https:\/\/gigistravelworld.de\/fr\/wp-json\/wp\/v2\/product_cat?post=3562"},{"taxonomy":"product_tag","embeddable":true,"href":"https:\/\/gigistravelworld.de\/fr\/wp-json\/wp\/v2\/product_tag?post=3562"}],"curies":[{"name":"wp","href":"https:\/\/api.w.org\/{rel}","templated":true}]}}