{"id":3561,"date":"2025-08-23T20:56:05","date_gmt":"2025-08-23T18:56:05","guid":{"rendered":"https:\/\/gigistravelworld.de\/?post_type=product&#038;p=3561"},"modified":"2026-03-16T18:54:17","modified_gmt":"2026-03-16T17:54:17","slug":"raumduft-mit-natuerlichem-diffusor-aloe-spa-150ml","status":"publish","type":"product","link":"https:\/\/gigistravelworld.de\/fr\/raumduft-mit-natuerlichem-diffusor-aloe-spa-150ml\/","title":{"rendered":"Parfum d&#039;ambiance avec diffuseur naturel \u2013 Aloe Spa 150 ml | Avec d\u00e9coration"},"content":{"rendered":"<h1 data-path-to-node=\"9\">Parfum d&#039;ambiance avec diffuseur naturel \u2013 Aloe Spa\u00a0: La touche design pour une fra\u00eecheur pure<\/h1>\n<p data-path-to-node=\"10\">Le <b data-path-to-node=\"10\" data-index-in-node=\"4\">Parfum d&#039;ambiance avec diffuseur naturel \u2013 Aloe Spa<\/b> est dans ma boutique <b data-path-to-node=\"10\" data-index-in-node=\"68\">Gigis Travel World<\/b> La solution \u00e0 l&#039;air vici\u00e9 int\u00e9rieur. Dans mon <a class=\"ng-star-inserted\" href=\"https:\/\/gigistravelworld.de\/fr\/gigis-travel-world-ueber-mich\/\" target=\"_blank\" rel=\"noopener\" data-hveid=\"0\" data-ved=\"0CAAQ_4QMahgKEwi727OZ6aSTAxUAAAAAHQAAAAAQxAU\">Style de vie professionnel<\/a> J&#039;accorde de l&#039;importance \u00e0 un environnement qui procure de l&#039;\u00e9nergie tout en d\u00e9gageant une impression de tranquillit\u00e9. <b data-path-to-node=\"10\" data-index-in-node=\"244\">Parfum d&#039;ambiance avec diffuseur naturel \u2013 Aloe Spa<\/b> Non seulement son parfum est frais et vivifiant, mais les fleurs d\u00e9coratives artisanales apportent \u00e9galement une touche esth\u00e9tique \u00e0 n&#039;importe quelle pi\u00e8ce. <b data-path-to-node=\"10\" data-index-in-node=\"423\">29,90 \u20ac<\/b> Emportez chez vous 150 ml de pur bien-\u00eatre.<\/p>\n<h2 data-path-to-node=\"11\">Pourquoi l&#039;exp\u00e9rience olfactive du parfum d&#039;ambiance diffus\u00e9 par un diffuseur naturel \u2013 Aloe Spa \u2013 est-elle si unique ?<\/h2>\n<p data-path-to-node=\"12\">La composition de <b data-path-to-node=\"12\" data-index-in-node=\"20\">Parfum d&#039;ambiance avec diffuseur naturel \u2013 Aloe Spa<\/b> \u00e0 base d&#039;ingr\u00e9dients de haute qualit\u00e9 tels que <b data-path-to-node=\"12\" data-index-in-node=\"109\">Iso E Super<\/b> et <b data-path-to-node=\"12\" data-index-in-node=\"125\">Dihydrojasmonates de m\u00e9thyle<\/b>, r\u00e9put\u00e9es pour leur texture velout\u00e9e et leur longue tenue. L&#039;alliance d&#039;agrumes p\u00e9tillants et de la douceur de l&#039;aloe vera cr\u00e9e une atmosph\u00e8re de puret\u00e9. Si vous poss\u00e9dez d\u00e9j\u00e0 nos <a class=\"ng-star-inserted\" href=\"https:\/\/gigistravelworld.de\/fr\/home-style\/wohnen-auto\/car-care\/autoduft-car-care\/aetherisches-oel-aloe-spa-10ml\/\" target=\"_blank\" rel=\"noopener\" data-hveid=\"0\" data-ved=\"0CAAQ_4QMahgKEwi727OZ6aSTAxUAAAAAHQAAAAAQxQU\">Huile essentielle Aloe Spa<\/a> Pour un remontant rapide, vous appr\u00e9cierez l&#039;\u00e9l\u00e9gance constante du <b data-path-to-node=\"12\" data-index-in-node=\"437\">Parfum d&#039;ambiance avec diffuseur naturel \u2013 Aloe Spa<\/b> J&#039;adore le grand format de 150 ml.<\/p>\n<h2 data-path-to-node=\"13\">D\u00e9coration personnalis\u00e9e avec diffuseur de parfum d&#039;ambiance naturel \u2013 Aloe Spa<\/h2>\n<p data-path-to-node=\"14\">Ce coffret est bien plus qu&#039;un simple d\u00e9sodorisant. <b data-path-to-node=\"14\" data-index-in-node=\"54\">Parfum d&#039;ambiance avec diffuseur naturel \u2013 Aloe Spa<\/b> Il est livr\u00e9 avec 5 b\u00e2tonnets de rotin et 3 fleurs d\u00e9coratives que vous pouvez agencer \u00e0 votre guise.<\/p>\n<ul data-path-to-node=\"15\">\n<li>\n<p data-path-to-node=\"15,0,0\"><b data-path-to-node=\"15,0,0\" data-index-in-node=\"0\">Votre look :<\/b> Ajoutez les fleurs pour compl\u00e9ter le <b data-path-to-node=\"15,0,0\" data-index-in-node=\"41\">Parfum d&#039;ambiance avec diffuseur naturel \u2013 Aloe Spa<\/b> Pour cr\u00e9er un look \u00e0 la fois ludique et \u00e9l\u00e9gant, ou utilisez uniquement les b\u00e2tonnets pour un design minimaliste.<\/p>\n<\/li>\n<li>\n<p data-path-to-node=\"15,1,0\"><b data-path-to-node=\"15,1,0\" data-index-in-node=\"0\">V\u00e9rification de l&#039;intensit\u00e9 :<\/b> Vous contr\u00f4lez l&#039;intensit\u00e9 du massage en ajustant le nombre de b\u00e2tonnets. <b data-path-to-node=\"15,1,0\" data-index-in-node=\"78\">Parfum d&#039;ambiance avec diffuseur naturel \u2013 Aloe Spa<\/b> Son ar\u00f4me se r\u00e9pand dans toute la pi\u00e8ce.<\/p>\n<\/li>\n<li>\n<p data-path-to-node=\"15,2,0\"><b data-path-to-node=\"15,2,0\" data-index-in-node=\"0\">Conseil de pro\u00a0:<\/b> Tournez les b\u00e2tons de votre <b data-path-to-node=\"15,2,0\" data-index-in-node=\"38\">Parfum d&#039;ambiance avec diffuseur naturel \u2013 Aloe Spa<\/b> Tous les 3 \u00e0 4 jours pour maintenir une intensit\u00e9 de parfum \u00e9lev\u00e9e et constante.<\/p>\n<\/li>\n<\/ul>\n<h2 data-path-to-node=\"16\">Qualit\u00e9 et durabilit\u00e9 de Vegas Ambiente<\/h2>\n<p data-path-to-node=\"17\">Nous utilisons des huiles de haute qualit\u00e9 qui garantissent un effet longue dur\u00e9e. Une fois les 150 ml de <b data-path-to-node=\"17\" data-index-in-node=\"99\">Parfum d&#039;ambiance avec diffuseur naturel \u2013 Aloe Spa<\/b> Une fois les bouteilles vides, vous pouvez simplement r\u00e9utiliser la bouteille en verre de haute qualit\u00e9 avec notre <a class=\"ng-star-inserted\" href=\"https:\/\/www.google.com\/search?q=https:\/\/gigistravelworld.de\/beauty-care\/home-lifestyle\/\" target=\"_blank\" rel=\"noopener\" data-hveid=\"0\" data-ved=\"0CAAQ_4QMahgKEwi727OZ6aSTAxUAAAAAHQAAAAAQxgU\">Recharges de parfum d&#039;ambiance de 500 ml<\/a> Remplissez-le. C&#039;est bon pour l&#039;environnement et pour votre porte-monnaie.<\/p>\n<h2 data-path-to-node=\"18\">Questions fr\u00e9quentes concernant le parfum d&#039;ambiance avec diffuseur naturel \u2013 Aloe Spa (FAQ)<\/h2>\n<ul data-path-to-node=\"19\">\n<li>\n<p data-path-to-node=\"19,0,0\"><b data-path-to-node=\"19,0,0\" data-index-in-node=\"0\">Combien de temps dure le parfum d&#039;ambiance avec diffuseur naturel \u2013 Aloe Spa (150 ml)\u00a0?<\/b> En fonction du climat de la pi\u00e8ce et du nombre de tiges, <b data-path-to-node=\"19,0,0\" data-index-in-node=\"126\">Parfum d&#039;ambiance avec diffuseur naturel \u2013 Aloe Spa<\/b> Fra\u00eecheur continue pendant environ 4 \u00e0 6 mois.<\/p>\n<\/li>\n<li>\n<p data-path-to-node=\"19,1,0\"><b data-path-to-node=\"19,1,0\" data-index-in-node=\"0\">Les fleurs du parfum d&#039;ambiance Aloe Spa, diffus\u00e9 naturellement, absorbent-elles \u00e9galement l&#039;huile ?<\/b> Oui, les fleurs d\u00e9coratives sont con\u00e7ues pour absorber l&#039;huile de la <b data-path-to-node=\"19,1,0\" data-index-in-node=\"148\">Parfum d&#039;ambiance avec diffuseur naturel \u2013 Aloe Spa<\/b> absorber et soutenir subtilement la diffusion du parfum.<\/p>\n<\/li>\n<li>\n<p data-path-to-node=\"19,2,0\"><b data-path-to-node=\"19,2,0\" data-index-in-node=\"0\">O\u00f9 le parfum d&#039;ambiance diffus\u00e9 par un diffuseur naturel \u2013 Aloe Spa \u2013 d\u00e9ploie-t-il son meilleur effet ?<\/b> Gr\u00e2ce \u00e0 sa note d&#039;agrumes et d&#039;alo\u00e8s, le <b data-path-to-node=\"19,2,0\" data-index-in-node=\"121\">Parfum d&#039;ambiance avec diffuseur naturel \u2013 Aloe Spa<\/b> Id\u00e9al pour les salles de bains, les cuisines ou les bureaux lumineux.<\/p>\n<\/li>\n<\/ul>\n<h2 data-path-to-node=\"20\">Aper\u00e7u des donn\u00e9es produit\u00a0:<\/h2>\n<table data-path-to-node=\"21\">\n<thead>\n<tr>\n<td><strong>Caract\u00e9ristiques<\/strong><\/td>\n<td><strong>D\u00e9tails<\/strong><\/td>\n<\/tr>\n<\/thead>\n<tbody>\n<tr>\n<td><span data-path-to-node=\"21,1,0,0\"><b data-path-to-node=\"21,1,0,0\" data-index-in-node=\"0\">Nom du produit<\/b><\/span><\/td>\n<td><span data-path-to-node=\"21,1,1,0\"><b data-path-to-node=\"21,1,1,0\" data-index-in-node=\"0\">Parfum d&#039;ambiance avec diffuseur naturel \u2013 Aloe Spa<\/b><\/span><\/td>\n<\/tr>\n<tr>\n<td><span data-path-to-node=\"21,2,0,0\"><b data-path-to-node=\"21,2,0,0\" data-index-in-node=\"0\">Contenu<\/b><\/span><\/td>\n<td><span data-path-to-node=\"21,2,1,0\">bouteille en verre de 150 ml<\/span><\/td>\n<\/tr>\n<tr>\n<td><span data-path-to-node=\"21,3,0,0\"><b data-path-to-node=\"21,3,0,0\" data-index-in-node=\"0\">Accessoires<\/b><\/span><\/td>\n<td><span data-path-to-node=\"21,3,1,0\">5 b\u00e2tonnets + 3 fleurs d\u00e9coratives<\/span><\/td>\n<\/tr>\n<tr>\n<td><span data-path-to-node=\"21,4,0,0\"><b data-path-to-node=\"21,4,0,0\" data-index-in-node=\"0\">Caract\u00e8re du parfum<\/b><\/span><\/td>\n<td><span data-path-to-node=\"21,4,1,0\">Doux, frais, agrumes<\/span><\/td>\n<\/tr>\n<\/tbody>\n<\/table>","protected":false},"excerpt":{"rendered":"<p data-path-to-node=\"4\"><b data-path-to-node=\"4\" data-index-in-node=\"0\">Sensation spa luxueuse et design intemporel : Parfum d&#039;ambiance avec diffuseur naturel \u2013 Aloe Spa (150 ml).<\/b><\/p>\n<p data-path-to-node=\"5\">Transformez votre maison en une oasis de bien-\u00eatre exclusive ! <b data-path-to-node=\"5\" data-index-in-node=\"61\">Parfum d&#039;ambiance avec diffuseur naturel \u2013 Aloe Spa<\/b> Ce diffuseur allie une note d&#039;agrumes fra\u00eeche et l\u00e9g\u00e8re \u00e0 l&#039;aura apaisante de l&#039;aloe vera. Son atout\u00a0: en plus des 5 tiges de rotin, il est accompagn\u00e9 de 3 magnifiques fleurs d\u00e9coratives qui en font un v\u00e9ritable objet de d\u00e9coration. Avec 150\u00a0ml de produit, ce coffret offre une exp\u00e9rience olfactive haut de gamme et longue dur\u00e9e, pour les palais les plus exigeants.<\/p>\n<ul data-path-to-node=\"6\">\n<li>\n<p data-path-to-node=\"6,0,0\">\u2705 <b data-path-to-node=\"6,0,0\" data-index-in-node=\"2\">Cat\u00e9gorie de parfum :<\/b> Spa \u00e0 l&#039;aloe vera (Agrumes, fra\u00eecheur l\u00e9g\u00e8re et aloe vera)<\/p>\n<\/li>\n<li>\n<p data-path-to-node=\"6,1,0\">\u2705 <b data-path-to-node=\"6,1,0\" data-index-in-node=\"2\">Contenu:<\/b> huile aromatique de qualit\u00e9 sup\u00e9rieure 150 ml<\/p>\n<\/li>\n<li>\n<p data-path-to-node=\"6,2,0\">\u2705 <b data-path-to-node=\"6,2,0\" data-index-in-node=\"2\">Accessoires :<\/b> 5 b\u00e2tonnets de rotin et 3 \u00e9l\u00e9gantes fleurs d\u00e9coratives inclus<\/p>\n<\/li>\n<li>\n<p data-path-to-node=\"6,3,0\">\u2705 <b data-path-to-node=\"6,3,0\" data-index-in-node=\"2\">Conception:<\/b> D\u00e9corable individuellement pour cr\u00e9er votre ambiance personnelle<\/p>\n<\/li>\n<li>\n<p data-path-to-node=\"6,4,0\">\u2705 <b data-path-to-node=\"6,4,0\" data-index-in-node=\"2\">Prix : 29,90 \u20ac<\/b><\/p>\n<\/li>\n<\/ul>","protected":false},"featured_media":1253,"template":"","meta":{"_et_pb_use_builder":"","_et_pb_old_content":"","_et_gb_content_width":""},"product_brand":[63],"product_cat":[30,22,210,29],"product_tag":[],"class_list":{"0":"post-3561","1":"product","2":"type-product","3":"status-publish","4":"has-post-thumbnail","6":"product_brand-vegas-cosmetics-gmbh","7":"product_cat-diffusor","8":"product_cat-duefte","9":"product_cat-home-style","10":"product_cat-vegas-ambience","12":"first","13":"instock","14":"shipping-taxable","15":"product-type-external"},"_links":{"self":[{"href":"https:\/\/gigistravelworld.de\/fr\/wp-json\/wp\/v2\/product\/3561","targetHints":{"allow":["GET"]}}],"collection":[{"href":"https:\/\/gigistravelworld.de\/fr\/wp-json\/wp\/v2\/product"}],"about":[{"href":"https:\/\/gigistravelworld.de\/fr\/wp-json\/wp\/v2\/types\/product"}],"wp:featuredmedia":[{"embeddable":true,"href":"https:\/\/gigistravelworld.de\/fr\/wp-json\/wp\/v2\/media\/1253"}],"wp:attachment":[{"href":"https:\/\/gigistravelworld.de\/fr\/wp-json\/wp\/v2\/media?parent=3561"}],"wp:term":[{"taxonomy":"product_brand","embeddable":true,"href":"https:\/\/gigistravelworld.de\/fr\/wp-json\/wp\/v2\/product_brand?post=3561"},{"taxonomy":"product_cat","embeddable":true,"href":"https:\/\/gigistravelworld.de\/fr\/wp-json\/wp\/v2\/product_cat?post=3561"},{"taxonomy":"product_tag","embeddable":true,"href":"https:\/\/gigistravelworld.de\/fr\/wp-json\/wp\/v2\/product_tag?post=3561"}],"curies":[{"name":"wp","href":"https:\/\/api.w.org\/{rel}","templated":true}]}}