{"id":3560,"date":"2025-08-23T20:56:05","date_gmt":"2025-08-23T18:56:05","guid":{"rendered":"https:\/\/gigistravelworld.de\/?post_type=product&#038;p=3560"},"modified":"2026-03-16T18:49:10","modified_gmt":"2026-03-16T17:49:10","slug":"raumduft-mit-natuerlichem-diffusor-green-bay-150ml","status":"publish","type":"product","link":"https:\/\/gigistravelworld.de\/fr\/raumduft-mit-natuerlichem-diffusor-green-bay-150ml\/","title":{"rendered":"Parfum d&#039;ambiance avec diffuseur naturel \u2013 Green Bay 150 ml | Avec fleurs d\u00e9coratives"},"content":{"rendered":"<h1 data-path-to-node=\"9\">Parfum d&#039;ambiance avec diffuseur naturel \u2013 Green Bay\u00a0: Votre atout d\u00e9co pour des chambres fra\u00eeches<\/h1>\n<p data-path-to-node=\"10\">Le <b data-path-to-node=\"10\" data-index-in-node=\"4\">Parfum d&#039;ambiance avec diffuseur naturel \u2013 Green Bay<\/b> est dans ma boutique <b data-path-to-node=\"10\" data-index-in-node=\"69\">Gigis Travel World<\/b> L&#039;option sup\u00e9rieure pour les connaisseurs exigeants. Dans mon <a class=\"ng-star-inserted\" href=\"https:\/\/gigistravelworld.de\/fr\/gigis-travel-world-ueber-mich\/\" target=\"_blank\" rel=\"noopener\" data-hveid=\"0\" data-ved=\"0CAAQ_4QMahgKEwi727OZ6aSTAxUAAAAAHQAAAAAQnAU\">Style de vie professionnel<\/a> J&#039;adore quand la fonctionnalit\u00e9 rencontre l&#039;esth\u00e9tique. <b data-path-to-node=\"10\" data-index-in-node=\"220\">Parfum d&#039;ambiance avec diffuseur naturel \u2013 Green Bay<\/b> Non seulement son parfum \u00e9voque merveilleusement la c\u00f4te et la nature, mais les fleurs d\u00e9coratives artisanales embellissent \u00e9galement n&#039;importe quelle commode ou bureau. <b data-path-to-node=\"10\" data-index-in-node=\"416\">29,90 \u20ac<\/b> Voici 150 ml de pur luxe sign\u00e9 Vegas Ambiente.<\/p>\n<h2 data-path-to-node=\"11\">L&#039;exp\u00e9rience olfactive : pourquoi Green Bay est si fascinant<\/h2>\n<p data-path-to-node=\"12\">La composition de <b data-path-to-node=\"12\" data-index-in-node=\"20\">Parfum d&#039;ambiance avec diffuseur naturel \u2013 Green Bay<\/b> C&#039;est un jeu de contrastes. Une touche florale c\u00f4toie des nuances acidul\u00e9es et prononc\u00e9es. Gr\u00e2ce \u00e0 des ingr\u00e9dients tels que\u2026 <b data-path-to-node=\"12\" data-index-in-node=\"187\">Ac\u00e9tyl c\u00e9dr\u00e8ne<\/b> et <b data-path-to-node=\"12\" data-index-in-node=\"206\">Limon\u00e8ne<\/b> Il se cr\u00e9e une atmosph\u00e8re \u00e0 la fois apaisante et stimulante. Si vous connaissez d\u00e9j\u00e0 notre <a class=\"ng-star-inserted\" href=\"https:\/\/gigistravelworld.de\/fr\/home-style\/wohnen-auto\/car-care\/autoduft-car-care\/aetherisches-oel-green-bay-10ml\/\" target=\"_blank\" rel=\"noopener\" data-hveid=\"0\" data-ved=\"0CAAQ_4QMahgKEwi727OZ6aSTAxUAAAAAHQAAAAAQnQU\">Huile essentielle de Green Bay<\/a> Si vous l&#039;appr\u00e9ciez, vous appr\u00e9cierez la pr\u00e9sence constante de <b data-path-to-node=\"12\" data-index-in-node=\"373\">Parfum d&#039;ambiance avec diffuseur naturel \u2013 Green Bay<\/b> J&#039;adore la version 150 ml.<\/p>\n<h2 data-path-to-node=\"13\">D\u00e9coration personnalis\u00e9e avec diffuseur de parfum d&#039;ambiance naturel \u2013 Green Bay<\/h2>\n<p data-path-to-node=\"14\">Ce qui rend ce set si sp\u00e9cial, ce sont les d\u00e9tails. <b data-path-to-node=\"14\" data-index-in-node=\"52\">Parfum d&#039;ambiance avec diffuseur naturel \u2013 Green Bay<\/b> Livr\u00e9 avec 5 b\u00e2tonnets de rotin et 3 fleurs d\u00e9coratives.<\/p>\n<ul data-path-to-node=\"15\">\n<li>\n<p data-path-to-node=\"15,0,0\"><b data-path-to-node=\"15,0,0\" data-index-in-node=\"0\">Votre style\u00a0:<\/b> Vous pouvez ajouter ou retirer les fleurs \u00e0 votre guise pour personnaliser l&#039;apparence de votre... <b data-path-to-node=\"15,0,0\" data-index-in-node=\"92\">Parfum d&#039;ambiance avec diffuseur naturel \u2013 Green Bay<\/b> pour s&#039;adapter \u00e0 votre configuration.<\/p>\n<\/li>\n<li>\n<p data-path-to-node=\"15,1,0\"><b data-path-to-node=\"15,1,0\" data-index-in-node=\"0\">Contr\u00f4le de l&#039;intensit\u00e9 :<\/b> Plus vous utilisez de b\u00e2tons dans le <b data-path-to-node=\"15,1,0\" data-index-in-node=\"49\">Parfum d&#039;ambiance avec diffuseur naturel \u2013 Green Bay<\/b> Plus vous l&#039;utilisez, plus l&#039;ar\u00f4me devient intense.<\/p>\n<\/li>\n<li>\n<p data-path-to-node=\"15,2,0\"><b data-path-to-node=\"15,2,0\" data-index-in-node=\"0\">Conseil de pro\u00a0:<\/b> Tournez les b\u00e2tons de votre <b data-path-to-node=\"15,2,0\" data-index-in-node=\"38\">Parfum d&#039;ambiance avec diffuseur naturel \u2013 Green Bay<\/b> Tous les 3 \u00e0 4 jours pour conserver la fra\u00eecheur du parfum.<\/p>\n<\/li>\n<\/ul>\n<h2 data-path-to-node=\"16\">Une qualit\u00e9 que vous pouvez sentir<\/h2>\n<p data-path-to-node=\"17\">Contrairement aux produits bon march\u00e9 des supermarch\u00e9s, le <b data-path-to-node=\"17\" data-index-in-node=\"56\">Parfum d&#039;ambiance avec diffuseur naturel \u2013 Green Bay<\/b> Des huiles de haute qualit\u00e9 qui ne sentent pas l&#039;alcool, mais qui lib\u00e8rent leurs subtiles nuances (comme le citronellol et le g\u00e9raniol) avec douceur et \u00e9l\u00e9gance. Une fois les 150 ml utilis\u00e9s, vous pouvez recycler le flacon de mani\u00e8re durable gr\u00e2ce \u00e0 notre programme de recyclage. <a class=\"ng-star-inserted\" href=\"https:\/\/www.google.com\/search?q=https:\/\/gigistravelworld.de\/beauty-care\/home-lifestyle\/\" target=\"_blank\" rel=\"noopener\" data-hveid=\"0\" data-ved=\"0CAAQ_4QMahgKEwi727OZ6aSTAxUAAAAAHQAAAAAQngU\">Recharges de parfum d&#039;ambiance de 500 ml<\/a> recharge.<\/p>\n<h2 data-path-to-node=\"18\">Foire aux questions sur le diffuseur de parfum d&#039;ambiance Green Bay Natural (FAQ)<\/h2>\n<ul data-path-to-node=\"19\">\n<li>\n<p data-path-to-node=\"19,0,0\"><b data-path-to-node=\"19,0,0\" data-index-in-node=\"0\">Combien de temps durera un flacon de 150 ml de parfum d&#039;ambiance Green Bay avec diffuseur naturel\u00a0?<\/b> \u00c0 une intensit\u00e9 moyenne (3-4 b\u00e2tonnets), vous pouvez vous attendre \u00e0 environ 3 \u00e0 5 mois de plaisir continu du parfum.<\/p>\n<\/li>\n<li>\n<p data-path-to-node=\"19,1,0\"><b data-path-to-node=\"19,1,0\" data-index-in-node=\"0\">Les fleurs contenues dans le parfum d&#039;ambiance Green Bay avec diffuseur naturel sont-elles r\u00e9elles\u00a0?<\/b> Ce sont des fleurs d\u00e9coratives de haute qualit\u00e9, sp\u00e9cialement con\u00e7ues pour \u00eatre utilis\u00e9es dans les diffuseurs, qui absorbent l&#039;huile pour infuser votre parfum. <b data-path-to-node=\"19,1,0\" data-index-in-node=\"228\">Parfum d&#039;ambiance avec diffuseur naturel \u2013 Green Bay<\/b> \u00e0 distribuer en plus.<\/p>\n<\/li>\n<li>\n<p data-path-to-node=\"19,2,0\"><b data-path-to-node=\"19,2,0\" data-index-in-node=\"0\">Quel est le meilleur endroit pour placer le diffuseur de parfum d&#039;ambiance Green Bay ?<\/b> Id\u00e9alement, placez-le dans un endroit central b\u00e9n\u00e9ficiant d&#039;une l\u00e9g\u00e8re circulation d&#039;air afin que la fra\u00eecheur acidul\u00e9e soit r\u00e9partie de mani\u00e8re optimale dans toute la pi\u00e8ce.<\/p>\n<\/li>\n<\/ul>\n<h2 data-path-to-node=\"20\">Aper\u00e7u des donn\u00e9es produit\u00a0:<\/h2>\n<table data-path-to-node=\"21\">\n<thead>\n<tr>\n<td><strong>Caract\u00e9ristiques<\/strong><\/td>\n<td><strong>D\u00e9tails<\/strong><\/td>\n<\/tr>\n<\/thead>\n<tbody>\n<tr>\n<td><span data-path-to-node=\"21,1,0,0\"><b data-path-to-node=\"21,1,0,0\" data-index-in-node=\"0\">Nom du produit<\/b><\/span><\/td>\n<td><span data-path-to-node=\"21,1,1,0\"><b data-path-to-node=\"21,1,1,0\" data-index-in-node=\"0\">Parfum d&#039;ambiance avec diffuseur naturel \u2013 Green Bay<\/b><\/span><\/td>\n<\/tr>\n<tr>\n<td><span data-path-to-node=\"21,2,0,0\"><b data-path-to-node=\"21,2,0,0\" data-index-in-node=\"0\">Contenu<\/b><\/span><\/td>\n<td><span data-path-to-node=\"21,2,1,0\">150 ml<\/span><\/td>\n<\/tr>\n<tr>\n<td><span data-path-to-node=\"21,3,0,0\"><b data-path-to-node=\"21,3,0,0\" data-index-in-node=\"0\">Accessoires<\/b><\/span><\/td>\n<td><span data-path-to-node=\"21,3,1,0\">5 b\u00e2tonnets + 3 fleurs d\u00e9coratives<\/span><\/td>\n<\/tr>\n<tr>\n<td><span data-path-to-node=\"21,4,0,0\"><b data-path-to-node=\"21,4,0,0\" data-index-in-node=\"0\">Parfum<\/b><\/span><\/td>\n<td><span data-path-to-node=\"21,4,1,0\">Floral-Herbac\u00e9 \/ Frais<\/span><\/td>\n<\/tr>\n<\/tbody>\n<\/table>","protected":false},"excerpt":{"rendered":"<p data-path-to-node=\"4\"><b data-path-to-node=\"4\" data-index-in-node=\"0\">L&#039;esth\u00e9tique rencontre la fra\u00eecheur marine : Parfum d&#039;ambiance avec diffuseur naturel \u2013 Green Bay (150 ml).<\/b><\/p>\n<p data-path-to-node=\"5\">Transformez votre maison en une oasis de bien-\u00eatre \u00e9l\u00e9gante ! <b data-path-to-node=\"5\" data-index-in-node=\"61\">Parfum d&#039;ambiance avec diffuseur naturel \u2013 Green Bay<\/b> Ce diffuseur offre une exp\u00e9rience olfactive florale subtile et appr\u00e9ci\u00e9e, tout en sublimant votre int\u00e9rieur gr\u00e2ce \u00e0 ses fleurs d\u00e9coratives. D&#039;une capacit\u00e9 de 150 ml, il assure une diffusion homog\u00e8ne et durable du parfum dans vos pi\u00e8ces. Un incontournable pour les amoureux du design et des senteurs fra\u00eeches et d\u00e9licates.<\/p>\n<ul data-path-to-node=\"6\">\n<li>\n<p data-path-to-node=\"6,0,0\">\u2705 <b data-path-to-node=\"6,0,0\" data-index-in-node=\"2\">Parfum:<\/b> Green Bay (Nuances am\u00e8res et fra\u00eecheur florale)<\/p>\n<\/li>\n<li>\n<p data-path-to-node=\"6,1,0\">\u2705 <b data-path-to-node=\"6,1,0\" data-index-in-node=\"2\">Contenu:<\/b> huile parfum\u00e9e de qualit\u00e9 sup\u00e9rieure 150 ml<\/p>\n<\/li>\n<li>\n<p data-path-to-node=\"6,2,0\">\u2705 <b data-path-to-node=\"6,2,0\" data-index-in-node=\"2\">Accessoires :<\/b> 5 b\u00e2tonnets de rotin de haute qualit\u00e9 et 3 fleurs d\u00e9coratives<\/p>\n<\/li>\n<li>\n<p data-path-to-node=\"6,3,0\">\u2705 <b data-path-to-node=\"6,3,0\" data-index-in-node=\"2\">Caract\u00e9ristique sp\u00e9ciale :<\/b> D\u00e9corable individuellement pour un style \u00e9l\u00e9gant<\/p>\n<\/li>\n<li>\n<p data-path-to-node=\"6,4,0\">\u2705 <b data-path-to-node=\"6,4,0\" data-index-in-node=\"2\">Prix : 29,90 \u20ac<\/b><\/p>\n<\/li>\n<\/ul>","protected":false},"featured_media":1252,"template":"","meta":{"_et_pb_use_builder":"","_et_pb_old_content":"","_et_gb_content_width":""},"product_brand":[63],"product_cat":[30,22,210,29],"product_tag":[],"class_list":{"0":"post-3560","1":"product","2":"type-product","3":"status-publish","4":"has-post-thumbnail","6":"product_brand-vegas-cosmetics-gmbh","7":"product_cat-diffusor","8":"product_cat-duefte","9":"product_cat-home-style","10":"product_cat-vegas-ambience","12":"first","13":"instock","14":"shipping-taxable","15":"product-type-external"},"_links":{"self":[{"href":"https:\/\/gigistravelworld.de\/fr\/wp-json\/wp\/v2\/product\/3560","targetHints":{"allow":["GET"]}}],"collection":[{"href":"https:\/\/gigistravelworld.de\/fr\/wp-json\/wp\/v2\/product"}],"about":[{"href":"https:\/\/gigistravelworld.de\/fr\/wp-json\/wp\/v2\/types\/product"}],"wp:featuredmedia":[{"embeddable":true,"href":"https:\/\/gigistravelworld.de\/fr\/wp-json\/wp\/v2\/media\/1252"}],"wp:attachment":[{"href":"https:\/\/gigistravelworld.de\/fr\/wp-json\/wp\/v2\/media?parent=3560"}],"wp:term":[{"taxonomy":"product_brand","embeddable":true,"href":"https:\/\/gigistravelworld.de\/fr\/wp-json\/wp\/v2\/product_brand?post=3560"},{"taxonomy":"product_cat","embeddable":true,"href":"https:\/\/gigistravelworld.de\/fr\/wp-json\/wp\/v2\/product_cat?post=3560"},{"taxonomy":"product_tag","embeddable":true,"href":"https:\/\/gigistravelworld.de\/fr\/wp-json\/wp\/v2\/product_tag?post=3560"}],"curies":[{"name":"wp","href":"https:\/\/api.w.org\/{rel}","templated":true}]}}