{"id":3558,"date":"2025-08-23T20:56:05","date_gmt":"2025-08-23T18:56:05","guid":{"rendered":"https:\/\/gigistravelworld.de\/?post_type=product&#038;p=3558"},"modified":"2026-03-07T18:35:00","modified_gmt":"2026-03-07T17:35:00","slug":"aetherisches-oel-wellness","status":"publish","type":"product","link":"https:\/\/gigistravelworld.de\/fr\/aetherisches-oel-wellness\/","title":{"rendered":"Huile essentielle bien-\u00eatre 10 ml | Eucalyptus et bois de santal"},"content":{"rendered":"<p data-path-to-node=\"11\"><b data-path-to-node=\"11\" data-index-in-node=\"0\">Votre refuge personnel \u2013 \u00e0 tout moment, n&#039;importe o\u00f9<\/b> \u201eApr\u00e8s un long voyage ou une journ\u00e9e stressante dans les embouteillages, rien de mieux que de prendre une grande inspiration. J&#039;ai constat\u00e9 que <b data-path-to-node=\"11\" data-index-in-node=\"182\">Bien-\u00eatre aux huiles essentielles<\/b> Je l&#039;ai inclus dans ma gamme de produits car il procure pr\u00e9cis\u00e9ment ce moment \u201a eur\u00eaka \u2018.<\/p>\n<p data-path-to-node=\"12\">Imaginez : vous montez dans votre voiture, activez le diffuseur, et soudain, l&#039;habitacle se transforme en un spa priv\u00e9. La fra\u00eecheur vivifiante de l&#039;eucalyptus vous lib\u00e8re l&#039;esprit, tandis que la profondeur terreuse du santal vous apaise. Pour seulement\u2026 <b data-path-to-node=\"12\" data-index-in-node=\"265\">6,00 \u20ac<\/b> Vous apportez harmonie et \u00e9quilibre directement dans votre vie quotidienne. C&#039;est ce petit luxe qui fait toute la diff\u00e9rence.\u201c<\/p>\n<p data-path-to-node=\"15\"><strong>Bien-\u00eatre par les huiles essentielles\u00a0: Harmonie et fra\u00eecheur pour vos sens<\/strong><\/p>\n<p data-path-to-node=\"16\">Le <b data-path-to-node=\"16\" data-index-in-node=\"4\">Bien-\u00eatre aux huiles essentielles<\/b> Cette composition magistrale d&#039;huiles aromatiques hautement concentr\u00e9es a \u00e9t\u00e9 sp\u00e9cialement con\u00e7ue pour procurer une profonde sensation de bien-\u00eatre. Dans le monde tr\u00e9pidant d&#039;aujourd&#039;hui, les moments de calme sont devenus rares. Avec cette essence de 10 ml, cr\u00e9ez une atmosph\u00e8re de d\u00e9tente et d&#039;\u00e9quilibre o\u00f9 que vous soyez, chez vous ou en d\u00e9placement.<\/p>\n<p data-path-to-node=\"17\"><strong>La pyramide des senteurs : un voyage pour les sens<\/strong><\/p>\n<p data-path-to-node=\"18\">Qu&#039;est-ce que cela produit ? <b data-path-to-node=\"18\" data-index-in-node=\"14\">Bien-\u00eatre aux huiles essentielles<\/b> \u00c0 quel point est-ce unique ? C&#039;est l&#039;interaction parfaite de trois composantes puissantes :<\/p>\n<ul data-path-to-node=\"19\">\n<li>\n<p data-path-to-node=\"19,0,0\"><b data-path-to-node=\"19,0,0\" data-index-in-node=\"0\">Eucalyptus:<\/b> Reconnue pour ses propri\u00e9t\u00e9s purifiantes et vivifiantes, elle favorise une sensation de libert\u00e9 dans la respiration et clarifie l&#039;esprit.<\/p>\n<\/li>\n<li>\n<p data-path-to-node=\"19,1,0\"><b data-path-to-node=\"19,1,0\" data-index-in-node=\"0\">Romarin:<\/b> Elle apporte une note \u00e9pic\u00e9e et rafra\u00eechissante qui favorise la concentration et procure une \u00e9nergie nouvelle.<\/p>\n<\/li>\n<li>\n<p data-path-to-node=\"19,2,0\"><b data-path-to-node=\"19,2,0\" data-index-in-node=\"0\">Santal:<\/b> La note de fond chaude et terreuse apporte la profondeur n\u00e9cessaire. Le bois de santal est reconnu depuis des si\u00e8cles pour ses vertus apaisantes et harmonisantes.<\/p>\n<\/li>\n<\/ul>\n<p data-path-to-node=\"20\"><strong>Applications polyvalentes<\/strong><\/p>\n<p data-path-to-node=\"21\">Notre <b data-path-to-node=\"21\" data-index-in-node=\"6\">Bien-\u00eatre aux huiles essentielles<\/b> Il est tr\u00e8s concentr\u00e9 et donc extr\u00eamement \u00e9conomique. Vous pouvez l&#039;utiliser de diff\u00e9rentes mani\u00e8res\u00a0:<\/p>\n<ol start=\"1\" data-path-to-node=\"22\">\n<li>\n<p data-path-to-node=\"22,0,0\"><b data-path-to-node=\"22,0,0\" data-index-in-node=\"0\">Dans la voiture :<\/b> D\u00e9posez 3 \u00e0 6 gouttes sur le b\u00e2tonnet parfum\u00e9 de votre <b data-path-to-node=\"22,0,0\" data-index-in-node=\"53\">Diffuseurs de voiture<\/b>. La circulation de l&#039;air r\u00e9partit l&#039;ar\u00f4me uniform\u00e9ment, transformant chaque trajet en une escapade bien-\u00eatre.<\/p>\n<\/li>\n<li>\n<p data-path-to-node=\"22,1,0\"><b data-path-to-node=\"22,1,0\" data-index-in-node=\"0\">\u00c0 la maison:<\/b> Id\u00e9al pour les lampes \u00e0 parfum classiques ou les diffuseurs ultrasoniques modernes, pour transformer le salon en une oasis de bien-\u00eatre.<\/p>\n<\/li>\n<li>\n<p data-path-to-node=\"22,2,0\"><b data-path-to-node=\"22,2,0\" data-index-in-node=\"0\">Rituels aromatiques :<\/b> Quelques gouttes sur un oreiller ou une pierre parfum\u00e9e suffisent pour procurer une relaxation cibl\u00e9e.<\/p>\n<\/li>\n<\/ol>\n<p data-path-to-node=\"23\"><strong>Ingr\u00e9dients et qualit\u00e9<\/strong><\/p>\n<p data-path-to-node=\"24\">La qualit\u00e9 est notre priorit\u00e9 absolue. <b data-path-to-node=\"24\" data-index-in-node=\"45\">Bien-\u00eatre aux huiles essentielles<\/b> Contient un m\u00e9lange soigneusement test\u00e9 de compos\u00e9s aromatiques tels que le cin\u00e9ole (issu de l&#039;eucalyptus), le D-limon\u00e8ne et le linalol. Ces compos\u00e9s procurent non seulement un parfum agr\u00e9able, mais aussi l&#039;effet recherch\u00e9 sur le bien-\u00eatre. Pour seulement <b data-path-to-node=\"24\" data-index-in-node=\"313\">6,00 \u20ac<\/b> Vous recevrez un concentr\u00e9 qui vous apportera de la joie pendant de nombreuses semaines.<\/p>\n<p data-path-to-node=\"25\"><strong>Vos avantages en un coup d&#039;\u0153il\u00a0:<\/strong><\/p>\n<ul data-path-to-node=\"26\">\n<li>\n<p data-path-to-node=\"26,0,0\"><b data-path-to-node=\"26,0,0\" data-index-in-node=\"0\">Revigorant et \u00e9quilibrant :<\/b> Le m\u00e9lange parfait pour lutter contre le stress quotidien.<\/p>\n<\/li>\n<li>\n<p data-path-to-node=\"26,1,0\"><b data-path-to-node=\"26,1,0\" data-index-in-node=\"0\">Tr\u00e8s concentr\u00e9 :<\/b> Quelques gouttes suffisent pour une exp\u00e9rience intense.<\/p>\n<\/li>\n<li>\n<p data-path-to-node=\"26,2,0\"><b data-path-to-node=\"26,2,0\" data-index-in-node=\"0\">Id\u00e9al pour les d\u00e9placements :<\/b> Le flacon de 10 ml se glisse dans n&#039;importe quel sac de voyage.<\/p>\n<\/li>\n<li>\n<p data-path-to-node=\"26,3,0\"><b data-path-to-node=\"26,3,0\" data-index-in-node=\"0\">Meilleur rapport qualit\u00e9-prix :<\/b> Un parfum de qualit\u00e9 sup\u00e9rieure \u00e0 petit prix.<\/p>\n<\/li>\n<\/ul>","protected":false},"excerpt":{"rendered":"<p>Bien-\u00eatre \u00e0 port\u00e9e de main ! L&#039;huile essentielle Wellness (10 ml) allie la fra\u00eecheur de l&#039;eucalyptus et du romarin \u00e0 la chaleur du santal. Id\u00e9ale pour votre diffuseur de voiture ou votre lampe \u00e0 parfum \u00e0 la maison. Cr\u00e9ez une ambiance harmonieuse et apaisante pour seulement 6 \u20ac. Rafra\u00eechissante, r\u00e9confortante et hautement concentr\u00e9e, elle vous offre un moment de d\u00e9tente au quotidien !<\/p>","protected":false},"featured_media":1250,"template":"","meta":{"_et_pb_use_builder":"","_et_pb_old_content":"","_et_gb_content_width":""},"product_brand":[63],"product_cat":[22,31,197,195,80,210,29,70],"product_tag":[],"class_list":{"0":"post-3558","1":"product","2":"type-product","3":"status-publish","4":"has-post-thumbnail","6":"product_brand-vegas-cosmetics-gmbh","7":"product_cat-duefte","8":"product_cat-autoduft","9":"product_cat-autoduft-car-care","10":"product_cat-car-care","11":"product_cat-gigis-travel-world","12":"product_cat-home-style","13":"product_cat-vegas-ambience","14":"product_cat-wohnen-auto","16":"first","17":"instock","18":"shipping-taxable","19":"product-type-external"},"_links":{"self":[{"href":"https:\/\/gigistravelworld.de\/fr\/wp-json\/wp\/v2\/product\/3558","targetHints":{"allow":["GET"]}}],"collection":[{"href":"https:\/\/gigistravelworld.de\/fr\/wp-json\/wp\/v2\/product"}],"about":[{"href":"https:\/\/gigistravelworld.de\/fr\/wp-json\/wp\/v2\/types\/product"}],"wp:featuredmedia":[{"embeddable":true,"href":"https:\/\/gigistravelworld.de\/fr\/wp-json\/wp\/v2\/media\/1250"}],"wp:attachment":[{"href":"https:\/\/gigistravelworld.de\/fr\/wp-json\/wp\/v2\/media?parent=3558"}],"wp:term":[{"taxonomy":"product_brand","embeddable":true,"href":"https:\/\/gigistravelworld.de\/fr\/wp-json\/wp\/v2\/product_brand?post=3558"},{"taxonomy":"product_cat","embeddable":true,"href":"https:\/\/gigistravelworld.de\/fr\/wp-json\/wp\/v2\/product_cat?post=3558"},{"taxonomy":"product_tag","embeddable":true,"href":"https:\/\/gigistravelworld.de\/fr\/wp-json\/wp\/v2\/product_tag?post=3558"}],"curies":[{"name":"wp","href":"https:\/\/api.w.org\/{rel}","templated":true}]}}