{"id":3557,"date":"2025-08-23T20:56:05","date_gmt":"2025-08-23T18:56:05","guid":{"rendered":"https:\/\/gigistravelworld.de\/?post_type=product&#038;p=3557"},"modified":"2026-03-16T18:39:57","modified_gmt":"2026-03-16T17:39:57","slug":"aetherisches-oel-relaxing-10ml","status":"publish","type":"product","link":"https:\/\/gigistravelworld.de\/fr\/aetherisches-oel-relaxing-10ml\/","title":{"rendered":"Huile essentielle relaxante 10 ml | Lavande et bergamote | Bien-\u00eatre"},"content":{"rendered":"<h1 data-path-to-node=\"9\">Huiles essentielles relaxantes : Votre oasis de calme personnelle au quotidien<\/h1>\n<p data-path-to-node=\"10\">Le <b data-path-to-node=\"10\" data-index-in-node=\"4\">Huile essentielle relaxante<\/b> est dans ma boutique <b data-path-to-node=\"10\" data-index-in-node=\"46\">Gigis Travel World<\/b> Le c\u0153ur de toute routine de relaxation. Dans mon <a class=\"ng-star-inserted\" href=\"https:\/\/gigistravelworld.de\/fr\/gigis-travel-world-ueber-mich\/\" target=\"_blank\" rel=\"noopener\" data-hveid=\"0\" data-ved=\"0CAAQ_4QMahgKEwi727OZ6aSTAxUAAAAAHQAAAAAQ9AQ\">Style de vie professionnel<\/a> Les pauses conscientes sont essentielles \u00e0 la cr\u00e9ativit\u00e9. Quand le monde devient trop bruyant, c&#039;est... <b data-path-to-node=\"10\" data-index-in-node=\"223\">Huile essentielle relaxante<\/b> Mon point d&#039;ancrage. L&#039;alliance de la lavande classique et de la bergamote fra\u00eeche procure un \u00e9quilibre instantan\u00e9. Pour un r\u00e9sultat incomparable. <b data-path-to-node=\"10\" data-index-in-node=\"367\">6,00 \u20ac<\/b> Ici, vous pouvez obtenir un regain d&#039;\u00e9nergie concentr\u00e9 qui donnera une toute nouvelle dimension \u00e0 vos moments de d\u00e9tente apr\u00e8s le travail.<\/p>\n<h2 data-path-to-node=\"11\">La formule harmonieuse de l&#039;huile essentielle relaxante<\/h2>\n<p data-path-to-node=\"12\">Pourquoi donc? <b data-path-to-node=\"12\" data-index-in-node=\"14\">Huile essentielle relaxante<\/b> Une telle efficacit\u00e9 ? La r\u00e9ponse r\u00e9side dans la qualit\u00e9 des ingr\u00e9dients. Des ingr\u00e9dients tels que\u2026 <b data-path-to-node=\"12\" data-index-in-node=\"121\">Linalol<\/b> et <b data-path-to-node=\"12\" data-index-in-node=\"134\">ac\u00e9tate de linalyle<\/b> (les principaux composants de haute qualit\u00e9 <a class=\"ng-star-inserted\" href=\"https:\/\/de.wikipedia.org\/wiki\/Echter_Lavendel\" target=\"_blank\" rel=\"noopener nofollow\" data-hveid=\"0\" data-ved=\"0CAAQ_4QMahgKEwi727OZ6aSTAxUAAAAAHQAAAAAQ9QQ\">lavande<\/a>Ces ingr\u00e9dients procurent un effet relaxant manifeste sur les sens. (Compl\u00e9t\u00e9 par...) <b data-path-to-node=\"12\" data-index-in-node=\"278\">D-limon\u00e8ne<\/b> Les extraits de bergamote <b data-path-to-node=\"12\" data-index-in-node=\"319\">Huile essentielle relaxante<\/b> une note de fra\u00eecheur qui n&#039;est jamais pesante, mais qui au contraire clarifie l&#039;atmosph\u00e8re.<\/p>\n<h2 data-path-to-node=\"13\">Conseils d&#039;application pour votre huile essentielle relaxante<\/h2>\n<p data-path-to-node=\"14\">Depuis lors <b data-path-to-node=\"14\" data-index-in-node=\"7\">Huile essentielle relaxante<\/b> Gr\u00e2ce \u00e0 sa forte concentration, quelques gouttes suffisent pour un effet optimal. Voici mes recommandations personnelles\u00a0:<\/p>\n<ul data-path-to-node=\"15\">\n<li>\n<p data-path-to-node=\"15,0,0\"><b data-path-to-node=\"15,0,0\" data-index-in-node=\"0\">Le rituel du sommeil ultime\u00a0:<\/b> Ajouter 3 \u00e0 4 gouttes de <b data-path-to-node=\"15,0,0\" data-index-in-node=\"50\">Huile essentielle relaxante<\/b> dans votre diffuseur de chambre. Si vous aimez une odeur encore plus douce, combinez-la avec notre <a class=\"ng-star-inserted\" href=\"https:\/\/gigistravelworld.de\/fr\/beauty-care\/duefte\/aetherisches-oel-dream\/\" target=\"_blank\" rel=\"noopener\" data-hveid=\"0\" data-ved=\"0CAAQ_4QMahgKEwi727OZ6aSTAxUAAAAAHQAAAAAQ9gQ\">Huile essentielle de r\u00eave<\/a>.<\/p>\n<\/li>\n<li>\n<p data-path-to-node=\"15,1,0\"><b data-path-to-node=\"15,1,0\" data-index-in-node=\"0\">D\u00e9tente pendant le bain :<\/b> D\u00e9poser 2 gouttes de <b data-path-to-node=\"15,1,0\" data-index-in-node=\"46\">Huile essentielle relaxante<\/b> Ajoutez un peu de sel marin \u00e0 l&#039;eau du bain \u2013 un r\u00eave pour les sens !<\/p>\n<\/li>\n<li>\n<p data-path-to-node=\"15,2,0\"><b data-path-to-node=\"15,2,0\" data-index-in-node=\"0\">Se d\u00e9tendre en d\u00e9placement :<\/b> Une goutte de <b data-path-to-node=\"15,2,0\" data-index-in-node=\"38\">Huile essentielle relaxante<\/b> Utiliser un mouchoir vous aidera \u00e0 garder votre sang-froid m\u00eame dans les moments stressants (par exemple, en voyage).<\/p>\n<\/li>\n<\/ul>\n<h2 data-path-to-node=\"16\">Pourquoi l&#039;huile essentielle relaxante devrait \u00eatre pr\u00e9sente dans chaque foyer<\/h2>\n<p data-path-to-node=\"17\">C&#039;est sa polyvalence. <b data-path-to-node=\"17\" data-index-in-node=\"31\">Huile essentielle relaxante<\/b> Ce n&#039;est pas qu&#039;un simple parfum, c&#039;est un v\u00e9ritable soin de soi. Son flacon en verre de 10 ml pr\u00e9serve les d\u00e9licats compos\u00e9s aromatiques, vous permettant ainsi de profiter pleinement de son intensit\u00e9 jusqu&#039;\u00e0 la derni\u00e8re goutte. <b data-path-to-node=\"17\" data-index-in-node=\"253\">Huile essentielle relaxante<\/b> vous pouvez en profiter.<\/p>\n<h2 data-path-to-node=\"18\">Questions fr\u00e9quentes sur les huiles essentielles relaxantes (FAQ)<\/h2>\n<ul data-path-to-node=\"19\">\n<li>\n<p data-path-to-node=\"19,0,0\"><b data-path-to-node=\"19,0,0\" data-index-in-node=\"0\">Quelle est l&#039;odeur exacte de l&#039;huile essentielle relaxante\u00a0?<\/b> C&#039;est un parfum floral et frais. La lavande est la note dominante, mais la bergamote lui conf\u00e8re une interpr\u00e9tation moderne et l\u00e9g\u00e8re. La vanille dans le <b data-path-to-node=\"19,0,0\" data-index-in-node=\"192\">Huile essentielle relaxante<\/b> Elle cr\u00e9e une r\u00e9verb\u00e9ration douce et chaleureuse.<\/p>\n<\/li>\n<li>\n<p data-path-to-node=\"19,1,0\"><b data-path-to-node=\"19,1,0\" data-index-in-node=\"0\">L&#039;huile essentielle Relaxante convient-elle aux chambres d&#039;enfants\u00a0?<\/b> \u00c0 faibles doses, utilis\u00e9 dans un diffuseur, cela peut <b data-path-to-node=\"19,1,0\" data-index-in-node=\"101\">Huile essentielle relaxante<\/b> et aussi pour cr\u00e9er une ambiance plus calme en soir\u00e9e pour les enfants.<\/p>\n<\/li>\n<li>\n<p data-path-to-node=\"19,2,0\"><b data-path-to-node=\"19,2,0\" data-index-in-node=\"0\">Combien de temps dure un flacon d&#039;huile essentielle relaxante\u00a0?<\/b> Comme vous n&#039;avez besoin que d&#039;environ 3 \u00e0 5 gouttes par application, votre <b data-path-to-node=\"19,2,0\" data-index-in-node=\"121\">Huile essentielle relaxante<\/b> Avec une utilisation quotidienne, environ 3 \u00e0 4 mois.<\/p>\n<\/li>\n<\/ul>\n<h2 data-path-to-node=\"20\">Aper\u00e7u des donn\u00e9es produit\u00a0:<\/h2>\n<table data-path-to-node=\"21\">\n<thead>\n<tr>\n<td><strong>Caract\u00e9ristiques<\/strong><\/td>\n<td><strong>D\u00e9tails<\/strong><\/td>\n<\/tr>\n<\/thead>\n<tbody>\n<tr>\n<td><span data-path-to-node=\"21,1,0,0\"><b data-path-to-node=\"21,1,0,0\" data-index-in-node=\"0\">Nom du produit<\/b><\/span><\/td>\n<td><span data-path-to-node=\"21,1,1,0\"><b data-path-to-node=\"21,1,1,0\" data-index-in-node=\"0\">Huile essentielle relaxante<\/b><\/span><\/td>\n<\/tr>\n<tr>\n<td><span data-path-to-node=\"21,2,0,0\"><b data-path-to-node=\"21,2,0,0\" data-index-in-node=\"0\">Parfum<\/b><\/span><\/td>\n<td><span data-path-to-node=\"21,2,1,0\">Floral \/ Agrumes \/ Douceur subtile<\/span><\/td>\n<\/tr>\n<tr>\n<td><span data-path-to-node=\"21,3,0,0\"><b data-path-to-node=\"21,3,0,0\" data-index-in-node=\"0\">Contenu<\/b><\/span><\/td>\n<td><span data-path-to-node=\"21,3,1,0\">flacon compte-gouttes de 10 ml<\/span><\/td>\n<\/tr>\n<tr>\n<td><span data-path-to-node=\"21,4,0,0\"><b data-path-to-node=\"21,4,0,0\" data-index-in-node=\"0\">Ingr\u00e9dients cl\u00e9s<\/b><\/span><\/td>\n<td><span data-path-to-node=\"21,4,1,0\">Linalol, ac\u00e9tate de linalyle, g\u00e9raniol<\/span><\/td>\n<\/tr>\n<\/tbody>\n<\/table>","protected":false},"excerpt":{"rendered":"<p data-path-to-node=\"4\"><b data-path-to-node=\"4\" data-index-in-node=\"0\">Harmonie pure pour votre maison : Huile essentielle relaxante (10 ml).<\/b><\/p>\n<p data-path-to-node=\"5\">Laissez le stress derri\u00e8re vous ! <b data-path-to-node=\"5\" data-index-in-node=\"33\">Huile essentielle relaxante<\/b> Voici une composition savamment \u00e9quilibr\u00e9e pour vos moments de tranquillit\u00e9 au quotidien. Le parfum apaisant de la lavande v\u00e9ritable se m\u00eale \u00e0 la fra\u00eecheur vibrante de la bergamote et s&#039;harmonise parfaitement avec la douce saveur de la vanille. Huile aromatique hautement concentr\u00e9e, elle est votre alli\u00e9e id\u00e9ale pour cr\u00e9er une atmosph\u00e8re paisible et vous ressourcer en douceur, corps et esprit.<\/p>\n<ul data-path-to-node=\"6\">\n<li>\n<p data-path-to-node=\"6,0,0\">\u2705 <b data-path-to-node=\"6,0,0\" data-index-in-node=\"2\">Profil olfactif :<\/b> Relaxant (Lavande, Bergamote et Vanille)<\/p>\n<\/li>\n<li>\n<p data-path-to-node=\"6,1,0\">\u2705 <b data-path-to-node=\"6,1,0\" data-index-in-node=\"2\">Taper:<\/b> Huile aromatique hautement concentr\u00e9e pour une relaxation optimale<\/p>\n<\/li>\n<li>\n<p data-path-to-node=\"6,2,0\">\u2705 <b data-path-to-node=\"6,2,0\" data-index-in-node=\"2\">Ambiance:<\/b> Apaise, harmonise et \u00e9quilibre<\/p>\n<\/li>\n<li>\n<p data-path-to-node=\"6,3,0\">\u2705 <b data-path-to-node=\"6,3,0\" data-index-in-node=\"2\">Mission:<\/b> Id\u00e9al pour la chambre, les coins yoga et les rituels du soir.<\/p>\n<\/li>\n<li>\n<p data-path-to-node=\"6,4,0\">\u2705 <b data-path-to-node=\"6,4,0\" data-index-in-node=\"2\">Prix : 6,00 \u20ac<\/b><\/p>\n<\/li>\n<\/ul>","protected":false},"featured_media":1249,"template":"","meta":{"_et_pb_use_builder":"","_et_pb_old_content":"","_et_gb_content_width":""},"product_brand":[63],"product_cat":[197,31,195,22,210,29,70],"product_tag":[],"class_list":{"0":"post-3557","1":"product","2":"type-product","3":"status-publish","4":"has-post-thumbnail","6":"product_brand-vegas-cosmetics-gmbh","7":"product_cat-autoduft-car-care","8":"product_cat-autoduft","9":"product_cat-car-care","10":"product_cat-duefte","11":"product_cat-home-style","12":"product_cat-vegas-ambience","13":"product_cat-wohnen-auto","15":"first","16":"instock","17":"shipping-taxable","18":"product-type-external"},"_links":{"self":[{"href":"https:\/\/gigistravelworld.de\/fr\/wp-json\/wp\/v2\/product\/3557","targetHints":{"allow":["GET"]}}],"collection":[{"href":"https:\/\/gigistravelworld.de\/fr\/wp-json\/wp\/v2\/product"}],"about":[{"href":"https:\/\/gigistravelworld.de\/fr\/wp-json\/wp\/v2\/types\/product"}],"wp:featuredmedia":[{"embeddable":true,"href":"https:\/\/gigistravelworld.de\/fr\/wp-json\/wp\/v2\/media\/1249"}],"wp:attachment":[{"href":"https:\/\/gigistravelworld.de\/fr\/wp-json\/wp\/v2\/media?parent=3557"}],"wp:term":[{"taxonomy":"product_brand","embeddable":true,"href":"https:\/\/gigistravelworld.de\/fr\/wp-json\/wp\/v2\/product_brand?post=3557"},{"taxonomy":"product_cat","embeddable":true,"href":"https:\/\/gigistravelworld.de\/fr\/wp-json\/wp\/v2\/product_cat?post=3557"},{"taxonomy":"product_tag","embeddable":true,"href":"https:\/\/gigistravelworld.de\/fr\/wp-json\/wp\/v2\/product_tag?post=3557"}],"curies":[{"name":"wp","href":"https:\/\/api.w.org\/{rel}","templated":true}]}}