{"id":3556,"date":"2025-08-23T20:56:05","date_gmt":"2025-08-23T18:56:05","guid":{"rendered":"https:\/\/gigistravelworld.de\/?post_type=product&#038;p=3556"},"modified":"2026-03-16T18:34:42","modified_gmt":"2026-03-16T17:34:42","slug":"aetherisches-oel-green-bay-10ml","status":"publish","type":"product","link":"https:\/\/gigistravelworld.de\/fr\/aetherisches-oel-green-bay-10ml\/","title":{"rendered":"Huile essentielle de Green Bay 10 ml | Fra\u00eecheur herbac\u00e9e et florale"},"content":{"rendered":"<h1 data-path-to-node=\"9\">Huile essentielle de Green Bay : Votre dose quotidienne de fra\u00eecheur naturelle<\/h1>\n<p data-path-to-node=\"10\">Le <b data-path-to-node=\"10\" data-index-in-node=\"4\">Huile essentielle de Green Bay<\/b> est dans ma boutique <b data-path-to-node=\"10\" data-index-in-node=\"47\">Gigis Travel World<\/b> Le conseil d&#039;initi\u00e9 pour une exp\u00e9rience spatiale plus claire. Dans mon <a class=\"ng-star-inserted\" href=\"https:\/\/gigistravelworld.de\/fr\/gigis-travel-world-ueber-mich\/\" target=\"_blank\" rel=\"noopener\" data-hveid=\"0\" data-ved=\"0CAAQ_4QMahgKEwi727OZ6aSTAxUAAAAAHQAAAAAQrwQ\">Style de vie professionnel<\/a> J&#039;adore les parfums qui me clarifient l&#039;esprit et d\u00e9gagent une fra\u00eecheur naturelle. La haute qualit\u00e9 <b data-path-to-node=\"10\" data-index-in-node=\"241\">Huile essentielle de Green Bay<\/b> Elle allie le meilleur des deux mondes\u00a0: la l\u00e9g\u00e8ret\u00e9 des fleurs et la force des accents audacieux. Pour un r\u00e9sultat incomparable. <b data-path-to-node=\"10\" data-index-in-node=\"386\">6,00 \u20ac<\/b> Vous obtenez ici un concentr\u00e9 qui garantit des centaines d&#039;heures de fra\u00eecheur.<\/p>\n<h2 data-path-to-node=\"11\">La complexit\u00e9 de l&#039;huile essentielle de Green Bay<\/h2>\n<p data-path-to-node=\"12\">Qu&#039;est-ce que c&#039;est <b data-path-to-node=\"12\" data-index-in-node=\"8\">Huile essentielle de Green Bay<\/b> Ce qui la rend si unique, c&#039;est sa formule aux multiples facettes. Avec des ingr\u00e9dients tels que <b data-path-to-node=\"12\" data-index-in-node=\"110\">Ac\u00e9tyl c\u00e9dr\u00e8ne<\/b> (pour la note bois\u00e9e) et <b data-path-to-node=\"12\" data-index-in-node=\"152\">Limon\u00e8ne<\/b> (Pour sa fra\u00eecheur \u00e9clatante) cette huile offre une profondeur difficile \u00e0 trouver dans les parfums classiques. C&#039;est le choix id\u00e9al si vous recherchez\u2026 <a class=\"ng-star-inserted\" href=\"https:\/\/gigistravelworld.de\/fr\/beauty-care\/duefte\/vegas-ambience\/autoduft\/aetherisches-oel-aloe-spa-10ml\/\" target=\"_blank\" rel=\"noopener\" data-hveid=\"0\" data-ved=\"0CAAQ_4QMahgKEwi727OZ6aSTAxUAAAAAHQAAAAAQsAQ\">Huile essentielle Aloe Spa<\/a> Vous recherchez une teinte l\u00e9g\u00e8rement plus soutenue, plus masculine.<\/p>\n<h2 data-path-to-node=\"13\">Conseils d&#039;application pour votre huile essentielle Green Bay<\/h2>\n<p data-path-to-node=\"14\">Depuis lors <b data-path-to-node=\"14\" data-index-in-node=\"7\">Huile essentielle de Green Bay<\/b> Gr\u00e2ce \u00e0 sa forte concentration, son utilisation est tr\u00e8s efficace. Voici mes produits pr\u00e9f\u00e9r\u00e9s\u00a0:<\/p>\n<ul data-path-to-node=\"15\">\n<li>\n<p data-path-to-node=\"15,0,0\"><b data-path-to-node=\"15,0,0\" data-index-in-node=\"0\">Clart\u00e9 dans le couloir :<\/b> Ajouter 3 \u00e0 4 gouttes de <b data-path-to-node=\"15,0,0\" data-index-in-node=\"38\">Huile essentielle de Green Bay<\/b> Placez-le dans votre diffuseur, dans l&#039;entr\u00e9e. Il cr\u00e9e instantan\u00e9ment une sensation de propret\u00e9 et de fra\u00eecheur d\u00e8s que vous entrez dans la maison.<\/p>\n<\/li>\n<li>\n<p data-path-to-node=\"15,1,0\"><b data-path-to-node=\"15,1,0\" data-index-in-node=\"0\">Mauvais-bien-\u00eatre :<\/b> Quelques gouttes <b data-path-to-node=\"15,1,0\" data-index-in-node=\"31\">Huile essentielle de Green Bay<\/b> Une pierre parfum\u00e9e plac\u00e9e dans la salle de bain neutralise les odeurs et cr\u00e9e l&#039;effet d&#039;une mini-escapade au bord de la mer.<\/p>\n<\/li>\n<li>\n<p data-path-to-node=\"15,2,0\"><b data-path-to-node=\"15,2,0\" data-index-in-node=\"0\">Recharge durable :<\/b> Si vous aimez ce parfum, d\u00e9couvrez aussi notre grand format <a class=\"ng-star-inserted\" href=\"https:\/\/gigistravelworld.de\/fr\/home-style\/wohnen-auto\/car-care\/autoduft-car-care\/aetherisches-oel-green-bay-10ml\/\" target=\"_blank\" rel=\"noopener\" data-hveid=\"0\" data-ved=\"0CAAQ_4QMahgKEwi727OZ6aSTAxUAAAAAHQAAAAAQsQQ\">Parfum d&#039;ambiance Green Bay avec diffuseur naturel<\/a> an \u2013 l\u2019huile est le compl\u00e9ment id\u00e9al pour une utilisation cibl\u00e9e.<\/p>\n<\/li>\n<\/ul>\n<h2 data-path-to-node=\"16\">Pourquoi l&#039;huile essentielle de Green Bay est un incontournable<\/h2>\n<p data-path-to-node=\"17\">C&#039;est l&#039;\u00e9quilibre parfait entre \u201e herbac\u00e9 \u201c et \u201e floral \u201c. <b data-path-to-node=\"17\" data-index-in-node=\"62\">Huile essentielle de Green Bay<\/b> Son parfum n&#039;est pas envahissant, mais il est pr\u00e9sent et plein de caract\u00e8re. Le flacon en verre pratique de 10 ml prot\u00e8ge les ingr\u00e9dients de haute qualit\u00e9 de la lumi\u00e8re et pr\u00e9serve ainsi toute leur efficacit\u00e9.<\/p>\n<h2 data-path-to-node=\"18\">Foire aux questions sur l&#039;huile essentielle de Green Bay (FAQ)<\/h2>\n<ul data-path-to-node=\"19\">\n<li>\n<p data-path-to-node=\"19,0,0\"><b data-path-to-node=\"19,0,0\" data-index-in-node=\"0\">Quelle est l&#039;odeur exacte de l&#039;huile essentielle de Green Bay ?<\/b> C&#039;est une fra\u00eecheur \u201e verte \u201c. Imaginez de l&#039;herbe fra\u00eechement coup\u00e9e m\u00eal\u00e9e \u00e0 la fra\u00eecheur des algues et \u00e0 une subtile note de fleurs sauvages. <b data-path-to-node=\"19,0,0\" data-index-in-node=\"185\">Huile essentielle de Green Bay<\/b> C&#039;est puriste et \u00e9l\u00e9gant.<\/p>\n<\/li>\n<li>\n<p data-path-to-node=\"19,1,0\"><b data-path-to-node=\"19,1,0\" data-index-in-node=\"0\">Combien de gouttes d&#039;huile essentielle de Green Bay me faut-il ?<\/b> Pour une chambre standard, 3 \u00e0 5 gouttes suffisent parfaitement, car <b data-path-to-node=\"19,1,0\" data-index-in-node=\"127\">Huile essentielle de Green Bay<\/b> est tr\u00e8s intense.<\/p>\n<\/li>\n<li>\n<p data-path-to-node=\"19,2,0\"><b data-path-to-node=\"19,2,0\" data-index-in-node=\"0\">L&#039;huile essentielle de Green Bay est-elle \u00e9galement adapt\u00e9e au bureau\u00a0?<\/b> Absolument ! Les nuances am\u00e8res dans <b data-path-to-node=\"19,2,0\" data-index-in-node=\"91\">Huile essentielle de Green Bay<\/b> Elles ont un effet clarifiant et aident \u00e0 garder la t\u00eate froide.<\/p>\n<\/li>\n<\/ul>\n<h2 data-path-to-node=\"20\">Aper\u00e7u des donn\u00e9es produit\u00a0:<\/h2>\n<table data-path-to-node=\"21\">\n<thead>\n<tr>\n<td><strong>Caract\u00e9ristiques<\/strong><\/td>\n<td><strong>D\u00e9tails<\/strong><\/td>\n<\/tr>\n<\/thead>\n<tbody>\n<tr>\n<td><span data-path-to-node=\"21,1,0,0\"><b data-path-to-node=\"21,1,0,0\" data-index-in-node=\"0\">Nom du produit<\/b><\/span><\/td>\n<td><span data-path-to-node=\"21,1,1,0\"><b data-path-to-node=\"21,1,1,0\" data-index-in-node=\"0\">Huile essentielle de Green Bay<\/b><\/span><\/td>\n<\/tr>\n<tr>\n<td><span data-path-to-node=\"21,2,0,0\"><b data-path-to-node=\"21,2,0,0\" data-index-in-node=\"0\">Parfum<\/b><\/span><\/td>\n<td><span data-path-to-node=\"21,2,1,0\">Frais \/ Herbac\u00e9 \/ Floral<\/span><\/td>\n<\/tr>\n<tr>\n<td><span data-path-to-node=\"21,3,0,0\"><b data-path-to-node=\"21,3,0,0\" data-index-in-node=\"0\">Contenu<\/b><\/span><\/td>\n<td><span data-path-to-node=\"21,3,1,0\">flacon compte-gouttes de 10 ml<\/span><\/td>\n<\/tr>\n<tr>\n<td><span data-path-to-node=\"21,4,0,0\"><b data-path-to-node=\"21,4,0,0\" data-index-in-node=\"0\">Ingr\u00e9dients cl\u00e9s<\/b><\/span><\/td>\n<td><span data-path-to-node=\"21,4,1,0\">Ac\u00e9tyl C\u00e9dr\u00e8ne, Limon\u00e8ne, G\u00e9raniol<\/span><\/td>\n<\/tr>\n<\/tbody>\n<\/table>","protected":false},"excerpt":{"rendered":"<p data-path-to-node=\"4\"><b data-path-to-node=\"4\" data-index-in-node=\"0\">Fra\u00eecheur herbac\u00e9e et \u00e9l\u00e9gance florale : huile essentielle de Green Bay (10 ml).<\/b><\/p>\n<p data-path-to-node=\"5\">D\u00e9couvrez la puissance de la nature \u00e0 l&#039;\u00e9tat pur ! <b data-path-to-node=\"5\" data-index-in-node=\"56\">Huile essentielle de Green Bay<\/b> Cette composition sophistiqu\u00e9e m\u00eale de douces notes florales \u00e0 des nuances acidul\u00e9es distinctives. Cette huile aromatique hautement concentr\u00e9e offre une exp\u00e9rience olfactive fra\u00eeche et vivifiante, d&#039;une profondeur raffin\u00e9e. Quelques gouttes suffisent \u00e0 impr\u00e9gner vos pi\u00e8ces d&#039;une atmosph\u00e8re pure et lumineuse \u2013 id\u00e9ale pour ceux qui recherchent un parfum d&#039;exception.<\/p>\n<ul data-path-to-node=\"6\">\n<li>\n<p data-path-to-node=\"6,0,0\">\u2705 <b data-path-to-node=\"6,0,0\" data-index-in-node=\"2\">Profil olfactif :<\/b> Green Bay (Fleurs et herbes)<\/p>\n<\/li>\n<li>\n<p data-path-to-node=\"6,1,0\">\u2705 <b data-path-to-node=\"6,1,0\" data-index-in-node=\"2\">Taper:<\/b> Huile aromatique hautement concentr\u00e9e pour un rendement maximal<\/p>\n<\/li>\n<li>\n<p data-path-to-node=\"6,2,0\">\u2705 <b data-path-to-node=\"6,2,0\" data-index-in-node=\"2\">Ambiance:<\/b> Revigorant, naturel et plein de caract\u00e8re<\/p>\n<\/li>\n<li>\n<p data-path-to-node=\"6,3,0\">\u2705 <b data-path-to-node=\"6,3,0\" data-index-in-node=\"2\">Mission:<\/b> Id\u00e9al pour les salons, les salles de bains et les diffuseurs<\/p>\n<\/li>\n<li>\n<p data-path-to-node=\"6,4,0\">\u2705 <b data-path-to-node=\"6,4,0\" data-index-in-node=\"2\">Prix : 6,00 \u20ac<\/b><\/p>\n<\/li>\n<\/ul>","protected":false},"featured_media":1248,"template":"","meta":{"_et_pb_use_builder":"","_et_pb_old_content":"","_et_gb_content_width":""},"product_brand":[63],"product_cat":[197,31,195,22,210,29,70],"product_tag":[],"class_list":{"0":"post-3556","1":"product","2":"type-product","3":"status-publish","4":"has-post-thumbnail","6":"product_brand-vegas-cosmetics-gmbh","7":"product_cat-autoduft-car-care","8":"product_cat-autoduft","9":"product_cat-car-care","10":"product_cat-duefte","11":"product_cat-home-style","12":"product_cat-vegas-ambience","13":"product_cat-wohnen-auto","15":"first","16":"instock","17":"shipping-taxable","18":"product-type-external"},"_links":{"self":[{"href":"https:\/\/gigistravelworld.de\/fr\/wp-json\/wp\/v2\/product\/3556","targetHints":{"allow":["GET"]}}],"collection":[{"href":"https:\/\/gigistravelworld.de\/fr\/wp-json\/wp\/v2\/product"}],"about":[{"href":"https:\/\/gigistravelworld.de\/fr\/wp-json\/wp\/v2\/types\/product"}],"wp:featuredmedia":[{"embeddable":true,"href":"https:\/\/gigistravelworld.de\/fr\/wp-json\/wp\/v2\/media\/1248"}],"wp:attachment":[{"href":"https:\/\/gigistravelworld.de\/fr\/wp-json\/wp\/v2\/media?parent=3556"}],"wp:term":[{"taxonomy":"product_brand","embeddable":true,"href":"https:\/\/gigistravelworld.de\/fr\/wp-json\/wp\/v2\/product_brand?post=3556"},{"taxonomy":"product_cat","embeddable":true,"href":"https:\/\/gigistravelworld.de\/fr\/wp-json\/wp\/v2\/product_cat?post=3556"},{"taxonomy":"product_tag","embeddable":true,"href":"https:\/\/gigistravelworld.de\/fr\/wp-json\/wp\/v2\/product_tag?post=3556"}],"curies":[{"name":"wp","href":"https:\/\/api.w.org\/{rel}","templated":true}]}}