{"id":3555,"date":"2025-08-23T20:56:05","date_gmt":"2025-08-23T18:56:05","guid":{"rendered":"https:\/\/gigistravelworld.de\/?post_type=product&#038;p=3555"},"modified":"2026-03-16T18:28:44","modified_gmt":"2026-03-16T17:28:44","slug":"aetherisches-oel-energize-10ml","status":"publish","type":"product","link":"https:\/\/gigistravelworld.de\/fr\/aetherisches-oel-energize-10ml\/","title":{"rendered":"Huile essentielle Energize 10 ml | Agrumes et Sauge | Concentration"},"content":{"rendered":"<div id=\"headingOne\" class=\"panel-heading\" role=\"tab\">\n<h1 data-path-to-node=\"9\">Huile essentielle Energize : Votre coup de pouce pour la concentration et la clart\u00e9<\/h1>\n<p data-path-to-node=\"10\">Le <b data-path-to-node=\"10\" data-index-in-node=\"4\">Huile essentielle \u00e9nergisante<\/b> est dans ma boutique <b data-path-to-node=\"10\" data-index-in-node=\"46\">Gigis Travel World<\/b> L&#039;accessoire indispensable pour tout bureau. <a class=\"ng-star-inserted\" href=\"https:\/\/gigistravelworld.de\/fr\/gigis-travel-world-ueber-mich\/\" target=\"_blank\" rel=\"noopener\" data-hveid=\"0\" data-ved=\"0CAAQ_4QMahgKEwi727OZ6aSTAxUAAAAAHQAAAAAQ7QM\">Style de vie professionnel<\/a> La concentration est la ressource la plus pr\u00e9cieuse. Lorsque ma concentration faiblit, je recoure \u00e0\u2026 <b data-path-to-node=\"10\" data-index-in-node=\"230\">Huile essentielle \u00e9nergisante<\/b>. Les notes d&#039;agrumes ont un effet imm\u00e9diatement vivifiant, tandis que <a class=\"ng-star-inserted\" href=\"https:\/\/de.wikipedia.org\/wiki\/Echter_Salbei\" target=\"_blank\" rel=\"noopener nofollow\" data-hveid=\"0\" data-ved=\"0CAAQ_4QMahgKEwi727OZ6aSTAxUAAAAAHQAAAAAQ7gM\">sage<\/a> aide \u00e0 se vider l&#039;esprit. Pour seulement <b data-path-to-node=\"10\" data-index-in-node=\"355\">6,00 \u20ac<\/b> Vous trouverez ici une solution concentr\u00e9e qui vous aidera \u00e0 traverser les semaines charg\u00e9es.<\/p>\n<h2 data-path-to-node=\"11\">Composition scientifique de l&#039;huile essentielle Energize<\/h2>\n<p data-path-to-node=\"12\">Derri\u00e8re l&#039;effet stimulant de <b data-path-to-node=\"12\" data-index-in-node=\"34\">Huile essentielle \u00e9nergisante<\/b> Elle contient une formule sophistiqu\u00e9e. Des ingr\u00e9dients de haute qualit\u00e9 tels que <b data-path-to-node=\"12\" data-index-in-node=\"122\">Linalol \u00e9thylique<\/b> et <b data-path-to-node=\"12\" data-index-in-node=\"141\">D-limon\u00e8ne<\/b> Ils offrent un parfum vivifiant et durable. Contrairement aux sprays d&#039;ambiance bon march\u00e9, celui-ci offre\u2026 <b data-path-to-node=\"12\" data-index-in-node=\"253\">Huile essentielle \u00e9nergisante<\/b> Un ar\u00f4me profond et complexe qui persiste et dynamise durablement la pi\u00e8ce. C&#039;est le compl\u00e9ment id\u00e9al au n\u00f4tre. <a class=\"ng-star-inserted\" href=\"https:\/\/gigistravelworld.de\/fr\/beauty-care\/duefte\/aetherisches-oel-dream\/\" target=\"_blank\" rel=\"noopener\" data-hveid=\"0\" data-ved=\"0CAAQ_4QMahgKEwi727OZ6aSTAxUAAAAAHQAAAAAQ7wM\">Huile essentielle de r\u00eave<\/a>, lorsque vous souhaitez passer du mode relaxation au mode performance.<\/p>\n<h2 data-path-to-node=\"13\">Conseils d&#039;utilisation de votre huile essentielle Energize<\/h2>\n<p data-path-to-node=\"14\">Depuis lors <b data-path-to-node=\"14\" data-index-in-node=\"7\">Huile essentielle \u00e9nergisante<\/b> Comme il est extr\u00eamement concentr\u00e9, de tr\u00e8s petites quantit\u00e9s suffisent souvent. Voici mes conseils de professionnel\u00a0:<\/p>\n<ul data-path-to-node=\"15\">\n<li>\n<p data-path-to-node=\"15,0,0\"><b data-path-to-node=\"15,0,0\" data-index-in-node=\"0\">Se concentrer sur le travail \u00e0 domicile :<\/b> Ajouter 3 \u00e0 4 gouttes de <b data-path-to-node=\"15,0,0\" data-index-in-node=\"42\">Huile essentielle \u00e9nergisante<\/b> Versez du liquide dans votre diffuseur au travail. Vous remarquerez imm\u00e9diatement que l&#039;air est plus l\u00e9ger et plus frais.<\/p>\n<\/li>\n<li>\n<p data-path-to-node=\"15,1,0\"><b data-path-to-node=\"15,1,0\" data-index-in-node=\"0\">\u00c9nergie automobile :<\/b> D\u00e9posez une goutte de <b data-path-to-node=\"15,1,0\" data-index-in-node=\"40\">Huile essentielle \u00e9nergisante<\/b> sur une couverture polaire sans parfum pour votre voiture \u2013 id\u00e9ale pour les longs trajets ou pour vous rendre \u00e0 votre prochain rendez-vous.<\/p>\n<\/li>\n<li>\n<p data-path-to-node=\"15,2,0\"><b data-path-to-node=\"15,2,0\" data-index-in-node=\"0\">Moment cr\u00e9atif :<\/b> Combinez les <b data-path-to-node=\"15,2,0\" data-index-in-node=\"31\">Huile essentielle \u00e9nergisante<\/b> avec une goutte de notre <a class=\"ng-star-inserted\" href=\"https:\/\/gigistravelworld.de\/fr\/beauty-care\/duefte\/vegas-ambience\/autoduft\/aetherisches-oel-aloe-spa-10ml\/\" target=\"_blank\" rel=\"noopener\" data-hveid=\"0\" data-ved=\"0CAAQ_4QMahgKEwi727OZ6aSTAxUAAAAAHQAAAAAQ8AM\">Huile essentielle Aloe Spa<\/a> Pour une explosion de fra\u00eecheur ultime !<\/p>\n<\/li>\n<\/ul>\n<h2 data-path-to-node=\"16\">Pourquoi l&#039;huile essentielle Energize deviendra votre nouvelle pr\u00e9f\u00e9r\u00e9e<\/h2>\n<p data-path-to-node=\"17\">Ce n&#039;est pas qu&#039;un parfum, c&#039;est un outil pour votre vie quotidienne. <b data-path-to-node=\"17\" data-index-in-node=\"78\">Huile essentielle \u00e9nergisante<\/b> Elle vous aide \u00e0 cr\u00e9er un environnement confortable et propice \u00e0 la productivit\u00e9. Son flacon de 10 ml est si compact qu&#039;il se glisse facilement dans n&#039;importe quelle sacoche d&#039;ordinateur portable.<\/p>\n<h2 data-path-to-node=\"18\">Foire aux questions sur l&#039;huile essentielle Energize (FAQ)<\/h2>\n<ul data-path-to-node=\"19\">\n<li>\n<p data-path-to-node=\"19,0,0\"><b data-path-to-node=\"19,0,0\" data-index-in-node=\"0\">Quelle est l&#039;odeur exacte de l&#039;huile essentielle Energize\u00a0?<\/b> Imaginez un jardin d&#039;herbes aromatiques ensoleill\u00e9 o\u00f9 les citronniers sont en fleurs. <b data-path-to-node=\"19,0,0\" data-index-in-node=\"122\">Huile essentielle \u00e9nergisante<\/b> Il est d&#039;un vert \u00e9clatant et poss\u00e8de une note florale tr\u00e8s \u00e9l\u00e9gante en finale gr\u00e2ce au jasmin.<\/p>\n<\/li>\n<li>\n<p data-path-to-node=\"19,1,0\"><b data-path-to-node=\"19,1,0\" data-index-in-node=\"0\">Puis-je \u00e9galement utiliser l&#039;huile essentielle Energize dans les lampes \u00e0 parfum ?<\/b> Absolument. C&#039;est \u00e7a. <b data-path-to-node=\"19,1,0\" data-index-in-node=\"79\">Huile essentielle \u00e9nergisante<\/b> Il fonctionne parfaitement aussi bien avec les diffuseurs \u00e0 base d&#039;eau qu&#039;avec les lampes \u00e0 parfum classiques.<\/p>\n<\/li>\n<li>\n<p data-path-to-node=\"19,2,0\"><b data-path-to-node=\"19,2,0\" data-index-in-node=\"0\">Combien de gouttes d&#039;huile essentielle Energize me faut-il ?<\/b> Depuis lors <b data-path-to-node=\"19,2,0\" data-index-in-node=\"66\">Huile essentielle \u00e9nergisante<\/b> Comme il est tr\u00e8s concentr\u00e9, 3 \u00e0 5 gouttes suffisent parfaitement pour une pi\u00e8ce de taille moyenne.<\/p>\n<\/li>\n<\/ul>\n<h2 data-path-to-node=\"20\">Aper\u00e7u des donn\u00e9es produit\u00a0:<\/h2>\n<table data-path-to-node=\"21\">\n<thead>\n<tr>\n<td><strong>Caract\u00e9ristiques<\/strong><\/td>\n<td><strong>D\u00e9tails<\/strong><\/td>\n<\/tr>\n<\/thead>\n<tbody>\n<tr>\n<td><span data-path-to-node=\"21,1,0,0\"><b data-path-to-node=\"21,1,0,0\" data-index-in-node=\"0\">Nom du produit<\/b><\/span><\/td>\n<td><span data-path-to-node=\"21,1,1,0\"><b data-path-to-node=\"21,1,1,0\" data-index-in-node=\"0\">Huile essentielle \u00e9nergisante<\/b><\/span><\/td>\n<\/tr>\n<tr>\n<td><span data-path-to-node=\"21,2,0,0\"><b data-path-to-node=\"21,2,0,0\" data-index-in-node=\"0\">Parfum<\/b><\/span><\/td>\n<td><span data-path-to-node=\"21,2,1,0\">Agrumes \/ Herbac\u00e9 \/ Frais<\/span><\/td>\n<\/tr>\n<tr>\n<td><span data-path-to-node=\"21,3,0,0\"><b data-path-to-node=\"21,3,0,0\" data-index-in-node=\"0\">Contenu<\/b><\/span><\/td>\n<td><span data-path-to-node=\"21,3,1,0\">Flacon en verre de 10 ml<\/span><\/td>\n<\/tr>\n<tr>\n<td><span data-path-to-node=\"21,4,0,0\"><b data-path-to-node=\"21,4,0,0\" data-index-in-node=\"0\">Ingr\u00e9dients cl\u00e9s<\/b><\/span><\/td>\n<td><span data-path-to-node=\"21,4,1,0\">Citral, D-limon\u00e8ne, \u00e9thyllinalol<\/span><\/td>\n<\/tr>\n<\/tbody>\n<\/table>\n<\/div>","protected":false},"excerpt":{"rendered":"<p data-path-to-node=\"4\"><b data-path-to-node=\"4\" data-index-in-node=\"0\">Un coup de pouce rafra\u00eechissant pour votre concentration : Huile essentielle Energize (10 ml).<\/b><\/p>\n<p data-path-to-node=\"5\">R\u00e9cup\u00e8re ton \u00e9nergie ! La mienne <b data-path-to-node=\"5\" data-index-in-node=\"33\">Huile essentielle \u00e9nergisante<\/b> Voici l&#039;arme secr\u00e8te ultime contre le coup de barre de midi. La fra\u00eecheur acidul\u00e9e des agrumes se m\u00eale au pouvoir clarifiant de la sauge verte et \u00e0 une touche d&#039;\u00e9l\u00e9gance florale de jasmin. Cette huile aromatique hautement concentr\u00e9e emplit instantan\u00e9ment n&#039;importe quelle pi\u00e8ce d&#039;une vitalit\u00e9 renouvel\u00e9e. Id\u00e9ale pour tous ceux qui souhaitent favoriser la concentration et instaurer une ambiance positive au quotidien.<\/p>\n<ul data-path-to-node=\"6\">\n<li>\n<p data-path-to-node=\"6,0,0\">\u2705 <b data-path-to-node=\"6,0,0\" data-index-in-node=\"2\">Profil olfactif :<\/b> \u00c9nergisant (Agrumes, Sauge et Jasmin)<\/p>\n<\/li>\n<li>\n<p data-path-to-node=\"6,1,0\">\u2705 <b data-path-to-node=\"6,1,0\" data-index-in-node=\"2\">Taper:<\/b> Huile hautement concentr\u00e9e pour une vitalit\u00e9 maximale<\/p>\n<\/li>\n<li>\n<p data-path-to-node=\"6,2,0\">\u2705 <b data-path-to-node=\"6,2,0\" data-index-in-node=\"2\">Ambiance:<\/b> Revigorant, rafra\u00eechissant et clarifiant<\/p>\n<\/li>\n<li>\n<p data-path-to-node=\"6,3,0\">\u2705 <b data-path-to-node=\"6,3,0\" data-index-in-node=\"2\">Mission:<\/b> Id\u00e9al pour le bureau, le lieu de travail ou la voiture<\/p>\n<\/li>\n<li>\n<p data-path-to-node=\"6,4,0\">\u2705 <b data-path-to-node=\"6,4,0\" data-index-in-node=\"2\">Prix : 6,00 \u20ac<\/b><\/p>\n<\/li>\n<\/ul>","protected":false},"featured_media":1247,"template":"","meta":{"_et_pb_use_builder":"","_et_pb_old_content":"","_et_gb_content_width":""},"product_brand":[63],"product_cat":[22,197,31,195,210,29,70],"product_tag":[],"class_list":{"0":"post-3555","1":"product","2":"type-product","3":"status-publish","4":"has-post-thumbnail","6":"product_brand-vegas-cosmetics-gmbh","7":"product_cat-duefte","8":"product_cat-autoduft-car-care","9":"product_cat-autoduft","10":"product_cat-car-care","11":"product_cat-home-style","12":"product_cat-vegas-ambience","13":"product_cat-wohnen-auto","15":"first","16":"instock","17":"shipping-taxable","18":"product-type-external"},"_links":{"self":[{"href":"https:\/\/gigistravelworld.de\/fr\/wp-json\/wp\/v2\/product\/3555","targetHints":{"allow":["GET"]}}],"collection":[{"href":"https:\/\/gigistravelworld.de\/fr\/wp-json\/wp\/v2\/product"}],"about":[{"href":"https:\/\/gigistravelworld.de\/fr\/wp-json\/wp\/v2\/types\/product"}],"wp:featuredmedia":[{"embeddable":true,"href":"https:\/\/gigistravelworld.de\/fr\/wp-json\/wp\/v2\/media\/1247"}],"wp:attachment":[{"href":"https:\/\/gigistravelworld.de\/fr\/wp-json\/wp\/v2\/media?parent=3555"}],"wp:term":[{"taxonomy":"product_brand","embeddable":true,"href":"https:\/\/gigistravelworld.de\/fr\/wp-json\/wp\/v2\/product_brand?post=3555"},{"taxonomy":"product_cat","embeddable":true,"href":"https:\/\/gigistravelworld.de\/fr\/wp-json\/wp\/v2\/product_cat?post=3555"},{"taxonomy":"product_tag","embeddable":true,"href":"https:\/\/gigistravelworld.de\/fr\/wp-json\/wp\/v2\/product_tag?post=3555"}],"curies":[{"name":"wp","href":"https:\/\/api.w.org\/{rel}","templated":true}]}}