{"id":3554,"date":"2025-08-23T20:56:05","date_gmt":"2025-08-23T18:56:05","guid":{"rendered":"https:\/\/gigistravelworld.de\/?post_type=product&#038;p=3554"},"modified":"2026-03-16T18:22:40","modified_gmt":"2026-03-16T17:22:40","slug":"aetherisches-oel-dream","status":"publish","type":"product","link":"https:\/\/gigistravelworld.de\/fr\/aetherisches-oel-dream\/","title":{"rendered":"Huile essentielle Dream 10 ml | Vanille et noix de coco | Relaxation"},"content":{"rendered":"<div id=\"headingOne\" class=\"panel-heading\" role=\"tab\">\n<h1 data-path-to-node=\"9\">Huile essentielle Dream : La cl\u00e9 d&#039;une relaxation optimale<\/h1>\n<p data-path-to-node=\"10\">Le <b data-path-to-node=\"10\" data-index-in-node=\"4\">Huile essentielle de r\u00eave<\/b> est dans ma boutique <b data-path-to-node=\"10\" data-index-in-node=\"43\">Gigis Travel World<\/b> Le premier choix pour quiconque souhaite transformer sa maison en un v\u00e9ritable havre de paix. <a class=\"ng-star-inserted\" href=\"https:\/\/gigistravelworld.de\/fr\/gigis-travel-world-ueber-mich\/\" target=\"_blank\" rel=\"noopener\" data-hveid=\"0\" data-ved=\"0CAAQ_4QMahgKEwi727OZ6aSTAxUAAAAAHQAAAAAQqgM\">Style de vie professionnel<\/a> Un sommeil r\u00e9parateur est le carburant le plus important. <b data-path-to-node=\"10\" data-index-in-node=\"231\">Huile essentielle de r\u00eave<\/b> Je cr\u00e9e un rituel du soir qui signale \u00e0 mon corps : Il est temps de faire une pause. Juste pour le plaisir. <b data-path-to-node=\"10\" data-index-in-node=\"351\">6,00 \u20ac<\/b> Vous investissez ici dans des centaines d&#039;heures de doux r\u00eaves.<\/p>\n<h2 data-path-to-node=\"11\">Pourquoi l&#039;huile essentielle Dream a-t-elle un effet si apaisant ?<\/h2>\n<p data-path-to-node=\"12\">La magie r\u00e9side dans la combinaison des ingr\u00e9dients. <b data-path-to-node=\"12\" data-index-in-node=\"58\">Huile essentielle de r\u00eave<\/b> utilise des mat\u00e9riaux de haute qualit\u00e9 <b data-path-to-node=\"12\" data-index-in-node=\"97\">\u00c9thylvanilline<\/b>, dont l&#039;ar\u00f4me est nettement plus intense et raffin\u00e9 que celui des ar\u00f4mes de vanille ordinaires. Compl\u00e9t\u00e9 par <b data-path-to-node=\"12\" data-index-in-node=\"200\">Coumarin<\/b> Et des notes exotiques cr\u00e9ent une profondeur de parfum qui apaise d\u00e9licatement le syst\u00e8me nerveux. <b data-path-to-node=\"12\" data-index-in-node=\"295\">Huile essentielle de r\u00eave<\/b> est l&#039;alternative parfaite et plus cr\u00e9meuse \u00e0 la n\u00f4tre <a class=\"ng-star-inserted\" href=\"https:\/\/gigistravelworld.de\/fr\/beauty-care\/duefte\/vegas-ambience\/autoduft\/aetherisches-oel-aloe-spa-10ml\/\" target=\"_blank\" rel=\"noopener\" data-hveid=\"0\" data-ved=\"0CAAQ_4QMahgKEwi727OZ6aSTAxUAAAAAHQAAAAAQqwM\">Huile essentielle Aloe Spa<\/a>, si vous aimez une ambiance particuli\u00e8rement chaleureuse le soir.<\/p>\n<h2 data-path-to-node=\"13\">Conseils d&#039;application pour votre huile essentielle Dream<\/h2>\n<p data-path-to-node=\"14\">Depuis lors <b data-path-to-node=\"14\" data-index-in-node=\"7\">Huile essentielle de r\u00eave<\/b> Gr\u00e2ce \u00e0 sa haute concentration, vous pouvez l&#039;utiliser avec parcimonie. Voici mes utilisations pr\u00e9f\u00e9r\u00e9es de ce produit de bien-\u00eatre exceptionnel\u00a0:<\/p>\n<ul data-path-to-node=\"15\">\n<li>\n<p data-path-to-node=\"15,0,0\"><b data-path-to-node=\"15,0,0\" data-index-in-node=\"0\">Aide au sommeil :<\/b> Ajoutez 2 \u00e0 3 gouttes de <b data-path-to-node=\"15,0,0\" data-index-in-node=\"37\">Huile essentielle de r\u00eave<\/b> Placez-le dans votre diffuseur de chambre environ 30 minutes avant d&#039;aller vous coucher.<\/p>\n<\/li>\n<li>\n<p data-path-to-node=\"15,1,0\"><b data-path-to-node=\"15,1,0\" data-index-in-node=\"0\">Ambiance chaleureuse :<\/b> Dans une lampe \u00e0 parfum classique, le <b data-path-to-node=\"15,1,0\" data-index-in-node=\"62\">Huile essentielle de r\u00eave<\/b> La chaleur de la bougie d\u00e9gage une douce note d&#039;amande.<\/p>\n<\/li>\n<li>\n<p data-path-to-node=\"15,2,0\"><b data-path-to-node=\"15,2,0\" data-index-in-node=\"0\">M\u00e9lange cr\u00e9atif :<\/b> Essayez une combinaison des <b data-path-to-node=\"15,2,0\" data-index-in-node=\"47\">Huile essentielle de r\u00eave<\/b> et une chute <a class=\"ng-star-inserted\" href=\"https:\/\/gigistravelworld.de\/fr\/home-style\/wohnen-auto\/car-care\/autoduft-car-care\/aetherisches-oel-cherry-bomb-10ml\/\" target=\"_blank\" rel=\"noopener\" data-hveid=\"0\" data-ved=\"0CAAQ_4QMahgKEwi727OZ6aSTAxUAAAAAHQAAAAAQrAM\">Huile essentielle Cherry Bomb<\/a> pour un m\u00e9lange \u201e r\u00eave cerise-vanille \u201c !<\/p>\n<\/li>\n<\/ul>\n<h2 data-path-to-node=\"16\">La qualit\u00e9 de l&#039;huile essentielle Dream<\/h2>\n<p data-path-to-node=\"17\">Nous nous concentrons sur <b data-path-to-node=\"17\" data-index-in-node=\"16\">Huile essentielle de r\u00eave<\/b> Privil\u00e9giez la puret\u00e9 et la concentration. Pour vous, cela signifie\u00a0: aucune dilution inutile avec des huiles v\u00e9g\u00e9tales bon march\u00e9. Vous b\u00e9n\u00e9ficiez d\u2019un ar\u00f4me complet dans un flacon pratique de 10\u00a0ml qui se glisse facilement dans un tiroir de table de chevet.<\/p>\n<h2 data-path-to-node=\"18\">Questions fr\u00e9quemment pos\u00e9es sur l&#039;huile essentielle Dream (FAQ)<\/h2>\n<ul data-path-to-node=\"19\">\n<li>\n<p data-path-to-node=\"19,0,0\"><b data-path-to-node=\"19,0,0\" data-index-in-node=\"0\">Quelle est l&#039;odeur exacte de l&#039;huile essentielle Dream ?<\/b> Il \u00e9voque un cocktail luxueux et cr\u00e9meux d\u00e9gust\u00e9 sur la plage \u2013 sucr\u00e9 gr\u00e2ce \u00e0 la vanille, mais tr\u00e8s \u00e9l\u00e9gant gr\u00e2ce \u00e0 la note d&#039;amande et jamais artificiel.<\/p>\n<\/li>\n<li>\n<p data-path-to-node=\"19,1,0\"><b data-path-to-node=\"19,1,0\" data-index-in-node=\"0\">Puis-je appliquer l&#039;huile essentielle Dream directement sur ma peau\u00a0?<\/b> Non, \u00e7a <b data-path-to-node=\"19,1,0\" data-index-in-node=\"74\">Huile essentielle de r\u00eave<\/b> Il s&#039;agit d&#039;une huile parfum\u00e9e tr\u00e8s concentr\u00e9e pour l&#039;air ambiant. Pour une application cutan\u00e9e, elle doit toujours \u00eatre dilu\u00e9e avec une huile v\u00e9g\u00e9tale (par exemple, de l&#039;huile d&#039;amande douce).<\/p>\n<\/li>\n<li>\n<p data-path-to-node=\"19,2,0\"><b data-path-to-node=\"19,2,0\" data-index-in-node=\"0\">Combien de temps dure un flacon de 10 ml d&#039;huile essentielle Dream ?<\/b> \u00c0 une dose de 3 gouttes par jour, votre <b data-path-to-node=\"19,2,0\" data-index-in-node=\"116\">Huile essentielle de r\u00eave<\/b> Facilement 3 \u00e0 4 mois.<\/p>\n<\/li>\n<\/ul>\n<h2 data-path-to-node=\"20\">Aper\u00e7u des donn\u00e9es produit\u00a0:<\/h2>\n<table data-path-to-node=\"21\">\n<thead>\n<tr>\n<td><strong>Caract\u00e9ristiques<\/strong><\/td>\n<td><strong>D\u00e9tails<\/strong><\/td>\n<\/tr>\n<\/thead>\n<tbody>\n<tr>\n<td><span data-path-to-node=\"21,1,0,0\"><b data-path-to-node=\"21,1,0,0\" data-index-in-node=\"0\">Nom du produit<\/b><\/span><\/td>\n<td><span data-path-to-node=\"21,1,1,0\"><b data-path-to-node=\"21,1,1,0\" data-index-in-node=\"0\">Huile essentielle de r\u00eave<\/b><\/span><\/td>\n<\/tr>\n<tr>\n<td><span data-path-to-node=\"21,2,0,0\"><b data-path-to-node=\"21,2,0,0\" data-index-in-node=\"0\">Parfum<\/b><\/span><\/td>\n<td><span data-path-to-node=\"21,2,1,0\">Sucr\u00e9 \/ Cr\u00e9meux \/ Exotique<\/span><\/td>\n<\/tr>\n<tr>\n<td><span data-path-to-node=\"21,3,0,0\"><b data-path-to-node=\"21,3,0,0\" data-index-in-node=\"0\">Contenu<\/b><\/span><\/td>\n<td><span data-path-to-node=\"21,3,1,0\">flacon compte-gouttes de 10 ml<\/span><\/td>\n<\/tr>\n<tr>\n<td><span data-path-to-node=\"21,4,0,0\"><b data-path-to-node=\"21,4,0,0\" data-index-in-node=\"0\">Ingr\u00e9dients cl\u00e9s<\/b><\/span><\/td>\n<td><span data-path-to-node=\"21,4,1,0\">\u00c9thylvanilline, coumarine, benzoate de benzyle<\/span><\/td>\n<\/tr>\n<\/tbody>\n<\/table>\n<\/div>","protected":false},"excerpt":{"rendered":"<p data-path-to-node=\"4\"><b data-path-to-node=\"4\" data-index-in-node=\"0\">Des r\u00eaves doux au simple toucher d&#039;un bouton : Huile essentielle Dream (10 ml).<\/b><\/p>\n<p data-path-to-node=\"5\">D\u00e9connecte-toi du monde pendant un moment ! <b data-path-to-node=\"5\" data-index-in-node=\"39\">Huile essentielle de r\u00eave<\/b> Cette composition apaisante allie la douceur onctueuse de la vanille \u00e0 la l\u00e9g\u00e8ret\u00e9 exotique de la noix de coco et \u00e0 une d\u00e9licate note d&#039;amande. Huile aromatique hautement concentr\u00e9e, elle est id\u00e9ale pour cr\u00e9er une ambiance chaleureuse et r\u00e9confortante, propice \u00e0 un sentiment de s\u00e9curit\u00e9 et de bien-\u00eatre imm\u00e9diat. Quelques gouttes suffisent pour votre rituel de bien-\u00eatre du soir.<\/p>\n<ul data-path-to-node=\"6\">\n<li>\n<p data-path-to-node=\"6,0,0\">\u2705 <b data-path-to-node=\"6,0,0\" data-index-in-node=\"2\">Profil olfactif :<\/b> R\u00eave (Vanille, Noix de coco et Amande)<\/p>\n<\/li>\n<li>\n<p data-path-to-node=\"6,1,0\">\u2705 <b data-path-to-node=\"6,1,0\" data-index-in-node=\"2\">Taper:<\/b> Huile aromatique concentr\u00e9e pour un rendement maximal<\/p>\n<\/li>\n<li>\n<p data-path-to-node=\"6,2,0\">\u2705 <b data-path-to-node=\"6,2,0\" data-index-in-node=\"2\">Ambiance:<\/b> Relaxant, chaleureux et l\u00e9g\u00e8rement sucr\u00e9<\/p>\n<\/li>\n<li>\n<p data-path-to-node=\"6,3,0\">\u2705 <b data-path-to-node=\"6,3,0\" data-index-in-node=\"2\">Application:<\/b> Id\u00e9al pour les chambres, les espaces de d\u00e9tente et les diffuseurs<\/p>\n<\/li>\n<li>\n<p data-path-to-node=\"6,4,0\">\u2705 <b data-path-to-node=\"6,4,0\" data-index-in-node=\"2\">Prix : 6,00 \u20ac<\/b><\/p>\n<\/li>\n<\/ul>","protected":false},"featured_media":1246,"template":"","meta":{"_et_pb_use_builder":"","_et_pb_old_content":"","_et_gb_content_width":""},"product_brand":[63],"product_cat":[22,197,31,195,210,29,70],"product_tag":[],"class_list":{"0":"post-3554","1":"product","2":"type-product","3":"status-publish","4":"has-post-thumbnail","6":"product_brand-vegas-cosmetics-gmbh","7":"product_cat-duefte","8":"product_cat-autoduft-car-care","9":"product_cat-autoduft","10":"product_cat-car-care","11":"product_cat-home-style","12":"product_cat-vegas-ambience","13":"product_cat-wohnen-auto","15":"first","16":"instock","17":"shipping-taxable","18":"product-type-external"},"_links":{"self":[{"href":"https:\/\/gigistravelworld.de\/fr\/wp-json\/wp\/v2\/product\/3554","targetHints":{"allow":["GET"]}}],"collection":[{"href":"https:\/\/gigistravelworld.de\/fr\/wp-json\/wp\/v2\/product"}],"about":[{"href":"https:\/\/gigistravelworld.de\/fr\/wp-json\/wp\/v2\/types\/product"}],"wp:featuredmedia":[{"embeddable":true,"href":"https:\/\/gigistravelworld.de\/fr\/wp-json\/wp\/v2\/media\/1246"}],"wp:attachment":[{"href":"https:\/\/gigistravelworld.de\/fr\/wp-json\/wp\/v2\/media?parent=3554"}],"wp:term":[{"taxonomy":"product_brand","embeddable":true,"href":"https:\/\/gigistravelworld.de\/fr\/wp-json\/wp\/v2\/product_brand?post=3554"},{"taxonomy":"product_cat","embeddable":true,"href":"https:\/\/gigistravelworld.de\/fr\/wp-json\/wp\/v2\/product_cat?post=3554"},{"taxonomy":"product_tag","embeddable":true,"href":"https:\/\/gigistravelworld.de\/fr\/wp-json\/wp\/v2\/product_tag?post=3554"}],"curies":[{"name":"wp","href":"https:\/\/api.w.org\/{rel}","templated":true}]}}