{"id":3553,"date":"2025-08-23T20:56:05","date_gmt":"2025-08-23T18:56:05","guid":{"rendered":"https:\/\/gigistravelworld.de\/?post_type=product&#038;p=3553"},"modified":"2026-03-16T18:17:12","modified_gmt":"2026-03-16T17:17:12","slug":"aetherisches-oel-cherry-bomb-10ml","status":"publish","type":"product","link":"https:\/\/gigistravelworld.de\/fr\/aetherisches-oel-cherry-bomb-10ml\/","title":{"rendered":"Huile essentielle Cherry Bomb 10 ml | Cerise et vanille"},"content":{"rendered":"<h1 data-path-to-node=\"9\">Huile essentielle Cherry Bomb : Une touche de luxe et de douceur de cerise<\/h1>\n<p data-path-to-node=\"10\">Le <b data-path-to-node=\"10\" data-index-in-node=\"4\">Huile essentielle Cherry Bomb<\/b> est dans ma boutique <b data-path-to-node=\"10\" data-index-in-node=\"49\">Gigis Travel World<\/b> Le choix id\u00e9al pour ceux qui aiment les choses \u00e0 la fois douces et \u00e9l\u00e9gantes. <a class=\"ng-star-inserted\" href=\"https:\/\/gigistravelworld.de\/fr\/gigis-travel-world-ueber-mich\/\" target=\"_blank\" rel=\"noopener\" data-hveid=\"0\" data-ved=\"0CAAQ_4QMahgKEwi727OZ6aSTAxUAAAAAHQAAAAAQ4AI\">Style de vie professionnel<\/a> J&#039;utilise \u00e7a <b data-path-to-node=\"10\" data-index-in-node=\"181\">Huile essentielle Cherry Bomb<\/b> Souvent l&#039;apr\u00e8s-midi pour me remonter le moral et me ressourcer. La note de cerise est pr\u00e9sente et juteuse, tandis que la composante amande conf\u00e8re au parfum une profondeur presque cr\u00e9meuse. Pour seulement <b data-path-to-node=\"10\" data-index-in-node=\"406\">6,00 \u20ac<\/b> Apportez ce r\u00eave fruit\u00e9 directement chez vous.<\/p>\n<h2 data-path-to-node=\"11\">La composition \u00e9l\u00e9gante de l&#039;huile essentielle Cherry Bomb<\/h2>\n<p data-path-to-node=\"12\">Le nom \u201e Cherry Bomb \u201c ne se r\u00e9sume pas \u00e0 un simple fruit. La formule de <b data-path-to-node=\"12\" data-index-in-node=\"74\">Huile essentielle Cherry Bomb<\/b> est tr\u00e8s complexe. Des ingr\u00e9dients tels que <a class=\"ng-star-inserted\" href=\"https:\/\/de.wikipedia.org\/wiki\/Cumarin\" target=\"_blank\" rel=\"noopener nofollow\" data-hveid=\"0\" data-ved=\"0CAAQ_4QMahgKEwi727OZ6aSTAxUAAAAAHQAAAAAQ4QI\">Coumarin<\/a> (connu pour son parfum de foin et d&#039;amande) et authentique <b data-path-to-node=\"12\" data-index-in-node=\"205\">Vanilline<\/b> fournir une base chaleureuse. Gr\u00e2ce \u00e0 l&#039;ajout de <b data-path-to-node=\"12\" data-index-in-node=\"262\">OTNE<\/b> (Iso E Super) d\u00e9veloppe le <b data-path-to-node=\"12\" data-index-in-node=\"296\">Huile essentielle Cherry Bomb<\/b> une aura velout\u00e9e qui persiste dans la pi\u00e8ce pendant des heures sans \u00eatre intrusive.<\/p>\n<h2 data-path-to-node=\"13\">Voici comment utiliser au mieux votre huile essentielle Cherry Bomb<\/h2>\n<p data-path-to-node=\"14\">Depuis lors <b data-path-to-node=\"14\" data-index-in-node=\"7\">Huile essentielle Cherry Bomb<\/b> Comme il est extr\u00eamement concentr\u00e9, vous pouvez exp\u00e9rimenter avec le dosage. Voici mes dosages pr\u00e9f\u00e9r\u00e9s\u00a0:<\/p>\n<ul data-path-to-node=\"15\">\n<li>\n<p data-path-to-node=\"15,0,0\"><b data-path-to-node=\"15,0,0\" data-index-in-node=\"0\">Faites de beaux r\u00eaves dans le salon :<\/b> Ajoutez 4 \u00e0 5 gouttes de <b data-path-to-node=\"15,0,0\" data-index-in-node=\"47\">Huile essentielle Cherry Bomb<\/b> dans votre diffuseur ultrasonique pour une soir\u00e9e cin\u00e9ma cosy.<\/p>\n<\/li>\n<li>\n<p data-path-to-node=\"15,1,0\"><b data-path-to-node=\"15,1,0\" data-index-in-node=\"0\">Le bain aux cerises :<\/b> D\u00e9posez quelques gouttes de <b data-path-to-node=\"15,1,0\" data-index-in-node=\"45\">Huile essentielle Cherry Bomb<\/b> sur un pot-pourri sans parfum dans la salle de bain.<\/p>\n<\/li>\n<li>\n<p data-path-to-node=\"15,2,0\"><b data-path-to-node=\"15,2,0\" data-index-in-node=\"0\">Conseil pour le mixage :<\/b> Si vous le pr\u00e9f\u00e9rez un peu plus amer, m\u00e9langez-le. <b data-path-to-node=\"15,2,0\" data-index-in-node=\"52\">Huile essentielle Cherry Bomb<\/b> avec une goutte de notre <a class=\"ng-star-inserted\" href=\"https:\/\/gigistravelworld.de\/fr\/beauty-care\/duefte\/aetherisches-oel-black-wood-10ml\/\" target=\"_blank\" rel=\"noopener\" data-hveid=\"0\" data-ved=\"0CAAQ_4QMahgKEwi727OZ6aSTAxUAAAAAHQAAAAAQ4gI\">Huile essentielle de bois noir<\/a> \u2013 une combinaison incroyablement \u00e9l\u00e9gante !<\/p>\n<\/li>\n<\/ul>\n<h2 data-path-to-node=\"16\">Pourquoi l&#039;huile essentielle Cherry Bomb est un v\u00e9ritable best-seller<\/h2>\n<p data-path-to-node=\"17\">Tout est une question d&#039;\u00e9quilibre. Beaucoup de parfums \u00e0 la cerise semblent artificiels, mais celui-ci\u2026 <b data-path-to-node=\"17\" data-index-in-node=\"65\">Huile essentielle Cherry Bomb<\/b> Il offre un \u00e9quilibre parfait entre une saveur fruit\u00e9e authentique et un parfum d&#039;ambiance raffin\u00e9. Il conf\u00e8re \u00e0 chaque pi\u00e8ce une touche sp\u00e9ciale que les invit\u00e9s remarqueront et appr\u00e9cieront imm\u00e9diatement.<\/p>\n<h2 data-path-to-node=\"18\">Questions fr\u00e9quemment pos\u00e9es sur l&#039;huile essentielle Cherry Bomb (FAQ)<\/h2>\n<ul data-path-to-node=\"19\">\n<li>\n<p data-path-to-node=\"19,0,0\"><b data-path-to-node=\"19,0,0\" data-index-in-node=\"0\">Quelle est l&#039;odeur exacte de l&#039;huile essentielle Cherry Bomb ?<\/b> Imaginez des cerises noires fra\u00eechement cueillies, garnies d&#039;une d\u00e9licate touche de massepain et d&#039;un soup\u00e7on de vanille. <b data-path-to-node=\"19,0,0\" data-index-in-node=\"176\">Huile essentielle Cherry Bomb<\/b> \u00c7a sent tout simplement \u201ed\u00e9licieux\u201c et \u00e9l\u00e9gant.<\/p>\n<\/li>\n<li>\n<p data-path-to-node=\"19,1,0\"><b data-path-to-node=\"19,1,0\" data-index-in-node=\"0\">Combien de temps dure une bouteille d&#039;huile essentielle Cherry Bomb\u00a0?<\/b> Comme vous n&#039;avez besoin que de tr\u00e8s petites quantit\u00e9s pour un diffuseur standard, le flacon de 10 ml de [nom de la marque] est suffisant. <b data-path-to-node=\"19,1,0\" data-index-in-node=\"157\">Huile essentielle Cherry Bomb<\/b> En cas d&#039;utilisation quotidienne, souvent pendant plusieurs mois.<\/p>\n<\/li>\n<li>\n<p data-path-to-node=\"19,2,0\"><b data-path-to-node=\"19,2,0\" data-index-in-node=\"0\">Puis-je utiliser l&#039;huile essentielle Cherry Bomb pour les bougies ?<\/b> Oui, \u00e7a <b data-path-to-node=\"19,2,0\" data-index-in-node=\"66\">Huile essentielle Cherry Bomb<\/b> Il est id\u00e9al pour parfumer la cire ou les pierres parfum\u00e9es.<\/p>\n<\/li>\n<\/ul>\n<h2 data-path-to-node=\"20\">Aper\u00e7u des donn\u00e9es produit\u00a0:<\/h2>\n<table data-path-to-node=\"21\">\n<thead>\n<tr>\n<td><strong>Caract\u00e9ristiques<\/strong><\/td>\n<td><strong>D\u00e9tails<\/strong><\/td>\n<\/tr>\n<\/thead>\n<tbody>\n<tr>\n<td><span data-path-to-node=\"21,1,0,0\"><b data-path-to-node=\"21,1,0,0\" data-index-in-node=\"0\">Nom du produit<\/b><\/span><\/td>\n<td><span data-path-to-node=\"21,1,1,0\"><b data-path-to-node=\"21,1,1,0\" data-index-in-node=\"0\">Huile essentielle Cherry Bomb<\/b><\/span><\/td>\n<\/tr>\n<tr>\n<td><span data-path-to-node=\"21,2,0,0\"><b data-path-to-node=\"21,2,0,0\" data-index-in-node=\"0\">Parfum<\/b><\/span><\/td>\n<td><span data-path-to-node=\"21,2,1,0\">Fruit\u00e9-sucr\u00e9 \/ Gourmand<\/span><\/td>\n<\/tr>\n<tr>\n<td><span data-path-to-node=\"21,3,0,0\"><b data-path-to-node=\"21,3,0,0\" data-index-in-node=\"0\">Contenu<\/b><\/span><\/td>\n<td><span data-path-to-node=\"21,3,1,0\">flacon compte-gouttes de 10 ml<\/span><\/td>\n<\/tr>\n<tr>\n<td><span data-path-to-node=\"21,4,0,0\"><b data-path-to-node=\"21,4,0,0\" data-index-in-node=\"0\">Ingr\u00e9dients cl\u00e9s<\/b><\/span><\/td>\n<td><span data-path-to-node=\"21,4,1,0\">Vanilline, coumarine, benzoate de benzyle<\/span><\/td>\n<\/tr>\n<\/tbody>\n<\/table>","protected":false},"excerpt":{"rendered":"<p data-path-to-node=\"4\"><b data-path-to-node=\"4\" data-index-in-node=\"0\">Une douce tentation en flacon de 10 ml : l&#039;huile essentielle Cherry Bomb.<\/b><\/p>\n<p data-path-to-node=\"5\">Pr\u00eats pour une explosion de parfum ? Mon <b data-path-to-node=\"5\" data-index-in-node=\"36\">Huile essentielle Cherry Bomb<\/b> Ce parfum enchante par son irr\u00e9sistible m\u00e9lange de cerise juteuse, d&#039;amande douce et d&#039;une touche de vanille chaleureuse. Cette huile aromatique hautement concentr\u00e9e unit \u00e9l\u00e9gance et plaisir absolu. Quelques gouttes suffisent pour transformer votre pi\u00e8ce en une oasis de bien-\u00eatre raffin\u00e9e, embaum\u00e9e d&#039;une pure joie de vivre.<\/p>\n<ul data-path-to-node=\"6\">\n<li>\n<p data-path-to-node=\"6,0,0\">\u2705 <b data-path-to-node=\"6,0,0\" data-index-in-node=\"2\">Note olfactive :<\/b> Cherry Bomb (Cerise, Amande et Vanille)<\/p>\n<\/li>\n<li>\n<p data-path-to-node=\"6,1,0\">\u2705 <b data-path-to-node=\"6,1,0\" data-index-in-node=\"2\">Taper:<\/b> Huile aromatique hautement concentr\u00e9e et \u00e9conomique<\/p>\n<\/li>\n<li>\n<p data-path-to-node=\"6,2,0\">\u2705 <b data-path-to-node=\"6,2,0\" data-index-in-node=\"2\">Ambiance:<\/b> Chaleureux, doux et s\u00e9duisant<\/p>\n<\/li>\n<li>\n<p data-path-to-node=\"6,3,0\">\u2705 <b data-path-to-node=\"6,3,0\" data-index-in-node=\"2\">Mission:<\/b> Id\u00e9al pour les diffuseurs, les lampes \u00e0 parfum et les projets de bricolage.<\/p>\n<\/li>\n<li>\n<p data-path-to-node=\"6,4,0\">\u2705 <b data-path-to-node=\"6,4,0\" data-index-in-node=\"2\">Prix : 6,00 \u20ac<\/b><\/p>\n<\/li>\n<\/ul>","protected":false},"featured_media":1245,"template":"","meta":{"_et_pb_use_builder":"","_et_pb_old_content":"","_et_gb_content_width":""},"product_brand":[63],"product_cat":[197,31,195,22,210,29,70],"product_tag":[],"class_list":{"0":"post-3553","1":"product","2":"type-product","3":"status-publish","4":"has-post-thumbnail","6":"product_brand-vegas-cosmetics-gmbh","7":"product_cat-autoduft-car-care","8":"product_cat-autoduft","9":"product_cat-car-care","10":"product_cat-duefte","11":"product_cat-home-style","12":"product_cat-vegas-ambience","13":"product_cat-wohnen-auto","15":"first","16":"instock","17":"shipping-taxable","18":"product-type-external"},"_links":{"self":[{"href":"https:\/\/gigistravelworld.de\/fr\/wp-json\/wp\/v2\/product\/3553","targetHints":{"allow":["GET"]}}],"collection":[{"href":"https:\/\/gigistravelworld.de\/fr\/wp-json\/wp\/v2\/product"}],"about":[{"href":"https:\/\/gigistravelworld.de\/fr\/wp-json\/wp\/v2\/types\/product"}],"wp:featuredmedia":[{"embeddable":true,"href":"https:\/\/gigistravelworld.de\/fr\/wp-json\/wp\/v2\/media\/1245"}],"wp:attachment":[{"href":"https:\/\/gigistravelworld.de\/fr\/wp-json\/wp\/v2\/media?parent=3553"}],"wp:term":[{"taxonomy":"product_brand","embeddable":true,"href":"https:\/\/gigistravelworld.de\/fr\/wp-json\/wp\/v2\/product_brand?post=3553"},{"taxonomy":"product_cat","embeddable":true,"href":"https:\/\/gigistravelworld.de\/fr\/wp-json\/wp\/v2\/product_cat?post=3553"},{"taxonomy":"product_tag","embeddable":true,"href":"https:\/\/gigistravelworld.de\/fr\/wp-json\/wp\/v2\/product_tag?post=3553"}],"curies":[{"name":"wp","href":"https:\/\/api.w.org\/{rel}","templated":true}]}}