{"id":3552,"date":"2025-08-23T20:56:05","date_gmt":"2025-08-23T18:56:05","guid":{"rendered":"https:\/\/gigistravelworld.de\/?post_type=product&#038;p=3552"},"modified":"2026-03-16T18:10:46","modified_gmt":"2026-03-16T17:10:46","slug":"aetherisches-oel-black-wood-10ml","status":"publish","type":"product","link":"https:\/\/gigistravelworld.de\/fr\/aetherisches-oel-black-wood-10ml\/","title":{"rendered":"Huile essentielle de bois noir 10 ml | \u00c9pic\u00e9e et \u00e9l\u00e9gante"},"content":{"rendered":"<div id=\"headingOne\" class=\"panel-heading\" role=\"tab\">\n<h4 class=\"panel-title\"><span style=\"font-size: 30px;\">Huile essentielle de bois noir\u00a0: De puissantes notes bois\u00e9es pour votre maison<\/span><\/h4>\n<p data-path-to-node=\"10\">Le <b data-path-to-node=\"10\" data-index-in-node=\"4\">Huile essentielle de bois noir<\/b> est dans ma boutique <b data-path-to-node=\"10\" data-index-in-node=\"48\">Gigis Travel World<\/b> Le summum absolu pour les amateurs de parfums uniques. <a class=\"ng-star-inserted\" href=\"https:\/\/gigistravelworld.de\/fr\/gigis-travel-world-ueber-mich\/\" target=\"_blank\" rel=\"noopener\" data-hveid=\"0\" data-ved=\"0CAAQ_4QMahgKEwi727OZ6aSTAxUAAAAAHQAAAAAQpQI\">Style de vie professionnel<\/a> J&#039;appr\u00e9cie les parfums qui d\u00e9gagent une impression de calme tout en exprimant une pr\u00e9sence. <b data-path-to-node=\"10\" data-index-in-node=\"232\">Huile essentielle de bois noir<\/b> Voil\u00e0 exactement le type de candidat : il est lourd, \u00e9l\u00e9gant, et sa base bois\u00e9e lui conf\u00e8re une assise extr\u00eamement solide. Pour seulement <b data-path-to-node=\"10\" data-index-in-node=\"363\">6,00 \u20ac<\/b> Vous pouvez vous procurer ici un concentr\u00e9 qui transforme n&#039;importe quelle pi\u00e8ce en un hall d&#039;h\u00f4tel exclusif.<\/p>\n<h2 data-path-to-node=\"11\">La profondeur olfactive de l&#039;huile essentielle de bois noir<\/h2>\n<p data-path-to-node=\"12\">Le secret de ce parfum r\u00e9side dans sa complexit\u00e9. <b data-path-to-node=\"12\" data-index-in-node=\"62\">Huile essentielle de bois noir<\/b> \u00e0 base d&#039;ingr\u00e9dients tels que <b data-path-to-node=\"12\" data-index-in-node=\"118\">\u00c9ther m\u00e9thyl c\u00e9dylique<\/b> et <b data-path-to-node=\"12\" data-index-in-node=\"142\">Iso E Super<\/b>, connues pour leurs notes bois\u00e9es chaudes et velout\u00e9es. Compl\u00e9t\u00e9es par <b data-path-to-node=\"12\" data-index-in-node=\"220\">Coumarin<\/b> Les notes florales cr\u00e9ent un profil olfactif qui se distingue nettement des parfums d&#039;int\u00e9rieur classiques. <b data-path-to-node=\"12\" data-index-in-node=\"334\">Huile essentielle de bois noir<\/b> Ce n&#039;est pas un parfum \u00e9ph\u00e9m\u00e8re, c&#039;est une signature durable.<\/p>\n<h2 data-path-to-node=\"13\">Conseils d&#039;utilisation de votre huile essentielle de bois noir<\/h2>\n<p data-path-to-node=\"14\">Depuis lors <b data-path-to-node=\"14\" data-index-in-node=\"7\">Huile essentielle de bois noir<\/b> En cas de forte concentration, il vaut souvent mieux en mettre moins. Voici mes conseils pour une utilisation optimale\u00a0:<\/p>\n<ul data-path-to-node=\"15\">\n<li>\n<p data-path-to-node=\"15,0,0\"><b data-path-to-node=\"15,0,0\" data-index-in-node=\"0\">D\u00e9tente en soir\u00e9e :<\/b> Ajouter 3 \u00e0 4 gouttes de <b data-path-to-node=\"15,0,0\" data-index-in-node=\"39\">Huile essentielle de bois noir<\/b> Versez-en dans votre diffuseur pour vous aider \u00e0 vous d\u00e9tendre apr\u00e8s une longue journ\u00e9e.<\/p>\n<\/li>\n<li>\n<p data-path-to-node=\"15,1,0\"><b data-path-to-node=\"15,1,0\" data-index-in-node=\"0\">Stimulation intensive\u00a0:<\/b> Pour les pi\u00e8ces plus grandes, vous pouvez faire ceci <b data-path-to-node=\"15,1,0\" data-index-in-node=\"48\">Huile essentielle de bois noir<\/b> merveilleux avec notre <a class=\"ng-star-inserted\" href=\"https:\/\/gigistravelworld.de\/fr\/beauty-care\/duefte\/vegas-ambience\/diffusor\/raumduft-mit-natuerlichem-diffusor-100ml\/\" target=\"_blank\" rel=\"noopener\" data-hveid=\"0\" data-ved=\"0CAAQ_4QMahgKEwi727OZ6aSTAxUAAAAAHQAAAAAQpgI\">Parfum d&#039;ambiance avec diffuseur naturel Bois Noir<\/a> Associer pour renforcer la pr\u00e9sence du parfum.<\/p>\n<\/li>\n<li>\n<p data-path-to-node=\"15,2,0\"><b data-path-to-node=\"15,2,0\" data-index-in-node=\"0\">Ar\u00f4me de voiture :<\/b> Une goutte <b data-path-to-node=\"15,2,0\" data-index-in-node=\"24\">Huile essentielle de bois noir<\/b> Son discret coussinet en feutre cr\u00e9e une ambiance luxueuse dans votre v\u00e9hicule.<\/p>\n<\/li>\n<\/ul>\n<h2 data-path-to-node=\"16\">Pourquoi l&#039;huile essentielle de bois noir est un incontournable pour les individualistes<\/h2>\n<p data-path-to-node=\"17\">Ceux qui ne s&#039;int\u00e9ressent pas aux parfums floraux classiques trouveront leur bonheur parmi les <b data-path-to-node=\"17\" data-index-in-node=\"63\">Huile essentielle de bois noir<\/b> Son accomplissement. La profondeur \u00e9pic\u00e9e a un effet clarifiant sur l&#039;esprit et cr\u00e9e un environnement propice \u00e0 la concentration ou aux conversations profondes.<\/p>\n<h2 data-path-to-node=\"18\">Questions fr\u00e9quemment pos\u00e9es sur l&#039;huile essentielle de bois noir (FAQ)<\/h2>\n<ul data-path-to-node=\"19\">\n<li>\n<p data-path-to-node=\"19,0,0\"><b data-path-to-node=\"19,0,0\" data-index-in-node=\"0\">Quelle est l&#039;odeur exacte de l&#039;huile essentielle de bois noir\u00a0?<\/b> Imaginez un vieux club anglais\u00a0: du bois pr\u00e9cieux, une touche de cuir et des \u00e9pices raffin\u00e9es. C\u2019est pr\u00e9cis\u00e9ment l\u2019impression que cela donne. <b data-path-to-node=\"19,0,0\" data-index-in-node=\"184\">Huile essentielle de bois noir<\/b>.<\/p>\n<\/li>\n<li>\n<p data-path-to-node=\"19,1,0\"><b data-path-to-node=\"19,1,0\" data-index-in-node=\"0\">Puis-je m\u00e9langer l&#039;huile essentielle de bois noir avec d&#039;autres huiles ?<\/b> Oui ! Pour une touche plus douce, vous pouvez faire \u00e7a. <b data-path-to-node=\"19,1,0\" data-index-in-node=\"103\">Huile essentielle de bois noir<\/b> Il se marie parfaitement avec une goutte de vanille.<\/p>\n<\/li>\n<li>\n<p data-path-to-node=\"19,2,0\"><b data-path-to-node=\"19,2,0\" data-index-in-node=\"0\">L&#039;huile essentielle de bois de noir est-elle tr\u00e8s intense ?<\/b> Oui, c&#039;est l&#039;un de nos parfums les plus puissants. Nous vous recommandons de commencer par une petite quantit\u00e9. <b data-path-to-node=\"19,2,0\" data-index-in-node=\"141\">Huile essentielle de bois noir<\/b> pour commencer.<\/p>\n<\/li>\n<\/ul>\n<h2 data-path-to-node=\"20\">Aper\u00e7u des donn\u00e9es produit\u00a0:<\/h2>\n<table data-path-to-node=\"21\">\n<thead>\n<tr>\n<td><strong>Caract\u00e9ristiques<\/strong><\/td>\n<td><strong>D\u00e9tails<\/strong><\/td>\n<\/tr>\n<\/thead>\n<tbody>\n<tr>\n<td><span data-path-to-node=\"21,1,0,0\"><b data-path-to-node=\"21,1,0,0\" data-index-in-node=\"0\">Nom du produit<\/b><\/span><\/td>\n<td><span data-path-to-node=\"21,1,1,0\"><b data-path-to-node=\"21,1,1,0\" data-index-in-node=\"0\">Huile essentielle de bois noir<\/b><\/span><\/td>\n<\/tr>\n<tr>\n<td><span data-path-to-node=\"21,2,0,0\"><b data-path-to-node=\"21,2,0,0\" data-index-in-node=\"0\">Contenu<\/b><\/span><\/td>\n<td><span data-path-to-node=\"21,2,1,0\">Flacon en verre de 10 ml<\/span><\/td>\n<\/tr>\n<tr>\n<td><span data-path-to-node=\"21,3,0,0\"><b data-path-to-node=\"21,3,0,0\" data-index-in-node=\"0\">Notes olfactives<\/b><\/span><\/td>\n<td><span data-path-to-node=\"21,3,1,0\">Bois, \u00e9pices, notes fruit\u00e9es<\/span><\/td>\n<\/tr>\n<tr>\n<td><span data-path-to-node=\"21,4,0,0\"><b data-path-to-node=\"21,4,0,0\" data-index-in-node=\"0\">Ingr\u00e9dients cl\u00e9s<\/b><\/span><\/td>\n<td><span data-path-to-node=\"21,4,1,0\">Iso E Super, \u00e9ther m\u00e9thylique c\u00e9dylique, coumarine<\/span><\/td>\n<\/tr>\n<\/tbody>\n<\/table>\n<\/div>","protected":false},"excerpt":{"rendered":"<p data-path-to-node=\"4\"><b data-path-to-node=\"4\" data-index-in-node=\"0\">Une \u00e9l\u00e9gance profonde dans un flacon en verre de 10 ml : huile essentielle de Bois Noir.<\/b><\/p>\n<p data-path-to-node=\"5\">Affirmez votre style dans vos espaces ! Les miens <b data-path-to-node=\"5\" data-index-in-node=\"43\">Huile essentielle de bois noir<\/b> C&#039;est une fusion magistrale de bois aromatiques et d&#039;\u00e9pices pr\u00e9cieuses, sublim\u00e9e par une subtile note florale et fruit\u00e9e. Sous forme d&#039;huile hautement concentr\u00e9e, elle offre la mani\u00e8re la plus intense de d\u00e9couvrir ce parfum best-seller. Quelques gouttes suffisent pour cr\u00e9er une atmosph\u00e8re de sophistication et de luxe intemporel.<\/p>\n<ul data-path-to-node=\"6\">\n<li>\n<p data-path-to-node=\"6,0,0\">\u2705 <b data-path-to-node=\"6,0,0\" data-index-in-node=\"2\">Caract\u00e8re du parfum :<\/b> Bois\u00e9, \u00e9pic\u00e9 et plein de caract\u00e8re<\/p>\n<\/li>\n<li>\n<p data-path-to-node=\"6,1,0\">\u2705 <b data-path-to-node=\"6,1,0\" data-index-in-node=\"2\">Base:<\/b> Bois aromatique et \u00e9pices exotiques<\/p>\n<\/li>\n<li>\n<p data-path-to-node=\"6,2,0\">\u2705 <b data-path-to-node=\"6,2,0\" data-index-in-node=\"2\">Foule:<\/b> 10 ml d&#039;huile aromatique hautement concentr\u00e9e<\/p>\n<\/li>\n<li>\n<p data-path-to-node=\"6,3,0\">\u2705 <b data-path-to-node=\"6,3,0\" data-index-in-node=\"2\">F\u00e9condit\u00e9:<\/b> Suffisant pour des centaines d&#039;utilisations dans le diffuseur.<\/p>\n<\/li>\n<li>\n<p data-path-to-node=\"6,4,0\">\u2705 <b data-path-to-node=\"6,4,0\" data-index-in-node=\"2\">Prix : 6,00 \u20ac<\/b><\/p>\n<\/li>\n<\/ul>","protected":false},"featured_media":1244,"template":"","meta":{"_et_pb_use_builder":"","_et_pb_old_content":"","_et_gb_content_width":""},"product_brand":[63],"product_cat":[22,197,31,195,210,29,70],"product_tag":[],"class_list":{"0":"post-3552","1":"product","2":"type-product","3":"status-publish","4":"has-post-thumbnail","6":"product_brand-vegas-cosmetics-gmbh","7":"product_cat-duefte","8":"product_cat-autoduft-car-care","9":"product_cat-autoduft","10":"product_cat-car-care","11":"product_cat-home-style","12":"product_cat-vegas-ambience","13":"product_cat-wohnen-auto","15":"first","16":"instock","17":"shipping-taxable","18":"product-type-external"},"_links":{"self":[{"href":"https:\/\/gigistravelworld.de\/fr\/wp-json\/wp\/v2\/product\/3552","targetHints":{"allow":["GET"]}}],"collection":[{"href":"https:\/\/gigistravelworld.de\/fr\/wp-json\/wp\/v2\/product"}],"about":[{"href":"https:\/\/gigistravelworld.de\/fr\/wp-json\/wp\/v2\/types\/product"}],"wp:featuredmedia":[{"embeddable":true,"href":"https:\/\/gigistravelworld.de\/fr\/wp-json\/wp\/v2\/media\/1244"}],"wp:attachment":[{"href":"https:\/\/gigistravelworld.de\/fr\/wp-json\/wp\/v2\/media?parent=3552"}],"wp:term":[{"taxonomy":"product_brand","embeddable":true,"href":"https:\/\/gigistravelworld.de\/fr\/wp-json\/wp\/v2\/product_brand?post=3552"},{"taxonomy":"product_cat","embeddable":true,"href":"https:\/\/gigistravelworld.de\/fr\/wp-json\/wp\/v2\/product_cat?post=3552"},{"taxonomy":"product_tag","embeddable":true,"href":"https:\/\/gigistravelworld.de\/fr\/wp-json\/wp\/v2\/product_tag?post=3552"}],"curies":[{"name":"wp","href":"https:\/\/api.w.org\/{rel}","templated":true}]}}