{"id":3551,"date":"2025-08-23T20:56:05","date_gmt":"2025-08-23T18:56:05","guid":{"rendered":"https:\/\/gigistravelworld.de\/?post_type=product&#038;p=3551"},"modified":"2026-03-16T18:04:08","modified_gmt":"2026-03-16T17:04:08","slug":"aetherisches-oel-aloe-spa-10ml","status":"publish","type":"product","link":"https:\/\/gigistravelworld.de\/fr\/aetherisches-oel-aloe-spa-10ml\/","title":{"rendered":"Huile essentielle Aloe Spa 10 ml | Parfum frais concentr\u00e9"},"content":{"rendered":"<div id=\"headingOne\" class=\"panel-heading\" role=\"tab\">\n<h1 data-path-to-node=\"9\">Huile essentielle Aloe Spa : Un concentr\u00e9 de bien-\u00eatre pour vos sens<\/h1>\n<p data-path-to-node=\"10\">Le <b data-path-to-node=\"10\" data-index-in-node=\"4\">Spa aux huiles essentielles et \u00e0 l&#039;alo\u00e8s<\/b> est dans ma boutique <b data-path-to-node=\"10\" data-index-in-node=\"46\">Gigis Travel World<\/b> Le secret pour am\u00e9liorer instantan\u00e9ment la qualit\u00e9 de votre air int\u00e9rieur. <a class=\"ng-star-inserted\" href=\"https:\/\/gigistravelworld.de\/fr\/gigis-travel-world-ueber-mich\/\" target=\"_blank\" rel=\"noopener\" data-hveid=\"0\" data-ved=\"0CAAQ_4QMahgKEwi727OZ6aSTAxUAAAAAHQAAAAAQ4AE\">Style de vie professionnel<\/a> J&#039;utilise \u00e7a <b data-path-to-node=\"10\" data-index-in-node=\"166\">Spa aux huiles essentielles et \u00e0 l&#039;alo\u00e8s<\/b> J&#039;aime particuli\u00e8rement l&#039;utiliser \u00e0 mon bureau pour garder les id\u00e9es claires. L&#039;association du citron tonifiant et de l&#039;aloe vera doux a un effet clarifiant et rafra\u00eechissant. Pour un r\u00e9sultat imbattable. <b data-path-to-node=\"10\" data-index-in-node=\"374\">6,00 \u20ac<\/b> Vous recevrez ici un concentr\u00e9 qui vous permettra de profiter de votre parfum pendant des centaines d&#039;heures.<\/p>\n<h2 data-path-to-node=\"11\">La science derri\u00e8re le parfum\u00a0: pourquoi l\u2019huile essentielle Aloe Spa sent si bon<\/h2>\n<p data-path-to-node=\"12\">Ce qui rend cette huile si sp\u00e9ciale, c&#039;est sa composition complexe. Outre ses ar\u00f4mes naturels, elle contient\u2026 <b data-path-to-node=\"12\" data-index-in-node=\"107\">Spa aux huiles essentielles et \u00e0 l&#039;alo\u00e8s<\/b> des composants de haute qualit\u00e9 tels que <b data-path-to-node=\"12\" data-index-in-node=\"158\">Iso E Super<\/b> et <b data-path-to-node=\"12\" data-index-in-node=\"174\">m\u00e9thyldihydrojasmonates<\/b>, qui sont connues pour leur texture velout\u00e9e et leur adh\u00e9rence longue dur\u00e9e. <b data-path-to-node=\"12\" data-index-in-node=\"262\">Spa aux huiles essentielles et \u00e0 l&#039;alo\u00e8s<\/b> Ce n&#039;est pas une huile parfum\u00e9e ordinaire \u2013 c&#039;est une composition finement \u00e9labor\u00e9e qui allie profondeur et fra\u00eecheur.<\/p>\n<h2 data-path-to-node=\"13\">Utilisations de votre huile essentielle Aloe Spa<\/h2>\n<p data-path-to-node=\"14\">En raison de la forte concentration, <b data-path-to-node=\"14\" data-index-in-node=\"37\">Spa aux huiles essentielles et \u00e0 l&#039;alo\u00e8s<\/b> Un v\u00e9ritable indispensable pour votre maison. Voici mes utilisations pr\u00e9f\u00e9r\u00e9es\u00a0:<\/p>\n<ul data-path-to-node=\"15\">\n<li>\n<p data-path-to-node=\"15,0,0\"><b data-path-to-node=\"15,0,0\" data-index-in-node=\"0\">Diffuseur classique :<\/b> Injectez 3 \u00e0 5 gouttes de <b data-path-to-node=\"15,0,0\" data-index-in-node=\"42\">Huile essentielle Aloe Spa<\/b> dans l&#039;eau de votre diffuseur ultrasonique.<\/p>\n<\/li>\n<li>\n<p data-path-to-node=\"15,1,0\"><b data-path-to-node=\"15,1,0\" data-index-in-node=\"0\">Lampe \u00e0 parfum :<\/b> Quelques gouttes <b data-path-to-node=\"15,1,0\" data-index-in-node=\"28\">Huile essentielle Aloe Spa<\/b> Placez-le dans le bol rempli d&#039;eau et allumez une bougie chauffe-plat.<\/p>\n<\/li>\n<li>\n<p data-path-to-node=\"15,2,0\"><b data-path-to-node=\"15,2,0\" data-index-in-node=\"0\">Reprise cr\u00e9ative :<\/b> Arrosez ceci <b data-path-to-node=\"15,2,0\" data-index-in-node=\"35\">Spa aux huiles essentielles et \u00e0 l&#039;alo\u00e8s<\/b> sur des sachets de lavande ou des pierres d\u00e9coratives pour r\u00e9activer leur parfum.<\/p>\n<\/li>\n<li>\n<p data-path-to-node=\"15,3,0\"><b data-path-to-node=\"15,3,0\" data-index-in-node=\"0\">Conseil combin\u00e9\u00a0:<\/b> Si vous aimez le parfum de base, d\u00e9couvrez aussi notre <a class=\"ng-star-inserted\" href=\"https:\/\/gigistravelworld.de\/fr\/beauty-care\/duefte\/vegas-ambience\/diffusor\/raumduft-mit-natuerlichem-diffusor-100ml\/\" target=\"_blank\" rel=\"noopener\" data-hveid=\"0\" data-ved=\"0CAAQ_4QMahgKEwi727OZ6aSTAxUAAAAAHQAAAAAQ4QE\">Parfum d&#039;ambiance avec diffuseur naturel Aloe Spa<\/a> an \u2013 l\u2019huile est le compl\u00e9ment id\u00e9al pour des moments de fra\u00eecheur cibl\u00e9s.<\/p>\n<\/li>\n<\/ul>\n<h2 data-path-to-node=\"16\">Pourquoi l&#039;huile essentielle Aloe Spa se glisse dans tous les sacs<\/h2>\n<p data-path-to-node=\"17\">Avec son format compact de 10 ml, <b data-path-to-node=\"17\" data-index-in-node=\"42\">Spa aux huiles essentielles et \u00e0 l&#039;alo\u00e8s<\/b> Le compagnon de voyage id\u00e9al. Que ce soit dans une chambre d&#039;h\u00f4tel ou au bureau, une goutte de <b data-path-to-node=\"17\" data-index-in-node=\"146\">Huile essentielle Aloe Spa<\/b> Un simple coup de chiffon suffit \u00e0 neutraliser les odeurs d\u00e9sagr\u00e9ables et \u00e0 cr\u00e9er votre zone de confort personnelle.<\/p>\n<h2 data-path-to-node=\"18\">Foire aux questions sur l&#039;huile essentielle d&#039;aloe vera (FAQ)<\/h2>\n<ul data-path-to-node=\"19\">\n<li>\n<p data-path-to-node=\"19,0,0\"><b data-path-to-node=\"19,0,0\" data-index-in-node=\"0\">Quel est le meilleur dosage de l&#039;huile essentielle Aloe Spa ?<\/b> Commencez toujours par 2 ou 3 gouttes. Depuis lors, <b data-path-to-node=\"19,0,0\" data-index-in-node=\"91\">Spa aux huiles essentielles et \u00e0 l&#039;alo\u00e8s<\/b> Si vous \u00eates tr\u00e8s concentr\u00e9, vous pouvez augmenter l&#039;intensit\u00e9 \u00e0 votre guise.<\/p>\n<\/li>\n<li>\n<p data-path-to-node=\"19,1,0\"><b data-path-to-node=\"19,1,0\" data-index-in-node=\"0\">L&#039;huile essentielle Aloe Spa convient-elle \u00e0 tous les diffuseurs\u00a0?<\/b> Oui, \u00e7a <b data-path-to-node=\"19,1,0\" data-index-in-node=\"69\">Spa aux huiles essentielles et \u00e0 l&#039;alo\u00e8s<\/b> Il peut \u00eatre utilis\u00e9 dans la quasi-totalit\u00e9 des diffuseurs \u00e0 base d&#039;eau courants et des lampes \u00e0 parfum classiques.<\/p>\n<\/li>\n<li>\n<p data-path-to-node=\"19,2,0\"><b data-path-to-node=\"19,2,0\" data-index-in-node=\"0\">Combien de temps dure un flacon de 10 ml d&#039;huile essentielle Aloe Spa ?<\/b> Avec une utilisation r\u00e9guli\u00e8re, une bouteille dure <b data-path-to-node=\"19,2,0\" data-index-in-node=\"110\">Huile essentielle Aloe Spa<\/b> plusieurs mois, car vous n&#039;avez besoin que de tr\u00e8s petites quantit\u00e9s par application.<\/p>\n<\/li>\n<\/ul>\n<h2 data-path-to-node=\"20\">Aper\u00e7u des donn\u00e9es produit\u00a0:<\/h2>\n<table data-path-to-node=\"21\">\n<thead>\n<tr>\n<td><strong>Caract\u00e9ristiques<\/strong><\/td>\n<td><strong>D\u00e9tails<\/strong><\/td>\n<\/tr>\n<\/thead>\n<tbody>\n<tr>\n<td><span data-path-to-node=\"21,1,0,0\"><b data-path-to-node=\"21,1,0,0\" data-index-in-node=\"0\">Nom du produit<\/b><\/span><\/td>\n<td><span data-path-to-node=\"21,1,1,0\"><b data-path-to-node=\"21,1,1,0\" data-index-in-node=\"0\">Huile essentielle Aloe Spa<\/b><\/span><\/td>\n<\/tr>\n<tr>\n<td><span data-path-to-node=\"21,2,0,0\"><b data-path-to-node=\"21,2,0,0\" data-index-in-node=\"0\">Contenu<\/b><\/span><\/td>\n<td><span data-path-to-node=\"21,2,1,0\">10 ml de concentr\u00e9<\/span><\/td>\n<\/tr>\n<tr>\n<td><span data-path-to-node=\"21,3,0,0\"><b data-path-to-node=\"21,3,0,0\" data-index-in-node=\"0\">Caract\u00e8re du parfum<\/b><\/span><\/td>\n<td><span data-path-to-node=\"21,3,1,0\">Frais, agrumes, alo\u00e8s vera<\/span><\/td>\n<\/tr>\n<tr>\n<td><span data-path-to-node=\"21,4,0,0\"><b data-path-to-node=\"21,4,0,0\" data-index-in-node=\"0\">Ingr\u00e9dients principaux<\/b><\/span><\/td>\n<td><span data-path-to-node=\"21,4,1,0\">Iso E Super, dihydromyrc\u00e9nol, linalol<\/span><\/td>\n<\/tr>\n<\/tbody>\n<\/table>\n<\/div>","protected":false},"excerpt":{"rendered":"<p data-path-to-node=\"4\"><b data-path-to-node=\"4\" data-index-in-node=\"0\">Fra\u00eecheur concentr\u00e9e en gouttes : huile essentielle Aloe Spa (10 ml).<\/b><\/p>\n<p data-path-to-node=\"5\">Un maximum d&#039;ar\u00f4me, un minimum de format ! <b data-path-to-node=\"5\" data-index-in-node=\"38\">Huile essentielle Aloe Spa<\/b> Voici la solution concentr\u00e9e pour un air int\u00e9rieur terne. Son parfum doux et frais allie des notes d&#039;agrumes zest\u00e9es \u00e0 la douceur apaisante de l&#039;aloe vera. Huile aromatique hautement concentr\u00e9e, quelques gouttes suffisent pour cr\u00e9er durablement une ambiance spa. Id\u00e9ale pour les br\u00fbleurs d&#039;huile, les diffuseurs ou pour composer des pot-pourris rafra\u00eechissants.<\/p>\n<ul data-path-to-node=\"6\">\n<li>\n<p data-path-to-node=\"6,0,0\">\u2705 <b data-path-to-node=\"6,0,0\" data-index-in-node=\"2\">Note olfactive :<\/b> Spa \u00e0 l&#039;aloe vera (agrumes et aloe vera)<\/p>\n<\/li>\n<li>\n<p data-path-to-node=\"6,1,0\">\u2705 <b data-path-to-node=\"6,1,0\" data-index-in-node=\"2\">Taper:<\/b> Huile aromatique hautement concentr\u00e9e<\/p>\n<\/li>\n<li>\n<p data-path-to-node=\"6,2,0\">\u2705 <b data-path-to-node=\"6,2,0\" data-index-in-node=\"2\">Foule:<\/b> Flacon en verre de 10 ml avec insert compte-gouttes<\/p>\n<\/li>\n<li>\n<p data-path-to-node=\"6,3,0\">\u2705 <b data-path-to-node=\"6,3,0\" data-index-in-node=\"2\">Avantage:<\/b> Extr\u00eamement productif et polyvalent<\/p>\n<\/li>\n<li>\n<p data-path-to-node=\"6,4,0\">\u2705 <b data-path-to-node=\"6,4,0\" data-index-in-node=\"2\">Prix : 6,00 \u20ac<\/b><\/p>\n<\/li>\n<\/ul>","protected":false},"featured_media":1243,"template":"","meta":{"_et_pb_use_builder":"","_et_pb_old_content":"","_et_gb_content_width":""},"product_brand":[63],"product_cat":[197,31,195,22,210,29,70],"product_tag":[],"class_list":{"0":"post-3551","1":"product","2":"type-product","3":"status-publish","4":"has-post-thumbnail","6":"product_brand-vegas-cosmetics-gmbh","7":"product_cat-autoduft-car-care","8":"product_cat-autoduft","9":"product_cat-car-care","10":"product_cat-duefte","11":"product_cat-home-style","12":"product_cat-vegas-ambience","13":"product_cat-wohnen-auto","15":"first","16":"instock","17":"shipping-taxable","18":"product-type-external"},"_links":{"self":[{"href":"https:\/\/gigistravelworld.de\/fr\/wp-json\/wp\/v2\/product\/3551","targetHints":{"allow":["GET"]}}],"collection":[{"href":"https:\/\/gigistravelworld.de\/fr\/wp-json\/wp\/v2\/product"}],"about":[{"href":"https:\/\/gigistravelworld.de\/fr\/wp-json\/wp\/v2\/types\/product"}],"wp:featuredmedia":[{"embeddable":true,"href":"https:\/\/gigistravelworld.de\/fr\/wp-json\/wp\/v2\/media\/1243"}],"wp:attachment":[{"href":"https:\/\/gigistravelworld.de\/fr\/wp-json\/wp\/v2\/media?parent=3551"}],"wp:term":[{"taxonomy":"product_brand","embeddable":true,"href":"https:\/\/gigistravelworld.de\/fr\/wp-json\/wp\/v2\/product_brand?post=3551"},{"taxonomy":"product_cat","embeddable":true,"href":"https:\/\/gigistravelworld.de\/fr\/wp-json\/wp\/v2\/product_cat?post=3551"},{"taxonomy":"product_tag","embeddable":true,"href":"https:\/\/gigistravelworld.de\/fr\/wp-json\/wp\/v2\/product_tag?post=3551"}],"curies":[{"name":"wp","href":"https:\/\/api.w.org\/{rel}","templated":true}]}}