{"id":3550,"date":"2025-08-23T20:56:05","date_gmt":"2025-08-23T18:56:05","guid":{"rendered":"https:\/\/gigistravelworld.de\/?post_type=product&#038;p=3550"},"modified":"2026-03-16T17:57:40","modified_gmt":"2026-03-16T16:57:40","slug":"raumduft-mit-natuerlichem-diffusor-100ml","status":"publish","type":"product","link":"https:\/\/gigistravelworld.de\/fr\/raumduft-mit-natuerlichem-diffusor-100ml\/","title":{"rendered":"Parfum d&#039;ambiance avec diffuseur naturel 100 ml | 4 parfums | Vegas Ambiente"},"content":{"rendered":"<h1 data-path-to-node=\"10\">Parfum d&#039;ambiance avec diffuseur naturel : Votre signature olfactive personnelle pour votre maison<\/h1>\n<p data-path-to-node=\"11\">Le <b data-path-to-node=\"11\" data-index-in-node=\"4\">Parfum d&#039;ambiance avec diffuseur naturel<\/b> Vegas Ambiente est dans ma boutique <b data-path-to-node=\"11\" data-index-in-node=\"76\">Gigis Travel World<\/b> L&#039;introduction parfaite au monde des parfums d&#039;int\u00e9rieur professionnels. Dans mon <a class=\"ng-star-inserted\" href=\"https:\/\/gigistravelworld.de\/fr\/gigis-travel-world-ueber-mich\/\" target=\"_blank\" rel=\"noopener\" data-hveid=\"0\" data-ved=\"0CAAQ_4QMahcKEwi727OZ6aSTAxUAAAAAHQAAAAAQeA\">Style de vie professionnel<\/a> J&#039;accorde de l&#039;importance aux d\u00e9tails qui font la diff\u00e9rence. Une qualit\u00e9 \u00e9lev\u00e9e <b data-path-to-node=\"11\" data-index-in-node=\"265\">Parfum d&#039;ambiance avec diffuseur naturel<\/b> Elle ne se contente pas de masquer les odeurs, mais cr\u00e9e une atmosph\u00e8re de puret\u00e9 et d&#039;\u00e9l\u00e9gance. Pour seulement <b data-path-to-node=\"11\" data-index-in-node=\"399\">18,00 \u20ac<\/b> Vous investissez ici dans des semaines de bien-\u00eatre.<\/p>\n<h2 data-path-to-node=\"12\">Les quatre univers olfactifs de votre parfum d&#039;ambiance avec diffuseur naturel<\/h2>\n<p data-path-to-node=\"13\">Chaque chambre a son propre caract\u00e8re \u2013 et avec le <b data-path-to-node=\"13\" data-index-in-node=\"54\">Parfum d&#039;ambiance avec diffuseur naturel<\/b> Vous avez la libert\u00e9 de mettre l&#039;accent sur ce point individuellement. Choisissez parmi nos quatre meilleures ventes\u00a0:<\/p>\n<ol start=\"1\" data-path-to-node=\"14\">\n<li>\n<p data-path-to-node=\"14,0,0\"><b data-path-to-node=\"14,0,0\" data-index-in-node=\"0\">SPA \u00c0 L&#039;ALOE VERA :<\/b> La douce fra\u00eecheur des agrumes et de l&#039;aloe vera \u2013 parfaite pour la salle de bain.<\/p>\n<\/li>\n<li>\n<p data-path-to-node=\"14,1,0\"><b data-path-to-node=\"14,1,0\" data-index-in-node=\"0\">BAIE VERTE :<\/b> Des notes florales se m\u00ealent \u00e0 des nuances acidul\u00e9es pour une exp\u00e9rience olfactive clarifiante.<\/p>\n<\/li>\n<li>\n<p data-path-to-node=\"14,2,0\"><b data-path-to-node=\"14,2,0\" data-index-in-node=\"0\">BOIS NOIR :<\/b> Bois \u00e9pic\u00e9s et fleurs myst\u00e9rieuses \u2013 un incontournable du salon.<\/p>\n<\/li>\n<li>\n<p data-path-to-node=\"14,3,0\"><b data-path-to-node=\"14,3,0\" data-index-in-node=\"0\">BELLE BRISSE :<\/b> Un bouquet de mimosa et de vanille pour une douce brise chaude.<\/p>\n<\/li>\n<\/ol>\n<h2 data-path-to-node=\"15\">Conseils d&#039;utilisation pour votre diffuseur de parfum d&#039;ambiance naturel<\/h2>\n<p data-path-to-node=\"16\">La gestion de <b data-path-to-node=\"16\" data-index-in-node=\"19\">Parfum d&#039;ambiance avec diffuseur naturel<\/b> C&#039;est incroyablement simple, mais il existe quelques astuces pour une exp\u00e9rience optimale. Vous pouvez facilement contr\u00f4ler l&#039;intensit\u00e9 en ajustant le nombre de b\u00e2tonnets de rotin.<\/p>\n<ul data-path-to-node=\"17\">\n<li>\n<p data-path-to-node=\"17,0,0\"><b data-path-to-node=\"17,0,0\" data-index-in-node=\"0\">Parfum subtil :<\/b> Utilisez seulement 2 ou 3 b\u00e2tonnets dans le <b data-path-to-node=\"17,0,0\" data-index-in-node=\"41\">Parfum d&#039;ambiance avec diffuseur naturel<\/b>.<\/p>\n<\/li>\n<li>\n<p data-path-to-node=\"17,1,0\"><b data-path-to-node=\"17,1,0\" data-index-in-node=\"0\">Pleine puissance :<\/b> Ins\u00e9rez tous les b\u00e2tonnets et retournez-les tous les 3 \u00e0 4 jours pour maintenir la diffusion du parfum de votre diffuseur. <b data-path-to-node=\"17,1,0\" data-index-in-node=\"91\">Parfum d&#039;ambiance avec diffuseur naturel<\/b> r\u00e9activer.<\/p>\n<\/li>\n<li>\n<p data-path-to-node=\"17,2,0\"><b data-path-to-node=\"17,2,0\" data-index-in-node=\"0\">Durabilit\u00e9:<\/b> Une fois votre flacon de 100 ml vide, inutile de le jeter ! Utilisez simplement nos recharges \u00e9conomiques. <a class=\"ng-star-inserted\" href=\"https:\/\/gigistravelworld.de\/fr\/beauty-care\/duefte\/vegas-ambience\/diffusor\/raumduft-nachfuellpack-relaxing\/\" target=\"_blank\" rel=\"noopener\" data-hveid=\"0\" data-ved=\"0CAAQ_4QMahcKEwi727OZ6aSTAxUAAAAAHQAAAAAQeQ\">Recharges de parfum d&#039;ambiance de 500 ml<\/a>, que nous avons optimis\u00e9e hier.<\/p>\n<\/li>\n<\/ul>\n<h2 data-path-to-node=\"18\">Pourquoi un parfum d&#039;ambiance avec diffuseur naturel est le meilleur choix<\/h2>\n<p data-path-to-node=\"19\">Contrairement aux pulv\u00e9risateurs \u00e9lectriques, le <b data-path-to-node=\"19\" data-index-in-node=\"49\">Parfum d&#039;ambiance avec diffuseur naturel<\/b> Totalement silencieux et sans propulseurs artificiels. Les huiles de haute qualit\u00e9 p\u00e9n\u00e8trent lentement dans les tiges de rotin et sont diffus\u00e9es en continu dans l&#039;air ambiant. Cela permet <b data-path-to-node=\"19\" data-index-in-node=\"252\">Parfum d&#039;ambiance avec diffuseur naturel<\/b> Non seulement plus s\u00fbr, mais aussi nettement plus durable et esth\u00e9tiquement plus agr\u00e9able.<\/p>\n<h2 data-path-to-node=\"20\">Questions fr\u00e9quentes sur les parfums d&#039;ambiance diffus\u00e9s par des diffuseurs naturels (FAQ)<\/h2>\n<ul data-path-to-node=\"21\">\n<li>\n<p data-path-to-node=\"21,0,0\"><b data-path-to-node=\"21,0,0\" data-index-in-node=\"0\">Combien de temps dure le parfum d&#039;ambiance de 100 ml avec diffuseur naturel\u00a0?<\/b> En fonction du nombre de b\u00e2tonnets et de la temp\u00e9rature ambiante, <b data-path-to-node=\"21,0,0\" data-index-in-node=\"123\">Parfum d&#039;ambiance avec diffuseur naturel<\/b> Profitez du parfum pendant environ 4 \u00e0 8 semaines.<\/p>\n<\/li>\n<li>\n<p data-path-to-node=\"21,1,0\"><b data-path-to-node=\"21,1,0\" data-index-in-node=\"0\">Quel est le meilleur endroit pour placer un diffuseur de parfum d&#039;ambiance naturel ?<\/b> Id\u00e9alement, choisissez un endroit b\u00e9n\u00e9ficiant d&#039;une l\u00e9g\u00e8re circulation d&#039;air, mais sans courants d&#039;air directs, afin que l&#039;ar\u00f4me se diffuse uniform\u00e9ment.<\/p>\n<\/li>\n<li>\n<p data-path-to-node=\"21,2,0\"><b data-path-to-node=\"21,2,0\" data-index-in-node=\"0\">Puis-je r\u00e9utiliser les tiges de mon diffuseur de parfum d&#039;ambiance avec un diffuseur naturel\u00a0?<\/b> Lors d&#039;un changement de parfum, nous recommandons des parfums frais. <a class=\"ng-star-inserted\" href=\"https:\/\/gigistravelworld.de\/fr\/beauty-care\/duefte\/vegas-ambience\/diffusor\/raumduft-staebchen\/\" target=\"_blank\" rel=\"noopener\" data-hveid=\"0\" data-ved=\"0CAAQ_4QMahcKEwi727OZ6aSTAxUAAAAAHQAAAAAQeg\">diffuseur \u00e0 roseaux<\/a>, afin de ne pas alt\u00e9rer l&#039;ar\u00f4me.<\/p>\n<\/li>\n<\/ul>\n<h2 data-path-to-node=\"22\">Aper\u00e7u des donn\u00e9es produit\u00a0:<\/h2>\n<table data-path-to-node=\"23\">\n<thead>\n<tr>\n<td><strong>Caract\u00e9ristiques<\/strong><\/td>\n<td><strong>D\u00e9tails<\/strong><\/td>\n<\/tr>\n<\/thead>\n<tbody>\n<tr>\n<td><span data-path-to-node=\"23,1,0,0\"><b data-path-to-node=\"23,1,0,0\" data-index-in-node=\"0\">Nom du produit<\/b><\/span><\/td>\n<td><span data-path-to-node=\"23,1,1,0\"><b data-path-to-node=\"23,1,1,0\" data-index-in-node=\"0\">Parfum d&#039;ambiance avec diffuseur naturel<\/b><\/span><\/td>\n<\/tr>\n<tr>\n<td><span data-path-to-node=\"23,2,0,0\"><b data-path-to-node=\"23,2,0,0\" data-index-in-node=\"0\">Contenu<\/b><\/span><\/td>\n<td><span data-path-to-node=\"23,2,1,0\">bouteille en verre de 100 ml<\/span><\/td>\n<\/tr>\n<tr>\n<td><span data-path-to-node=\"23,3,0,0\"><b data-path-to-node=\"23,3,0,0\" data-index-in-node=\"0\">Type de diffusion<\/b><\/span><\/td>\n<td><span data-path-to-node=\"23,3,1,0\">b\u00e2tonnets de rotin naturel<\/span><\/td>\n<\/tr>\n<tr>\n<td><span data-path-to-node=\"23,4,0,0\"><b data-path-to-node=\"23,4,0,0\" data-index-in-node=\"0\">Variantes<\/b><\/span><\/td>\n<td><span data-path-to-node=\"23,4,1,0\">4 notes olfactives diff\u00e9rentes<\/span><\/td>\n<\/tr>\n<\/tbody>\n<\/table>","protected":false},"excerpt":{"rendered":"<p data-path-to-node=\"5\"><b data-path-to-node=\"5\" data-index-in-node=\"0\">Ambiance \u00e9l\u00e9gante et fra\u00eecheur naturelle : Parfum d&#039;ambiance avec diffuseur naturel (100 ml).<\/b><\/p>\n<p data-path-to-node=\"6\">Apportez cette sensation de bien-\u00eatre directement chez vous ! <b data-path-to-node=\"6\" data-index-in-node=\"52\">Parfum d&#039;ambiance avec diffuseur naturel<\/b> Les tiges de rotin de haute qualit\u00e9 assurent une diffusion homog\u00e8ne et durable du parfum. Aloe Vera vivifiant, Laurier vert acidul\u00e9 et frais, Bois noir \u00e9l\u00e9gant ou Brise douce et mimosa\u00a0: choisissez votre parfum pr\u00e9f\u00e9r\u00e9 et transformez n\u2019importe quelle pi\u00e8ce en un havre de bien-\u00eatre. Discret, efficace et v\u00e9ritable atout charme pour tout int\u00e9rieur.<\/p>\n<ul data-path-to-node=\"7\">\n<li>\n<p data-path-to-node=\"7,0,0\">\u2705 <b data-path-to-node=\"7,0,0\" data-index-in-node=\"2\">Syst\u00e8me:<\/b> Diffuseur naturel gr\u00e2ce \u00e0 des tiges de rotin de haute qualit\u00e9<\/p>\n<\/li>\n<li>\n<p data-path-to-node=\"7,1,0\">\u2705 <b data-path-to-node=\"7,1,0\" data-index-in-node=\"2\">S\u00e9lection:<\/b> 4 parfums exclusifs (Aloe Spa, Green Bay, Black Wood, Lovely Breeze)<\/p>\n<\/li>\n<li>\n<p data-path-to-node=\"7,2,0\">\u2705 <b data-path-to-node=\"7,2,0\" data-index-in-node=\"2\">Contenu:<\/b> 100 ml \u2013 id\u00e9al pour les salles de bains, les couloirs ou les bureaux<\/p>\n<\/li>\n<li>\n<p data-path-to-node=\"7,3,0\">\u2705 <b data-path-to-node=\"7,3,0\" data-index-in-node=\"2\">Avantage:<\/b> Intensit\u00e9 r\u00e9glable gr\u00e2ce au nombre de tiges<\/p>\n<\/li>\n<li>\n<p data-path-to-node=\"7,4,0\">\u2705 <b data-path-to-node=\"7,4,0\" data-index-in-node=\"2\">Prix : 18,00 \u20ac<\/b><\/p>\n<\/li>\n<\/ul>","protected":false},"featured_media":1242,"template":"","meta":{"_et_pb_use_builder":"","_et_pb_old_content":"","_et_gb_content_width":""},"product_brand":[63],"product_cat":[30,22,210,29],"product_tag":[],"class_list":{"0":"post-3550","1":"product","2":"type-product","3":"status-publish","4":"has-post-thumbnail","6":"product_brand-vegas-cosmetics-gmbh","7":"product_cat-diffusor","8":"product_cat-duefte","9":"product_cat-home-style","10":"product_cat-vegas-ambience","12":"first","13":"instock","14":"shipping-taxable","15":"product-type-external"},"_links":{"self":[{"href":"https:\/\/gigistravelworld.de\/fr\/wp-json\/wp\/v2\/product\/3550","targetHints":{"allow":["GET"]}}],"collection":[{"href":"https:\/\/gigistravelworld.de\/fr\/wp-json\/wp\/v2\/product"}],"about":[{"href":"https:\/\/gigistravelworld.de\/fr\/wp-json\/wp\/v2\/types\/product"}],"wp:featuredmedia":[{"embeddable":true,"href":"https:\/\/gigistravelworld.de\/fr\/wp-json\/wp\/v2\/media\/1242"}],"wp:attachment":[{"href":"https:\/\/gigistravelworld.de\/fr\/wp-json\/wp\/v2\/media?parent=3550"}],"wp:term":[{"taxonomy":"product_brand","embeddable":true,"href":"https:\/\/gigistravelworld.de\/fr\/wp-json\/wp\/v2\/product_brand?post=3550"},{"taxonomy":"product_cat","embeddable":true,"href":"https:\/\/gigistravelworld.de\/fr\/wp-json\/wp\/v2\/product_cat?post=3550"},{"taxonomy":"product_tag","embeddable":true,"href":"https:\/\/gigistravelworld.de\/fr\/wp-json\/wp\/v2\/product_tag?post=3550"}],"curies":[{"name":"wp","href":"https:\/\/api.w.org\/{rel}","templated":true}]}}