{"id":3540,"date":"2025-08-23T20:55:59","date_gmt":"2025-08-23T18:55:59","guid":{"rendered":"https:\/\/gigistravelworld.de\/?post_type=product&#038;p=3540"},"modified":"2026-03-18T17:05:11","modified_gmt":"2026-03-18T16:05:11","slug":"eau-de-parfum-men-nr-22-100ml","status":"publish","type":"product","link":"https:\/\/gigistravelworld.de\/fr\/eau-de-parfum-men-nr-22-100ml\/","title":{"rendered":"Eau de Parfum Homme N\u00b022 | 100 ml Classique pour Homme"},"content":{"rendered":"<h1 data-path-to-node=\"10\">Eau de Parfum Homme N\u00b0 22 : Un classique intemporel pour l&#039;homme moderne<\/h1>\n<p data-path-to-node=\"11\">Le <b data-path-to-node=\"11\" data-index-in-node=\"4\">Eau de Parfum Homme N\u00b0 22<\/b> est dans ma boutique <b data-path-to-node=\"11\" data-index-in-node=\"48\">Gigis Travel World<\/b> Bien plus qu&#039;un simple parfum, c&#039;est une affirmation d&#039;individualit\u00e9 et de confiance en soi. <a class=\"ng-star-inserted\" href=\"https:\/\/www.google.com\/search?q=https:\/\/gigistravelworld.de\/ueber-mich\/\" target=\"_blank\" rel=\"noopener\" data-hveid=\"0\" data-ved=\"0CAAQ_4QMahgKEwitz93x1qmTAxUAAAAAHQAAAAAQrQI\">Style de vie professionnel<\/a> Je rencontre de nombreux parfums, mais seuls quelques-uns poss\u00e8dent l&#039;\u00e9clat et la valeur de reconnaissance de celui-ci. <b data-path-to-node=\"11\" data-index-in-node=\"288\">Eau de Parfum Homme N\u00b0 22<\/b>. C&#039;est un parfum qui fait sensation aussi bien au bureau qu&#039;au restaurant. Pour un r\u00e9sultat incomparable. <b data-path-to-node=\"11\" data-index-in-node=\"403\">33,00 \u20ac<\/b> Voici 100 ml de pure masculinit\u00e9 qui n&#039;a besoin d&#039;aucun mot pour impressionner.<\/p>\n<h2 data-path-to-node=\"12\">La magie de l&#039;Eau de Parfum Homme N\u00b022<\/h2>\n<p data-path-to-node=\"13\">Le fait que Vegas ne fournisse pas de description officielle pour ce produit reste un myst\u00e8re. Peut-\u00eatre est-ce d\u00fb \u00e0 l&#039;odeur du <b data-path-to-node=\"13\" data-index-in-node=\"134\">Eau de Parfum Homme N\u00b0 22<\/b> Elle parle d&#039;elle-m\u00eame. Elle appartient \u00e0 la famille olfactive \u201e Orientale Foug\u00e8re \u201c, l&#039;une des cat\u00e9gories les plus complexes et fascinantes de la parfumerie. <b data-path-to-node=\"13\" data-index-in-node=\"309\">Eau de Parfum Homme N\u00b0 22<\/b> Elle parvient \u00e0 faire le lien entre une fra\u00eecheur extr\u00eame et une chaleur orientale profonde.<\/p>\n<h2 data-path-to-node=\"14\">La pyramide olfactive de l&#039;Eau de Parfum Homme n\u00b0 22<\/h2>\n<p data-path-to-node=\"15\">Pour comprendre pourquoi ceci <b data-path-to-node=\"15\" data-index-in-node=\"27\">Eau de Parfum Homme N\u00b0 22<\/b> Pour comprendre \u00e0 quel point c&#039;est addictif, il faut examiner les diff\u00e9rentes couches :<\/p>\n<ol start=\"1\" data-path-to-node=\"16\">\n<li>\n<p data-path-to-node=\"16,0,0\"><b data-path-to-node=\"16,0,0\" data-index-in-node=\"0\">La note de t\u00eate (la sensation de fra\u00eecheur) :<\/b> Lors de la premi\u00e8re pulv\u00e9risation <b data-path-to-node=\"16,0,0\" data-index-in-node=\"57\">Eau de Parfum Homme N\u00b0 22<\/b> Vous serez accueilli par une vague de menthe fra\u00eeche, de lavande apaisante et de bergamote zest\u00e9e. Cela donne le <b data-path-to-node=\"16,0,0\" data-index-in-node=\"197\">Eau de Parfum Homme N\u00b0 22<\/b> son aura dynamique et stimulante.<\/p>\n<\/li>\n<li>\n<p data-path-to-node=\"16,1,0\"><b data-path-to-node=\"16,1,0\" data-index-in-node=\"0\">La note du c\u0153ur (l&#039;\u00e2me \u00e9pic\u00e9e) :<\/b> Apr\u00e8s un court laps de temps, le <b data-path-to-node=\"16,1,0\" data-index-in-node=\"65\">Eau de Parfum Homme N\u00b0 22<\/b> Son c\u0153ur \u00e9pic\u00e9. La cannelle, le carvi et la fleur d&#039;oranger s&#039;entrem\u00ealent en un m\u00e9lange \u00e0 la fois masculin et l\u00e9g\u00e8rement floral. C&#039;est ce qui le rend si particulier. <b data-path-to-node=\"16,1,0\" data-index-in-node=\"237\">Eau de Parfum Homme N\u00b0 22<\/b> si multiforme.<\/p>\n<\/li>\n<li>\n<p data-path-to-node=\"16,2,0\"><b data-path-to-node=\"16,2,0\" data-index-in-node=\"0\">La note de fond (La profondeur sensuelle) :<\/b> Le secret de l&#039;extr\u00eame durabilit\u00e9 de <b data-path-to-node=\"16,2,0\" data-index-in-node=\"80\">Eau de Parfum Homme N\u00b0 22<\/b> Elle se trouve dans les notes de fond. La vanille, la f\u00e8ve tonka, le bois de santal et le c\u00e8dre offrent un sillage chaleureux et presque enveloppant qui persiste sur la peau pendant des heures.<\/p>\n<\/li>\n<\/ol>\n<h2 data-path-to-node=\"17\">Pourquoi l&#039;Eau de Parfum Homme n\u00b0 22 d\u00e9fie toute cat\u00e9gorisation<\/h2>\n<p data-path-to-node=\"18\">Les parfums sont souvent \u00e9tiquet\u00e9s \u201e uniquement pour l&#039;hiver \u201c ou \u201e uniquement pour l&#039;\u00e9t\u00e9 \u201c. <b data-path-to-node=\"18\" data-index-in-node=\"86\">Eau de Parfum Homme N\u00b0 22<\/b> Elle enfreint ces r\u00e8gles. La menthe lui conf\u00e8re une fra\u00eecheur estivale, tandis que la vanille et la cannelle apportent le r\u00e9confort n\u00e9cessaire en hiver. C&#039;est ce qui la rend si sp\u00e9ciale. <b data-path-to-node=\"18\" data-index-in-node=\"271\">Eau de Parfum Homme N\u00b0 22<\/b> jusqu&#039;au parfum signature parfait \u2013 une fragrance qui vous rendra reconnaissable toute l&#039;ann\u00e9e.<\/p>\n<h2 data-path-to-node=\"19\">Conseils d&#039;application : Comment tirer le meilleur parti de l&#039;Eau de Parfum Homme n\u00b0 22<\/h2>\n<p data-path-to-node=\"20\">Pour que les 100 ml de <b data-path-to-node=\"20\" data-index-in-node=\"21\">Eau de Parfum Homme N\u00b0 22<\/b> Pour des r\u00e9sultats optimaux, je recommande l&#039;application suivante\u00a0:<\/p>\n<ul data-path-to-node=\"21\">\n<li>\n<p data-path-to-node=\"21,0,0\"><b data-path-to-node=\"21,0,0\" data-index-in-node=\"0\">Imm\u00e9diatement apr\u00e8s la douche :<\/b> Les pores sont ouverts et absorbent les mol\u00e9cules odorantes de <b data-path-to-node=\"21,0,0\" data-index-in-node=\"81\">Eau de Parfum Homme N\u00b0 22<\/b> mieux.<\/p>\n<\/li>\n<li>\n<p data-path-to-node=\"21,1,0\"><b data-path-to-node=\"21,1,0\" data-index-in-node=\"0\">Moins, c&#039;est plus :<\/b> Comme il s&#039;agit d&#039;une eau de parfum de haute qualit\u00e9, 2 \u00e0 3 vaporisations suffisent. <b data-path-to-node=\"21,1,0\" data-index-in-node=\"99\">Eau de Parfum Homme N\u00b0 22<\/b> compl\u00e8tement d\u00e9connect\u00e9, afin d&#039;\u00eatre pr\u00e9sent toute la journ\u00e9e.<\/p>\n<\/li>\n<li>\n<p data-path-to-node=\"21,2,0\"><b data-path-to-node=\"21,2,0\" data-index-in-node=\"0\">Inclure les v\u00eatements\u00a0:<\/b> Vaporisez une touche de <b data-path-to-node=\"21,2,0\" data-index-in-node=\"45\">Eau de Parfum Homme N\u00b0 22<\/b> sur votre \u00e9charpe ou votre revers. Les textiles conservent les notes fondamentales de la <b data-path-to-node=\"21,2,0\" data-index-in-node=\"144\">Eau de Parfum Homme N\u00b0 22<\/b> souvent pendant des jours entiers.<\/p>\n<\/li>\n<\/ul>\n<h2 data-path-to-node=\"22\">Votre avantage chez Gigis Travel World<\/h2>\n<p data-path-to-node=\"23\">L&#039;ambiance de Las Vegas est r\u00e9put\u00e9e pour sa qualit\u00e9, et c&#039;est ce qui la caract\u00e9rise. <b data-path-to-node=\"23\" data-index-in-node=\"49\">Eau de Parfum Homme N\u00b0 22<\/b> C&#039;est le meilleur exemple. Alors que les grandes marques de cr\u00e9ateurs facturent souvent trois fois plus cher pour des compositions olfactives similaires, avec moi, vous obtenez\u2026 <b data-path-to-node=\"23\" data-index-in-node=\"223\">Eau de Parfum Homme N\u00b0 22<\/b> pour juste <b data-path-to-node=\"23\" data-index-in-node=\"258\">33,00 \u20ac<\/b>. Pas de campagnes marketing co\u00fbteuses, mais une priorit\u00e9 donn\u00e9e au contenu \u2013 c&#039;est ce qui rend cela si sp\u00e9cial. <b data-path-to-node=\"23\" data-index-in-node=\"352\">Eau de Parfum Homme N\u00b0 22<\/b> C&#039;est ce qui le rend si sp\u00e9cial.<\/p>\n<h2 data-path-to-node=\"24\">Questions fr\u00e9quentes sur l&#039;Eau de Parfum Homme n\u00b0 22 (FAQ)<\/h2>\n<ul data-path-to-node=\"25\">\n<li>\n<p data-path-to-node=\"25,0,0\"><b data-path-to-node=\"25,0,0\" data-index-in-node=\"0\">L&#039;Eau de Parfum Homme n\u00b0 22 est-elle plut\u00f4t sucr\u00e9e ou acidul\u00e9e ?<\/b> Le <b data-path-to-node=\"25,0,0\" data-index-in-node=\"57\">Eau de Parfum Homme N\u00b0 22<\/b> C&#039;est un m\u00e9lange magistral des deux. Il commence par une note acidul\u00e9e et fra\u00eeche, puis s&#039;adoucit en finale, laissant place \u00e0 des saveurs sucr\u00e9es et \u00e9pic\u00e9es.<\/p>\n<\/li>\n<li>\n<p data-path-to-node=\"25,1,0\"><b data-path-to-node=\"25,1,0\" data-index-in-node=\"0\">Combien de temps dure l&#039;Eau de Parfum Homme N\u00b0 22 ?<\/b> Non ouvert, il conserve <b data-path-to-node=\"25,1,0\" data-index-in-node=\"77\">Eau de Parfum Homme N\u00b0 22<\/b> Plusieurs ann\u00e9es. Une fois ouvert, conservez-le dans un endroit frais et sombre pour pr\u00e9server la qualit\u00e9 du parfum pendant plus de 24 mois.<\/p>\n<\/li>\n<li>\n<p data-path-to-node=\"25,2,0\"><b data-path-to-node=\"25,2,0\" data-index-in-node=\"0\">Puis-je offrir l&#039;Eau de Parfum Homme n\u00b0 22 en cadeau ?<\/b> Absolument ! <b data-path-to-node=\"25,2,0\" data-index-in-node=\"69\">Eau de Parfum Homme N\u00b0 22<\/b> C&#039;est l&#039;un des parfums pour hommes les plus populaires au monde et un choix s\u00fbr pour les hommes de tous \u00e2ges.<\/p>\n<\/li>\n<\/ul>\n<h2 data-path-to-node=\"26\">Aper\u00e7u des donn\u00e9es produit\u00a0:<\/h2>\n<table data-path-to-node=\"27\">\n<thead>\n<tr>\n<td><strong>Caract\u00e9ristiques<\/strong><\/td>\n<td><strong>D\u00e9tails<\/strong><\/td>\n<\/tr>\n<\/thead>\n<tbody>\n<tr>\n<td><span data-path-to-node=\"27,1,0,0\"><b data-path-to-node=\"27,1,0,0\" data-index-in-node=\"0\">Nom du produit<\/b><\/span><\/td>\n<td><span data-path-to-node=\"27,1,1,0\"><b data-path-to-node=\"27,1,1,0\" data-index-in-node=\"0\">Eau de Parfum Homme N\u00b0 22<\/b><\/span><\/td>\n<\/tr>\n<tr>\n<td><span data-path-to-node=\"27,2,0,0\"><b data-path-to-node=\"27,2,0,0\" data-index-in-node=\"0\">Famille de parfums<\/b><\/span><\/td>\n<td><span data-path-to-node=\"27,2,1,0\">Oriental \/ Foug\u00e8re<\/span><\/td>\n<\/tr>\n<tr>\n<td><span data-path-to-node=\"27,3,0,0\"><b data-path-to-node=\"27,3,0,0\" data-index-in-node=\"0\">Contenu<\/b><\/span><\/td>\n<td><span data-path-to-node=\"27,3,1,0\">100 ml<\/span><\/td>\n<\/tr>\n<tr>\n<td><span data-path-to-node=\"27,4,0,0\"><b data-path-to-node=\"27,4,0,0\" data-index-in-node=\"0\">Classes principales<\/b><\/span><\/td>\n<td><span data-path-to-node=\"27,4,1,0\">Menthe, lavande, cannelle, vanille<\/span><\/td>\n<\/tr>\n<tr>\n<td><span data-path-to-node=\"27,5,0,0\"><b data-path-to-node=\"27,5,0,0\" data-index-in-node=\"0\">Prix<\/b><\/span><\/td>\n<td><span data-path-to-node=\"27,5,1,0\">33,00 \u20ac<\/span><\/td>\n<\/tr>\n<\/tbody>\n<\/table>","protected":false},"excerpt":{"rendered":"<p data-path-to-node=\"5\"><b data-path-to-node=\"5\" data-index-in-node=\"0\">L&#039;incarnation de la libert\u00e9 et de la force : Eau de Parfum Homme No. 22 (100 ml).<\/b><\/p>\n<p data-path-to-node=\"6\">Un parfum qui a captiv\u00e9 des g\u00e9n\u00e9rations et qui reste pourtant intemporel ! <b data-path-to-node=\"6\" data-index-in-node=\"70\">Eau de Parfum Homme N\u00b0 22<\/b> est une composition puissante pour l&#039;homme moderne qui ne fait aucun compromis. S&#039;ouvrant sur une brise vivifiante de menthe, de lavande et de bergamote, elle \u00e9volue <b data-path-to-node=\"6\" data-index-in-node=\"274\">N\u00b0 22<\/b> un c\u0153ur \u00e9pic\u00e9 de cannelle et de fleur d&#039;oranger. La base persistante de vanille, de f\u00e8ve tonka et de bois pr\u00e9cieux en fait <b data-path-to-node=\"6\" data-index-in-node=\"409\">Eau de Parfum Homme N\u00b0 22<\/b> Un compagnon unique pour le jour et la nuit. Une exp\u00e9rience olfactive iconique dans un g\u00e9n\u00e9reux flacon de 100 ml.<\/p>\n<ul data-path-to-node=\"7\">\n<li>\n<p data-path-to-node=\"7,0,0\">\u2705 <b data-path-to-node=\"7,0,0\" data-index-in-node=\"2\">Type de parfum :<\/b> Foug\u00e8re orientale, fra\u00eeche &amp; \u00e9pic\u00e9e.<\/p>\n<\/li>\n<li>\n<p data-path-to-node=\"7,1,0\">\u2705 <b data-path-to-node=\"7,1,0\" data-index-in-node=\"2\">Points cl\u00e9s :<\/b> Menthe, lavande, cannelle et vanille.<\/p>\n<\/li>\n<li>\n<p data-path-to-node=\"7,2,0\">\u2705 <b data-path-to-node=\"7,2,0\" data-index-in-node=\"2\">Personnage:<\/b> Masculin, charismatique et s\u00e9duisant.<\/p>\n<\/li>\n<li>\n<p data-path-to-node=\"7,3,0\">\u2705 <b data-path-to-node=\"7,3,0\" data-index-in-node=\"2\">Qualit\u00e9:<\/b> Eau de parfum de haute qualit\u00e9 \u00e0 l&#039;excellente tenue.<\/p>\n<\/li>\n<li>\n<p data-path-to-node=\"7,4,0\">\u2705 <b data-path-to-node=\"7,4,0\" data-index-in-node=\"2\">Rapport qualit\u00e9-prix :<\/b> 100 ml de luxe pour seulement 33,00 \u20ac.<\/p>\n<\/li>\n<li>\n<p data-path-to-node=\"7,5,0\">\u2705 <b data-path-to-node=\"7,5,0\" data-index-in-node=\"2\">Prix : 33,00 \u20ac<\/b><\/p>\n<\/li>\n<\/ul>","protected":false},"featured_media":4369,"template":"","meta":{"_et_pb_use_builder":"","_et_pb_old_content":"","_et_gb_content_width":""},"product_brand":[63],"product_cat":[22,208,33,37],"product_tag":[],"class_list":{"0":"post-3540","1":"product","2":"type-product","3":"status-publish","4":"has-post-thumbnail","6":"product_brand-vegas-cosmetics-gmbh","7":"product_cat-duefte","8":"product_cat-beauty-care","9":"product_cat-duefte-duefte","10":"product_cat-eau-de-parfum-stock-off","12":"first","13":"instock","14":"shipping-taxable","15":"product-type-external"},"_links":{"self":[{"href":"https:\/\/gigistravelworld.de\/fr\/wp-json\/wp\/v2\/product\/3540","targetHints":{"allow":["GET"]}}],"collection":[{"href":"https:\/\/gigistravelworld.de\/fr\/wp-json\/wp\/v2\/product"}],"about":[{"href":"https:\/\/gigistravelworld.de\/fr\/wp-json\/wp\/v2\/types\/product"}],"wp:featuredmedia":[{"embeddable":true,"href":"https:\/\/gigistravelworld.de\/fr\/wp-json\/wp\/v2\/media\/4369"}],"wp:attachment":[{"href":"https:\/\/gigistravelworld.de\/fr\/wp-json\/wp\/v2\/media?parent=3540"}],"wp:term":[{"taxonomy":"product_brand","embeddable":true,"href":"https:\/\/gigistravelworld.de\/fr\/wp-json\/wp\/v2\/product_brand?post=3540"},{"taxonomy":"product_cat","embeddable":true,"href":"https:\/\/gigistravelworld.de\/fr\/wp-json\/wp\/v2\/product_cat?post=3540"},{"taxonomy":"product_tag","embeddable":true,"href":"https:\/\/gigistravelworld.de\/fr\/wp-json\/wp\/v2\/product_tag?post=3540"}],"curies":[{"name":"wp","href":"https:\/\/api.w.org\/{rel}","templated":true}]}}