{"id":3539,"date":"2025-08-23T20:55:59","date_gmt":"2025-08-23T18:55:59","guid":{"rendered":"https:\/\/gigistravelworld.de\/?post_type=product&#038;p=3539"},"modified":"2026-03-18T16:56:23","modified_gmt":"2026-03-18T15:56:23","slug":"eau-de-parfum-women-nr-68-100ml","status":"publish","type":"product","link":"https:\/\/gigistravelworld.de\/fr\/eau-de-parfum-women-nr-68-100ml\/","title":{"rendered":"Eau de Parfum Femme N\u00b0 68 | 100 ml Orientale &amp; S\u00e9ductrice"},"content":{"rendered":"<h1 data-path-to-node=\"9\">Eau de Parfum Femme N\u00b0 68\u00a0: L\u2019art de la s\u00e9duction en flacon de 100\u00a0ml<\/h1>\n<p data-path-to-node=\"10\">Le <b data-path-to-node=\"10\" data-index-in-node=\"4\">Eau de Parfum Femme N\u00b0 68<\/b> est dans ma boutique <b data-path-to-node=\"10\" data-index-in-node=\"50\">Gigis Travel World<\/b> Plus qu&#039;un simple parfum, c&#039;est un accessoire invisible pour une entr\u00e9e remarqu\u00e9e. <a class=\"ng-star-inserted\" href=\"https:\/\/www.google.com\/search?q=https:\/\/gigistravelworld.de\/ueber-mich\/\" target=\"_blank\" rel=\"noopener\" data-hveid=\"0\" data-ved=\"0CAAQ_4QMahgKEwitz93x1qmTAxUAAAAAHQAAAAAQ9AE\">Style de vie professionnel<\/a> Je rencontre souvent des femmes qui impressionnent par leur simple pr\u00e9sence, et c&#039;est pr\u00e9cis\u00e9ment cette \u00e9nergie qui captive. <b data-path-to-node=\"10\" data-index-in-node=\"275\">Eau de Parfum Femme N\u00b0 68<\/b> La composition joue sur les contrastes : la lumi\u00e8re c\u00f4toie l&#039;obscurit\u00e9, l&#039;innocence c\u00f4toie le p\u00e9ch\u00e9. Pour un r\u00e9sultat imbattable <b data-path-to-node=\"10\" data-index-in-node=\"410\">33,00 \u20ac<\/b> Ici, une exp\u00e9rience olfactive de premi\u00e8re classe est garantie.<\/p>\n<h2 data-path-to-node=\"11\">La pyramide olfactive de l&#039;Eau de Parfum Femme N\u00b0 68\u00a0: un jeu de contrastes<\/h2>\n<p data-path-to-node=\"12\">Pourquoi donc? <b data-path-to-node=\"12\" data-index-in-node=\"14\">Eau de Parfum Femme N\u00b0 68<\/b> Un tel best-seller absolu ? Le secret r\u00e9side dans la superposition magistrale de parfums qui se d\u00e9ploient sur votre peau pendant des heures :<\/p>\n<ol start=\"1\" data-path-to-node=\"13\">\n<li>\n<p data-path-to-node=\"13,0,0\"><b data-path-to-node=\"13,0,0\" data-index-in-node=\"0\">La note principale (le signal d&#039;alarme) :<\/b> La premi\u00e8re pulv\u00e9risation du <b data-path-to-node=\"13,0,0\" data-index-in-node=\"55\">Eau de Parfum Femme N\u00b0 68<\/b> Elle surprend par une note intense de caf\u00e9 torr\u00e9fi\u00e9 et d&#039;amande acidul\u00e9e. Cette ouverture est audacieuse, moderne et captive imm\u00e9diatement l&#039;attention.<\/p>\n<\/li>\n<li>\n<p data-path-to-node=\"13,1,0\"><b data-path-to-node=\"13,1,0\" data-index-in-node=\"0\">La note de c\u0153ur (l&#039;\u00e9l\u00e9gance florale) :<\/b> Une fois que le parfum s&#039;estompe, le <b data-path-to-node=\"13,1,0\" data-index-in-node=\"78\">Eau de Parfum Femme N\u00b0 68<\/b> Son c\u0153ur est compos\u00e9 de fleurs blanches. La tub\u00e9reuse et le jasmin sambac conf\u00e8rent au parfum une profondeur f\u00e9minine et une \u00e9l\u00e9gance presque majestueuse, jamais envahissante, mais toujours pr\u00e9sente.<\/p>\n<\/li>\n<li>\n<p data-path-to-node=\"13,2,0\"><b data-path-to-node=\"13,2,0\" data-index-in-node=\"0\">La note de fond (La chaleur orientale) :<\/b> La finale de <b data-path-to-node=\"13,2,0\" data-index-in-node=\"56\">Eau de Parfum Femme N\u00b0 68<\/b> C&#039;est un pur d\u00e9lice. Le cacao noir, la f\u00e8ve tonka, la vanille et le patchouli se m\u00ealent en une base chaude et sucr\u00e9e qui garantit une conservation impressionnante et un go\u00fbt irr\u00e9sistible.<\/p>\n<\/li>\n<\/ol>\n<h2 data-path-to-node=\"14\">Pourquoi l&#039;Eau de Parfum Femme N\u00b0 68 est parfaite pour le soir<\/h2>\n<p data-path-to-node=\"15\">Alors que les parfums l\u00e9gers s&#039;\u00e9vaporent souvent apr\u00e8s quelques heures, cela montre <b data-path-to-node=\"15\" data-index-in-node=\"71\">Eau de Parfum Femme N\u00b0 68<\/b> Il est particuli\u00e8rement appr\u00e9ci\u00e9 par temps frais ou en soir\u00e9e. La touche orientale assure que <b data-path-to-node=\"15\" data-index-in-node=\"213\">Eau de Parfum Femme N\u00b0 68<\/b> Il d\u00e9veloppe un sillage puissant. Si vous poss\u00e9dez d\u00e9j\u00e0 notre <a class=\"ng-star-inserted\" href=\"https:\/\/www.google.com\/search?q=https:\/\/gigistravelworld.de\/beauty-care\/parfum\/eau-de-parfum-women-nr-88-100ml\/\" target=\"_blank\" rel=\"noopener\" data-hveid=\"0\" data-ved=\"0CAAQ_4QMahgKEwitz93x1qmTAxUAAAAAHQAAAAAQ9QE\">Eau de Parfum Femme N\u00b0 88<\/a> Si vous aimez le c\u00f4t\u00e9 plus sombre et \u00e9pic\u00e9 de <b data-path-to-node=\"15\" data-index-in-node=\"382\">Eau de Parfum Femme N\u00b0 68<\/b> Cela pourrait constituer un ajout passionnant \u00e0 votre collection.<\/p>\n<h2 data-path-to-node=\"16\">Conseils d&#039;application pour votre Eau de Parfum Femme N\u00b0 68<\/h2>\n<p data-path-to-node=\"17\">Pour que votre <b data-path-to-node=\"17\" data-index-in-node=\"11\">Eau de Parfum Femme N\u00b0 68<\/b> Pour que cela dure toute la journ\u00e9e (ou toute la nuit), il faut garder \u00e0 l&#039;esprit quelques astuces de professionnels\u00a0:<\/p>\n<ul data-path-to-node=\"18\">\n<li>\n<p data-path-to-node=\"18,0,0\"><b data-path-to-node=\"18,0,0\" data-index-in-node=\"0\">Utilisez les points de pulsation\u00a0:<\/b> Portez ceci <b data-path-to-node=\"18,0,0\" data-index-in-node=\"29\">Eau de Parfum Femme N\u00b0 68<\/b> Appliquez sur l&#039;int\u00e9rieur des poignets, derri\u00e8re les oreilles et dans le creux des genoux. La peau y est plus chaude, ce qui permet au parfum de se d\u00e9velopper de fa\u00e7on optimale.<\/p>\n<\/li>\n<li>\n<p data-path-to-node=\"18,1,0\"><b data-path-to-node=\"18,1,0\" data-index-in-node=\"0\">Ne pas frotter :<\/b> Si vous vous touchez les poignets apr\u00e8s avoir vaporis\u00e9 le <b data-path-to-node=\"18,1,0\" data-index-in-node=\"64\">Eau de Parfum Femme N\u00b0 68<\/b> Les frotter l&#039;un contre l&#039;autre d\u00e9truit les mol\u00e9cules odorantes de la note de t\u00eate. Laissez-les plut\u00f4t s\u00e9cher \u00e0 l&#039;air libre.<\/p>\n<\/li>\n<li>\n<p data-path-to-node=\"18,2,0\"><b data-path-to-node=\"18,2,0\" data-index-in-node=\"0\">Parfum pour cheveux :<\/b> Une l\u00e9g\u00e8re pulv\u00e9risation de <b data-path-to-node=\"18,2,0\" data-index-in-node=\"45\">Eau de Parfum Femme N\u00b0 68<\/b> Vaporiser le produit sur vos cheveux \u00e0 distance vous assure qu&#039;un d\u00e9licat nuage de parfum vous enveloppe \u00e0 chaque mouvement.<\/p>\n<\/li>\n<\/ul>\n<h2 data-path-to-node=\"19\">Le luxe pour chaque femme \u00e0 un prix juste<\/h2>\n<p data-path-to-node=\"20\">La qualit\u00e9 ne co\u00fbte pas forc\u00e9ment des centaines d&#039;euros. Vegas Ambiente le prouve avec\u2026 <b data-path-to-node=\"20\" data-index-in-node=\"73\">Eau de Parfum Femme N\u00b0 68<\/b>, que des huiles de haute qualit\u00e9 et un d\u00e9veloppement complexe des parfums conviennent \u00e9galement pour <b data-path-to-node=\"20\" data-index-in-node=\"169\">33,00 \u20ac<\/b> Ce produit est disponible. Le flacon simple et \u00e9l\u00e9gant de 100 ml s&#039;int\u00e8gre dans toutes les salles de bains et est extr\u00eamement \u00e9conomique gr\u00e2ce \u00e0 sa taille. <b data-path-to-node=\"20\" data-index-in-node=\"303\">Eau de Parfum Femme N\u00b0 68<\/b> C&#039;est pour les femmes qui n&#039;ont pas peur d&#039;\u00eatre au centre de l&#039;attention.<\/p>\n<h2 data-path-to-node=\"21\">Questions fr\u00e9quentes concernant l&#039;Eau de Parfum Femme N\u00b0 68 (FAQ)<\/h2>\n<ul data-path-to-node=\"22\">\n<li>\n<p data-path-to-node=\"22,0,0\"><b data-path-to-node=\"22,0,0\" data-index-in-node=\"0\">Combien de temps tient l&#039;Eau de Parfum Femme N\u00b0 68 sur la peau ?<\/b> Gr\u00e2ce \u00e0 la forte concentration de notes de fond comme le cacao et la f\u00e8ve tonka, vous pouvez... <b data-path-to-node=\"22,0,0\" data-index-in-node=\"139\">Eau de Parfum Femme N\u00b0 68<\/b> Dur\u00e9e de conservation pr\u00e9vue : 8 \u00e0 10 heures.<\/p>\n<\/li>\n<li>\n<p data-path-to-node=\"22,1,0\"><b data-path-to-node=\"22,1,0\" data-index-in-node=\"0\">L&#039;Eau de Parfum Femme N\u00b0 68 est-elle un parfum adapt\u00e9 au bureau\u00a0?<\/b> \u00c0 dose discr\u00e8te (une pulv\u00e9risation), il est efficace <b data-path-to-node=\"22,1,0\" data-index-in-node=\"106\">Eau de Parfum Femme N\u00b0 68<\/b> Tr\u00e8s comp\u00e9tent et \u00e9l\u00e9gant. Pour la soir\u00e9e, un peu plus de luxe serait le bienvenu.<\/p>\n<\/li>\n<li>\n<p data-path-to-node=\"22,2,0\"><b data-path-to-node=\"22,2,0\" data-index-in-node=\"0\">\u00c0 quelle famille olfactive appartient l&#039;Eau de Parfum Femme N\u00b0 68 ?<\/b> C&#039;est un parfum oriental-floral classique qui impressionne particuli\u00e8rement par ses notes gourmandes (caf\u00e9 et cacao).<\/p>\n<\/li>\n<\/ul>\n<h2 data-path-to-node=\"23\">Aper\u00e7u des donn\u00e9es produit\u00a0:<\/h2>\n<table data-path-to-node=\"24\">\n<thead>\n<tr>\n<td><strong>Caract\u00e9ristiques<\/strong><\/td>\n<td><strong>D\u00e9tails<\/strong><\/td>\n<\/tr>\n<\/thead>\n<tbody>\n<tr>\n<td><span data-path-to-node=\"24,1,0,0\"><b data-path-to-node=\"24,1,0,0\" data-index-in-node=\"0\">Nom du produit<\/b><\/span><\/td>\n<td><span data-path-to-node=\"24,1,1,0\"><b data-path-to-node=\"24,1,1,0\" data-index-in-node=\"0\">Eau de Parfum Femme N\u00b0 68<\/b><\/span><\/td>\n<\/tr>\n<tr>\n<td><span data-path-to-node=\"24,2,0,0\"><b data-path-to-node=\"24,2,0,0\" data-index-in-node=\"0\">Famille de parfums<\/b><\/span><\/td>\n<td><span data-path-to-node=\"24,2,1,0\">Oriental \/ Floral \/ Gourmand<\/span><\/td>\n<\/tr>\n<tr>\n<td><span data-path-to-node=\"24,3,0,0\"><b data-path-to-node=\"24,3,0,0\" data-index-in-node=\"0\">Contenu<\/b><\/span><\/td>\n<td><span data-path-to-node=\"24,3,1,0\">Flacon de 100 ml d&#039;EdP<\/span><\/td>\n<\/tr>\n<tr>\n<td><span data-path-to-node=\"24,4,0,0\"><b data-path-to-node=\"24,4,0,0\" data-index-in-node=\"0\">Classes principales<\/b><\/span><\/td>\n<td><span data-path-to-node=\"24,4,1,0\">Caf\u00e9, amande, tub\u00e9reuse, cacao<\/span><\/td>\n<\/tr>\n<tr>\n<td><span data-path-to-node=\"24,5,0,0\"><b data-path-to-node=\"24,5,0,0\" data-index-in-node=\"0\">Prix<\/b><\/span><\/td>\n<td><span data-path-to-node=\"24,5,1,0\">33,00 \u20ac<\/span><\/td>\n<\/tr>\n<\/tbody>\n<\/table>","protected":false},"excerpt":{"rendered":"<p data-path-to-node=\"4\"><b data-path-to-node=\"4\" data-index-in-node=\"0\">Myst\u00e9rieuse, puissante, irr\u00e9sistible : Eau de Parfum Femme N\u00b0 68 (100 ml).<\/b><\/p>\n<p data-path-to-node=\"5\">Faites une d\u00e9claration qui restera grav\u00e9e dans les m\u00e9moires ! <b data-path-to-node=\"5\" data-index-in-node=\"60\">Eau de Parfum Femme N\u00b0 68<\/b> est un hommage \u00e0 la femme moderne qui c\u00e9l\u00e8bre ses facettes lumineuses et sombres. Le parfum s&#039;ouvre sur un m\u00e9lange audacieux de caf\u00e9 vivifiant et d&#039;amande douce, qui \u00e9volue vers un c\u0153ur floral exquis de tub\u00e9reuse et de jasmin sambac. Le fond de cacao et de f\u00e8ve tonka apporte la touche finale. <b data-path-to-node=\"5\" data-index-in-node=\"386\">Eau de Parfum Femme N\u00b0 68<\/b> Une profondeur orientale chaleureuse d&#039;une tenue exceptionnelle. Un flacon luxueux de 100 ml pour les femmes qui savent ce qu&#039;elles veulent.<\/p>\n<ul data-path-to-node=\"6\">\n<li>\n<p data-path-to-node=\"6,0,0\">\u2705 <b data-path-to-node=\"6,0,0\" data-index-in-node=\"2\">Caract\u00e8re du parfum :<\/b> Oriental-floral, sucr\u00e9 et \u00e9pic\u00e9.<\/p>\n<\/li>\n<li>\n<p data-path-to-node=\"6,1,0\">\u2705 <b data-path-to-node=\"6,1,0\" data-index-in-node=\"2\">Points forts:<\/b> Amande, caf\u00e9, tub\u00e9reuse et cacao.<\/p>\n<\/li>\n<li>\n<p data-path-to-node=\"6,2,0\">\u2705 <b data-path-to-node=\"6,2,0\" data-index-in-node=\"2\">Taper:<\/b> Eau de Parfum hautement concentr\u00e9e pour un sillage maximal.<\/p>\n<\/li>\n<li>\n<p data-path-to-node=\"6,3,0\">\u2705 <b data-path-to-node=\"6,3,0\" data-index-in-node=\"2\">Ambiance:<\/b> \u00c9l\u00e9gante, s\u00e9duisante et s\u00fbre d&#039;elle.<\/p>\n<\/li>\n<li>\n<p data-path-to-node=\"6,4,0\">\u2705 <b data-path-to-node=\"6,4,0\" data-index-in-node=\"2\">Foule:<\/b> Bouteille XL de 100 ml pour un plaisir prolong\u00e9.<\/p>\n<\/li>\n<li>\n<p data-path-to-node=\"6,5,0\">\u2705 <b data-path-to-node=\"6,5,0\" data-index-in-node=\"2\">Prix : 33,00 \u20ac<\/b><\/p>\n<\/li>\n<\/ul>","protected":false},"featured_media":4369,"template":"","meta":{"_et_pb_use_builder":"","_et_pb_old_content":"","_et_gb_content_width":""},"product_brand":[63],"product_cat":[22,208,33,37],"product_tag":[],"class_list":{"0":"post-3539","1":"product","2":"type-product","3":"status-publish","4":"has-post-thumbnail","6":"product_brand-vegas-cosmetics-gmbh","7":"product_cat-duefte","8":"product_cat-beauty-care","9":"product_cat-duefte-duefte","10":"product_cat-eau-de-parfum-stock-off","12":"first","13":"instock","14":"shipping-taxable","15":"product-type-external"},"_links":{"self":[{"href":"https:\/\/gigistravelworld.de\/fr\/wp-json\/wp\/v2\/product\/3539","targetHints":{"allow":["GET"]}}],"collection":[{"href":"https:\/\/gigistravelworld.de\/fr\/wp-json\/wp\/v2\/product"}],"about":[{"href":"https:\/\/gigistravelworld.de\/fr\/wp-json\/wp\/v2\/types\/product"}],"wp:featuredmedia":[{"embeddable":true,"href":"https:\/\/gigistravelworld.de\/fr\/wp-json\/wp\/v2\/media\/4369"}],"wp:attachment":[{"href":"https:\/\/gigistravelworld.de\/fr\/wp-json\/wp\/v2\/media?parent=3539"}],"wp:term":[{"taxonomy":"product_brand","embeddable":true,"href":"https:\/\/gigistravelworld.de\/fr\/wp-json\/wp\/v2\/product_brand?post=3539"},{"taxonomy":"product_cat","embeddable":true,"href":"https:\/\/gigistravelworld.de\/fr\/wp-json\/wp\/v2\/product_cat?post=3539"},{"taxonomy":"product_tag","embeddable":true,"href":"https:\/\/gigistravelworld.de\/fr\/wp-json\/wp\/v2\/product_tag?post=3539"}],"curies":[{"name":"wp","href":"https:\/\/api.w.org\/{rel}","templated":true}]}}