{"id":3538,"date":"2025-08-23T20:55:59","date_gmt":"2025-08-23T18:55:59","guid":{"rendered":"https:\/\/gigistravelworld.de\/?post_type=product&#038;p=3538"},"modified":"2026-03-18T16:45:33","modified_gmt":"2026-03-18T15:45:33","slug":"aetherisches-oel-lovely-breeze-10ml","status":"publish","type":"product","link":"https:\/\/gigistravelworld.de\/fr\/aetherisches-oel-lovely-breeze-10ml\/","title":{"rendered":"Huile essentielle Lovely Breeze 10 ml | Fra\u00eecheur mimosa et agrumes"},"content":{"rendered":"<div id=\"headingOne\" class=\"panel-heading\" role=\"tab\">\n<h1 data-path-to-node=\"9\">Huile essentielle Lovely Breeze : Votre dose quotidienne de l\u00e9g\u00e8ret\u00e9 et d&#039;\u00e9l\u00e9gance<\/h1>\n<p data-path-to-node=\"10\">Dans ma boutique <b data-path-to-node=\"10\" data-index-in-node=\"15\">Gigis Travel World<\/b> c&#039;est \u00e7a <b data-path-to-node=\"10\" data-index-in-node=\"42\">Huile essentielle Lovely Breeze<\/b> Un joyau cach\u00e9 pour tous ceux qui aiment les parfums floraux mais ne veulent pas renoncer \u00e0 une fra\u00eecheur moderne. <a class=\"ng-star-inserted\" href=\"https:\/\/www.google.com\/search?q=https:\/\/gigistravelworld.de\/ueber-mich\/\" target=\"_blank\" rel=\"noopener\" data-hveid=\"0\" data-ved=\"0CAAQ_4QMahgKEwitz93x1qmTAxUAAAAAHQAAAAAQ1AE\">Style de vie professionnel<\/a> J&#039;utilise \u00e7a <b data-path-to-node=\"10\" data-index-in-node=\"219\">Huile essentielle Lovely Breeze<\/b> Particuli\u00e8rement agr\u00e9able le matin. Ses notes d&#039;agrumes clarifient l&#039;esprit, et le mimosa cr\u00e9e une atmosph\u00e8re cr\u00e9ative et positive. Pour seulement <b data-path-to-node=\"10\" data-index-in-node=\"399\">6,00 \u20ac<\/b> Pour chaque flacon de 10 ml achet\u00e9, vous investissez dans une ambiance et une qualit\u00e9 de vie typiquement Vegas.<\/p>\n<h2 data-path-to-node=\"11\">La pyramide olfactive de l&#039;huile essentielle Lovely Breeze<\/h2>\n<p data-path-to-node=\"12\">Pourquoi donc? <b data-path-to-node=\"12\" data-index-in-node=\"14\">Huile essentielle Lovely Breeze<\/b> Pourquoi est-il si populaire\u00a0? C\u2019est gr\u00e2ce \u00e0 la superposition parfaitement \u00e9quilibr\u00e9e de notes olfactives qui se d\u00e9ploient les unes apr\u00e8s les autres dans la pi\u00e8ce\u00a0:<\/p>\n<ol start=\"1\" data-path-to-node=\"13\">\n<li>\n<p data-path-to-node=\"13,0,0\"><b data-path-to-node=\"13,0,0\" data-index-in-node=\"0\">La note de t\u00eate (agrumes verts) :<\/b> Imm\u00e9diatement apr\u00e8s avoir ouvert le <b data-path-to-node=\"13,0,0\" data-index-in-node=\"62\">Huile essentielle Lovely Breeze<\/b> Vous remarquerez une fra\u00eecheur \u00e9clatante. Cette note d&#039;agrumes verts est vivifiante et neutralise instantan\u00e9ment les odeurs d\u00e9sagr\u00e9ables.<\/p>\n<\/li>\n<li>\n<p data-path-to-node=\"13,1,0\"><b data-path-to-node=\"13,1,0\" data-index-in-node=\"0\">La note de c\u0153ur (bouquet de mimosa) :<\/b> Une fois que le parfum s&#039;est r\u00e9pandu dans la pi\u00e8ce, le mimosa prend le devant de la sc\u00e8ne. Il apporte\u2026 <b data-path-to-node=\"13,1,0\" data-index-in-node=\"120\">Huile essentielle Lovely Breeze<\/b> son caract\u00e8re distinctif, \u00e9l\u00e9gant et l\u00e9g\u00e8rement poudr\u00e9.<\/p>\n<\/li>\n<li>\n<p data-path-to-node=\"13,2,0\"><b data-path-to-node=\"13,2,0\" data-index-in-node=\"0\">La note de fond (vanille) :<\/b> Pour compl\u00e9ter l&#039;exp\u00e9rience, le <b data-path-to-node=\"13,2,0\" data-index-in-node=\"63\">Huile essentielle Lovely Breeze<\/b> Une touche de vanille a \u00e9t\u00e9 ajout\u00e9e. Elle apporte une douce chaleur et \u00e9vite que le parfum ne soit trop agressif.<\/p>\n<\/li>\n<\/ol>\n<h2 data-path-to-node=\"14\">Pourquoi la qualit\u00e9 de l&#039;huile essentielle Lovely Breeze fait toute la diff\u00e9rence<\/h2>\n<p data-path-to-node=\"15\">Le <b data-path-to-node=\"15\" data-index-in-node=\"4\">Huile essentielle Lovely Breeze<\/b> Il est compos\u00e9 d&#039;huiles aromatiques concentr\u00e9es. Cela signifie qu&#039;une infime quantit\u00e9 suffit pour un effet optimal. Ingr\u00e9dients tels que\u00a0: <b data-path-to-node=\"15\" data-index-in-node=\"188\">Linalol<\/b> (connu pour Lavande et Roses) <b data-path-to-node=\"15\" data-index-in-node=\"234\">Citral<\/b> Ils offrent non seulement un parfum authentique, mais aussi un effet relaxant sur le syst\u00e8me nerveux.<\/p>\n<p data-path-to-node=\"16\">Autres composants importants dans <b data-path-to-node=\"16\" data-index-in-node=\"32\">Huile essentielle Lovely Breeze<\/b> sont:<\/p>\n<ul data-path-to-node=\"17\">\n<li>\n<p data-path-to-node=\"17,0,0\"><b data-path-to-node=\"17,0,0\" data-index-in-node=\"0\">Dihydrojasmonates de m\u00e9thyle :<\/b> Elle d\u00e9gage une fra\u00eecheur \u00e9clatante, semblable \u00e0 celle du jasmin.<\/p>\n<\/li>\n<li>\n<p data-path-to-node=\"17,1,0\"><b data-path-to-node=\"17,1,0\" data-index-in-node=\"0\">Ac\u00e9tate de tricyclod\u00e9c\u00e9nyle :<\/b> Offre une base florale longue dur\u00e9e.<\/p>\n<\/li>\n<li>\n<p data-path-to-node=\"17,2,0\"><b data-path-to-node=\"17,2,0\" data-index-in-node=\"0\">Dihydromyrc\u00e9nol :<\/b> Responsable de l&#039;ambiance propre et \u201e fra\u00eechement lav\u00e9e \u201c du <b data-path-to-node=\"17,2,0\" data-index-in-node=\"80\">Huile essentielle Lovely Breeze<\/b>.<\/p>\n<\/li>\n<\/ul>\n<h2 data-path-to-node=\"18\">Conseils d&#039;utilisation de votre huile essentielle Lovely Breeze<\/h2>\n<p data-path-to-node=\"19\">Depuis lors <b data-path-to-node=\"19\" data-index-in-node=\"7\">Huile essentielle Lovely Breeze<\/b> \u00c9tant donn\u00e9 sa forte concentration, il convient de l&#039;utiliser avec parcimonie. Voici mes utilisations pr\u00e9f\u00e9r\u00e9es\u00a0:<\/p>\n<ul data-path-to-node=\"20\">\n<li>\n<p data-path-to-node=\"20,0,0\"><b data-path-to-node=\"20,0,0\" data-index-in-node=\"0\">Dans le diffuseur ultrasonique :<\/b> Injectez 3 \u00e0 5 gouttes de <b data-path-to-node=\"20,0,0\" data-index-in-node=\"45\">Huile essentielle Lovely Breeze<\/b> Versez-en dans l&#039;eau de votre diffuseur. Elle se r\u00e9pandra d\u00e9licatement sous forme d&#039;une fine brume et transformera votre salon en une prairie fleurie.<\/p>\n<\/li>\n<li>\n<p data-path-to-node=\"20,1,0\"><b data-path-to-node=\"20,1,0\" data-index-in-node=\"0\">\u00c0 propos des pierres parfum\u00e9es :<\/b> Une goutte <b data-path-to-node=\"20,1,0\" data-index-in-node=\"29\">Huile essentielle Lovely Breeze<\/b> Le placer sur une pierre parfum\u00e9e en c\u00e9ramique dans l&#039;armoire garantit que votre linge sentira toujours le sec, comme s&#039;il avait \u00e9t\u00e9 s\u00e9ch\u00e9 au vent.<\/p>\n<\/li>\n<li>\n<p data-path-to-node=\"20,2,0\"><b data-path-to-node=\"20,2,0\" data-index-in-node=\"0\">Superposition cr\u00e9ative :<\/b> Combinez les <b data-path-to-node=\"20,2,0\" data-index-in-node=\"35\">Huile essentielle Lovely Breeze<\/b> avec notre <a class=\"ng-star-inserted\" href=\"https:\/\/www.google.com\/search?q=https:\/\/gigistravelworld.de\/beauty-care\/home-lifestyle\/aetherisches-oel-energize-10ml\/\" target=\"_blank\" rel=\"noopener\" data-hveid=\"0\" data-ved=\"0CAAQ_4QMahgKEwitz93x1qmTAxUAAAAAHQAAAAAQ1QE\">Huile essentielle \u00e9nergisante<\/a> Pour une touche de fra\u00eecheur suppl\u00e9mentaire au travail.<\/p>\n<\/li>\n<\/ul>\n<h2 data-path-to-node=\"21\">Une touche de luxe \u00e0 petit prix<\/h2>\n<p data-path-to-node=\"22\">Le luxe n&#039;est pas forc\u00e9ment cher. <b data-path-to-node=\"22\" data-index-in-node=\"33\">Huile essentielle Lovely Breeze<\/b> Elle offre une qualit\u00e9 de parfum que l&#039;on ne trouve habituellement que dans les spas les plus exclusifs. Le flacon en verre de 10 ml prot\u00e8ge les pr\u00e9cieux ingr\u00e9dients des rayons UV, garantissant ainsi leur efficacit\u00e9. <b data-path-to-node=\"22\" data-index-in-node=\"225\">Huile essentielle Lovely Breeze<\/b> Elle conserve toute son intensit\u00e9 jusqu&#039;\u00e0 la toute derni\u00e8re goutte.<\/p>\n<h2 data-path-to-node=\"23\">Questions fr\u00e9quemment pos\u00e9es sur l&#039;huile essentielle Lovely Breeze (FAQ)<\/h2>\n<ul data-path-to-node=\"24\">\n<li>\n<p data-path-to-node=\"24,0,0\"><b data-path-to-node=\"24,0,0\" data-index-in-node=\"0\">Combien de temps dure un flacon de 10 ml d&#039;huile essentielle Lovely Breeze ?<\/b> L&#039;utilisation d&#039;environ 3 gouttes par jour dans le diffuseur sera suffisante. <b data-path-to-node=\"24,0,0\" data-index-in-node=\"134\">Huile essentielle Lovely Breeze<\/b> environ 2 \u00e0 3 mois.<\/p>\n<\/li>\n<li>\n<p data-path-to-node=\"24,1,0\"><b data-path-to-node=\"24,1,0\" data-index-in-node=\"0\">L&#039;huile essentielle Lovely Breeze est-elle sans danger pour les animaux de compagnie ?<\/b> Comme pour toutes les huiles aromatiques, vous devriez... <b data-path-to-node=\"24,1,0\" data-index-in-node=\"106\">Huile essentielle Lovely Breeze<\/b> Utilisez-les dans des pi\u00e8ces bien ventil\u00e9es et assurez-vous que vos animaux domestiques disposent d&#039;endroits o\u00f9 se r\u00e9fugier.<\/p>\n<\/li>\n<li>\n<p data-path-to-node=\"24,2,0\"><b data-path-to-node=\"24,2,0\" data-index-in-node=\"0\">Puis-je appliquer l&#039;huile essentielle Lovely Breeze directement sur ma peau\u00a0?<\/b> Non, c&#039;est une huile aromatique concentr\u00e9e. Pour une application cutan\u00e9e, il faudrait\u2026 <b data-path-to-node=\"24,2,0\" data-index-in-node=\"164\">Huile essentielle Lovely Breeze<\/b> Premi\u00e8rement, il doit \u00eatre fortement dilu\u00e9 dans une huile de support (par exemple, de l&#039;huile d&#039;amande).<\/p>\n<\/li>\n<\/ul>\n<h2 data-path-to-node=\"25\">Aper\u00e7u des donn\u00e9es produit\u00a0:<\/h2>\n<table data-path-to-node=\"26\">\n<thead>\n<tr>\n<td><strong>Caract\u00e9ristiques<\/strong><\/td>\n<td><strong>D\u00e9tails<\/strong><\/td>\n<\/tr>\n<\/thead>\n<tbody>\n<tr>\n<td><span data-path-to-node=\"26,1,0,0\"><b data-path-to-node=\"26,1,0,0\" data-index-in-node=\"0\">Nom du produit<\/b><\/span><\/td>\n<td><span data-path-to-node=\"26,1,1,0\"><b data-path-to-node=\"26,1,1,0\" data-index-in-node=\"0\">Huile essentielle Lovely Breeze<\/b><\/span><\/td>\n<\/tr>\n<tr>\n<td><span data-path-to-node=\"26,2,0,0\"><b data-path-to-node=\"26,2,0,0\" data-index-in-node=\"0\">Contenu<\/b><\/span><\/td>\n<td><span data-path-to-node=\"26,2,1,0\">flacon compte-gouttes de 10 ml<\/span><\/td>\n<\/tr>\n<tr>\n<td><span data-path-to-node=\"26,3,0,0\"><b data-path-to-node=\"26,3,0,0\" data-index-in-node=\"0\">Parfum<\/b><\/span><\/td>\n<td><span data-path-to-node=\"26,3,1,0\">Floral \/ Agrumes \/ Doux<\/span><\/td>\n<\/tr>\n<tr>\n<td><span data-path-to-node=\"26,4,0,0\"><b data-path-to-node=\"26,4,0,0\" data-index-in-node=\"0\">Fonction sp\u00e9ciale<\/b><\/span><\/td>\n<td><span data-path-to-node=\"26,4,1,0\">Avec mimosa et vanille<\/span><\/td>\n<\/tr>\n<tr>\n<td><span data-path-to-node=\"26,5,0,0\"><b data-path-to-node=\"26,5,0,0\" data-index-in-node=\"0\">Prix<\/b><\/span><\/td>\n<td><span data-path-to-node=\"26,5,1,0\">6,00 \u20ac<\/span><\/td>\n<\/tr>\n<\/tbody>\n<\/table>\n<\/div>","protected":false},"excerpt":{"rendered":"<p data-path-to-node=\"4\"><b data-path-to-node=\"4\" data-index-in-node=\"0\">Une touche de printemps pour votre maison : huile essentielle Lovely Breeze (10 ml).<\/b><\/p>\n<p data-path-to-node=\"5\">Apportez la l\u00e9g\u00e8ret\u00e9 d&#039;une douce brise directement chez vous ! <b data-path-to-node=\"5\" data-index-in-node=\"77\">Huile essentielle Lovely Breeze<\/b> Cette composition magistrale s&#039;ouvre sur la fra\u00eecheur \u00e9clatante des agrumes verts. En son c\u0153ur, un somptueux bouquet floral se d\u00e9ploie, o\u00f9 l&#039;\u00e9l\u00e9gant mimosa occupe une place de choix, avant qu&#039;une douce note de vanille ne vienne harmonieusement parachever l&#039;exp\u00e9rience olfactive. Cette huile aromatique hautement concentr\u00e9e est votre alli\u00e9e id\u00e9ale pour cr\u00e9er une atmosph\u00e8re \u00e0 la fois vivifiante et apaisante.<\/p>\n<ul data-path-to-node=\"6\">\n<li>\n<p data-path-to-node=\"6,0,0\">\u2705 <b data-path-to-node=\"6,0,0\" data-index-in-node=\"2\">Profil olfactif :<\/b> Douce Brise (Agrumes, Mimosa et Vanille)<\/p>\n<\/li>\n<li>\n<p data-path-to-node=\"6,1,0\">\u2705 <b data-path-to-node=\"6,1,0\" data-index-in-node=\"2\">Personnage:<\/b> Frais, floral, l\u00e9g\u00e8rement sucr\u00e9 et harmonieux<\/p>\n<\/li>\n<li>\n<p data-path-to-node=\"6,2,0\">\u2705 <b data-path-to-node=\"6,2,0\" data-index-in-node=\"2\">Qualit\u00e9:<\/b> Huile aromatique hautement concentr\u00e9e pour un rendement maximal<\/p>\n<\/li>\n<li>\n<p data-path-to-node=\"6,3,0\">\u2705 <b data-path-to-node=\"6,3,0\" data-index-in-node=\"2\">Mission:<\/b> Id\u00e9al pour les diffuseurs, les lampes \u00e0 parfum et les parfums d&#039;ambiance cr\u00e9atifs \u00e0 faire soi-m\u00eame.<\/p>\n<\/li>\n<li>\n<p data-path-to-node=\"6,4,0\">\u2705 <b data-path-to-node=\"6,4,0\" data-index-in-node=\"2\">Prix : 6,00 \u20ac<\/b><\/p>\n<\/li>\n<\/ul>","protected":false},"featured_media":1206,"template":"","meta":{"_et_pb_use_builder":"","_et_pb_old_content":"","_et_gb_content_width":""},"product_brand":[63],"product_cat":[22,197,31,195,210,29,70],"product_tag":[],"class_list":{"0":"post-3538","1":"product","2":"type-product","3":"status-publish","4":"has-post-thumbnail","6":"product_brand-vegas-cosmetics-gmbh","7":"product_cat-duefte","8":"product_cat-autoduft-car-care","9":"product_cat-autoduft","10":"product_cat-car-care","11":"product_cat-home-style","12":"product_cat-vegas-ambience","13":"product_cat-wohnen-auto","15":"first","16":"instock","17":"shipping-taxable","18":"product-type-external"},"_links":{"self":[{"href":"https:\/\/gigistravelworld.de\/fr\/wp-json\/wp\/v2\/product\/3538","targetHints":{"allow":["GET"]}}],"collection":[{"href":"https:\/\/gigistravelworld.de\/fr\/wp-json\/wp\/v2\/product"}],"about":[{"href":"https:\/\/gigistravelworld.de\/fr\/wp-json\/wp\/v2\/types\/product"}],"wp:featuredmedia":[{"embeddable":true,"href":"https:\/\/gigistravelworld.de\/fr\/wp-json\/wp\/v2\/media\/1206"}],"wp:attachment":[{"href":"https:\/\/gigistravelworld.de\/fr\/wp-json\/wp\/v2\/media?parent=3538"}],"wp:term":[{"taxonomy":"product_brand","embeddable":true,"href":"https:\/\/gigistravelworld.de\/fr\/wp-json\/wp\/v2\/product_brand?post=3538"},{"taxonomy":"product_cat","embeddable":true,"href":"https:\/\/gigistravelworld.de\/fr\/wp-json\/wp\/v2\/product_cat?post=3538"},{"taxonomy":"product_tag","embeddable":true,"href":"https:\/\/gigistravelworld.de\/fr\/wp-json\/wp\/v2\/product_tag?post=3538"}],"curies":[{"name":"wp","href":"https:\/\/api.w.org\/{rel}","templated":true}]}}