{"id":3514,"date":"2025-08-23T20:55:58","date_gmt":"2025-08-23T18:55:58","guid":{"rendered":"https:\/\/gigistravelworld.de\/?post_type=product&#038;p=3514"},"modified":"2026-03-07T19:01:11","modified_gmt":"2026-03-07T18:01:11","slug":"parfuem-case-gold","status":"publish","type":"product","link":"https:\/\/gigistravelworld.de\/fr\/parfuem-case-gold\/","title":{"rendered":"\u00c9tui \u00e0 parfum dor\u00e9 | Vaporisateur de voyage \u00e9l\u00e9gant pour 20 ml"},"content":{"rendered":"<p data-path-to-node=\"14\"><b data-path-to-node=\"14\" data-index-in-node=\"0\">\u00c9tui \u00e0 parfum dor\u00e9<\/b> Elle repr\u00e9sente la symbiose parfaite entre fonctionnalit\u00e9 et \u00e9l\u00e9gance. Quiconque voyage beaucoup sait combien un bon parfum est pr\u00e9cieux \u2013 et combien il est aga\u00e7ant de voir son flacon en verre co\u00fbteux se briser dans ses bagages. Dans mon univers de voyage, \u201e\u00a0Gigi&#039;s Travel World\u00a0\u201c, je vous propose la solution id\u00e9ale avec cet \u00e9tui. Pour seulement\u2026 <b data-path-to-node=\"14\" data-index-in-node=\"330\">9,90 \u20ac<\/b> Vous recevrez un \u00e9tui robuste et durable qui non seulement prot\u00e8ge votre parfum, mais qui sublime \u00e9galement son apparence.<\/p>\n<p data-path-to-node=\"15\"><strong>Pourquoi l&#039;\u00e9tui \u00e0 parfum dor\u00e9 est votre nouveau compagnon de voyage<\/strong><\/p>\n<p data-path-to-node=\"16\">Un parfum de haute qualit\u00e9 m\u00e9rite un \u00e9crin de qualit\u00e9 \u00e9quivalente. <b data-path-to-node=\"16\" data-index-in-node=\"73\">\u00c9tui \u00e0 parfum dor\u00e9<\/b> Elle a \u00e9t\u00e9 sp\u00e9cialement con\u00e7ue pour les personnes qui refusent tout compromis, m\u00eame en d\u00e9placement. Que ce soit en avion, en voiture ou dans un sac de soir\u00e9e, l&#039;\u00e9tui prot\u00e8ge votre appareil fragile. <b data-path-to-node=\"16\" data-index-in-node=\"266\">Extrait de Parfum Refill<\/b> \u00c0 l&#039;abri de la lumi\u00e8re, de la pression et des chocs. Son design dor\u00e9 exhale une \u00e9l\u00e9gance intemporelle et transforme l&#039;application de votre parfum en un petit rituel luxueux.<\/p>\n<p data-path-to-node=\"17\"><strong>Flexibilit\u00e9 maximale gr\u00e2ce au m\u00e9canisme de torsion<\/strong><\/p>\n<p data-path-to-node=\"18\">Derri\u00e8re l&#039;\u00e9l\u00e9gante fa\u00e7ade du <b data-path-to-node=\"18\" data-index-in-node=\"29\">\u00c9tui \u00e0 parfum dor\u00e9<\/b> Cet \u00e9tui pr\u00e9sente un design innovant. Au lieu d&#039;un couvercle classique facile \u00e0 \u00e9garer, il est dot\u00e9 d&#039;une fermeture \u00e0 verrouillage par rotation tr\u00e8s pratique. Une simple rotation suffit \u00e0 d\u00e9ployer d\u00e9licatement la t\u00eate de pulv\u00e9risation. Ce syst\u00e8me prot\u00e8ge le m\u00e9canisme de la poussi\u00e8re lorsqu&#039;il est ferm\u00e9 et emp\u00eache toute activation accidentelle dans votre sac. Vous b\u00e9n\u00e9ficiez ainsi d&#039;une utilisation optimale o\u00f9 que vous soyez.<\/p>\n<p data-path-to-node=\"19\"><strong>Vos avantages avec la mallette dor\u00e9e\u00a0:<\/strong><\/p>\n<ul data-path-to-node=\"20\">\n<li>\n<p data-path-to-node=\"20,0,0\"><b data-path-to-node=\"20,0,0\" data-index-in-node=\"0\">Finition \u00e9l\u00e9gante :<\/b> Un r\u00e9gal pour les yeux, aussi bien pour les femmes que pour les hommes.<\/p>\n<\/li>\n<li>\n<p data-path-to-node=\"20,1,0\"><b data-path-to-node=\"20,1,0\" data-index-in-node=\"0\">Transport s\u00e9curis\u00e9 :<\/b> Protection robuste contre les bris et les fuites.<\/p>\n<\/li>\n<li>\n<p data-path-to-node=\"20,2,0\"><b data-path-to-node=\"20,2,0\" data-index-in-node=\"0\">Individuellement:<\/b> \u00c0 vous de choisir le parfum que vous emporterez aujourd&#039;hui.<\/p>\n<\/li>\n<li>\n<p data-path-to-node=\"20,3,0\"><b data-path-to-node=\"20,3,0\" data-index-in-node=\"0\">Changement facile\u00a0:<\/b> Passez d&#039;un parfum \u00e0 l&#039;autre (par exemple, travail ou loisirs) en quelques secondes.<\/p>\n<\/li>\n<li>\n<p data-path-to-node=\"20,4,0\"><b data-path-to-node=\"20,4,0\" data-index-in-node=\"0\">Prix maximum :<\/b> Une sensation de luxe pour seulement 9,90 \u20ac.<\/p>\n<\/li>\n<\/ul>\n<p data-path-to-node=\"21\"><strong>Application : Comment utiliser votre \u00e9tui \u00e0 parfum dor\u00e9<\/strong><\/p>\n<p data-path-to-node=\"22\">Pour garantir sa long\u00e9vit\u00e9 et son fonctionnement parfait, veuillez suivre ces instructions d&#039;utilisation simples\u00a0:<\/p>\n<ol start=\"1\" data-path-to-node=\"23\">\n<li>\n<p data-path-to-node=\"23,0,0\"><b data-path-to-node=\"23,0,0\" data-index-in-node=\"0\">Pr\u00e9paration:<\/b> Ins\u00e9rez fermement la recharge souhait\u00e9e dans l&#039;embout vaporisateur de l&#039;\u00e9tui \u00e0 parfum.<\/p>\n<\/li>\n<li>\n<p data-path-to-node=\"23,1,0\"><b data-path-to-node=\"23,1,0\" data-index-in-node=\"0\">Installation:<\/b> Placez la recharge, y compris la t\u00eate de pulv\u00e9risation, \u00e0 l&#039;int\u00e9rieur du <b data-path-to-node=\"23,1,0\" data-index-in-node=\"72\">\u00c9tui \u00e0 parfum dor\u00e9<\/b>.<\/p>\n<\/li>\n<li>\n<p data-path-to-node=\"23,2,0\"><b data-path-to-node=\"23,2,0\" data-index-in-node=\"0\">Instructions:<\/b> Tournez le r\u00e9cipient dans le sens des aiguilles d&#039;une montre pour relever la t\u00eate de pulv\u00e9risation. Pour la rabaisser en toute s\u00e9curit\u00e9, tournez le bo\u00eetier dans le sens inverse des aiguilles d&#039;une montre.<\/p>\n<\/li>\n<li>\n<p data-path-to-node=\"23,3,0\"><b data-path-to-node=\"23,3,0\" data-index-in-node=\"0\">Changement d&#039;odeur :<\/b> Pour changer de parfum, tirez simplement la t\u00eate du vaporisateur vers le haut et retirez d\u00e9licatement la recharge. Suivez ensuite les \u00e9tapes 1 \u00e0 3.<\/p>\n<\/li>\n<\/ol>\n<p data-path-to-node=\"24\"><strong>La combinaison parfaite<\/strong><\/p>\n<p data-path-to-node=\"25\">Le <b data-path-to-node=\"25\" data-index-in-node=\"4\">\u00c9tui \u00e0 parfum dor\u00e9<\/b> d\u00e9ploie tout son effet en combinaison avec notre <a href=\"https:\/\/gigistravelworld.de\/fr\/beauty-care\/duefte\/extrait-de-parfum-refill\/\"><b data-path-to-node=\"25\" data-index-in-node=\"78\">Recharges Extrait de Parfum (Ref. 107)<\/b><\/a>. Gr\u00e2ce \u00e0 sa forte concentration en huile de parfum 25 %, une simple vaporisation suffit souvent \u00e0 vous envelopper d&#039;un parfum luxueux tout au long de la journ\u00e9e. En voyage, ce produit est un incontournable pour quiconque appr\u00e9cie les objets d&#039;exception.<\/p>","protected":false},"excerpt":{"rendered":"<p><b data-path-to-node=\"10\" data-index-in-node=\"0\">Luxe pour votre sac \u00e0 main : une protection \u00e9l\u00e9gante pour seulement 9,90 \u20ac !<\/b> Le <b data-path-to-node=\"10\" data-index-in-node=\"64\">\u00c9tui \u00e0 parfum dor\u00e9<\/b> Voici la solution portable, innovante et polyvalente pour emporter votre parfum pr\u00e9f\u00e9r\u00e9 partout avec vous, en toute s\u00e9curit\u00e9 et avec \u00e9l\u00e9gance. Son m\u00e9canisme \u00e0 vis robuste assure une protection optimale contre les fuites. Sa finition dor\u00e9e raffin\u00e9e fait de cet atomiseur l&#039;accessoire id\u00e9al pour les voyages, les d\u00eeners chics ou les r\u00e9unions professionnelles importantes. Compatible avec toutes les recharges d&#039;extrait de parfum de 20 ml.<\/p>","protected":false},"featured_media":1155,"template":"","meta":{"_et_pb_use_builder":"","_et_pb_old_content":"","_et_gb_content_width":""},"product_brand":[63],"product_cat":[22,208,80,43,42],"product_tag":[],"class_list":{"0":"post-3514","1":"product","2":"type-product","3":"status-publish","4":"has-post-thumbnail","6":"product_brand-vegas-cosmetics-gmbh","7":"product_cat-duefte","8":"product_cat-beauty-care","9":"product_cat-gigis-travel-world","10":"product_cat-perfume-refill-system","11":"product_cat-vegas-twist","13":"first","14":"instock","15":"shipping-taxable","16":"product-type-external"},"_links":{"self":[{"href":"https:\/\/gigistravelworld.de\/fr\/wp-json\/wp\/v2\/product\/3514","targetHints":{"allow":["GET"]}}],"collection":[{"href":"https:\/\/gigistravelworld.de\/fr\/wp-json\/wp\/v2\/product"}],"about":[{"href":"https:\/\/gigistravelworld.de\/fr\/wp-json\/wp\/v2\/types\/product"}],"wp:featuredmedia":[{"embeddable":true,"href":"https:\/\/gigistravelworld.de\/fr\/wp-json\/wp\/v2\/media\/1155"}],"wp:attachment":[{"href":"https:\/\/gigistravelworld.de\/fr\/wp-json\/wp\/v2\/media?parent=3514"}],"wp:term":[{"taxonomy":"product_brand","embeddable":true,"href":"https:\/\/gigistravelworld.de\/fr\/wp-json\/wp\/v2\/product_brand?post=3514"},{"taxonomy":"product_cat","embeddable":true,"href":"https:\/\/gigistravelworld.de\/fr\/wp-json\/wp\/v2\/product_cat?post=3514"},{"taxonomy":"product_tag","embeddable":true,"href":"https:\/\/gigistravelworld.de\/fr\/wp-json\/wp\/v2\/product_tag?post=3514"}],"curies":[{"name":"wp","href":"https:\/\/api.w.org\/{rel}","templated":true}]}}