{"id":3513,"date":"2025-08-23T20:55:58","date_gmt":"2025-08-23T18:55:58","guid":{"rendered":"https:\/\/gigistravelworld.de\/?post_type=product&#038;p=3513"},"modified":"2026-03-07T19:01:10","modified_gmt":"2026-03-07T18:01:10","slug":"vegas-twist-gold-pack-set","status":"publish","type":"product","link":"https:\/\/gigistravelworld.de\/fr\/vegas-twist-gold-pack-set\/","title":{"rendered":"Coffret Vegas Twist Gold 20 ml | Coffret \u00e9l\u00e9gant avec extrait de parfum"},"content":{"rendered":"<div id=\"headingOne\" class=\"panel-heading\" role=\"tab\">\n<p data-path-to-node=\"11\"><b data-path-to-node=\"11\" data-index-in-node=\"0\">Des moments pr\u00e9cieux \u00e0 emporter avec vous : Votre signature olfactive<\/b> \u201e Imaginez que vous ayez une r\u00e9union importante, un rendez-vous improvis\u00e9 ou que vous soyez sur le point d&#039;embarquer pour votre prochain vol. Vous voulez vous sentir frais et confiant \u2013 et c&#039;est exactement ce que j&#039;ai cr\u00e9\u00e9 pour vous. \u00bb <b data-path-to-node=\"11\" data-index-in-node=\"255\">Pack Or Vegas Twist<\/b> introduit dans mon univers du voyage.<\/p>\n<p data-path-to-node=\"12\">C&#039;est bien plus qu&#039;un simple parfum. C&#039;est un accessoire qui allie \u00e9l\u00e9gance et fonctionnalit\u00e9. Pour seulement <b data-path-to-node=\"12\" data-index-in-node=\"97\">19,90 \u20ac<\/b> Vous recevez non seulement l&#039;\u00e9l\u00e9gant \u00e9tui dor\u00e9, mais aussi votre extrait de parfum pr\u00e9f\u00e9r\u00e9. Il s&#039;agit d&#039;une concentration de 251 TP3T, le summum de la parfumerie. Un simple tour de main, une vaporisation, et vous voil\u00e0 pr\u00eat(e) \u00e0 affronter la journ\u00e9e (ou la nuit). Et le meilleur dans tout \u00e7a\u00a0? Gr\u00e2ce au coffret cadeau inclus, c&#039;est le pr\u00e9sent id\u00e9al pour une personne ch\u00e8re.\u201c<\/p>\n<p data-path-to-node=\"15\"><strong>Vegas Twist Gold Pack : Luxe et intensit\u00e9 en format de poche<\/strong><\/p>\n<p data-path-to-node=\"16\">Le <b data-path-to-node=\"16\" data-index-in-node=\"4\">Pack Or Vegas Twist<\/b> R\u00e9inventant la parfumerie nomade, ce coffret innovant allie l&#039;\u00e9l\u00e9gance dor\u00e9e du bo\u00eetier Vegas Twist \u00e0 l&#039;intensit\u00e9 incomparable d&#039;un extrait de parfum. Son format pratique de 20 ml se glisse facilement dans une poche, un sac \u00e0 main ou une bo\u00eete \u00e0 gants, ce qui en fait le compagnon id\u00e9al d&#039;un style de vie actif et raffin\u00e9.<\/p>\n<p data-path-to-node=\"17\"><strong>L&#039;offre exclusive<\/strong><\/p>\n<p data-path-to-node=\"18\">Ce coffret contient tout le n\u00e9cessaire pour une exp\u00e9rience olfactive haut de gamme. Vous recevrez des produits de haute qualit\u00e9. <b data-path-to-node=\"18\" data-index-in-node=\"118\">Pack Or Vegas Twist<\/b> L&#039;\u00e9tui et une recharge de 20 ml du parfum de votre choix. En prime, nous avons inclus un \u00e9l\u00e9gant coffret. <b data-path-to-node=\"18\" data-index-in-node=\"253\">Enveloppe de bo\u00eete cadeau<\/b> Ce qui fait de ce coffret le cadeau id\u00e9al pour les occasions sp\u00e9ciales \u2013 et tout cela \u00e0 un prix attractif de 19,90 \u20ac.<\/p>\n<p data-path-to-node=\"19\"><strong>Qualit\u00e9 sup\u00e9rieure : concentration d&#039;huile de parfum 25 %<\/strong><\/p>\n<p data-path-to-node=\"20\">La diff\u00e9rence cruciale r\u00e9side dans le contenu. Alors que les vaporisateurs de voyage classiques ne contiennent souvent qu&#039;une eau de toilette l\u00e9g\u00e8re, celui-ci offre\u2026 <b data-path-to-node=\"20\" data-index-in-node=\"140\">Pack Or Vegas Twist<\/b> V\u00e9ritable qualit\u00e9 Extrait de Parfum. <b data-path-to-node=\"20\" data-index-in-node=\"201\">Concentration de 25 % huile de parfum pure<\/b> Elle garantit une tenue et une intensit\u00e9 de parfum exceptionnelles. Une simple vaporisation suffit pour vous envelopper de votre fragrance pr\u00e9f\u00e9r\u00e9e pendant des heures.<\/p>\n<p data-path-to-node=\"21\"><strong>Choisissez votre parfum signature\u00a0:<\/strong><\/p>\n<p data-path-to-node=\"22\">Qu\u2019il soit f\u00e9minin, masculin ou unisexe moderne, cet ensemble r\u00e9pond \u00e0 toutes les attentes\u00a0:<\/p>\n<ul data-path-to-node=\"23\">\n<li>\n<p data-path-to-node=\"23,0,0\"><b data-path-to-node=\"23,0,0\" data-index-in-node=\"0\">Parfums pour femmes :<\/b> Du floral et l\u00e9ger \u00e0 l&#039;oriental et sensuel (Nos. 2, 7, 9, 16, 19, 28, 49, 66, 82, 84, 88, 96, 101).<\/p>\n<\/li>\n<li>\n<p data-path-to-node=\"23,1,0\"><b data-path-to-node=\"23,1,0\" data-index-in-node=\"0\">Parfums pour hommes :<\/b> Remarquable, sportif ou \u00e9l\u00e9gant (n\u00b0 4, 6, 30, 51, 65, 87, 92, 95).<\/p>\n<\/li>\n<li>\n<p data-path-to-node=\"23,2,0\"><b data-path-to-node=\"23,2,0\" data-index-in-node=\"0\">Parfums unisexes :<\/b> Le choix parfait pour les individualistes (n\u00b0 41, 55, 83, 90, 91, 94 et 99).<\/p>\n<\/li>\n<\/ul>\n<p data-path-to-node=\"24\"><strong>Manipulation et application innovantes<\/strong><\/p>\n<p data-path-to-node=\"25\">Pour que votre <b data-path-to-node=\"25\" data-index-in-node=\"11\">Pack Or Vegas Twist<\/b> Toujours pr\u00eat \u00e0 l&#039;emploi, il fonctionne selon un m\u00e9canisme simple et s\u00fbr. Pas de bouchon \u00e0 perdre ni de risque de pulv\u00e9risation accidentelle dans votre poche.<\/p>\n<ol start=\"1\" data-path-to-node=\"26\">\n<li>\n<p data-path-to-node=\"26,0,0\"><b data-path-to-node=\"26,0,0\" data-index-in-node=\"0\">Assembl\u00e9e:<\/b> Ins\u00e9rez fermement la recharge d&#039;Extrait de Parfum dans l&#039;embout vaporisateur du bo\u00eetier.<\/p>\n<\/li>\n<li>\n<p data-path-to-node=\"26,1,0\"><b data-path-to-node=\"26,1,0\" data-index-in-node=\"0\">Ins\u00e9rer:<\/b> Placez l&#039;appareil dans le coffret dor\u00e9.<\/p>\n<\/li>\n<li>\n<p data-path-to-node=\"26,2,0\"><b data-path-to-node=\"26,2,0\" data-index-in-node=\"0\">Activer:<\/b> Tourner dans le sens horaire rel\u00e8ve la t\u00eate de pulv\u00e9risation. Tourner dans le sens antihoraire la rabaisse en toute s\u00e9curit\u00e9.<\/p>\n<\/li>\n<li>\n<p data-path-to-node=\"26,3,0\"><b data-path-to-node=\"26,3,0\" data-index-in-node=\"0\">Changement:<\/b> Envie d&#039;essayer un nouveau parfum\u00a0? Il suffit de retirer l&#039;embout du vaporisateur et de remettre soigneusement la recharge.<\/p>\n<\/li>\n<\/ol>\n<p data-path-to-node=\"27\"><strong>Pourquoi le Gold Pack a sa place dans vos bagages\u00a0:<\/strong><\/p>\n<ul data-path-to-node=\"28\">\n<li>\n<p data-path-to-node=\"28,0,0\"><b data-path-to-node=\"28,0,0\" data-index-in-node=\"0\">Robuste et s\u00fbr :<\/b> L&#039;\u00e9tui robuste prot\u00e8ge la recharge en verre contre la casse.<\/p>\n<\/li>\n<li>\n<p data-path-to-node=\"28,1,0\"><b data-path-to-node=\"28,1,0\" data-index-in-node=\"0\">Id\u00e9e cadeau :<\/b> Comprend un \u00e9l\u00e9gant coffret \u00e0 enveloppe pour une premi\u00e8re impression parfaite.<\/p>\n<\/li>\n<li>\n<p data-path-to-node=\"28,2,0\"><b data-path-to-node=\"28,2,0\" data-index-in-node=\"0\">Polyvalent:<\/b> Id\u00e9al pour les voyages, les r\u00e9unions ou les rendez-vous amoureux.<\/p>\n<\/li>\n<li>\n<p data-path-to-node=\"28,3,0\"><b data-path-to-node=\"28,3,0\" data-index-in-node=\"0\">Avantage en mati\u00e8re d&#039;\u00e9conomies\u00a0:<\/b> Ensemble de haute qualit\u00e9 au prix imbattable de 19,90 \u20ac.<\/p>\n<\/li>\n<\/ul>\n<\/div>","protected":false},"excerpt":{"rendered":"<p>Votre parfum pr\u00e9f\u00e9r\u00e9, sublim\u00e9 par l&#039;or ! Le coffret Vegas Twist Gold est le nec plus ultra pour celles et ceux qui aiment le luxe et la praticit\u00e9. Offrez-vous l&#039;\u00e9l\u00e9gant \u00e9tui dor\u00e9, contenant un flacon de 20 ml d&#039;Extrait de Parfum (concentration de 25 % d&#039;huile de %) et un coffret cadeau chic pour seulement 19,90 \u20ac. Haute qualit\u00e9, intense et id\u00e9al pour vous accompagner partout. Choisissez votre parfum d\u00e8s maintenant et affirmez votre style avec \u00e9l\u00e9gance !<\/p>","protected":false},"featured_media":1154,"template":"","meta":{"_et_pb_use_builder":"","_et_pb_old_content":"","_et_gb_content_width":""},"product_brand":[63],"product_cat":[22,208,80,43,42],"product_tag":[],"class_list":{"0":"post-3513","1":"product","2":"type-product","3":"status-publish","4":"has-post-thumbnail","6":"product_brand-vegas-cosmetics-gmbh","7":"product_cat-duefte","8":"product_cat-beauty-care","9":"product_cat-gigis-travel-world","10":"product_cat-perfume-refill-system","11":"product_cat-vegas-twist","13":"first","14":"instock","15":"shipping-taxable","16":"product-type-external"},"_links":{"self":[{"href":"https:\/\/gigistravelworld.de\/fr\/wp-json\/wp\/v2\/product\/3513","targetHints":{"allow":["GET"]}}],"collection":[{"href":"https:\/\/gigistravelworld.de\/fr\/wp-json\/wp\/v2\/product"}],"about":[{"href":"https:\/\/gigistravelworld.de\/fr\/wp-json\/wp\/v2\/types\/product"}],"wp:featuredmedia":[{"embeddable":true,"href":"https:\/\/gigistravelworld.de\/fr\/wp-json\/wp\/v2\/media\/1154"}],"wp:attachment":[{"href":"https:\/\/gigistravelworld.de\/fr\/wp-json\/wp\/v2\/media?parent=3513"}],"wp:term":[{"taxonomy":"product_brand","embeddable":true,"href":"https:\/\/gigistravelworld.de\/fr\/wp-json\/wp\/v2\/product_brand?post=3513"},{"taxonomy":"product_cat","embeddable":true,"href":"https:\/\/gigistravelworld.de\/fr\/wp-json\/wp\/v2\/product_cat?post=3513"},{"taxonomy":"product_tag","embeddable":true,"href":"https:\/\/gigistravelworld.de\/fr\/wp-json\/wp\/v2\/product_tag?post=3513"}],"curies":[{"name":"wp","href":"https:\/\/api.w.org\/{rel}","templated":true}]}}