{"id":3503,"date":"2025-08-23T20:55:51","date_gmt":"2025-08-23T18:55:51","guid":{"rendered":"https:\/\/gigistravelworld.de\/?post_type=product&#038;p=3503"},"modified":"2026-03-12T17:39:59","modified_gmt":"2026-03-12T16:39:59","slug":"body-mist-tropical-touch","status":"publish","type":"product","link":"https:\/\/gigistravelworld.de\/fr\/body-mist-tropical-touch\/","title":{"rendered":"Brume corporelle Toucher Tropical 150 ml | Fra\u00eecheur intense gr\u00e2ce \u00e0 l&#039;eau thermale"},"content":{"rendered":"<div id=\"headingOne\" class=\"panel-heading\" role=\"tab\">\n<h4 data-path-to-node=\"11\"><b data-path-to-node=\"11\" data-index-in-node=\"0\">Brume corporelle Toucher Tropical : Votre exp\u00e9rience de fra\u00eecheur par temps chaud !<\/b><\/h4>\n<p data-path-to-node=\"12\">Dans <b data-path-to-node=\"12\" data-index-in-node=\"3\">Le monde des voyages de Gigi<\/b> Ce spray est absolument indispensable. Quand le soleil tape fort et que la climatisation du van d\u00e9cide encore de faire des siennes, il vous sauvera la mise. <b data-path-to-node=\"12\" data-index-in-node=\"154\">Brume corporelle \u201e Toucher tropical \u201c<\/b>. Ce n&#039;est pas un parfum capiteux, mais une brume parfum\u00e9e ultra-l\u00e9g\u00e8re qui hydrate simultan\u00e9ment votre peau en profondeur.<\/p>\n<p data-path-to-node=\"13\">Pour seulement <b data-path-to-node=\"13\" data-index-in-node=\"8\">14,90 \u20ac<\/b> Vous obtenez 150 ml de pure fra\u00eecheur qui revigore vos sens et vous enveloppe instantan\u00e9ment d&#039;un parfum fruit\u00e9 et envo\u00fbtant.<\/p>\n<h4 data-path-to-node=\"14\"><b data-path-to-node=\"14\" data-index-in-node=\"0\">Pourquoi ce d\u00e9odorant corporel peut faire plus que simplement sentir bon\u00a0:<\/b><\/h4>\n<p data-path-to-node=\"15\">Derri\u00e8re son parfum acidul\u00e9 de pamplemousse se cache une formule sophistiqu\u00e9e qui prend activement soin de votre peau\u00a0:<\/p>\n<table data-path-to-node=\"16\">\n<thead>\n<tr>\n<td><strong>ingr\u00e9dient<\/strong><\/td>\n<td><strong>Votre avantage<\/strong><\/td>\n<\/tr>\n<\/thead>\n<tbody>\n<tr>\n<td><span data-path-to-node=\"16,1,0,0\"><b data-path-to-node=\"16,1,0,0\" data-index-in-node=\"0\">Eau (thermale)<\/b><\/span><\/td>\n<td><span data-path-to-node=\"16,1,1,0\">Apporte des min\u00e9raux pr\u00e9cieux et rafra\u00eechit instantan\u00e9ment la peau.<\/span><\/td>\n<\/tr>\n<tr>\n<td><span data-path-to-node=\"16,2,0,0\"><b data-path-to-node=\"16,2,0,0\" data-index-in-node=\"0\">Extrait de pamplemousse<\/b><\/span><\/td>\n<td><span data-path-to-node=\"16,2,1,0\">Il a un effet revitalisant et procure une \u00e9nergie nouvelle pour la journ\u00e9e.<\/span><\/td>\n<\/tr>\n<tr>\n<td><span data-path-to-node=\"16,3,0,0\"><b data-path-to-node=\"16,3,0,0\" data-index-in-node=\"0\">B\u00e9ta\u00efne et PCA de sodium<\/b><\/span><\/td>\n<td><span data-path-to-node=\"16,3,1,0\">Ce sont de v\u00e9ritables aimants \u00e0 hydratation ! Ils retiennent l&#039;eau dans la peau et l&#039;emp\u00eachent de se dess\u00e9cher.<\/span><\/td>\n<\/tr>\n<tr>\n<td><span data-path-to-node=\"16,4,0,0\"><b data-path-to-node=\"16,4,0,0\" data-index-in-node=\"0\">Glyc\u00e9rine<\/b><\/span><\/td>\n<td><span data-path-to-node=\"16,4,1,0\">Procure une sensation de douceur sur la peau, sans effet collant.<\/span><\/td>\n<\/tr>\n<\/tbody>\n<\/table>\n<h4 data-path-to-node=\"17\"><\/h4>\n<h4 data-path-to-node=\"17\"><b data-path-to-node=\"17\" data-index-in-node=\"0\">Conseils d&#039;application de Gigi pour une fra\u00eecheur optimale\u00a0:<\/b><\/h4>\n<p data-path-to-node=\"18\">Vaporisez-le <b data-path-to-node=\"18\" data-index-in-node=\"11\">Brume corporelle \u201e Toucher tropical \u201c<\/b> Appliquez g\u00e9n\u00e9reusement sur tout le corps \u2013 id\u00e9alement juste apr\u00e8s la douche ou entre les douches lorsque vous avez besoin de vous rafra\u00eechir.<\/p>\n<p data-path-to-node=\"18\"><b data-path-to-node=\"19,0\" data-index-in-node=\"0\">Le conseil de pro de Gigi :<\/b> \u201e Par temps de forte chaleur, j&#039;aime mettre ma brume corporelle au r\u00e9frig\u00e9rateur. La brume glac\u00e9e, combin\u00e9e au parfum de pamplemousse, est comme un double expresso pour la peau ! \u201c<\/p>\n<h4 data-path-to-node=\"20\"><b data-path-to-node=\"20\" data-index-in-node=\"0\">Foire aux questions (FAQ) sur la brume corporelle Tropical Touch\u00a0:<\/b><\/h4>\n<p data-path-to-node=\"21\"><b data-path-to-node=\"21\" data-index-in-node=\"0\">1. La brume corporelle remplace-t-elle le parfum ?<\/b><\/p>\n<p data-path-to-node=\"21\">C&#039;est une alternative plus l\u00e9g\u00e8re et plus fra\u00eeche. Alors qu&#039;un parfum peut souvent para\u00eetre lourd, celui-ci l&#039;est beaucoup moins. <b data-path-to-node=\"21\" data-index-in-node=\"127\">Brume corporelle Toucher tropical<\/b> Id\u00e9al pour le sport, la plage ou le bureau. Il vous enveloppe discr\u00e8tement sans \u00eatre intrusif.<\/p>\n<p data-path-to-node=\"22\"><b data-path-to-node=\"22\" data-index-in-node=\"0\">2. Puis-je \u00e9galement vaporiser le produit sur mes cheveux\u00a0?<\/b><\/p>\n<p data-path-to-node=\"22\">Oui ! Une petite vaporisation sur les longueurs apporte une merveilleuse dose de fra\u00eecheur \u00e0 vos cheveux et permet au parfum de se diffuser subtilement \u00e0 chaque mouvement.<\/p>\n<p data-path-to-node=\"23\"><b data-path-to-node=\"23\" data-index-in-node=\"0\">3. Le spray adh\u00e8re-t-il \u00e0 la peau\u00a0?<\/b><\/p>\n<p data-path-to-node=\"23\">Pas du tout. Sa formule \u00e0 base d&#039;eau p\u00e9n\u00e8tre instantan\u00e9ment. Il ne reste qu&#039;une sensation soyeuse et un parfum tropical.<\/p>\n<p data-path-to-node=\"24\"><b data-path-to-node=\"24\" data-index-in-node=\"0\">4. \u00c0 quoi dois-je faire attention lors du stockage ?<\/b><\/p>\n<p data-path-to-node=\"24\">Ce produit contenant de l&#039;alcool d\u00e9natur\u00e9, il est inflammable. Par cons\u00e9quent, tenez-le \u00e9loign\u00e9 de toute source d&#039;ignition et conservez-le dans un endroit frais et ombrag\u00e9\u00a0; vous pr\u00e9serverez ainsi au maximum le parfum de pamplemousse.<\/p>\n<\/div>","protected":false},"excerpt":{"rendered":"<p>Votre produit phare de l&#039;\u00e9t\u00e9 en bouteille ! \u2600\ufe0f <b data-path-to-node=\"27\" data-index-in-node=\"47\">Brume corporelle \u201e Toucher tropical \u201c (150 ml pour 14,90 \u20ac)<\/b> C&#039;est le soin rafra\u00eechissant id\u00e9al pour la peau et les sens. Aux ingr\u00e9dients riches en min\u00e9raux. <b data-path-to-node=\"27\" data-index-in-node=\"162\">Eau thermale, pamplemousse tonifiant et b\u00e9ta\u00efne hydratante<\/b>. Elle p\u00e9n\u00e8tre instantan\u00e9ment, rafra\u00eechit agr\u00e9ablement et d\u00e9gage un parfum tropical irr\u00e9sistible. <b data-path-to-node=\"27\" data-index-in-node=\"305\">Faites le plein de fra\u00eecheur \u2013 commandez d\u00e8s maintenant chez Gigi !<\/b><\/p>","protected":false},"featured_media":1144,"template":"","meta":{"_et_pb_use_builder":"","_et_pb_old_content":"","_et_gb_content_width":""},"product_brand":[63],"product_cat":[22,208,33,60,64,94,40],"product_tag":[],"class_list":{"0":"post-3503","1":"product","2":"type-product","3":"status-publish","4":"has-post-thumbnail","6":"product_brand-vegas-cosmetics-gmbh","7":"product_cat-duefte","8":"product_cat-beauty-care","9":"product_cat-duefte-duefte","10":"product_cat-hautpflege","11":"product_cat-koerper-haarpflege","12":"product_cat-tropical-touch-koerper-haarpflege","13":"product_cat-tropical-touch","15":"first","16":"instock","17":"shipping-taxable","18":"product-type-external"},"_links":{"self":[{"href":"https:\/\/gigistravelworld.de\/fr\/wp-json\/wp\/v2\/product\/3503","targetHints":{"allow":["GET"]}}],"collection":[{"href":"https:\/\/gigistravelworld.de\/fr\/wp-json\/wp\/v2\/product"}],"about":[{"href":"https:\/\/gigistravelworld.de\/fr\/wp-json\/wp\/v2\/types\/product"}],"wp:featuredmedia":[{"embeddable":true,"href":"https:\/\/gigistravelworld.de\/fr\/wp-json\/wp\/v2\/media\/1144"}],"wp:attachment":[{"href":"https:\/\/gigistravelworld.de\/fr\/wp-json\/wp\/v2\/media?parent=3503"}],"wp:term":[{"taxonomy":"product_brand","embeddable":true,"href":"https:\/\/gigistravelworld.de\/fr\/wp-json\/wp\/v2\/product_brand?post=3503"},{"taxonomy":"product_cat","embeddable":true,"href":"https:\/\/gigistravelworld.de\/fr\/wp-json\/wp\/v2\/product_cat?post=3503"},{"taxonomy":"product_tag","embeddable":true,"href":"https:\/\/gigistravelworld.de\/fr\/wp-json\/wp\/v2\/product_tag?post=3503"}],"curies":[{"name":"wp","href":"https:\/\/api.w.org\/{rel}","templated":true}]}}