{"id":3500,"date":"2025-08-23T20:55:51","date_gmt":"2025-08-23T18:55:51","guid":{"rendered":"https:\/\/gigistravelworld.de\/?post_type=product&#038;p=3500"},"modified":"2026-02-04T19:41:11","modified_gmt":"2026-02-04T18:41:11","slug":"eau-de-parfum-no-41-unisex-100ml","status":"publish","type":"product","link":"https:\/\/gigistravelworld.de\/fr\/eau-de-parfum-no-41-unisex-100ml\/","title":{"rendered":"Eau de Parfum N\u00ba 41 \u2013 UNISEXE 100ml"},"content":{"rendered":"<div id=\"headingOne\" class=\"panel-heading\" role=\"tab\">\n<h4 class=\"panel-title\">Description<\/h4>\n<\/div>\n<div id=\"collapseOne\" class=\"panel-collapse collapse in\" role=\"tabpanel\" aria-labelledby=\"headingOne\">\n<div class=\"panel-body rtddbr\">\n<p><strong>Note d&#039;introduction\u00a0:<\/strong>\u00a0 F\u00e8ve tonka, bois de santal, fleurs de tabac<br \/>\n<strong>Note du c\u0153ur<\/strong>Ambre, vanille, huile de ciste<br \/>\n<strong>Niveau de base<\/strong>Patchouli, bois de c\u00e8dre, fruits secs<\/p>\n<p><strong>DE BELLES NOTES<\/strong><br \/>\nCette note est souvent utilis\u00e9e comme base pour les parfums sophistiqu\u00e9s et \u00e9l\u00e9gants. Ils sont intenses et saisissants, et poss\u00e8dent un ar\u00f4me bois\u00e9.<\/p>\n<\/div>\n<\/div>","protected":false},"excerpt":{"rendered":"<p><strong>JOLIE NOTE<\/strong><\/p>","protected":false},"featured_media":1130,"template":"","meta":{"_et_pb_use_builder":"","_et_pb_old_content":"","_et_gb_content_width":""},"product_brand":[63],"product_cat":[22,33,39,38],"product_tag":[],"class_list":{"0":"post-3500","1":"product","2":"type-product","3":"status-publish","4":"has-post-thumbnail","6":"product_brand-vegas-cosmetics-gmbh","7":"product_cat-duefte","8":"product_cat-duefte-duefte","9":"product_cat-eau-de-parfum-fuer-ihn","10":"product_cat-eau-de-parfum-fuer-sie","12":"first","13":"instock","14":"shipping-taxable","15":"product-type-external"},"_links":{"self":[{"href":"https:\/\/gigistravelworld.de\/fr\/wp-json\/wp\/v2\/product\/3500","targetHints":{"allow":["GET"]}}],"collection":[{"href":"https:\/\/gigistravelworld.de\/fr\/wp-json\/wp\/v2\/product"}],"about":[{"href":"https:\/\/gigistravelworld.de\/fr\/wp-json\/wp\/v2\/types\/product"}],"wp:featuredmedia":[{"embeddable":true,"href":"https:\/\/gigistravelworld.de\/fr\/wp-json\/wp\/v2\/media\/1130"}],"wp:attachment":[{"href":"https:\/\/gigistravelworld.de\/fr\/wp-json\/wp\/v2\/media?parent=3500"}],"wp:term":[{"taxonomy":"product_brand","embeddable":true,"href":"https:\/\/gigistravelworld.de\/fr\/wp-json\/wp\/v2\/product_brand?post=3500"},{"taxonomy":"product_cat","embeddable":true,"href":"https:\/\/gigistravelworld.de\/fr\/wp-json\/wp\/v2\/product_cat?post=3500"},{"taxonomy":"product_tag","embeddable":true,"href":"https:\/\/gigistravelworld.de\/fr\/wp-json\/wp\/v2\/product_tag?post=3500"}],"curies":[{"name":"wp","href":"https:\/\/api.w.org\/{rel}","templated":true}]}}