{"id":3480,"date":"2025-08-23T20:55:44","date_gmt":"2025-08-23T18:55:44","guid":{"rendered":"https:\/\/gigistravelworld.de\/?post_type=product&#038;p=3480"},"modified":"2026-02-04T18:34:32","modified_gmt":"2026-02-04T17:34:32","slug":"eau-de-parfum-women-nr-71-100ml","status":"publish","type":"product","link":"https:\/\/gigistravelworld.de\/fr\/eau-de-parfum-women-nr-71-100ml\/","title":{"rendered":"Eau de Parfum Femme N\u00b071 100ml"},"content":{"rendered":"<div id=\"headingOne\" class=\"panel-heading\" role=\"tab\">\n<h4 class=\"panel-title\">Description<\/h4>\n<\/div>\n<div id=\"collapseOne\" class=\"panel-collapse collapse in\" role=\"tabpanel\" aria-labelledby=\"headingOne\">\n<div class=\"panel-body rtddbr\">\n<p><strong>Note d&#039;introduction\u00a0:\u00a0<\/strong>\u00a0fruit\u00e9, rappelant la pomme, l\u00e9g\u00e8rement sucr\u00e9<br \/>\n<strong>Note du c\u0153ur :\u00a0<\/strong>\u00a0composant exotique et floral<br \/>\n<strong>Niveau de base :\u00a0<\/strong>bois tropicaux.<\/p>\n<p><strong>NOTES FLORALES<\/strong><br \/>\nIls constituent la plus grande famille de parfums et sont associ\u00e9s \u00e0 un parfum,<br \/>\nassoci\u00e9 \u00e0 un parfum f\u00e9minin et doux, aussi naturel que<br \/>\nIl a un aspect \u00e9l\u00e9gant et intemporel.<\/p>\n<\/div>\n<\/div>","protected":false},"excerpt":{"rendered":"<p><strong>NOTE FLORALE \u2013 SUCR\u00c9E \u2013 POUR VOUS<\/strong><\/p>","protected":false},"featured_media":1100,"template":"","meta":{"_et_pb_use_builder":"","_et_pb_old_content":"","_et_gb_content_width":""},"product_brand":[63],"product_cat":[22,33,38],"product_tag":[],"class_list":{"0":"post-3480","1":"product","2":"type-product","3":"status-publish","4":"has-post-thumbnail","6":"product_brand-vegas-cosmetics-gmbh","7":"product_cat-duefte","8":"product_cat-duefte-duefte","9":"product_cat-eau-de-parfum-fuer-sie","11":"first","12":"instock","13":"shipping-taxable","14":"product-type-external"},"_links":{"self":[{"href":"https:\/\/gigistravelworld.de\/fr\/wp-json\/wp\/v2\/product\/3480","targetHints":{"allow":["GET"]}}],"collection":[{"href":"https:\/\/gigistravelworld.de\/fr\/wp-json\/wp\/v2\/product"}],"about":[{"href":"https:\/\/gigistravelworld.de\/fr\/wp-json\/wp\/v2\/types\/product"}],"wp:featuredmedia":[{"embeddable":true,"href":"https:\/\/gigistravelworld.de\/fr\/wp-json\/wp\/v2\/media\/1100"}],"wp:attachment":[{"href":"https:\/\/gigistravelworld.de\/fr\/wp-json\/wp\/v2\/media?parent=3480"}],"wp:term":[{"taxonomy":"product_brand","embeddable":true,"href":"https:\/\/gigistravelworld.de\/fr\/wp-json\/wp\/v2\/product_brand?post=3480"},{"taxonomy":"product_cat","embeddable":true,"href":"https:\/\/gigistravelworld.de\/fr\/wp-json\/wp\/v2\/product_cat?post=3480"},{"taxonomy":"product_tag","embeddable":true,"href":"https:\/\/gigistravelworld.de\/fr\/wp-json\/wp\/v2\/product_tag?post=3480"}],"curies":[{"name":"wp","href":"https:\/\/api.w.org\/{rel}","templated":true}]}}