{"id":3474,"date":"2025-08-23T20:55:44","date_gmt":"2025-08-23T18:55:44","guid":{"rendered":"https:\/\/gigistravelworld.de\/?post_type=product&#038;p=3474"},"modified":"2026-02-04T18:45:03","modified_gmt":"2026-02-04T17:45:03","slug":"eau-de-parfum-women-nr-48-100ml","status":"publish","type":"product","link":"https:\/\/gigistravelworld.de\/fr\/eau-de-parfum-women-nr-48-100ml\/","title":{"rendered":"Eau de Parfum Femme N\u00b048 100ml"},"content":{"rendered":"<div id=\"headingOne\" class=\"panel-heading\" role=\"tab\">\n<h4 class=\"panel-title\">Description<\/h4>\n<\/div>\n<div id=\"collapseOne\" class=\"panel-collapse collapse in\" role=\"tabpanel\" aria-labelledby=\"headingOne\">\n<div class=\"panel-body rtddbr\">\n<p><strong>Note d&#039;introduction\u00a0:<\/strong>\u00a0Fleur de pommier, cassis,<br \/>\n<strong>Note du c\u0153ur :\u00a0<\/strong>ch\u00e8vrefeuille, lys, violette, menthe, orange, citron, rose<br \/>\n<strong>Niveau de base :<\/strong>\u00a0Magnolia, cuir, santal, jasmin et c\u00e8dre.<\/p>\n<p><strong>NOTES FLORALES<\/strong><br \/>\nIls constituent la plus grande famille de parfums et sont associ\u00e9s \u00e0 un parfum,<br \/>\nassoci\u00e9 \u00e0 un parfum f\u00e9minin et doux, aussi naturel que<br \/>\nIl a un aspect \u00e9l\u00e9gant et intemporel.<\/p>\n<p>&nbsp;<\/p>\n<p>Remarque\u00a0: Durant cette p\u00e9riode de transition, le produit peut \u00eatre livr\u00e9 dans un nouvel emballage. Nous vous assurons que la qualit\u00e9 et la fragrance du parfum resteront inchang\u00e9es, quel que soit le nouvel emballage.<\/p><\/div>\n<\/div>","protected":false},"excerpt":{"rendered":"<p>NOTES FLORALES \u2013 FRA\u00ceCHEUR ET FLORALE POUR VOUS<\/p>","protected":false},"featured_media":1083,"template":"","meta":{"_et_pb_use_builder":"","_et_pb_old_content":"","_et_gb_content_width":""},"product_brand":[63],"product_cat":[22,33,38],"product_tag":[],"class_list":{"0":"post-3474","1":"product","2":"type-product","3":"status-publish","4":"has-post-thumbnail","6":"product_brand-vegas-cosmetics-gmbh","7":"product_cat-duefte","8":"product_cat-duefte-duefte","9":"product_cat-eau-de-parfum-fuer-sie","11":"first","12":"instock","13":"shipping-taxable","14":"product-type-external"},"_links":{"self":[{"href":"https:\/\/gigistravelworld.de\/fr\/wp-json\/wp\/v2\/product\/3474","targetHints":{"allow":["GET"]}}],"collection":[{"href":"https:\/\/gigistravelworld.de\/fr\/wp-json\/wp\/v2\/product"}],"about":[{"href":"https:\/\/gigistravelworld.de\/fr\/wp-json\/wp\/v2\/types\/product"}],"wp:featuredmedia":[{"embeddable":true,"href":"https:\/\/gigistravelworld.de\/fr\/wp-json\/wp\/v2\/media\/1083"}],"wp:attachment":[{"href":"https:\/\/gigistravelworld.de\/fr\/wp-json\/wp\/v2\/media?parent=3474"}],"wp:term":[{"taxonomy":"product_brand","embeddable":true,"href":"https:\/\/gigistravelworld.de\/fr\/wp-json\/wp\/v2\/product_brand?post=3474"},{"taxonomy":"product_cat","embeddable":true,"href":"https:\/\/gigistravelworld.de\/fr\/wp-json\/wp\/v2\/product_cat?post=3474"},{"taxonomy":"product_tag","embeddable":true,"href":"https:\/\/gigistravelworld.de\/fr\/wp-json\/wp\/v2\/product_tag?post=3474"}],"curies":[{"name":"wp","href":"https:\/\/api.w.org\/{rel}","templated":true}]}}