{"id":3468,"date":"2025-08-23T20:55:44","date_gmt":"2025-08-23T18:55:44","guid":{"rendered":"https:\/\/gigistravelworld.de\/?post_type=product&#038;p=3468"},"modified":"2026-02-04T18:58:51","modified_gmt":"2026-02-04T17:58:51","slug":"eau-de-parfum-women-nr-19-100ml","status":"publish","type":"product","link":"https:\/\/gigistravelworld.de\/fr\/eau-de-parfum-women-nr-19-100ml\/","title":{"rendered":"Eau de Parfum Femme N\u00b019 100ml"},"content":{"rendered":"<div id=\"headingOne\" class=\"panel-heading\" role=\"tab\">\n<h4 class=\"panel-title\">Description<\/h4>\n<\/div>\n<div id=\"collapseOne\" class=\"panel-collapse collapse in\" role=\"tabpanel\" aria-labelledby=\"headingOne\">\n<div class=\"panel-body rtddbr\"><strong>Note d&#039;introduction\u00a0:\u00a0<\/strong>\u00a0pomme verte, jacinthe des bois, bois de c\u00e8dre<br \/>\n<strong>Note du c\u0153ur :\u00a0\u00a0<\/strong>Bambou, rose, jasmin<br \/>\n<strong>Niveau de base :<\/strong>\u00a0Ambre, bois de citronnier, musc<\/p>\n<p><strong>CHYPRENOTES<\/strong><br \/>\nLe chypre est un terme d\u00e9signant des parfums dont les notes de t\u00eate sont caract\u00e9ris\u00e9es par<br \/>\nNotes d&#039;agrumes et, en note de fond, mousse de ch\u00eane et patchouli<br \/>\nsont marqu\u00e9es. Les notes chypr\u00e9es sont g\u00e9n\u00e9ralement unisexes, elles sont donc<br \/>\nUtilis\u00e9 dans les parfums pour femmes et pour hommes.<\/div>\n<\/div>","protected":false},"excerpt":{"rendered":"<p><strong>CHYPRENOTE \u2013 POUR VOUS<\/strong><\/p>","protected":false},"featured_media":1064,"template":"","meta":{"_et_pb_use_builder":"","_et_pb_old_content":"","_et_gb_content_width":""},"product_brand":[63],"product_cat":[22,33,38],"product_tag":[],"class_list":{"0":"post-3468","1":"product","2":"type-product","3":"status-publish","4":"has-post-thumbnail","6":"product_brand-vegas-cosmetics-gmbh","7":"product_cat-duefte","8":"product_cat-duefte-duefte","9":"product_cat-eau-de-parfum-fuer-sie","11":"first","12":"instock","13":"shipping-taxable","14":"product-type-external"},"_links":{"self":[{"href":"https:\/\/gigistravelworld.de\/fr\/wp-json\/wp\/v2\/product\/3468","targetHints":{"allow":["GET"]}}],"collection":[{"href":"https:\/\/gigistravelworld.de\/fr\/wp-json\/wp\/v2\/product"}],"about":[{"href":"https:\/\/gigistravelworld.de\/fr\/wp-json\/wp\/v2\/types\/product"}],"wp:featuredmedia":[{"embeddable":true,"href":"https:\/\/gigistravelworld.de\/fr\/wp-json\/wp\/v2\/media\/1064"}],"wp:attachment":[{"href":"https:\/\/gigistravelworld.de\/fr\/wp-json\/wp\/v2\/media?parent=3468"}],"wp:term":[{"taxonomy":"product_brand","embeddable":true,"href":"https:\/\/gigistravelworld.de\/fr\/wp-json\/wp\/v2\/product_brand?post=3468"},{"taxonomy":"product_cat","embeddable":true,"href":"https:\/\/gigistravelworld.de\/fr\/wp-json\/wp\/v2\/product_cat?post=3468"},{"taxonomy":"product_tag","embeddable":true,"href":"https:\/\/gigistravelworld.de\/fr\/wp-json\/wp\/v2\/product_tag?post=3468"}],"curies":[{"name":"wp","href":"https:\/\/api.w.org\/{rel}","templated":true}]}}