{"id":3467,"date":"2025-08-23T20:55:44","date_gmt":"2025-08-23T18:55:44","guid":{"rendered":"https:\/\/gigistravelworld.de\/?post_type=product&#038;p=3467"},"modified":"2026-02-04T20:02:30","modified_gmt":"2026-02-04T19:02:30","slug":"eau-de-parfum-men-nr-18-100ml","status":"publish","type":"product","link":"https:\/\/gigistravelworld.de\/fr\/eau-de-parfum-men-nr-18-100ml\/","title":{"rendered":"Eau de Parfum Homme N\u00b018 100ml"},"content":{"rendered":"<div id=\"headingOne\" class=\"panel-heading\" role=\"tab\">\n<h4 class=\"panel-title\">Description<\/h4>\n<\/div>\n<div id=\"collapseOne\" class=\"panel-collapse collapse in\" role=\"tabpanel\" aria-labelledby=\"headingOne\">\n<div class=\"panel-body rtddbr\">\n<p><strong>Note d&#039;introduction\u00a0:\u00a0<\/strong>\u00a0Menthe, pomme verte, citron<br \/>\n<strong>Note du c\u0153ur :<\/strong>\u00a0 f\u00e8ve tonka, g\u00e9ranium<br \/>\n<strong>Niveau de base :<\/strong>\u00a0Vanille, v\u00e9tiver, c\u00e8dre<\/p>\n<p><strong>NOTES ORIENTALES<\/strong><br \/>\nEst-ce la combinaison de plusieurs notes aux tonalit\u00e9s velout\u00e9es et chaudes ?<br \/>\nDes caract\u00e9ristiques telles que l&#039;ambre et la vanille. Les parfums orientaux sont<br \/>\nG\u00e9n\u00e9ralement riche, chaleureux, intense, sensuel et \u00e9l\u00e9gant. Caract\u00e9ris\u00e9 par<br \/>\ng\u00e9n\u00e9ralement caract\u00e9ris\u00e9 par un parfum dominant qui persiste longtemps.<\/p>\n<\/div>\n<\/div>","protected":false},"excerpt":{"rendered":"<p><strong>TOUCHE ORIENTALE \u2013 DOUX \u2013 POUR LUI\u00a0<\/strong><\/p>","protected":false},"featured_media":1063,"template":"","meta":{"_et_pb_use_builder":"","_et_pb_old_content":"","_et_gb_content_width":""},"product_brand":[63],"product_cat":[22,33,39],"product_tag":[],"class_list":{"0":"post-3467","1":"product","2":"type-product","3":"status-publish","4":"has-post-thumbnail","6":"product_brand-vegas-cosmetics-gmbh","7":"product_cat-duefte","8":"product_cat-duefte-duefte","9":"product_cat-eau-de-parfum-fuer-ihn","11":"first","12":"instock","13":"shipping-taxable","14":"product-type-external"},"_links":{"self":[{"href":"https:\/\/gigistravelworld.de\/fr\/wp-json\/wp\/v2\/product\/3467","targetHints":{"allow":["GET"]}}],"collection":[{"href":"https:\/\/gigistravelworld.de\/fr\/wp-json\/wp\/v2\/product"}],"about":[{"href":"https:\/\/gigistravelworld.de\/fr\/wp-json\/wp\/v2\/types\/product"}],"wp:featuredmedia":[{"embeddable":true,"href":"https:\/\/gigistravelworld.de\/fr\/wp-json\/wp\/v2\/media\/1063"}],"wp:attachment":[{"href":"https:\/\/gigistravelworld.de\/fr\/wp-json\/wp\/v2\/media?parent=3467"}],"wp:term":[{"taxonomy":"product_brand","embeddable":true,"href":"https:\/\/gigistravelworld.de\/fr\/wp-json\/wp\/v2\/product_brand?post=3467"},{"taxonomy":"product_cat","embeddable":true,"href":"https:\/\/gigistravelworld.de\/fr\/wp-json\/wp\/v2\/product_cat?post=3467"},{"taxonomy":"product_tag","embeddable":true,"href":"https:\/\/gigistravelworld.de\/fr\/wp-json\/wp\/v2\/product_tag?post=3467"}],"curies":[{"name":"wp","href":"https:\/\/api.w.org\/{rel}","templated":true}]}}