{"id":3466,"date":"2025-08-23T20:55:44","date_gmt":"2025-08-23T18:55:44","guid":{"rendered":"https:\/\/gigistravelworld.de\/?post_type=product&#038;p=3466"},"modified":"2026-02-04T21:37:13","modified_gmt":"2026-02-04T20:37:13","slug":"eau-de-parfum-men-nr-51-100ml","status":"publish","type":"product","link":"https:\/\/gigistravelworld.de\/fr\/eau-de-parfum-men-nr-51-100ml\/","title":{"rendered":"Eau de Parfum Homme N\u00b051 100ml"},"content":{"rendered":"<div id=\"headingOne\" class=\"panel-heading\" role=\"tab\">\n<h4 class=\"panel-title\">Description<\/h4>\n<\/div>\n<div id=\"collapseOne\" class=\"panel-collapse collapse in\" role=\"tabpanel\" aria-labelledby=\"headingOne\">\n<div class=\"panel-body rtddbr\">\n<p><strong>Note d&#039;introduction\u00a0:<\/strong>\u00a0Orange, citron vert, mandarine, jasmin, bergamote, citron, n\u00e9roli<br \/>\n<strong>Note du c\u0153ur<\/strong>Coriandre, cyclamen, jasmin, violettes<br \/>\n<strong>Niveau de base<\/strong>Bois de c\u00e8dre, patchouli, mousse<\/p>\n<p><strong>NOTES DE FOUG\u00c8RE<\/strong><br \/>\nLes parfums foug\u00e8res sont principalement appr\u00e9ci\u00e9s des hommes.<br \/>\nse caract\u00e9risent par une combinaison sensuelle de mousse et de fra\u00eecheur<br \/>\nherbe coup\u00e9e (coumarine), lavande, cuir ou herbes de<\/p>\n<\/div>\n<\/div>","protected":false},"excerpt":{"rendered":"<p><strong>NOTE DE FOUG\u00c8RE \u2013 FRA\u00ceCHE \u2013 POUR LUI<\/strong><\/p>","protected":false},"featured_media":1062,"template":"","meta":{"_et_pb_use_builder":"","_et_pb_old_content":"","_et_gb_content_width":""},"product_brand":[63],"product_cat":[22,33,39],"product_tag":[],"class_list":{"0":"post-3466","1":"product","2":"type-product","3":"status-publish","4":"has-post-thumbnail","6":"product_brand-vegas-cosmetics-gmbh","7":"product_cat-duefte","8":"product_cat-duefte-duefte","9":"product_cat-eau-de-parfum-fuer-ihn","11":"first","12":"instock","13":"shipping-taxable","14":"product-type-external"},"_links":{"self":[{"href":"https:\/\/gigistravelworld.de\/fr\/wp-json\/wp\/v2\/product\/3466","targetHints":{"allow":["GET"]}}],"collection":[{"href":"https:\/\/gigistravelworld.de\/fr\/wp-json\/wp\/v2\/product"}],"about":[{"href":"https:\/\/gigistravelworld.de\/fr\/wp-json\/wp\/v2\/types\/product"}],"wp:featuredmedia":[{"embeddable":true,"href":"https:\/\/gigistravelworld.de\/fr\/wp-json\/wp\/v2\/media\/1062"}],"wp:attachment":[{"href":"https:\/\/gigistravelworld.de\/fr\/wp-json\/wp\/v2\/media?parent=3466"}],"wp:term":[{"taxonomy":"product_brand","embeddable":true,"href":"https:\/\/gigistravelworld.de\/fr\/wp-json\/wp\/v2\/product_brand?post=3466"},{"taxonomy":"product_cat","embeddable":true,"href":"https:\/\/gigistravelworld.de\/fr\/wp-json\/wp\/v2\/product_cat?post=3466"},{"taxonomy":"product_tag","embeddable":true,"href":"https:\/\/gigistravelworld.de\/fr\/wp-json\/wp\/v2\/product_tag?post=3466"}],"curies":[{"name":"wp","href":"https:\/\/api.w.org\/{rel}","templated":true}]}}