{"id":3459,"date":"2025-08-23T20:55:44","date_gmt":"2025-08-23T18:55:44","guid":{"rendered":"https:\/\/gigistravelworld.de\/?post_type=product&#038;p=3459"},"modified":"2026-03-07T19:01:15","modified_gmt":"2026-03-07T18:01:15","slug":"vegas-twist-black-pack","status":"publish","type":"product","link":"https:\/\/gigistravelworld.de\/fr\/vegas-twist-black-pack\/","title":{"rendered":"Vegas Twist Black Pack | Parfum innovant \u00e0 emporter partout | GTW"},"content":{"rendered":"<div id=\"headingOne\" class=\"panel-heading\" role=\"tab\">\n<p data-path-to-node=\"11\"><b data-path-to-node=\"11\" data-index-in-node=\"0\">Votre parfum de poche : toujours pr\u00eat, o\u00f9 que vous soyez.<\/b> \u201e&quot;Le <b data-path-to-node=\"11\" data-index-in-node=\"69\">Pack noir Vegas Twist<\/b> Voici la r\u00e9ponse \u00e0 la question de savoir comment avoir toujours son parfum pr\u00e9f\u00e9r\u00e9 avec soi en voyage, avant une r\u00e9union importante ou pour un rendez-vous improvis\u00e9, sans avoir \u00e0 trimballer de lourds flacons en verre.<\/p>\n<p data-path-to-node=\"12\">Dans mon univers du voyage, je suis constamment \u00e0 la recherche de solutions qui simplifient et embellissent la vie. Le concept novateur de Twist change la donne. Il ne s&#039;agit pas simplement d&#039;un parfum, mais d&#039;une exp\u00e9rience luxueuse. <b data-path-to-node=\"12\" data-index-in-node=\"221\">Pack noir Vegas Twist<\/b> Un \u00e9tui qui prot\u00e8ge votre Extrait de Parfum tout en en faisant un accessoire \u00e9l\u00e9gant. Gr\u00e2ce \u00e0 sa concentration exceptionnelle de 25 \u00b5l\/3, il garantit une tenue impeccable toute la journ\u00e9e (ou toute la nuit), o\u00f9 que vous soyez.\u201c<\/p>\n<p data-path-to-node=\"16\"><strong>Pourquoi le sac Vegas Twist Black Pack devrait se trouver dans chaque sac de voyage<\/strong><\/p>\n<p data-path-to-node=\"17\">Le <b data-path-to-node=\"17\" data-index-in-node=\"4\">Pack noir Vegas Twist<\/b> Red\u00e9finir la mobilit\u00e9 dans l&#039;univers des parfums. Le format 20 ml a \u00e9t\u00e9 sp\u00e9cialement con\u00e7u pour r\u00e9pondre aux besoins des aventuriers et des professionnels modernes. Les flacons de parfum classiques sont souvent trop encombrants pour un bagage cabine ou trop fragiles pour un sac de sport. C&#039;est l\u00e0 qu&#039;intervient l&#039;\u00e9tui robuste et \u00e9l\u00e9gant du <b data-path-to-node=\"17\" data-index-in-node=\"356\">Pack noir Vegas Twist<\/b> Elle allie fonctionnalit\u00e9 et design intemporel en noir profond, ce qui la rend parfaite aussi bien dans un sac \u00e0 main que dans une poche de veste.<\/p>\n<p data-path-to-node=\"18\"><strong>Qualit\u00e9 sup\u00e9rieure : Extrait de Parfum \u00e0 une concentration de 25 \u00b5g\/mL<\/strong><\/p>\n<p data-path-to-node=\"19\">Un probl\u00e8me courant avec les parfums de voyage est leur tenue. De nombreux vaporisateurs n&#039;offrent que la qualit\u00e9 d&#039;une eau de toilette, qui s&#039;\u00e9vapore apr\u00e8s quelques heures. <b data-path-to-node=\"19\" data-index-in-node=\"155\">Pack noir Vegas Twist<\/b> Nous ne faisons aucun compromis. Chaque recharge contient un v\u00e9ritable extrait de parfum \u00e0 la concentration exceptionnellement \u00e9lev\u00e9e de 25 \u00b5g d&#039;huile de parfum. Quelques vaporisations suffisent donc pour vous envelopper de votre fragrance pr\u00e9f\u00e9r\u00e9e pendant des heures. Que ce soit pour un d\u00eener apr\u00e8s un long vol ou juste avant un rendez-vous galant, ce produit est id\u00e9al. <b data-path-to-node=\"19\" data-index-in-node=\"522\">Pack noir Vegas Twist<\/b> offre des performances de haut niveau.<\/p>\n<p data-path-to-node=\"20\"><strong>Polyvalence gr\u00e2ce au syst\u00e8me de recharge<\/strong><\/p>\n<p data-path-to-node=\"21\">Durabilit\u00e9 et diversit\u00e9 vont de pair chez <b data-path-to-node=\"21\" data-index-in-node=\"42\">Pack noir Vegas Twist<\/b> Main dans la main. Le syst\u00e8me se compose d&#039;un \u00e9tui r\u00e9sistant et d&#039;une recharge de 20 ml. Lorsque votre flacon est vide ou que vous souhaitez changer de parfum, il vous suffit de remplacer la recharge.<\/p>\n<p data-path-to-node=\"22\"><b data-path-to-node=\"22\" data-index-in-node=\"0\">Choisissez parmi une vaste s\u00e9lection de vos parfums pr\u00e9f\u00e9r\u00e9s\u00a0:<\/b><\/p>\n<ul data-path-to-node=\"23\">\n<li>\n<p data-path-to-node=\"23,0,0\"><b data-path-to-node=\"23,0,0\" data-index-in-node=\"0\">Parfums pour femmes :<\/b> Du floral \u00e0 l&#039;oriental (par exemple, les n\u00b0 2, 7, 9, 16, 19, 28, 49, 66, 82, 84, 88, 96, 101).<\/p>\n<\/li>\n<li>\n<p data-path-to-node=\"23,1,0\"><b data-path-to-node=\"23,1,0\" data-index-in-node=\"0\">Parfums pour hommes :<\/b> Distinctif, masculin et frais (par exemple, n\u00b0 4, 6, 30, 51, 65, 87, 92, 95).<\/p>\n<\/li>\n<li>\n<p data-path-to-node=\"23,2,0\"><b data-path-to-node=\"23,2,0\" data-index-in-node=\"0\">Parfums unisexes :<\/b> Des classiques modernes pour tous (par exemple les num\u00e9ros 41, 55, 83, 90, 91, 94 et 99).<\/p>\n<\/li>\n<\/ul>\n<p data-path-to-node=\"24\"><strong>Comment utiliser facilement votre pack Vegas Twist Black (instructions)<\/strong><\/p>\n<p data-path-to-node=\"25\">Pour garantir le parfait fonctionnement de votre produit et en profiter longtemps, suivez ces \u00e9tapes simples\u00a0:<\/p>\n<ol start=\"1\" data-path-to-node=\"26\">\n<li>\n<p data-path-to-node=\"26,0,0\"><b data-path-to-node=\"26,0,0\" data-index-in-node=\"0\">Pr\u00e9paration:<\/b> Ins\u00e9rez fermement la recharge dans l&#039;embout vaporisateur du bo\u00eetier de parfum.<\/p>\n<\/li>\n<li>\n<p data-path-to-node=\"26,1,0\"><b data-path-to-node=\"26,1,0\" data-index-in-node=\"0\">Ins\u00e9rer:<\/b> Placez la recharge avec l&#039;embout de pulv\u00e9risation fix\u00e9 dans le bo\u00eetier noir.<\/p>\n<\/li>\n<li>\n<p data-path-to-node=\"26,2,0\"><b data-path-to-node=\"26,2,0\" data-index-in-node=\"0\">M\u00e9canisme de torsion :<\/b> Tournez le r\u00e9cipient dans le sens des aiguilles d&#039;une montre pour relever la t\u00eate de pulv\u00e9risation. Pour le refermer, tournez-le simplement dans le sens inverse. Cela prot\u00e8ge efficacement la t\u00eate de pulv\u00e9risation.<\/p>\n<\/li>\n<li>\n<p data-path-to-node=\"26,3,0\"><b data-path-to-node=\"26,3,0\" data-index-in-node=\"0\">Changement d&#039;odeur :<\/b> Pour changer le parfum, retirez l&#039;embout du vaporisateur et enlevez d\u00e9licatement la recharge vide. Ins\u00e9rez la nouvelle recharge en suivant les \u00e9tapes 1 \u00e0 3.<\/p>\n<\/li>\n<\/ol>\n<p data-path-to-node=\"27\"><strong>Le cadeau id\u00e9al : enveloppe cadeau offerte<\/strong><\/p>\n<p data-path-to-node=\"28\">Chaque <b data-path-to-node=\"28\" data-index-in-node=\"6\">Pack noir Vegas Twist<\/b> Le coffret est livr\u00e9 avec une \u00e9l\u00e9gante enveloppe cadeau, ce qui en fait le cadeau id\u00e9al pour les voyageurs ou un petit plaisir \u00e0 s&#039;offrir.<\/p>\n<\/div>","protected":false},"excerpt":{"rendered":"<p>Votre parfum pr\u00e9f\u00e9r\u00e9 en format de poche\u00a0! L\u2019innovant Vegas Twist Black Pack associe un \u00e9l\u00e9gant \u00e9tui noir \u00e0 un extrait de parfum ultra-concentr\u00e9 de 20\u00a0ml (25\u00a0% d\u2019huile de parfum %). Id\u00e9al pour les voyages, les r\u00e9unions ou votre prochain rendez-vous\u00a0: compact, r\u00e9sistant et rechargeable avec vos fragrances Vegas pr\u00e9f\u00e9r\u00e9es. Profitez d\u2019une intensit\u00e9 olfactive maximale dans un format \u00e9l\u00e9gant qui se glisse partout. Coffret cadeau inclus\u00a0!<\/p>","protected":false},"featured_media":1055,"template":"","meta":{"_et_pb_use_builder":"","_et_pb_old_content":"","_et_gb_content_width":""},"product_brand":[63],"product_cat":[22,208,80,43,42],"product_tag":[],"class_list":{"0":"post-3459","1":"product","2":"type-product","3":"status-publish","4":"has-post-thumbnail","6":"product_brand-vegas-cosmetics-gmbh","7":"product_cat-duefte","8":"product_cat-beauty-care","9":"product_cat-gigis-travel-world","10":"product_cat-perfume-refill-system","11":"product_cat-vegas-twist","13":"first","14":"instock","15":"shipping-taxable","16":"product-type-external"},"_links":{"self":[{"href":"https:\/\/gigistravelworld.de\/fr\/wp-json\/wp\/v2\/product\/3459","targetHints":{"allow":["GET"]}}],"collection":[{"href":"https:\/\/gigistravelworld.de\/fr\/wp-json\/wp\/v2\/product"}],"about":[{"href":"https:\/\/gigistravelworld.de\/fr\/wp-json\/wp\/v2\/types\/product"}],"wp:featuredmedia":[{"embeddable":true,"href":"https:\/\/gigistravelworld.de\/fr\/wp-json\/wp\/v2\/media\/1055"}],"wp:attachment":[{"href":"https:\/\/gigistravelworld.de\/fr\/wp-json\/wp\/v2\/media?parent=3459"}],"wp:term":[{"taxonomy":"product_brand","embeddable":true,"href":"https:\/\/gigistravelworld.de\/fr\/wp-json\/wp\/v2\/product_brand?post=3459"},{"taxonomy":"product_cat","embeddable":true,"href":"https:\/\/gigistravelworld.de\/fr\/wp-json\/wp\/v2\/product_cat?post=3459"},{"taxonomy":"product_tag","embeddable":true,"href":"https:\/\/gigistravelworld.de\/fr\/wp-json\/wp\/v2\/product_tag?post=3459"}],"curies":[{"name":"wp","href":"https:\/\/api.w.org\/{rel}","templated":true}]}}