{"id":3458,"date":"2025-08-23T20:55:44","date_gmt":"2025-08-23T18:55:44","guid":{"rendered":"https:\/\/gigistravelworld.de\/?post_type=product&#038;p=3458"},"modified":"2026-03-07T19:01:14","modified_gmt":"2026-03-07T18:01:14","slug":"extrait-de-parfum-refill","status":"publish","type":"product","link":"https:\/\/gigistravelworld.de\/fr\/extrait-de-parfum-refill\/","title":{"rendered":"Extrait de Parfum Recharge 20ml | Concentration d&#039;huile parfum\u00e9e 25%"},"content":{"rendered":"<div id=\"headingOne\" class=\"panel-heading\" role=\"tab\"><\/div>\n<div id=\"collapseTwo\" class=\"panel-collapse collapse in\" role=\"tabpanel\" aria-labelledby=\"headingTwo\" aria-expanded=\"true\">\n<div class=\"panel-body rtddbr\">\n<p data-path-to-node=\"11\"><b data-path-to-node=\"11\" data-index-in-node=\"0\">Une libert\u00e9 sans limites pour vos sens : un parfum pour chaque instant<\/b> \u201e Vous connaissez cette sensation ? Vous commencez votre journ\u00e9e avec un parfum frais, mais pour le d\u00eener le soir, vous aimeriez quelque chose de plus \u00e9l\u00e9gant, de plus profond ? \u00bb<\/p>\n<p data-path-to-node=\"12\">C&#039;est pr\u00e9cis\u00e9ment l\u00e0 que le <b data-path-to-node=\"12\" data-index-in-node=\"21\">Extrait de Parfum Refill<\/b> Entrez dans l&#039;univers de My Travel World, synonyme de flexibilit\u00e9. Gr\u00e2ce aux recharges de 20 ml, vous n&#039;\u00eates plus oblig\u00e9(e) de vous limiter \u00e0 un seul parfum. Rechargez votre \u00e9tui Vegas Twist en un clin d&#039;\u0153il, selon votre tenue, votre humeur ou votre destination. Ce qui me surprend vraiment\u00a0: il ne s&#039;agit pas d&#039;une eau de toilette l\u00e9g\u00e8re. Avec une concentration de <b data-path-to-node=\"12\" data-index-in-node=\"425\">Huile parfum\u00e9e 25 %<\/b> Chaque recharge est une affirmation authentique qui vous accompagne tout au long de la journ\u00e9e.\u201c<\/p>\n<p data-path-to-node=\"16\"><strong>Recharge Extrait de Parfum : Intensit\u00e9 maximale du parfum au format 20ml<\/strong><\/p>\n<p data-path-to-node=\"17\">Le <b data-path-to-node=\"17\" data-index-in-node=\"4\">Extrait de Parfum Refill<\/b> Voici la solution id\u00e9ale pour les individualistes modernes. Ceux qui voyagent fr\u00e9quemment, pour affaires ou pour le plaisir, tiennent \u00e0 emporter leur parfum signature. Mais qui a envie de s&#039;encombrer de lourds flacons en verre dans son bagage cabine\u00a0? Nos recharges de 20\u00a0ml sont la solution id\u00e9ale pour votre \u00e9tui Vegas Twist (R\u00e9f.\u00a0106). Elles vous offrent la libert\u00e9 de changer de parfum \u00e0 votre guise, sans compromis sur la qualit\u00e9.<\/p>\n<p data-path-to-node=\"18\"><strong>La particularit\u00e9 : Qualit\u00e9 d&#039;extrait authentique<\/strong><\/p>\n<p data-path-to-node=\"19\">Ce que notre <b data-path-to-node=\"19\" data-index-in-node=\"10\">Extrait de Parfum Refill<\/b> Ce qui nous distingue des vaporisateurs de voyage classiques, c&#039;est notre qualit\u00e9 exceptionnelle. Alors que de nombreux fournisseurs ne proposent que de l&#039;eau de parfum, voire de l&#039;eau de toilette en petit format, chez Vegas Cosmetics, nous privil\u00e9gions l&#039;excellence de l&#039;art de la parfumerie. <b data-path-to-node=\"19\" data-index-in-node=\"295\">Extrait de Parfum Refill<\/b> a un <b data-path-to-node=\"19\" data-index-in-node=\"338\">251TP3 huile de parfum pure \u00e0 haute concentration<\/b>. Cela signifie pour vous : une tenue exceptionnelle et un sillage qui impressionne encore apr\u00e8s de nombreuses heures.<\/p>\n<p data-path-to-node=\"20\"><strong>Votre garde-robe de parfums nomade<\/strong><\/p>\n<p data-path-to-node=\"21\">La polyvalence du syst\u00e8me vous permet de disposer du parfum id\u00e9al pour chaque occasion. Utilisez un diffuseur frais <b data-path-to-node=\"21\" data-index-in-node=\"120\">Extrait de Parfum Refill<\/b> Pour la r\u00e9union matinale ou la promenade sur la plage, et le soir, passer en quelques secondes \u00e0 une teinte intense et s\u00e9duisante pour le d\u00eener.<\/p>\n<p data-path-to-node=\"22\"><strong>Choisissez parmi notre s\u00e9lection exclusive\u00a0:<\/strong><\/p>\n<ul data-path-to-node=\"23\">\n<li>\n<p data-path-to-node=\"23,0,0\"><b data-path-to-node=\"23,0,0\" data-index-in-node=\"0\">Mesdames :<\/b> Parfums classiques et modernes (n\u00b0 2, 7, 9, 16, 19, 28, 49, 66, 82, 84, 88, 96, 101).<\/p>\n<\/li>\n<li>\n<p data-path-to-node=\"23,1,0\"><b data-path-to-node=\"23,1,0\" data-index-in-node=\"0\">Hommes:<\/b> De sportif et frais \u00e0 bois\u00e9 et distinctif (n\u00b0 4, 6, 30, 51, 65, 87, 92, 95).<\/p>\n<\/li>\n<li>\n<p data-path-to-node=\"23,2,0\"><b data-path-to-node=\"23,2,0\" data-index-in-node=\"0\">Unisexe:<\/b> Les cr\u00e9ateurs de tendances pour lui et pour elle (n\u00b0 41, 55, 83, 90, 91, 94 et 99).<\/p>\n<\/li>\n<\/ul>\n<p data-path-to-node=\"24\"><strong>Facile \u00e0 utiliser\u00a0: voici comment changer votre recharge<\/strong><\/p>\n<p data-path-to-node=\"25\">Pour que votre <b data-path-to-node=\"25\" data-index-in-node=\"11\">Extrait de Parfum Refill<\/b> Pour un fonctionnement optimal et une exp\u00e9rience olfactive compl\u00e8te, suivez ces instructions simples\u00a0:<\/p>\n<ol start=\"1\" data-path-to-node=\"26\">\n<li>\n<p data-path-to-node=\"26,0,0\"><b data-path-to-node=\"26,0,0\" data-index-in-node=\"0\">Pr\u00e9parer:<\/b> Ins\u00e9rez fermement la nouvelle recharge dans l&#039;embout vaporisateur de votre \u00e9tui \u00e0 parfum.<\/p>\n<\/li>\n<li>\n<p data-path-to-node=\"26,1,0\"><b data-path-to-node=\"26,1,0\" data-index-in-node=\"0\">Ins\u00e9rer:<\/b> Glissez la recharge, ainsi que la t\u00eate de pulv\u00e9risation, dans l&#039;\u00e9tui.<\/p>\n<\/li>\n<li>\n<p data-path-to-node=\"26,2,0\"><b data-path-to-node=\"26,2,0\" data-index-in-node=\"0\">Activer:<\/b> Tourner le r\u00e9cipient dans le sens des aiguilles d&#039;une montre d\u00e9ploie la t\u00eate de pulv\u00e9risation. Le tourner dans le sens inverse la r\u00e9tracte en toute s\u00e9curit\u00e9.<\/p>\n<\/li>\n<li>\n<p data-path-to-node=\"26,3,0\"><b data-path-to-node=\"26,3,0\" data-index-in-node=\"0\">Changement:<\/b> Il suffit de tirer la t\u00eate de pulv\u00e9risation vers le haut pour retirer l&#039;ancienne. <b data-path-to-node=\"26,3,0\" data-index-in-node=\"74\">Extrait de Parfum Refill<\/b> et ins\u00e9rez le nouveau selon les \u00e9tapes 1 \u00e0 3.<\/p>\n<\/li>\n<\/ol>\n<\/div>\n<\/div>","protected":false},"excerpt":{"rendered":"<p>Une fragrance intense pour votre \u00e9tui Vegas Twist\u00a0! La recharge d\u2019extrait de parfum (20\u00a0ml) offre une exp\u00e9rience olfactive intense et longue dur\u00e9e gr\u00e2ce \u00e0 sa concentration de 25\u00a0% d\u2019huile de parfum %. Id\u00e9ale pour celles et ceux qui aiment varier les plaisirs et changer de parfum au gr\u00e9 de leurs d\u00e9placements. Compacte, de haute qualit\u00e9 et disponible dans de nombreuses teintes exclusives pour femmes, hommes et unisexes. Une qualit\u00e9 qui se sent\u00a0!<\/p>","protected":false},"featured_media":1054,"template":"","meta":{"_et_pb_use_builder":"","_et_pb_old_content":"","_et_gb_content_width":""},"product_brand":[63],"product_cat":[22,208,80,43,42],"product_tag":[],"class_list":{"0":"post-3458","1":"product","2":"type-product","3":"status-publish","4":"has-post-thumbnail","6":"product_brand-vegas-cosmetics-gmbh","7":"product_cat-duefte","8":"product_cat-beauty-care","9":"product_cat-gigis-travel-world","10":"product_cat-perfume-refill-system","11":"product_cat-vegas-twist","13":"first","14":"instock","15":"shipping-taxable","16":"product-type-external"},"_links":{"self":[{"href":"https:\/\/gigistravelworld.de\/fr\/wp-json\/wp\/v2\/product\/3458","targetHints":{"allow":["GET"]}}],"collection":[{"href":"https:\/\/gigistravelworld.de\/fr\/wp-json\/wp\/v2\/product"}],"about":[{"href":"https:\/\/gigistravelworld.de\/fr\/wp-json\/wp\/v2\/types\/product"}],"wp:featuredmedia":[{"embeddable":true,"href":"https:\/\/gigistravelworld.de\/fr\/wp-json\/wp\/v2\/media\/1054"}],"wp:attachment":[{"href":"https:\/\/gigistravelworld.de\/fr\/wp-json\/wp\/v2\/media?parent=3458"}],"wp:term":[{"taxonomy":"product_brand","embeddable":true,"href":"https:\/\/gigistravelworld.de\/fr\/wp-json\/wp\/v2\/product_brand?post=3458"},{"taxonomy":"product_cat","embeddable":true,"href":"https:\/\/gigistravelworld.de\/fr\/wp-json\/wp\/v2\/product_cat?post=3458"},{"taxonomy":"product_tag","embeddable":true,"href":"https:\/\/gigistravelworld.de\/fr\/wp-json\/wp\/v2\/product_tag?post=3458"}],"curies":[{"name":"wp","href":"https:\/\/api.w.org\/{rel}","templated":true}]}}