{"id":3450,"date":"2025-08-23T20:55:38","date_gmt":"2025-08-23T18:55:38","guid":{"rendered":"https:\/\/gigistravelworld.de\/?post_type=product&#038;p=3450"},"modified":"2026-03-07T19:01:16","modified_gmt":"2026-03-07T18:01:16","slug":"duschgel-mit-arganoel","status":"publish","type":"product","link":"https:\/\/gigistravelworld.de\/fr\/duschgel-mit-arganoel\/","title":{"rendered":"Gel douche \u00e0 l&#039;huile d&#039;argan et \u00e0 la camomille | 500 ml, soin familial | GTW"},"content":{"rendered":"<div id=\"headingOne\" class=\"panel-heading\" role=\"tab\">\n<p data-path-to-node=\"3\"><strong>Votre nouvelle exp\u00e9rience de douche : un soin tout en douceur pour toute la famille<\/strong><\/p>\n<p data-path-to-node=\"4\"><b data-path-to-node=\"4\" data-index-in-node=\"0\">Gel douche \u00e0 l&#039;huile d&#039;argan<\/b> C&#039;est le choix id\u00e9al pour celles et ceux qui souhaitent prendre soin de leur peau en profondeur et l&#039;hydrater intens\u00e9ment tout en se lavant. Dans notre gamme Body Essence, nous associons le pouvoir de l&#039;huile essentielle de s\u00e9bum aux vertus apaisantes de la camomille pour cr\u00e9er une exp\u00e9rience de nettoyage qui va bien au-del\u00e0 des soins classiques.<\/p>\n<p data-path-to-node=\"5\"><strong>Pourquoi le gel douche \u00e0 l&#039;huile d&#039;argan va r\u00e9volutionner votre salle de bain\u00a0:<\/strong><\/p>\n<ul data-path-to-node=\"6\">\n<li>\n<p data-path-to-node=\"6,0,0\"><b data-path-to-node=\"6,0,0\" data-index-in-node=\"0\">Souplesse instantan\u00e9e :<\/b> L&#039;huile d&#039;argan de haute qualit\u00e9 p\u00e9n\u00e8tre en profondeur et ne laisse aucune sensation de tiraillement.<\/p>\n<\/li>\n<li>\n<p data-path-to-node=\"6,1,0\"><b data-path-to-node=\"6,1,0\" data-index-in-node=\"0\">Effet apaisant :<\/b> Les extraits de camomille aident \u00e0 d\u00e9tendre la peau apr\u00e8s une longue journ\u00e9e.<\/p>\n<\/li>\n<li>\n<p data-path-to-node=\"6,2,0\"><b data-path-to-node=\"6,2,0\" data-index-in-node=\"0\">Booster de min\u00e9raux :<\/b> Les algues revitalisent la surface de la peau et lui procurent une hydratation durable.<\/p>\n<\/li>\n<li>\n<p data-path-to-node=\"6,3,0\"><b data-path-to-node=\"6,3,0\" data-index-in-node=\"0\">Pack familial XL :<\/b> Avec sa capacit\u00e9 de 500 ml, c&#039;est le compagnon id\u00e9al pour les jeunes et les moins jeunes.<\/p>\n<\/li>\n<\/ul>\n<p>&nbsp;<\/p>\n<p data-path-to-node=\"20\"><strong>Conseil d&#039;application pour votre exp\u00e9rience de bien-\u00eatre<\/strong><\/p>\n<p data-path-to-node=\"21\">\u201eVous pouvez appliquer le gel sur votre corps mouill\u00e9 sous la douche et le masser d\u00e9licatement. Mais voici mon astuce de pro\u00a0: ajoutez quelques gouttes \u00e0 votre bain\u00a0! L\u2019alliance de l\u2019eau chaude et des huiles nourrissantes laissera votre peau incroyablement douce. Il ne vous restera plus qu\u2019\u00e0 rincer et \u00e0 profiter de cette sensation de douceur. Id\u00e9al en compl\u00e9ment de notre shampoing Body Essence\u00a0!\u201c<\/p>\n<p data-path-to-node=\"7\"><strong>Gel douche \u00e0 l&#039;huile d&#039;argan et \u00e0 la camomille : Soin doux pour toute la famille (500 ml)<\/strong><\/p>\n<p data-path-to-node=\"8\">Le <b data-path-to-node=\"8\" data-index-in-node=\"4\">Gel douche \u00e0 l&#039;huile d&#039;argan<\/b> Voici la solution id\u00e9ale pour celles et ceux qui refusent de faire des compromis entre nettoyage et soin dans leur routine corporelle quotidienne. Dans le monde tr\u00e9pidant d&#039;aujourd&#039;hui, notre peau a besoin d&#039;un havre de paix\u00a0: un moment de calme et de nutrition intense. Avec la gamme Body Essence de Vegas Cosmetics, nous vous offrons une exp\u00e9rience spa directement dans votre salle de bain.<\/p>\n<p data-path-to-node=\"9\"><strong>Pourquoi l&#039;huile d&#039;argan de haute qualit\u00e9 fait toute la diff\u00e9rence<\/strong><\/p>\n<p data-path-to-node=\"10\">L&#039;huile d&#039;argan, souvent surnomm\u00e9e \u201e l&#039;or liquide du Maroc \u201c, est l&#039;ingr\u00e9dient principal de ce produit. <b data-path-to-node=\"10\" data-index-in-node=\"93\">Gel douche \u00e0 l&#039;huile d&#039;argan<\/b>. Elle est riche en vitamine E et en acides gras essentiels qui p\u00e9n\u00e8trent profond\u00e9ment dans les couches de la peau. Alors que les produits nettoyants classiques ont souvent tendance \u00e0 dess\u00e9cher la peau et \u00e0 la laisser tiraill\u00e9e, le n\u00f4tre\u2026 <b data-path-to-node=\"10\" data-index-in-node=\"329\">Gel douche \u00e0 l&#039;huile d&#039;argan<\/b> Cela permet de renforcer la barri\u00e8re d&#039;hydratation naturelle de la peau pendant le lavage. R\u00e9sultat\u00a0: une peau non seulement propre, mais aussi douce et r\u00e9g\u00e9n\u00e9r\u00e9e.<\/p>\n<p data-path-to-node=\"11\"><strong>Le pouvoir apaisant de la camomille et des algues<\/strong><\/p>\n<p data-path-to-node=\"12\">En plus de l&#039;huile d&#039;argan, nous misons sur les vertus apaisantes reconnues de la camomille. Apr\u00e8s une longue journ\u00e9e ou un effort physique, la peau est particuli\u00e8rement sujette aux irritations. La camomille agit comme un baume doux, apaisant les rougeurs et calmant la peau. Ce duo est compl\u00e9t\u00e9 par de pr\u00e9cieuses algues. V\u00e9ritable merveille de la nature, les algues renferment des min\u00e9raux et des oligo-\u00e9l\u00e9ments hautement concentr\u00e9s. <b data-path-to-node=\"12\" data-index-in-node=\"428\">Gel douche \u00e0 l&#039;huile d&#039;argan<\/b> Ces extraits d&#039;algues contribuent \u00e0 revitaliser la peau et \u00e0 lui donner un aspect frais et sain.<\/p>\n<p data-path-to-node=\"13\"><strong>Soins familiaux en grand format : 500 ml de pure douceur<\/strong><\/p>\n<p data-path-to-node=\"14\">Nous savons que les bons soins doivent \u00eatre pratiques au quotidien. C&#039;est pourquoi nous l&#039;avons inclus. <b data-path-to-node=\"14\" data-index-in-node=\"78\">Gel douche \u00e0 l&#039;huile d&#039;argan<\/b> Il est pr\u00e9sent\u00e9 dans un g\u00e9n\u00e9reux flacon de 500 ml. Sa formule a \u00e9t\u00e9 sp\u00e9cialement con\u00e7ue pour toute la famille, des enfants aux personnes \u00e2g\u00e9es. Son syst\u00e8me de tensioactifs doux nettoie efficacement sans agresser la peau. C&#039;est le compagnon id\u00e9al pour votre douche quotidienne ou un bain moussant relaxant en soir\u00e9e.<\/p>\n<p data-path-to-node=\"15\"><strong>Vos avantages en un coup d&#039;\u0153il\u00a0:<\/strong><\/p>\n<ul data-path-to-node=\"16\">\n<li>\n<p data-path-to-node=\"16,0,0\"><b data-path-to-node=\"16,0,0\" data-index-in-node=\"0\">Hydratation intensive :<\/b> Gr\u00e2ce \u00e0 la formule comme <b data-path-to-node=\"16,0,0\" data-index-in-node=\"46\">Gel douche \u00e0 l&#039;huile d&#039;argan<\/b> La perte d&#039;humidit\u00e9 est activement emp\u00each\u00e9e.<\/p>\n<\/li>\n<li>\n<p data-path-to-node=\"16,1,0\"><b data-path-to-node=\"16,1,0\" data-index-in-node=\"0\">Nettoyage en douceur :<\/b> Id\u00e9al pour tous les types de peau, m\u00eame les zones sensibles et s\u00e8ches.<\/p>\n<\/li>\n<li>\n<p data-path-to-node=\"16,2,0\"><b data-path-to-node=\"16,2,0\" data-index-in-node=\"0\">Apport min\u00e9ral :<\/b> Les algues fournissent des nutriments importants pour la r\u00e9g\u00e9n\u00e9ration cellulaire.<\/p>\n<\/li>\n<li>\n<p data-path-to-node=\"16,3,0\"><b data-path-to-node=\"16,3,0\" data-index-in-node=\"0\">F\u00e9condit\u00e9:<\/b> Le format de 500 ml est durable et suffisant pour de nombreux moments de d\u00e9tente.<\/p>\n<\/li>\n<\/ul>\n<p>&nbsp;<\/p>\n<p data-path-to-node=\"17\"><strong>Conseils d&#039;application pour des r\u00e9sultats optimaux<\/strong><\/p>\n<p data-path-to-node=\"18\">Pour obtenir pleinement l&#039;effet de <b data-path-to-node=\"18\" data-index-in-node=\"25\">Gel douche \u00e0 l&#039;huile d&#039;argan<\/b> Pour exploiter pleinement son potentiel, appliquez une petite quantit\u00e9 sur peau humide. Massez d\u00e9licatement le gel jusqu&#039;\u00e0 l&#039;obtention d&#039;une mousse onctueuse et fine. Laissez agir les actifs quelques instants (environ 30 \u00e0 60 secondes) afin que l&#039;huile d&#039;argan et les algues puissent diffuser leurs propri\u00e9t\u00e9s nourrissantes. Rincez ensuite abondamment \u00e0 l&#039;eau ti\u00e8de.<\/p>\n<p data-path-to-node=\"19\"><b data-path-to-node=\"19\" data-index-in-node=\"0\">Le conseil d&#039;initi\u00e9e de Gilian :<\/b> Si vous avez le temps, utilisez-le <b data-path-to-node=\"19\" data-index-in-node=\"50\">Gel douche \u00e0 l&#039;huile d&#039;argan<\/b> En tant qu&#039;additif pour le bain. Ajoutez deux \u00e0 trois doses \u00e0 l&#039;eau chaude du bain. Le parfum de camomille se d\u00e9ploie ainsi particuli\u00e8rement bien et transforme votre bain en un havre de paix.<\/p>\n<\/div>","protected":false},"excerpt":{"rendered":"<p>Offrez \u00e0 votre peau un soin d&#039;exception gr\u00e2ce aux bienfaits de la nature\u00a0! Notre gel douche Body Essence (500\u00a0ml) nettoie en douceur tous les types de peau. Sa formule de haute qualit\u00e9, enrichie en huile d&#039;argan, en camomille apaisante et en algues revitalisantes, hydrate intens\u00e9ment et laisse la peau visiblement douce et souple. Id\u00e9al pour toute la famille au quotidien, il s&#039;utilise comme gel douche rafra\u00eechissant ou comme bain relaxant.<\/p>","protected":false},"featured_media":1029,"template":"","meta":{"_et_pb_use_builder":"","_et_pb_old_content":"","_et_gb_content_width":""},"product_brand":[63],"product_cat":[208,92,119,121,95,80,60,78,64],"product_tag":[],"class_list":{"0":"post-3450","1":"product","2":"type-product","3":"status-publish","4":"has-post-thumbnail","6":"product_brand-vegas-cosmetics-gmbh","7":"product_cat-beauty-care","8":"product_cat-body-essence","9":"product_cat-body-essence-hygiene","10":"product_cat-duschen-baden","11":"product_cat-family-care","12":"product_cat-gigis-travel-world","13":"product_cat-hautpflege","14":"product_cat-hygiene","15":"product_cat-koerper-haarpflege","17":"first","18":"instock","19":"shipping-taxable","20":"product-type-external"},"_links":{"self":[{"href":"https:\/\/gigistravelworld.de\/fr\/wp-json\/wp\/v2\/product\/3450","targetHints":{"allow":["GET"]}}],"collection":[{"href":"https:\/\/gigistravelworld.de\/fr\/wp-json\/wp\/v2\/product"}],"about":[{"href":"https:\/\/gigistravelworld.de\/fr\/wp-json\/wp\/v2\/types\/product"}],"wp:featuredmedia":[{"embeddable":true,"href":"https:\/\/gigistravelworld.de\/fr\/wp-json\/wp\/v2\/media\/1029"}],"wp:attachment":[{"href":"https:\/\/gigistravelworld.de\/fr\/wp-json\/wp\/v2\/media?parent=3450"}],"wp:term":[{"taxonomy":"product_brand","embeddable":true,"href":"https:\/\/gigistravelworld.de\/fr\/wp-json\/wp\/v2\/product_brand?post=3450"},{"taxonomy":"product_cat","embeddable":true,"href":"https:\/\/gigistravelworld.de\/fr\/wp-json\/wp\/v2\/product_cat?post=3450"},{"taxonomy":"product_tag","embeddable":true,"href":"https:\/\/gigistravelworld.de\/fr\/wp-json\/wp\/v2\/product_tag?post=3450"}],"curies":[{"name":"wp","href":"https:\/\/api.w.org\/{rel}","templated":true}]}}