{"id":3445,"date":"2025-08-23T20:55:38","date_gmt":"2025-08-23T18:55:38","guid":{"rendered":"https:\/\/gigistravelworld.de\/?post_type=product&#038;p=3445"},"modified":"2026-01-25T20:31:51","modified_gmt":"2026-01-25T19:31:51","slug":"raumduft-mit-natuerlichem-diffusor-premium-relaxing-150ml","status":"publish","type":"product","link":"https:\/\/gigistravelworld.de\/fr\/raumduft-mit-natuerlichem-diffusor-premium-relaxing-150ml\/","title":{"rendered":"Parfum d&#039;ambiance haut de gamme avec diffuseur naturel \u2013 Relaxant 150 ml"},"content":{"rendered":"<div id=\"headingOne\" class=\"panel-heading\" role=\"tab\">\n<h4 class=\"panel-title\"><a role=\"button\" href=\"https:\/\/www.vegascosmetics.de\/Products\/Details\/Scentdiffusorrelaxing#collapseOne\" data-toggle=\"collapse\" data-parent=\"#accordion\" aria-expanded=\"true\" aria-controls=\"collapseOne\">Description<\/a><\/h4>\n<\/div>\n<div id=\"collapseOne\" class=\"panel-collapse collapse in\" role=\"tabpanel\" aria-labelledby=\"headingOne\">\n<div class=\"panel-body rtddbr\">\n<p>Diffuseur de parfum d&#039;ambiance \u00e0 la senteur naturelle intense et longue dur\u00e9e. Des compositions olfactives innovantes qui \u00e9veillent les sens et les \u00e9motions, cr\u00e9\u00e9es par des parfumeurs exp\u00e9riment\u00e9s \u00e0 partir de mati\u00e8res premi\u00e8res s\u00e9lectionn\u00e9es et pr\u00e9sent\u00e9es dans des flacons minimalistes. Nos parfums d&#039;ambiance naturels sont sans additifs artificiels. Transformez votre int\u00e9rieur en un havre de paix et de bien-\u00eatre gr\u00e2ce \u00e0 ces compositions de haute qualit\u00e9.<\/p>\n<div id=\"headingTwo\" class=\"panel-heading\" role=\"tab\">\n<h4 class=\"panel-title\"><a class=\"\" role=\"button\" href=\"https:\/\/www.vegascosmetics.de\/Products\/Details\/Scentdiffusorrelaxing#collapseTwo\" data-toggle=\"collapse\" data-parent=\"#accordion\" aria-expanded=\"true\" aria-controls=\"collapseTwo\">Description de l&#039;application<\/a><\/h4>\n<\/div>\n<div id=\"collapseTwo\" class=\"panel-collapse collapse in\" role=\"tabpanel\" aria-labelledby=\"headingTwo\" aria-expanded=\"true\">\n<div class=\"panel-body rtddbr\">Ouvrez le flacon et plongez les b\u00e2tonnets de bambou dans le liquide. L&#039;intensit\u00e9 du parfum d\u00e9pend du nombre de b\u00e2tonnets utilis\u00e9s. Retournez-les tous les quatre jours pour maintenir l&#039;intensit\u00e9.<\/div>\n<\/div>\n<\/div>\n<\/div>","protected":false},"excerpt":{"rendered":"<p>D\u00c9TENDANT : Lavande, bergamote, vanille<\/p>","protected":false},"featured_media":1024,"template":"","meta":{"_et_pb_use_builder":"","_et_pb_old_content":"","_et_gb_content_width":""},"product_brand":[63],"product_cat":[22,30,29],"product_tag":[],"class_list":{"0":"post-3445","1":"product","2":"type-product","3":"status-publish","4":"has-post-thumbnail","6":"product_brand-vegas-cosmetics-gmbh","7":"product_cat-duefte","8":"product_cat-diffusor","9":"product_cat-vegas-ambience","11":"first","12":"instock","13":"shipping-taxable","14":"product-type-external"},"_links":{"self":[{"href":"https:\/\/gigistravelworld.de\/fr\/wp-json\/wp\/v2\/product\/3445","targetHints":{"allow":["GET"]}}],"collection":[{"href":"https:\/\/gigistravelworld.de\/fr\/wp-json\/wp\/v2\/product"}],"about":[{"href":"https:\/\/gigistravelworld.de\/fr\/wp-json\/wp\/v2\/types\/product"}],"wp:featuredmedia":[{"embeddable":true,"href":"https:\/\/gigistravelworld.de\/fr\/wp-json\/wp\/v2\/media\/1024"}],"wp:attachment":[{"href":"https:\/\/gigistravelworld.de\/fr\/wp-json\/wp\/v2\/media?parent=3445"}],"wp:term":[{"taxonomy":"product_brand","embeddable":true,"href":"https:\/\/gigistravelworld.de\/fr\/wp-json\/wp\/v2\/product_brand?post=3445"},{"taxonomy":"product_cat","embeddable":true,"href":"https:\/\/gigistravelworld.de\/fr\/wp-json\/wp\/v2\/product_cat?post=3445"},{"taxonomy":"product_tag","embeddable":true,"href":"https:\/\/gigistravelworld.de\/fr\/wp-json\/wp\/v2\/product_tag?post=3445"}],"curies":[{"name":"wp","href":"https:\/\/api.w.org\/{rel}","templated":true}]}}