{"id":3440,"date":"2025-08-23T20:55:38","date_gmt":"2025-08-23T18:55:38","guid":{"rendered":"https:\/\/gigistravelworld.de\/?post_type=product&#038;p=3440"},"modified":"2026-01-25T20:57:47","modified_gmt":"2026-01-25T19:57:47","slug":"duftkerze-wellness-300g","status":"publish","type":"product","link":"https:\/\/gigistravelworld.de\/fr\/duftkerze-wellness-300g\/","title":{"rendered":"Bougie parfum\u00e9e bien-\u00eatre 300 g"},"content":{"rendered":"<div id=\"headingOne\" class=\"panel-heading\" role=\"tab\">\n<h4 class=\"panel-title\"><a role=\"button\" href=\"https:\/\/www.vegascosmetics.de\/Products\/Details\/Scentedcandlewellness#collapseOne\" data-toggle=\"collapse\" data-parent=\"#accordion\" aria-expanded=\"true\" aria-controls=\"collapseOne\">Description<\/a><\/h4>\n<\/div>\n<div id=\"collapseOne\" class=\"panel-collapse collapse in\" role=\"tabpanel\" aria-labelledby=\"headingOne\">\n<div class=\"panel-body rtddbr\">\n<p>Bougies parfum\u00e9es \u00e0 la cire de soja 100% pour une ambiance fra\u00eeche et agr\u00e9able. Les m\u00e8ches en coton 100% garantissent une combustion propre et sans suie, tandis que les huiles parfum\u00e9es de qualit\u00e9 sup\u00e9rieure diffusent un parfum authentique et d\u00e9licat. L&#039;\u00e9l\u00e9gance de nos pots en verre est sublim\u00e9e par un couvercle en bois v\u00e9ritable qui pr\u00e9serve le parfum le plus longtemps possible. Nos bougies sont v\u00e9ganes, non test\u00e9es sur les animaux et sans sulfates, parab\u00e8nes ni paraffines.<\/p>\n<p>Bougie artisanale en cire de soja certifi\u00e9e \u2013 100 % v\u00e9gane<\/p>\n<p>\u2022 Avec le parfum exclusif d&#039;huiles essentielles naturelles.<\/p>\n<p>\u2022 Gr\u00e2ce \u00e0 leur bas point de fusion, les parfums sont lib\u00e9r\u00e9s rapidement.<\/p>\n<p>\u2022 100 % cire v\u00e9g\u00e9tale sans ajout de p\u00e9trole brut, de paraffine, de cire de palme ou de cire d&#039;abeille.<\/p>\n<p>\u2022 95 % des ingr\u00e9dients sont d&#039;origine naturelle<\/p>\n<p>\u2022 Sans ingr\u00e9dients g\u00e9n\u00e9tiquement modifi\u00e9s, pesticides ni herbicides<\/p>\n<p>\u2022 V\u00e9gan, non test\u00e9 sur les animaux et sans sulfates, parab\u00e8nes ni paraffines<\/p>\n<p>\u2022 Fabriqu\u00e9 avec de la cire de soja biologique certifi\u00e9e<\/p>\n<p>\u2022 La corde en coton % de 100 mm assure une combustion propre<\/p>\n<p>\u2022 Dur\u00e9e de combustion 30 \u00e0 50 fois sup\u00e9rieure \u00e0 celle des bougies \u00e0 la paraffine classiques et formation de suie 90 fois moindre<\/p>\n<p>\u2022 Emballage en papier \u00e9cologique<\/p>\n<p>Nos bougies parfum\u00e9es sont fabriqu\u00e9es artisanalement, alliant qualit\u00e9 sup\u00e9rieure, savoir-faire irr\u00e9prochable et design \u00e9l\u00e9gant. Fabriqu\u00e9es en Europe \u2013 pour r\u00e9duire les \u00e9missions de CO2.<\/p>\n<p>Remarque : Tenir hors de port\u00e9e des enfants et des animaux. Ne jamais laisser de bougies allum\u00e9es sans surveillance. Utiliser uniquement des bougies \u00e0 base r\u00e9sistante \u00e0 la chaleur.<\/p>\n<\/div>\n<\/div>\n<p>&nbsp;<\/p>\n<div id=\"headingTwo\" class=\"panel-heading\" role=\"tab\">\n<h4 class=\"panel-title\"><a class=\"\" role=\"button\" href=\"https:\/\/www.vegascosmetics.de\/Products\/Details\/Scentedcandlewellness#collapseTwo\" data-toggle=\"collapse\" data-parent=\"#accordion\" aria-expanded=\"true\" aria-controls=\"collapseTwo\">Description de l&#039;application<\/a><\/h4>\n<\/div>\n<div id=\"collapseTwo\" class=\"panel-collapse collapse in\" role=\"tabpanel\" aria-labelledby=\"headingTwo\" aria-expanded=\"true\">\n<div class=\"panel-body rtddbr\">\n<p>Pr\u00e9voir au moins une heure pour la premi\u00e8re combustion. La combustion ne doit pas durer plus de 2,5 heures.<\/p>\n<\/div>\n<\/div>","protected":false},"excerpt":{"rendered":"<p>BIEN-\u00caTRE : Eucalyptus, romarin, bois de santal<\/p>","protected":false},"featured_media":1019,"template":"","meta":{"_et_pb_use_builder":"","_et_pb_old_content":"","_et_gb_content_width":""},"product_brand":[63],"product_cat":[22,32,29],"product_tag":[],"class_list":{"0":"post-3440","1":"product","2":"type-product","3":"status-publish","4":"has-post-thumbnail","6":"product_brand-vegas-cosmetics-gmbh","7":"product_cat-duefte","8":"product_cat-duftkerzen","9":"product_cat-vegas-ambience","11":"first","12":"instock","13":"shipping-taxable","14":"product-type-external"},"_links":{"self":[{"href":"https:\/\/gigistravelworld.de\/fr\/wp-json\/wp\/v2\/product\/3440","targetHints":{"allow":["GET"]}}],"collection":[{"href":"https:\/\/gigistravelworld.de\/fr\/wp-json\/wp\/v2\/product"}],"about":[{"href":"https:\/\/gigistravelworld.de\/fr\/wp-json\/wp\/v2\/types\/product"}],"wp:featuredmedia":[{"embeddable":true,"href":"https:\/\/gigistravelworld.de\/fr\/wp-json\/wp\/v2\/media\/1019"}],"wp:attachment":[{"href":"https:\/\/gigistravelworld.de\/fr\/wp-json\/wp\/v2\/media?parent=3440"}],"wp:term":[{"taxonomy":"product_brand","embeddable":true,"href":"https:\/\/gigistravelworld.de\/fr\/wp-json\/wp\/v2\/product_brand?post=3440"},{"taxonomy":"product_cat","embeddable":true,"href":"https:\/\/gigistravelworld.de\/fr\/wp-json\/wp\/v2\/product_cat?post=3440"},{"taxonomy":"product_tag","embeddable":true,"href":"https:\/\/gigistravelworld.de\/fr\/wp-json\/wp\/v2\/product_tag?post=3440"}],"curies":[{"name":"wp","href":"https:\/\/api.w.org\/{rel}","templated":true}]}}