{"id":3436,"date":"2025-08-23T20:55:37","date_gmt":"2025-08-23T18:55:37","guid":{"rendered":"https:\/\/gigistravelworld.de\/?post_type=product&#038;p=3436"},"modified":"2026-02-03T14:39:53","modified_gmt":"2026-02-03T13:39:53","slug":"vitamin-d3-k2-30ml","status":"publish","type":"product","link":"https:\/\/gigistravelworld.de\/fr\/vitamin-d3-k2-30ml\/","title":{"rendered":"Vitamine D3 + K2 30 ml"},"content":{"rendered":"<div id=\"headingOne\" class=\"panel-heading\" role=\"tab\">\n<h4 class=\"panel-title\">Description<\/h4>\n<\/div>\n<div id=\"collapseOne\" class=\"panel-collapse collapse in\" role=\"tabpanel\" aria-labelledby=\"headingOne\">\n<div class=\"panel-body rtddbr\">\n<p>&nbsp;<\/p>\n<p><strong>Huile de chanvre enrichie en vitamines D3 et K2<\/strong>\u00a0est la combinaison parfaite pour favoriser la sant\u00e9 osseuse<\/p>\n<p>et contribue au fonctionnement normal des muscles et du syst\u00e8me cardiovasculaire.<\/p>\n<p>&nbsp;<\/p>\n<p><strong>huile de chanvre<\/strong><br \/>\nL&#039;huile de chanvre est riche en antioxydants et en acides gras essentiels.,<\/p>\n<p>comme les om\u00e9ga 3 et les om\u00e9ga 6 dans un rapport de 1:4,<\/p>\n<p>Il s&#039;agit du rapport id\u00e9al entre ces deux acides.<br \/>\nL&#039;huile de chanvre Vegas Vital est cultiv\u00e9e et transform\u00e9e \u00e0 100 % de mani\u00e8re biologique.<\/p>\n<p>L&#039;extraction se fait \u00e0 froid afin de pr\u00e9server tous les pr\u00e9cieux nutriments de cette plante.<\/p>\n<p><strong>Vitamine D3<\/strong><br \/>\nLa vitamine D3 contribue au fonctionnement normal des muscles et du syst\u00e8me immunitaire.<\/p>\n<p>Il favorise l&#039;absorption normale du calcium et du phosphore dans l&#039;organisme et<\/p>\n<p>Elle contribue au maintien de la sant\u00e9 osseuse et d&#039;une coagulation sanguine normale.<\/p>\n<p><strong>Une combinaison efficace : Vitamine D3 et K2<\/strong><br \/>\nL&#039;association des vitamines D3 et K2 garantit une bonne et efficace absorption du calcium par les os.,<\/p>\n<p>Au lieu de se d\u00e9poser dans les art\u00e8res, la vitamine D3 contribue au maintien d&#039;une pression art\u00e9rielle normale.<\/p>\n<p>Les niveaux de calcium et de vitamine K2 garantissent que les r\u00e9sultats souhait\u00e9s sont obtenus plus rapidement.<\/p>\n<\/div>\n<\/div>\n<p>&nbsp;<\/p>\n<div id=\"headingTwo\" class=\"panel-heading\" role=\"tab\">\n<h4 class=\"panel-title\">Description de l&#039;application<\/h4>\n<\/div>\n<div id=\"collapseTwo\" class=\"panel-collapse collapse in\" role=\"tabpanel\" aria-labelledby=\"headingTwo\" aria-expanded=\"true\">\n<div class=\"panel-body rtddbr\">\n<p><strong>Quantit\u00e9 consomm\u00e9e :<\/strong><\/p>\n<p>10 gouttes (0,5 ml) par jour, de pr\u00e9f\u00e9rence le matin<\/p>\n<\/div>\n<\/div>","protected":false},"excerpt":{"rendered":"<p><strong>Compl\u00e9ment alimentaire \u00e0 base d&#039;huile de chanvre et de vitamines<\/strong><\/p>","protected":false},"featured_media":998,"template":"","meta":{"_et_pb_use_builder":"","_et_pb_old_content":"","_et_gb_content_width":""},"product_brand":[63],"product_cat":[143,147,146],"product_tag":[],"class_list":{"0":"post-3436","1":"product","2":"type-product","3":"status-publish","4":"has-post-thumbnail","6":"product_brand-vegas-cosmetics-gmbh","7":"product_cat-nahrungsergaenzungsmittel-vitamine","8":"product_cat-vitamin-d3k2","9":"product_cat-vitamine-und-mineralien","11":"first","12":"instock","13":"shipping-taxable","14":"product-type-external"},"_links":{"self":[{"href":"https:\/\/gigistravelworld.de\/fr\/wp-json\/wp\/v2\/product\/3436","targetHints":{"allow":["GET"]}}],"collection":[{"href":"https:\/\/gigistravelworld.de\/fr\/wp-json\/wp\/v2\/product"}],"about":[{"href":"https:\/\/gigistravelworld.de\/fr\/wp-json\/wp\/v2\/types\/product"}],"wp:featuredmedia":[{"embeddable":true,"href":"https:\/\/gigistravelworld.de\/fr\/wp-json\/wp\/v2\/media\/998"}],"wp:attachment":[{"href":"https:\/\/gigistravelworld.de\/fr\/wp-json\/wp\/v2\/media?parent=3436"}],"wp:term":[{"taxonomy":"product_brand","embeddable":true,"href":"https:\/\/gigistravelworld.de\/fr\/wp-json\/wp\/v2\/product_brand?post=3436"},{"taxonomy":"product_cat","embeddable":true,"href":"https:\/\/gigistravelworld.de\/fr\/wp-json\/wp\/v2\/product_cat?post=3436"},{"taxonomy":"product_tag","embeddable":true,"href":"https:\/\/gigistravelworld.de\/fr\/wp-json\/wp\/v2\/product_tag?post=3436"}],"curies":[{"name":"wp","href":"https:\/\/api.w.org\/{rel}","templated":true}]}}