{"id":3433,"date":"2025-08-23T20:55:37","date_gmt":"2025-08-23T18:55:37","guid":{"rendered":"https:\/\/gigistravelworld.de\/?post_type=product&#038;p=3433"},"modified":"2026-03-12T15:26:57","modified_gmt":"2026-03-12T14:26:57","slug":"premium-shimmer-body-lotion-2","status":"publish","type":"product","link":"https:\/\/gigistravelworld.de\/fr\/premium-shimmer-body-lotion-2\/","title":{"rendered":"Lotion corporelle scintillante premium Favola | 94% Nature et Aloe Vera"},"content":{"rendered":"<div id=\"headingTwo\" class=\"panel-heading\" role=\"tab\">\n<h4 data-path-to-node=\"10\"><b data-path-to-node=\"10\" data-index-in-node=\"0\">Lotion corporelle scintillante premium Favola : Votre moment d&#039;\u00e9clat magique !<\/b><\/h4>\n<p data-path-to-node=\"11\">Dans mon univers de voyage Gigi&#039;s Travel World, il y a un classique qui vient de b\u00e9n\u00e9ficier d&#039;une mise \u00e0 jour qui va vous \u00e9poustoufler : <b data-path-to-node=\"11\" data-index-in-node=\"118\">Lotion corporelle scintillante de qualit\u00e9 sup\u00e9rieure<\/b> dans le s\u00e9duisant <b data-path-to-node=\"11\" data-index-in-node=\"165\">Parfum Favola<\/b>. Il ne s&#039;agit pas simplement d&#039;appliquer une lotion \u2013 c&#039;est un moment de bien-\u00eatre, de luxe et une touche de magie sur votre peau. \u2728<\/p>\n<p data-path-to-node=\"12\">Pour imbattable <b data-path-to-node=\"12\" data-index-in-node=\"17\">19,90 \u20ac<\/b> Vous recevrez 200 ml d&#039;une lotion qui enveloppe votre peau d&#039;une lumi\u00e8re soyeuse tout en la nourrissant gr\u00e2ce au pouvoir concentr\u00e9 de la nature.<\/p>\n<h4 data-path-to-node=\"13\"><b data-path-to-node=\"13\" data-index-in-node=\"0\">Pourquoi l\u2019\u00e9dition \u201e Favola \u201c est votre nouvel incontournable\u00a0:<\/b><\/h4>\n<p data-path-to-node=\"14\">Nous avons plac\u00e9 la barre encore plus haut. <b data-path-to-node=\"14\" data-index-in-node=\"54\">94,05 % Ingr\u00e9dients d&#039;origine naturelle<\/b> Cette lotion est un v\u00e9ritable atout pour votre beaut\u00e9 et pour l&#039;environnement.<\/p>\n<ul data-path-to-node=\"15\">\n<li>\n<p data-path-to-node=\"15,0,0\"><b data-path-to-node=\"15,0,0\" data-index-in-node=\"0\">Le parfum Favola :<\/b> Imaginez un parfum \u00e9l\u00e9gant, f\u00e9minin et absolument exclusif. Favola vous enveloppe toute la journ\u00e9e comme un pr\u00e9cieux parfum.<\/p>\n<\/li>\n<li>\n<p data-path-to-node=\"15,1,0\"><b data-path-to-node=\"15,1,0\" data-index-in-node=\"0\">L&#039;aloe vera \u00e0 son meilleur :<\/b> La tr\u00e8s forte proportion d&#039;aloe vera biologique garantit que votre peau non seulement re\u00e7oit l&#039;hydratation, mais la retient \u00e9galement en profondeur.<\/p>\n<\/li>\n<li>\n<p data-path-to-node=\"15,2,0\"><b data-path-to-node=\"15,2,0\" data-index-in-node=\"0\">Trio d&#039;huiles naturelles :<\/b> L&#039;huile de p\u00e9pins de raisin et l&#039;huile de noyau d&#039;abricot procurent une douceur incomparable. Ni grasse, ni collante\u00a0: une pure sensation de soie.<\/p>\n<\/li>\n<li>\n<p data-path-to-node=\"15,3,0\"><b data-path-to-node=\"15,3,0\" data-index-in-node=\"0\">L&#039;\u00e9clat ultime :<\/b> Le mica de haute qualit\u00e9 r\u00e9fl\u00e9chit la lumi\u00e8re avec une telle douceur que votre peau para\u00eet plus lisse, plus \u00e9clatante et tout simplement saine. Un effet flout\u00e9 parfait pour vos jambes et vos bras\u00a0!<\/p>\n<\/li>\n<\/ul>\n<h4 data-path-to-node=\"16\"><b data-path-to-node=\"16\" data-index-in-node=\"0\">Les ingr\u00e9dients : Une transparence qui inspire<\/b><\/h4>\n<p data-path-to-node=\"17\">Saviez-vous que presque tous les ingr\u00e9dients de ce flacon sont d&#039;origine naturelle\u00a0? Du calendula apaisant \u00e0 la vitamine E r\u00e9g\u00e9n\u00e9rante, en passant par les extraits de romarin, de sauge et de m\u00e9lisse, nous exploitons tout le pouvoir des bienfaits de la nature pour votre \u00e9clat.<\/p>\n<h4 data-path-to-node=\"18\"><b data-path-to-node=\"18\" data-index-in-node=\"0\">Foire aux questions sur la lotion scintillante Favola (FAQ)<\/b><\/h4>\n<p data-path-to-node=\"19\"><b data-path-to-node=\"19\" data-index-in-node=\"0\">1. Quelle est la diff\u00e9rence avec le parfum \u201e White \u201c ?<\/b> Alors que White a une odeur plut\u00f4t fra\u00eeche et propre, <b data-path-to-node=\"19\" data-index-in-node=\"93\">Favola<\/b> Plus ludique, plus luxueux et plus f\u00e9minin. C&#039;est le parfum id\u00e9al pour les femmes qui aiment affirmer leur personnalit\u00e9.<\/p>\n<p data-path-to-node=\"20\"><b data-path-to-node=\"20\" data-index-in-node=\"0\">2. Comment obtenir un effet scintillant maximal ?<\/b> Appliquez g\u00e9n\u00e9reusement la lotion sur les zones qui captent la lumi\u00e8re\u00a0: tibias, clavicules et \u00e9paules. Gr\u00e2ce \u00e0 sa base naturelle 94.05 %, les nacres se fondent parfaitement \u00e0 votre teint.<\/p>\n<p data-path-to-node=\"21\"><b data-path-to-node=\"21\" data-index-in-node=\"0\">3. Cette lotion est-elle efficace apr\u00e8s une exposition au soleil\u00a0?<\/b> Oui ! Gr\u00e2ce \u00e0 sa forte teneur en aloe vera et en panth\u00e9nol, elle procure un effet extr\u00eamement apaisant. Ses reflets subliment \u00e9galement votre bronzage de vacances.<\/p>\n<p data-path-to-node=\"22\"><b data-path-to-node=\"22\" data-index-in-node=\"0\">4. Le parfum tient-il longtemps ?<\/b> Oui, les notes du parfum Favola sont savamment dos\u00e9es pour offrir une fragrance subtile et durable. Nombre de mes clients l&#039;utilisent m\u00eame comme alternative l\u00e9g\u00e8re \u00e0 un parfum classique au quotidien.<\/p>\n<\/div>","protected":false},"excerpt":{"rendered":"<p>Votre corps m\u00e9rite le meilleur ! \u2728 <b data-path-to-node=\"25\" data-index-in-node=\"39\">Lait corporel scintillant premium Favola (200 ml pour 19,90 \u20ac)<\/b> est un soin de luxe pur avec <b data-path-to-node=\"25\" data-index-in-node=\"119\">94,05 % ingr\u00e9dients naturels<\/b>. D\u00e9couvrez le pouvoir de l&#039;aloe vera bio, un \u00e9clat sophistiqu\u00e9 et le parfum exclusif Favola. Sa formule p\u00e9n\u00e8tre instantan\u00e9ment, nourrit intens\u00e9ment et vous laisse rayonnante. Disponible d\u00e8s maintenant chez Gigi\u00a0!<\/p>","protected":false},"featured_media":994,"template":"","meta":{"_et_pb_use_builder":"","_et_pb_old_content":"","_et_gb_content_width":""},"product_brand":[63],"product_cat":[22,208,28,24,77,60,64,23,91],"product_tag":[],"class_list":{"0":"post-3433","1":"product","2":"type-product","3":"status-publish","4":"has-post-thumbnail","6":"product_brand-vegas-cosmetics-gmbh","7":"product_cat-duefte","8":"product_cat-beauty-care","9":"product_cat-body-lotion","10":"product_cat-favola-coup","11":"product_cat-feuchtigkeitscremes","12":"product_cat-hautpflege","13":"product_cat-koerper-haarpflege","14":"product_cat-premium-duefte","15":"product_cat-shimmer-body-lotion","17":"first","18":"instock","19":"shipping-taxable","20":"product-type-external"},"_links":{"self":[{"href":"https:\/\/gigistravelworld.de\/fr\/wp-json\/wp\/v2\/product\/3433","targetHints":{"allow":["GET"]}}],"collection":[{"href":"https:\/\/gigistravelworld.de\/fr\/wp-json\/wp\/v2\/product"}],"about":[{"href":"https:\/\/gigistravelworld.de\/fr\/wp-json\/wp\/v2\/types\/product"}],"wp:featuredmedia":[{"embeddable":true,"href":"https:\/\/gigistravelworld.de\/fr\/wp-json\/wp\/v2\/media\/994"}],"wp:attachment":[{"href":"https:\/\/gigistravelworld.de\/fr\/wp-json\/wp\/v2\/media?parent=3433"}],"wp:term":[{"taxonomy":"product_brand","embeddable":true,"href":"https:\/\/gigistravelworld.de\/fr\/wp-json\/wp\/v2\/product_brand?post=3433"},{"taxonomy":"product_cat","embeddable":true,"href":"https:\/\/gigistravelworld.de\/fr\/wp-json\/wp\/v2\/product_cat?post=3433"},{"taxonomy":"product_tag","embeddable":true,"href":"https:\/\/gigistravelworld.de\/fr\/wp-json\/wp\/v2\/product_tag?post=3433"}],"curies":[{"name":"wp","href":"https:\/\/api.w.org\/{rel}","templated":true}]}}