{"id":3411,"date":"2025-08-23T20:55:31","date_gmt":"2025-08-23T18:55:31","guid":{"rendered":"https:\/\/gigistravelworld.de\/?post_type=product&#038;p=3411"},"modified":"2026-04-01T16:21:00","modified_gmt":"2026-04-01T14:21:00","slug":"premium-auto-shampoo-3er-pack-sparset","status":"publish","type":"product","link":"https:\/\/gigistravelworld.de\/fr\/premium-auto-shampoo-3er-pack-sparset\/","title":{"rendered":"Shampoing auto premium | Lot de 3 (3 x 750 ml) | Offre sp\u00e9ciale"},"content":{"rendered":"<h1 data-path-to-node=\"9\">Shampoing auto premium | Lot de 3 x 750 ml : Le choix des professionnels pour des flottes de v\u00e9hicules impeccables<\/h1>\n<p data-path-to-node=\"10\">Dans le <b data-path-to-node=\"10\" data-index-in-node=\"7\">Gigis Travel World<\/b> Une chose est s\u00fbre\u00a0: ceux qui aiment leur voiture la lavent souvent. \u00c0 P\u00e9tange et partout sur les routes, la vie quotidienne laisse des traces sur la peinture. <b data-path-to-node=\"10\" data-index-in-node=\"179\">Shampoing auto premium | Lot de 3 (3 x 750 ml)<\/b> Ce coffret de Vegas Cosmetics est id\u00e9al pour celles et ceux qui exigent la qualit\u00e9 sans sacrifier leur budget. Un rapport qualit\u00e9-prix imbattable. <b data-path-to-node=\"10\" data-index-in-node=\"385\">33,75 \u20ac<\/b> Vous b\u00e9n\u00e9ficierez d&#039;une efficacit\u00e9 trois fois sup\u00e9rieure \u00e0 celle de notre shampoing haut de gamme. <b data-path-to-node=\"10\" data-index-in-node=\"459\">Shampoing auto premium | Lot de 3 (3 x 750 ml)<\/b> C&#039;est la base de toute brillance digne d&#039;une salle d&#039;exposition \u2013 que ce soit dans le garage ou lors de votre prochain voyage sur la route.<\/p>\n<h2 data-path-to-node=\"11\">Les math\u00e9matiques de Shine : pourquoi le pack de 3 en vaut la peine<\/h2>\n<p data-path-to-node=\"12\">Examinons les chiffres un instant. Une bouteille de notre shampoing premium co\u00fbte 12,50 \u20ac. Si vous achetez trois bouteilles s\u00e9par\u00e9ment, cela revient \u00e0 37,50 \u20ac. <b data-path-to-node=\"12\" data-index-in-node=\"172\">Shampoing auto premium | Lot de 3 (3 x 750 ml)<\/b> Cependant, vous ne payez que <b data-path-to-node=\"12\" data-index-in-node=\"234\">33,75 \u20ac<\/b>. Cela signifie une \u00e9conomie directe de <b data-path-to-node=\"12\" data-index-in-node=\"283\">3,75 \u20ac<\/b>! Dans le <b data-path-to-node=\"12\" data-index-in-node=\"298\">Gigis Travel World<\/b> Nous comptons sur de telles solutions d&#039;achat intelligentes. Avec le <b data-path-to-node=\"12\" data-index-in-node=\"372\">Shampoing auto premium | Lot de 3 (3 x 750 ml)<\/b> Non seulement vous avez fait des \u00e9conomies, mais vous n&#039;avez pas non plus \u00e0 vous soucier d&#039;effectuer d&#039;autres achats pendant les prochains mois.<\/p>\n<h2 data-path-to-node=\"13\">\ud83c\udfa5 Shampoing auto premium | Lot de 3 flacons de 750 ml (voir la vid\u00e9o)<\/h2>\n<p data-path-to-node=\"14\">Une image vaut mille mots, mais une vid\u00e9o vaut mille images. Pour vous montrer son incroyable pouvoir nettoyant et son action moussante douce, nous avons pr\u00e9par\u00e9 une vid\u00e9o exclusive.<\/p>\n<p data-path-to-node=\"15\">\ud83d\udc49 <b data-path-to-node=\"15\" data-index-in-node=\"3\">Regardez le court m\u00e9trage sur YouTube ici\u00a0:<\/b><\/p>\n<p><iframe loading=\"lazy\" title=\"V Living Car Care 6100 a\" width=\"563\" height=\"1000\" src=\"https:\/\/www.youtube.com\/embed\/6CHYFwOASik?feature=oembed\"  allow=\"accelerometer; autoplay; clipboard-write; encrypted-media; gyroscope; picture-in-picture; web-share\" referrerpolicy=\"strict-origin-when-cross-origin\" allowfullscreen><\/iframe><\/p>\n<p data-path-to-node=\"16\">Cette vid\u00e9o parle de <b data-path-to-node=\"16\" data-index-in-node=\"20\">Shampoing auto premium | Lot de 3 (3 x 750 ml)<\/b> Vous pouvez constater pr\u00e9cis\u00e9ment comment la mousse encapsule la salet\u00e9 et avec quelle facilit\u00e9 elle se rince. <b data-path-to-node=\"16\" data-index-in-node=\"163\">Gigis Travel World<\/b> Nous ne vendons pas des produits, nous vendons de vrais r\u00e9sultats \u2013 et cette vid\u00e9o vous en apporte la preuve directement sur votre smartphone ou votre PC.<\/p>\n<h2 data-path-to-node=\"17\">Shampoing auto premium au pouvoir nettoyant doux | Lot de 3 (3 x 750 ml)<\/h2>\n<p data-path-to-node=\"18\">Le probl\u00e8me des shampoings bon march\u00e9, c&#039;est souvent leur agressivit\u00e9. S&#039;ils nettoient, ils attaquent les couches de cire ou de scellant protectrices de la peinture de votre voiture. <b data-path-to-node=\"18\" data-index-in-node=\"166\">Shampoing auto premium | Lot de 3 (3 x 750 ml)<\/b> Il est con\u00e7u diff\u00e9remment. Il semble <b data-path-to-node=\"18\" data-index-in-node=\"239\">d\u00e9graissage<\/b>, Lorsque cela s&#039;av\u00e8re n\u00e9cessaire \u2013 par exemple en pr\u00e9sence de films gras ou de particules de suie \u2013 il reste doux pour la surface peinte. La formulation sp\u00e9ciale dans <b data-path-to-node=\"18\" data-index-in-node=\"376\">Shampoing auto premium | Lot de 3 (3 x 750 ml)<\/b> Cela permet de garantir que la salet\u00e9 est encapsul\u00e9e et \u00e9limin\u00e9e en toute s\u00e9curit\u00e9.<\/p>\n<h2 data-path-to-node=\"19\">Insecticide et nettoyant pour salet\u00e9s en un seul paquet<\/h2>\n<p data-path-to-node=\"20\">Quiconque voyage beaucoup sur les autoroutes conna\u00eet le probl\u00e8me des restes d&#039;insectes dess\u00e9ch\u00e9s. <b data-path-to-node=\"20\" data-index-in-node=\"104\">Shampoing auto premium | Lot de 3 (3 x 750 ml)<\/b> Il poss\u00e8de un pouvoir nettoyant \u00e9lev\u00e9 pour les sols organiques, gr\u00e2ce \u00e0 l&#039;effet absorbant des tensioactifs de haute qualit\u00e9 qu&#039;il contient. <b data-path-to-node=\"20\" data-index-in-node=\"265\">Shampoing auto premium | Lot de 3 (3 x 750 ml)<\/b> Les r\u00e9sidus d&#039;insectes sont beaucoup plus faciles \u00e0 enlever. Cela permet de gagner du temps et de r\u00e9duire le stress lors du lavage de votre voiture \u00e0 P\u00e9tange.<\/p>\n<h2 data-path-to-node=\"21\">Application et dosage : R\u00e9sultats professionnels garantis<\/h2>\n<p data-path-to-node=\"22\">Le <b data-path-to-node=\"22\" data-index-in-node=\"4\">Shampoing auto premium | Lot de 3 (3 x 750 ml)<\/b> Il est tr\u00e8s efficace. Pour un lavage parfait, nous recommandons\u00a0:<\/p>\n<ol start=\"1\" data-path-to-node=\"23\">\n<li>\n<p data-path-to-node=\"23,0,0\"><b data-path-to-node=\"23,0,0\" data-index-in-node=\"0\">Rapport de m\u00e9lange :<\/b> Donner <b data-path-to-node=\"23,0,0\" data-index-in-node=\"21\">60 ml<\/b> du shampooing du <b data-path-to-node=\"23,0,0\" data-index-in-node=\"48\">Shampoing auto premium | Lot de 3 (3 x 750 ml)<\/b> dans <b data-path-to-node=\"23,0,0\" data-index-in-node=\"92\">5 litres<\/b> eau chaude.<\/p>\n<\/li>\n<li>\n<p data-path-to-node=\"23,1,0\"><b data-path-to-node=\"23,1,0\" data-index-in-node=\"0\">Pr\u00e9paration:<\/b> Rincez au pr\u00e9alable toute salet\u00e9 superficielle \u00e0 l&#039;eau claire.<\/p>\n<\/li>\n<li>\n<p data-path-to-node=\"23,2,0\"><b data-path-to-node=\"23,2,0\" data-index-in-node=\"0\">La blanchisserie :<\/b> Il est pr\u00e9f\u00e9rable d&#039;utiliser un gant de toilette de haute qualit\u00e9. Le shampoing dans <b data-path-to-node=\"23,2,0\" data-index-in-node=\"78\">Shampoing auto premium | Lot de 3 (3 x 750 ml)<\/b> Il cr\u00e9e un film lubrifiant stable qui emp\u00eache les rayures.<\/p>\n<\/li>\n<li>\n<p data-path-to-node=\"23,3,0\"><b data-path-to-node=\"23,3,0\" data-index-in-node=\"0\">Finition:<\/b> Rincez abondamment le v\u00e9hicule \u00e0 l&#039;eau et s\u00e9chez-le avec un <a class=\"ng-star-inserted\" href=\"https:\/\/www.google.com\/search?q=https:\/\/gigistravelworld.de\/car-care\/trockentuch-coral-fleece\/\" target=\"_blank\" rel=\"noopener\" data-hveid=\"0\" data-ved=\"0CAAQ_4QMahgKEwiO58n648yTAxUAAAAAHQAAAAAQ4AI\">Serviette de s\u00e9chage en polaire corail<\/a>.<\/p>\n<\/li>\n<\/ol>\n<h2 data-path-to-node=\"24\">Pourquoi le shampoing auto premium (lot de 3 x 750 ml) a sa place dans tous les garages\u00a0?<\/h2>\n<p data-path-to-node=\"25\">Que vous entreteniez une voiture neuve rutilante, une voiture de collection ador\u00e9e ou la voiture familiale, <b data-path-to-node=\"25\" data-index-in-node=\"99\">Shampoing auto premium | Lot de 3 (3 x 750 ml)<\/b> est votre partenaire fiable. En vous procurant un ensemble de trois, vous vous assurez que votre v\u00e9hicule conserve sa valeur tout au long de l&#039;ann\u00e9e. <b data-path-to-node=\"25\" data-index-in-node=\"277\">Gigis Travel World<\/b> est <b data-path-to-node=\"25\" data-index-in-node=\"306\">Shampoing auto premium | Lot de 3 (3 x 750 ml)<\/b> Pour un lavage auto impeccable. Acheter ce kit, c&#039;est t\u00e9moigner d&#039;un souci constant pour sa voiture et son budget.<\/p>\n<h3 data-path-to-node=\"26\">Questions fr\u00e9quentes sur le shampoing auto premium | Pack de 3 x 750 ml (FAQ)<\/h3>\n<ul data-path-to-node=\"27\">\n<li>\n<p data-path-to-node=\"27,0,0\"><b data-path-to-node=\"27,0,0\" data-index-in-node=\"0\">Combien de temps dure le shampoing auto premium | Pack de 3 x 750 ml ?<\/b> Avec un lavage par semaine, cet ensemble durera environ 8 \u00e0 9 mois.<\/p>\n<\/li>\n<li>\n<p data-path-to-node=\"27,1,0\"><b data-path-to-node=\"27,1,0\" data-index-in-node=\"0\">Le shampoing contenu dans le lot de 3 est-il identique \u00e0 celui vendu \u00e0 l&#039;unit\u00e9\u00a0?<\/b> Oui, absolument. Vous le recevrez dans <b data-path-to-node=\"27,1,0\" data-index-in-node=\"89\">Shampoing auto premium | Lot de 3 (3 x 750 ml)<\/b> Trois fois la m\u00eame qualit\u00e9 premium.<\/p>\n<\/li>\n<li>\n<p data-path-to-node=\"27,2,0\"><b data-path-to-node=\"27,2,0\" data-index-in-node=\"0\">Puis-je \u00e9galement utiliser ce shampoing pour un vernis \u00e0 ongles mat\u00a0?<\/b> Oui, puisqu&#039;il ne contient ni cires ni silicones pour faire briller, mais qu&#039;il nettoie, il l&#039;est. <b data-path-to-node=\"27,2,0\" data-index-in-node=\"138\">Shampoing auto premium | Lot de 3 (3 x 750 ml)<\/b> Convient \u00e9galement aux surfaces mates.<\/p>\n<\/li>\n<\/ul>\n<h3 data-path-to-node=\"28\">Aper\u00e7u des donn\u00e9es produit\u00a0:<\/h3>\n<div class=\"horizontal-scroll-wrapper\">\n<table data-path-to-node=\"29\">\n<thead>\n<tr>\n<td><strong>fonctionnalit\u00e9<\/strong><\/td>\n<td><strong>D\u00e9tails<\/strong><\/td>\n<\/tr>\n<\/thead>\n<tbody>\n<tr>\n<td><span data-path-to-node=\"29,1,0,0\"><b data-path-to-node=\"29,1,0,0\" data-index-in-node=\"0\">Nom du produit<\/b><\/span><\/td>\n<td><span data-path-to-node=\"29,1,1,0\">Shampoing auto haut de gamme<\/span><\/td>\n<\/tr>\n<tr>\n<td><span data-path-to-node=\"29,2,0,0\"><b data-path-to-node=\"29,2,0,0\" data-index-in-node=\"0\">Contenu total<\/b><\/span><\/td>\n<td><span data-path-to-node=\"29,2,1,0\">2 250 ml (3 x 750 ml)<\/span><\/td>\n<\/tr>\n<tr>\n<td><span data-path-to-node=\"29,3,0,0\"><b data-path-to-node=\"29,3,0,0\" data-index-in-node=\"0\">dosage<\/b><\/span><\/td>\n<td><span data-path-to-node=\"29,3,1,0\">60 ml pour 5 litres d&#039;eau<\/span><\/td>\n<\/tr>\n<tr>\n<td><span data-path-to-node=\"29,4,0,0\"><b data-path-to-node=\"29,4,0,0\" data-index-in-node=\"0\">\u00c9conomies<\/b><\/span><\/td>\n<td><span data-path-to-node=\"29,4,1,0\">3,75 \u20ac par rapport \u00e0 un achat individuel<\/span><\/td>\n<\/tr>\n<tr>\n<td><span data-path-to-node=\"29,5,0,0\"><b data-path-to-node=\"29,5,0,0\" data-index-in-node=\"0\">Lien vid\u00e9o<\/b><\/span><\/td>\n<td><span data-path-to-node=\"29,5,1,0\"><a class=\"ng-star-inserted\" href=\"https:\/\/youtube.com\/shorts\/6CHYFwOASik\" target=\"_blank\" rel=\"noopener nofollow\" data-hveid=\"0\" data-ved=\"0CAAQ_4QMahgKEwiO58n648yTAxUAAAAAHQAAAAAQ4QI\">https:\/\/youtube.com\/shorts\/6CHYFwOASik<\/a><\/span><\/td>\n<\/tr>\n<tr>\n<td><span data-path-to-node=\"29,6,0,0\"><b data-path-to-node=\"29,6,0,0\" data-index-in-node=\"0\">Prix<\/b><\/span><\/td>\n<td><span data-path-to-node=\"29,6,1,0\">33,75 \u20ac<\/span><\/td>\n<\/tr>\n<\/tbody>\n<\/table>\n<\/div>","protected":false},"excerpt":{"rendered":"<p data-path-to-node=\"5\"><b data-path-to-node=\"5\" data-index-in-node=\"0\">Le produit ultime pour une brillance professionnelle : Shampoing auto premium | Lot de 3 x 500 ml.<\/b><\/p>\n<p data-path-to-node=\"6\">Pourquoi acheter s\u00e9par\u00e9ment quand on peut briller en ensemble ? <b data-path-to-node=\"6\" data-index-in-node=\"56\">Shampoing auto premium | Lot de 3 (3 x 750 ml)<\/b> est la solution \u00e9conomique pour tous ceux qui aiment leur v\u00e9hicule. Avec un total de <b data-path-to-node=\"6\" data-index-in-node=\"178\">2,25 litres<\/b> Avec ce nettoyant ultra-concentr\u00e9, vous \u00eates par\u00e9 pour toute la saison. Sa formule \u00e9prouv\u00e9e \u00e9limine en douceur la graisse, l&#039;huile et les r\u00e9sidus d&#039;insectes de la peinture sans ab\u00eemer les couches de cire existantes. Gr\u00e2ce \u00e0 son rendement \u00e9lev\u00e9, ce format permet de r\u00e9aliser jusqu&#039;\u00e0\u2026 <b data-path-to-node=\"6\" data-index-in-node=\"436\">36 lavages complets de v\u00e9hicules<\/b>. Comprend des instructions vid\u00e9o pour des r\u00e9sultats de lavage parfaits\u00a0!<\/p>\n<ul data-path-to-node=\"7\">\n<li>\n<p data-path-to-node=\"7,0,0\">\u2705 <b data-path-to-node=\"7,0,0\" data-index-in-node=\"2\">Avantage de prix maximal\u00a0:<\/b> Faites de r\u00e9elles \u00e9conomies par rapport \u00e0 l&#039;achat individuel.<\/p>\n<\/li>\n<li>\n<p data-path-to-node=\"7,1,0\">\u2705 <b data-path-to-node=\"7,1,0\" data-index-in-node=\"2\">Gamme \u00e9norme :<\/b> Suffisant pour environ 36 lavages (\u00e0 un dosage de 60 ml\/5 L).<\/p>\n<\/li>\n<li>\n<p data-path-to-node=\"7,2,0\">\u2705 <b data-path-to-node=\"7,2,0\" data-index-in-node=\"2\">Convient \u00e0 la peinture et d\u00e9graissant :<\/b> \u00c9limine la salet\u00e9 en profondeur et en toute s\u00e9curit\u00e9.<\/p>\n<\/li>\n<li>\n<p data-path-to-node=\"7,3,0\">\u2705 <b data-path-to-node=\"7,3,0\" data-index-in-node=\"2\">Insecticide :<\/b> \u00c9limine les r\u00e9sidus organiques sans frotter vigoureusement.<\/p>\n<\/li>\n<li>\n<p data-path-to-node=\"7,4,0\">\u2705 <b data-path-to-node=\"7,4,0\" data-index-in-node=\"2\">Y compris la vid\u00e9o\u00a0:<\/b> D\u00e9couvrez l&#039;application directement dans la boutique !<\/p>\n<\/li>\n<li>\n<p data-path-to-node=\"7,5,0\">\u2705 <b data-path-to-node=\"7,5,0\" data-index-in-node=\"2\">Prix : 33,75 \u20ac<\/b> (Votre kit de fournitures astucieux pour toute l&#039;ann\u00e9e !)<\/p>\n<\/li>\n<\/ul>","protected":false},"featured_media":946,"template":"","meta":{"_et_pb_use_builder":"","_et_pb_old_content":"","_et_gb_content_width":""},"product_brand":[63],"product_cat":[196,195,210,70],"product_tag":[],"class_list":{"0":"post-3411","1":"product","2":"type-product","3":"status-publish","4":"has-post-thumbnail","6":"product_brand-vegas-cosmetics-gmbh","7":"product_cat-auto-reinigungsmittel","8":"product_cat-car-care","9":"product_cat-home-style","10":"product_cat-wohnen-auto","12":"first","13":"instock","14":"shipping-taxable","15":"product-type-external"},"_links":{"self":[{"href":"https:\/\/gigistravelworld.de\/fr\/wp-json\/wp\/v2\/product\/3411","targetHints":{"allow":["GET"]}}],"collection":[{"href":"https:\/\/gigistravelworld.de\/fr\/wp-json\/wp\/v2\/product"}],"about":[{"href":"https:\/\/gigistravelworld.de\/fr\/wp-json\/wp\/v2\/types\/product"}],"wp:featuredmedia":[{"embeddable":true,"href":"https:\/\/gigistravelworld.de\/fr\/wp-json\/wp\/v2\/media\/946"}],"wp:attachment":[{"href":"https:\/\/gigistravelworld.de\/fr\/wp-json\/wp\/v2\/media?parent=3411"}],"wp:term":[{"taxonomy":"product_brand","embeddable":true,"href":"https:\/\/gigistravelworld.de\/fr\/wp-json\/wp\/v2\/product_brand?post=3411"},{"taxonomy":"product_cat","embeddable":true,"href":"https:\/\/gigistravelworld.de\/fr\/wp-json\/wp\/v2\/product_cat?post=3411"},{"taxonomy":"product_tag","embeddable":true,"href":"https:\/\/gigistravelworld.de\/fr\/wp-json\/wp\/v2\/product_tag?post=3411"}],"curies":[{"name":"wp","href":"https:\/\/api.w.org\/{rel}","templated":true}]}}