{"id":3408,"date":"2025-08-23T20:55:31","date_gmt":"2025-08-23T18:55:31","guid":{"rendered":"https:\/\/gigistravelworld.de\/?post_type=product&#038;p=3408"},"modified":"2026-04-02T16:22:27","modified_gmt":"2026-04-02T14:22:27","slug":"felgenreiniger-750ml-bremsstaub-entferner","status":"publish","type":"product","link":"https:\/\/gigistravelworld.de\/fr\/felgenreiniger-750ml-bremsstaub-entferner\/","title":{"rendered":"Nettoyant jantes 750 ml | Puissant contre la poussi\u00e8re de freins et les salet\u00e9s"},"content":{"rendered":"<h1 data-path-to-node=\"10\">Nettoyant jantes 750 ml : Protection professionnelle contre la poussi\u00e8re de freins et les salet\u00e9s de la route<\/h1>\n<p data-path-to-node=\"11\">Dans le <b data-path-to-node=\"11\" data-index-in-node=\"7\">Gigis Travel World<\/b> On sait que les d\u00e9tails font toute la diff\u00e9rence. Une voiture fra\u00eechement lav\u00e9e n&#039;est vraiment parfaite que lorsque m\u00eame ses jantes brillent sous le soleil de P\u00e9tange. Mais tous les conducteurs connaissent le probl\u00e8me\u00a0: la poussi\u00e8re de freins, chauff\u00e9e par le freinage, s&#039;incruste litt\u00e9ralement dans la carrosserie. Les nettoyants classiques sont souvent inefficaces ou tellement agressifs qu&#039;ils ab\u00eement la peinture. <b data-path-to-node=\"11\" data-index-in-node=\"434\">Nettoyant pour jantes 750 ml<\/b> Les produits Vegas Cosmetics offrent l&#039;\u00e9quilibre parfait entre une action nettoyante puissante et une protection douce des tissus. <b data-path-to-node=\"11\" data-index-in-node=\"570\">16,00 \u20ac<\/b> Vous recevrez un outil qui permettra de redonner \u00e0 vos jantes leur aspect neuf.<\/p>\n<h2 data-path-to-node=\"12\">Pourquoi le nettoyant pour jantes de 750 ml devrait figurer dans chaque trousse d&#039;entretien automobile<\/h2>\n<p data-path-to-node=\"13\">La salet\u00e9 routi\u00e8re est un m\u00e9lange complexe de goudron, d&#039;huile, de particules m\u00e9talliques et de r\u00e9sidus organiques. Sa particularit\u00e9 r\u00e9side dans\u2026 <b data-path-to-node=\"13\" data-index-in-node=\"123\">Nettoyant pour jantes 750 ml<\/b> Sa formule sp\u00e9ciale dissolvant les graisses est un atout. Alors que l&#039;eau perle simplement sur le tissu, le <b data-path-to-node=\"13\" data-index-in-node=\"237\">Nettoyant pour jantes 750 ml<\/b> la couche de salet\u00e9 et la soul\u00e8ve d\u00e9licatement de la surface.<\/p>\n<ol start=\"1\" data-path-to-node=\"14\">\n<li>\n<p data-path-to-node=\"14,0,0\"><b data-path-to-node=\"14,0,0\" data-index-in-node=\"0\">Maintien de la valeur\u00a0:<\/b> Les jantes sont ch\u00e8res. Un entretien r\u00e9gulier est n\u00e9cessaire. <b data-path-to-node=\"14,0,0\" data-index-in-node=\"58\">Nettoyant pour jantes 750 ml<\/b> Pr\u00e9vient la corrosion permanente et la d\u00e9coloration caus\u00e9es par la poussi\u00e8re incrust\u00e9e.<\/p>\n<\/li>\n<li>\n<p data-path-to-node=\"14,1,0\"><b data-path-to-node=\"14,1,0\" data-index-in-node=\"0\">Optique:<\/b> Rien n&#039;embellit davantage un v\u00e9hicule que des jantes impeccablement nettoy\u00e9es. <b data-path-to-node=\"14,1,0\" data-index-in-node=\"70\">Nettoyant pour jantes 750 ml<\/b> Cela permet de cr\u00e9er l&#039;aspect tr\u00e8s recherch\u00e9 des salles d&#039;exposition.<\/p>\n<\/li>\n<li>\n<p data-path-to-node=\"14,2,0\"><b data-path-to-node=\"14,2,0\" data-index-in-node=\"0\">S\u00e9curit\u00e9:<\/b> Un pneu et une jante propres permettent une meilleure inspection visuelle pour d\u00e9tecter tout dommage au syst\u00e8me de freinage ou \u00e0 la structure de la jante.<\/p>\n<\/li>\n<\/ol>\n<h2 data-path-to-node=\"15\">La technologie \u00e0 l&#039;origine de la formule : Puissante et s\u00fbre<\/h2>\n<p data-path-to-node=\"16\">On affirme souvent qu&#039;un bon produit nettoyant doit contenir de l&#039;acide. <b data-path-to-node=\"16\" data-index-in-node=\"67\">Nettoyant pour jantes 750 ml<\/b> Cela prouve le contraire. La formule a \u00e9t\u00e9 optimis\u00e9e pour \u00eatre extr\u00eamement efficace contre les contaminants organiques et inorganiques, tout en prot\u00e9geant le vernis de vos jantes. Cela signifie pour vous\u00a0: vous pouvez utiliser le <b data-path-to-node=\"16\" data-index-in-node=\"316\">Nettoyant pour jantes 750 ml<\/b> \u00c0 utiliser sans h\u00e9sitation sur des jantes en alliage de haute qualit\u00e9, des jantes diamant\u00e9es ou des jantes en acier classiques. Les propri\u00e9t\u00e9s d\u00e9graissantes du <b data-path-to-node=\"16\" data-index-in-node=\"472\">Nettoyant pour jantes 750 ml<\/b> Cela en fait \u00e9galement le partenaire id\u00e9al pour \u00e9liminer les r\u00e9sidus huileux apr\u00e8s l&#039;hiver ou apr\u00e8s avoir circul\u00e9 sur des chantiers.<\/p>\n<h2 data-path-to-node=\"17\">Conseils d&#039;utilisation du nettoyant pour jantes de 750 ml<\/h2>\n<p data-path-to-node=\"18\">Pour que vous soyez dans le <b data-path-to-node=\"18\" data-index-in-node=\"16\">Gigis Travel World<\/b> Pour obtenir les meilleurs r\u00e9sultats, suivez ces instructions simples\u00a0:<\/p>\n<ol start=\"1\" data-path-to-node=\"19\">\n<li>\n<p data-path-to-node=\"19,0,0\"><b data-path-to-node=\"19,0,0\" data-index-in-node=\"0\">Pr\u00e9paration:<\/b> Assurez-vous que les jantes ont refroidi. Vaporisez le <b data-path-to-node=\"19,0,0\" data-index-in-node=\"71\">Nettoyant pour jantes 750 ml<\/b> Ne jamais se garer sur des freins chauds ou en plein soleil de midi.<\/p>\n<\/li>\n<li>\n<p data-path-to-node=\"19,1,0\"><b data-path-to-node=\"19,1,0\" data-index-in-node=\"0\">Application:<\/b> Vaporisez le <b data-path-to-node=\"19,1,0\" data-index-in-node=\"22\">Nettoyant pour jantes 750 ml<\/b> Appliquer g\u00e9n\u00e9reusement et uniform\u00e9ment sur toute la surface du bord.<\/p>\n<\/li>\n<li>\n<p data-path-to-node=\"19,2,0\"><b data-path-to-node=\"19,2,0\" data-index-in-node=\"0\">Laisser absorber :<\/b> Laissez le produit p\u00e9n\u00e9trer pendant quelques secondes. Vous verrez comment le <b data-path-to-node=\"19,2,0\" data-index-in-node=\"87\">Nettoyant pour jantes 750 ml<\/b> commence \u00e0 d\u00e9tacher la salet\u00e9.<\/p>\n<\/li>\n<li>\n<p data-path-to-node=\"19,3,0\"><b data-path-to-node=\"19,3,0\" data-index-in-node=\"0\">Assistance m\u00e9canique (facultative)\u00a0:<\/b> Pour les salet\u00e9s extr\u00eamement tenaces ou dans les recoins difficiles d&#039;acc\u00e8s des rayons, l&#039;utilisation d&#039;une brosse douce pour jantes en combinaison avec le <b data-path-to-node=\"19,3,0\" data-index-in-node=\"175\">Nettoyant pour jantes 750 ml<\/b> Recommand\u00e9.<\/p>\n<\/li>\n<li>\n<p data-path-to-node=\"19,4,0\"><b data-path-to-node=\"19,4,0\" data-index-in-node=\"0\">Rincer:<\/b> Rincez soigneusement le rebord avec un jet d&#039;eau puissant ou un nettoyeur haute pression. Le r\u00e9sultat vous surprendra !<\/p>\n<\/li>\n<\/ol>\n<h2 data-path-to-node=\"20\">Pourquoi le flacon de 750 ml est le format id\u00e9al<\/h2>\n<p data-path-to-node=\"21\">Dans le <b data-path-to-node=\"21\" data-index-in-node=\"7\">Gigis Travel World<\/b> Nous accordons une grande importance \u00e0 l&#039;aspect pratique. Le flacon pulv\u00e9risateur de 750 ml du <b data-path-to-node=\"21\" data-index-in-node=\"85\">Nettoyant pour roues<\/b> Son design ergonomique assure une prise en main confortable, m\u00eame lors du nettoyage de quatre grandes roues. Sa capacit\u00e9 est suffisante pour de nombreuses utilisations avec un niveau de salet\u00e9 normal. <b data-path-to-node=\"21\" data-index-in-node=\"288\">Nettoyant pour jantes 750 ml<\/b> Elle est donc non seulement efficace, mais aussi \u00e9conomique. C&#039;est le compagnon id\u00e9al pour le lavage auto hebdomadaire \u00e0 P\u00e9tange ou pour un nettoyage rapide avant un rassemblement de voitures.<\/p>\n<h2 data-path-to-node=\"22\">Promesse de durabilit\u00e9 et de bienveillance<\/h2>\n<p data-path-to-node=\"23\">Faisant partie de la gamme Vegas Cosmetics, <b data-path-to-node=\"23\" data-index-in-node=\"55\">Nettoyant pour jantes 750 ml<\/b> par souci de qualit\u00e9 et de responsabilit\u00e9. Les ingr\u00e9dients sont s\u00e9lectionn\u00e9s pour un maximum d&#039;efficacit\u00e9 et un impact environnemental minimal. <b data-path-to-node=\"23\" data-index-in-node=\"221\">Gigis Travel World<\/b> Nous recommandons d&#039;utiliser les produits suivants apr\u00e8s le nettoyage\u00a0: <b data-path-to-node=\"23\" data-index-in-node=\"281\">Nettoyant pour jantes 750 ml<\/b> Un produit d&#039;\u00e9tanch\u00e9it\u00e9 est ensuite appliqu\u00e9 pour emp\u00eacher la salet\u00e9 d&#039;adh\u00e9rer et faciliter ainsi le prochain lavage. <b data-path-to-node=\"23\" data-index-in-node=\"420\">Nettoyant pour jantes 750 ml<\/b> encore plus rapide et plus facile.<\/p>\n<h2 data-path-to-node=\"24\">Conclusion : Des jantes propres d&#039;une simple pression sur un bouton<\/h2>\n<p data-path-to-node=\"25\">\u00c9vitez les frottements fastidieux et les produits chimiques agressifs qui font plus de mal que de bien. Faites confiance \u00e0 la formule professionnelle de [nom du produit]. <b data-path-to-node=\"25\" data-index-in-node=\"124\">Nettoyant pour jantes 750 ml<\/b>. C&#039;est s\u00fbr, rapide et tr\u00e8s efficace. \u00c0 P\u00e9tange, nous le savons\u00a0: si vous aimez votre voiture, vous en prenez soin avec les bons outils. <b data-path-to-node=\"25\" data-index-in-node=\"275\">Nettoyant pour jantes 750 ml<\/b> \u00c7a a tout \u00e0 fait sa place l\u00e0-bas.<\/p>\n<h3 data-path-to-node=\"26\">Questions fr\u00e9quentes concernant le nettoyant pour jantes de 750 ml (FAQ)<\/h3>\n<ul data-path-to-node=\"27\">\n<li>\n<p data-path-to-node=\"27,0,0\"><b data-path-to-node=\"27,0,0\" data-index-in-node=\"0\">Le nettoyant pour jantes de 750 ml convient-il aux jantes mates\u00a0?<\/b> Oui, puisqu&#039;il n&#039;attaque pas la peinture et ne contient pas de cires rehaussant la brillance, il peut \u00e9galement \u00eatre utilis\u00e9 sans risque sur les finitions de peinture mates et les films m\u00e9tallis\u00e9s.<\/p>\n<\/li>\n<li>\n<p data-path-to-node=\"27,1,0\"><b data-path-to-node=\"27,1,0\" data-index-in-node=\"0\">\u00c0 quelle fr\u00e9quence dois-je utiliser le nettoyant pour jantes de 750 ml ?<\/b> Nous recommandons de l&#039;utiliser \u00e0 chaque lavage complet du v\u00e9hicule afin d&#039;\u00e9viter que la poussi\u00e8re de freins ne s&#039;incruste.<\/p>\n<\/li>\n<li>\n<p data-path-to-node=\"27,2,0\"><b data-path-to-node=\"27,2,0\" data-index-in-node=\"0\">Le nettoyant pour jantes de 750 ml peut-il \u00eatre utilis\u00e9 sur des jantes chrom\u00e9es\u00a0?<\/b> Pour les surfaces sensibles telles que le chrome non peint ou l&#039;aluminium poli, nous recommandons <b data-path-to-node=\"27,2,0\" data-index-in-node=\"171\">Nettoyant pour jantes 750 ml<\/b> Testez-le au pr\u00e9alable dans un endroit discret.<\/p>\n<\/li>\n<\/ul>\n<h3 data-path-to-node=\"28\">Aper\u00e7u des donn\u00e9es produit\u00a0:<\/h3>\n<table data-path-to-node=\"29\">\n<thead>\n<tr>\n<td><strong>fonctionnalit\u00e9<\/strong><\/td>\n<td><strong>D\u00e9tails<\/strong><\/td>\n<\/tr>\n<\/thead>\n<tbody>\n<tr>\n<td><span data-path-to-node=\"29,1,0,0\"><b data-path-to-node=\"29,1,0,0\" data-index-in-node=\"0\">Nom du produit<\/b><\/span><\/td>\n<td><span data-path-to-node=\"29,1,1,0\"><b data-path-to-node=\"29,1,1,0\" data-index-in-node=\"0\">Nettoyant pour jantes 750 ml<\/b><\/span><\/td>\n<\/tr>\n<tr>\n<td><span data-path-to-node=\"29,2,0,0\"><b data-path-to-node=\"29,2,0,0\" data-index-in-node=\"0\">Application<\/b><\/span><\/td>\n<td><span data-path-to-node=\"29,2,1,0\">flacon pulv\u00e9risateur<\/span><\/td>\n<\/tr>\n<tr>\n<td><span data-path-to-node=\"29,3,0,0\"><b data-path-to-node=\"29,3,0,0\" data-index-in-node=\"0\">Caract\u00e9ristiques<\/b><\/span><\/td>\n<td><span data-path-to-node=\"29,3,1,0\">D\u00e9graissant, respectueux de la peinture<\/span><\/td>\n<\/tr>\n<tr>\n<td><span data-path-to-node=\"29,4,0,0\"><b data-path-to-node=\"29,4,0,0\" data-index-in-node=\"0\">Contenu<\/b><\/span><\/td>\n<td><span data-path-to-node=\"29,4,1,0\">750 ml<\/span><\/td>\n<\/tr>\n<tr>\n<td><span data-path-to-node=\"29,5,0,0\"><b data-path-to-node=\"29,5,0,0\" data-index-in-node=\"0\">Convient pour<\/b><\/span><\/td>\n<td><span data-path-to-node=\"29,5,1,0\">Jantes en aluminium, en acier et peintes<\/span><\/td>\n<\/tr>\n<tr>\n<td><span data-path-to-node=\"29,6,0,0\"><b data-path-to-node=\"29,6,0,0\" data-index-in-node=\"0\">D\u00e9lai d&#039;exposition<\/b><\/span><\/td>\n<td><span data-path-to-node=\"29,6,1,0\">Quelques secondes<\/span><\/td>\n<\/tr>\n<tr>\n<td><span data-path-to-node=\"29,7,0,0\"><b data-path-to-node=\"29,7,0,0\" data-index-in-node=\"0\">Prix<\/b><\/span><\/td>\n<td><span data-path-to-node=\"29,7,1,0\">16,00 \u20ac<\/span><\/td>\n<\/tr>\n<\/tbody>\n<\/table>","protected":false},"excerpt":{"rendered":"<p data-path-to-node=\"5\"><b data-path-to-node=\"5\" data-index-in-node=\"0\">Puissance maximale pour des jantes \u00e9tincelantes : Nettoyant jantes 750 ml.<\/b><\/p>\n<p data-path-to-node=\"6\">Dites adieu \u00e0 la poussi\u00e8re de freins incrust\u00e9e et \u00e0 la salet\u00e9 tenace de la route ! <b data-path-to-node=\"6\" data-index-in-node=\"74\">Nettoyant pour jantes 750 ml<\/b> Vegas Cosmetics est la solution id\u00e9ale pour tous ceux qui tiennent \u00e0 des jantes impeccables. Sa formule ultra-efficace, d\u00e9graissante, p\u00e9n\u00e8tre en profondeur et \u00e9limine efficacement la salet\u00e9 sans ab\u00eemer la peinture ni le mat\u00e9riau de vos jantes. Jantes en alliage, en acier ou surfaces peintes\u00a0: ce nettoyant offre des r\u00e9sultats impressionnants en quelques secondes. Gr\u00e2ce \u00e0 son flacon pulv\u00e9risateur pratique, l\u2019application est incroyablement facile et pr\u00e9cise.<\/p>\n<ul data-path-to-node=\"7\">\n<li>\n<p data-path-to-node=\"7,0,0\">\u2705 <b data-path-to-node=\"7,0,0\" data-index-in-node=\"2\">Nettoyage puissant :<\/b> \u00c9limine sans effort la poussi\u00e8re de frein, l&#039;huile et les salet\u00e9s de la route.<\/p>\n<\/li>\n<li>\n<p data-path-to-node=\"7,1,0\">\u2705 <b data-path-to-node=\"7,1,0\" data-index-in-node=\"2\">Respectueux des mat\u00e9riaux :<\/b> N&#039;ab\u00eeme pas la peinture \u2013 sans danger pour tous les types de jantes courants.<\/p>\n<\/li>\n<li>\n<p data-path-to-node=\"7,2,0\">\u2705 <b data-path-to-node=\"7,2,0\" data-index-in-node=\"2\">Formule d\u00e9graissante :<\/b> Dissout m\u00eame les r\u00e9sidus huileux et tenaces.<\/p>\n<\/li>\n<li>\n<p data-path-to-node=\"7,3,0\">\u2705 <b data-path-to-node=\"7,3,0\" data-index-in-node=\"2\">Temps de r\u00e9action rapide\u00a0:<\/b> Des r\u00e9sultats visibles en quelques secondes seulement.<\/p>\n<\/li>\n<li>\n<p data-path-to-node=\"7,4,0\">\u2705 <b data-path-to-node=\"7,4,0\" data-index-in-node=\"2\">Manipulation facile :<\/b> Flacon pulv\u00e9risateur ergonomique pour une application pr\u00e9cise.<\/p>\n<\/li>\n<li>\n<p data-path-to-node=\"7,5,0\">\u2705 <b data-path-to-node=\"7,5,0\" data-index-in-node=\"2\">Prix : 16,00 \u20ac<\/b> (Un entretien professionnel pour pr\u00e9server la valeur de votre v\u00e9hicule)<\/p>\n<\/li>\n<\/ul>","protected":false},"featured_media":943,"template":"","meta":{"_et_pb_use_builder":"","_et_pb_old_content":"","_et_gb_content_width":""},"product_brand":[63],"product_cat":[196,195,210,70],"product_tag":[],"class_list":{"0":"post-3408","1":"product","2":"type-product","3":"status-publish","4":"has-post-thumbnail","6":"product_brand-vegas-cosmetics-gmbh","7":"product_cat-auto-reinigungsmittel","8":"product_cat-car-care","9":"product_cat-home-style","10":"product_cat-wohnen-auto","12":"first","13":"instock","14":"shipping-taxable","15":"product-type-external"},"_links":{"self":[{"href":"https:\/\/gigistravelworld.de\/fr\/wp-json\/wp\/v2\/product\/3408","targetHints":{"allow":["GET"]}}],"collection":[{"href":"https:\/\/gigistravelworld.de\/fr\/wp-json\/wp\/v2\/product"}],"about":[{"href":"https:\/\/gigistravelworld.de\/fr\/wp-json\/wp\/v2\/types\/product"}],"wp:featuredmedia":[{"embeddable":true,"href":"https:\/\/gigistravelworld.de\/fr\/wp-json\/wp\/v2\/media\/943"}],"wp:attachment":[{"href":"https:\/\/gigistravelworld.de\/fr\/wp-json\/wp\/v2\/media?parent=3408"}],"wp:term":[{"taxonomy":"product_brand","embeddable":true,"href":"https:\/\/gigistravelworld.de\/fr\/wp-json\/wp\/v2\/product_brand?post=3408"},{"taxonomy":"product_cat","embeddable":true,"href":"https:\/\/gigistravelworld.de\/fr\/wp-json\/wp\/v2\/product_cat?post=3408"},{"taxonomy":"product_tag","embeddable":true,"href":"https:\/\/gigistravelworld.de\/fr\/wp-json\/wp\/v2\/product_tag?post=3408"}],"curies":[{"name":"wp","href":"https:\/\/api.w.org\/{rel}","templated":true}]}}