{"id":3407,"date":"2025-08-23T20:55:31","date_gmt":"2025-08-23T18:55:31","guid":{"rendered":"https:\/\/gigistravelworld.de\/?post_type=product&#038;p=3407"},"modified":"2026-04-01T16:08:24","modified_gmt":"2026-04-01T14:08:24","slug":"premium-auto-shampoo-750ml-fahrzeugwaesche","status":"publish","type":"product","link":"https:\/\/gigistravelworld.de\/fr\/premium-auto-shampoo-750ml-fahrzeugwaesche\/","title":{"rendered":"Shampoing auto premium 750 ml | Nettoyage doux et brillance"},"content":{"rendered":"<h1 data-path-to-node=\"9\">Shampoing auto premium 750 ml : Le soin ultime pour sublimer la brillance de votre v\u00e9hicule.<\/h1>\n<p data-path-to-node=\"10\">Dans le <b data-path-to-node=\"10\" data-index-in-node=\"7\">Gigis Travel World<\/b> Nous savons qu&#039;une voiture est bien plus qu&#039;un simple moyen de transport\u00a0: c&#039;est une fid\u00e8le compagne de route. Mais l&#039;environnement met la peinture \u00e0 rude \u00e9preuve\u00a0: insectes s&#039;\u00e9crasent contre le pare-chocs sur l&#039;autoroute, des projections huileuses remontent de la chauss\u00e9e et de fines poussi\u00e8res s&#039;infiltrent partout. <b data-path-to-node=\"10\" data-index-in-node=\"325\">Shampoing auto premium 750 ml<\/b> Il a \u00e9t\u00e9 d\u00e9velopp\u00e9 pour contrer ces contraintes. Pour seulement <b data-path-to-node=\"10\" data-index-in-node=\"418\">12,50 \u20ac<\/b> Vous obtenez un concentr\u00e9 haute performance qui allie efficacit\u00e9 et protection des mat\u00e9riaux. \u00c0 P\u00e9tange et au-del\u00e0, c&#039;est le cas. <b data-path-to-node=\"10\" data-index-in-node=\"551\">Shampoing auto premium 750 ml<\/b> Le premier choix des passionn\u00e9s qui ne font aucun compromis.<\/p>\n<h2 data-path-to-node=\"11\">Pourquoi le shampoing auto premium 750 ml est meilleur que les nettoyants conventionnels<\/h2>\n<p data-path-to-node=\"12\">Par commodit\u00e9, beaucoup de gens utilisent des liquides vaisselle agressifs. Attention\u00a0: ces produits d\u00e9capent les huiles essentielles de la peinture et peuvent fragiliser les plastiques et les joints. <b data-path-to-node=\"12\" data-index-in-node=\"192\">Shampoing auto premium 750 ml<\/b> est sp\u00e9cifiquement adapt\u00e9 aux exigences des surfaces des v\u00e9hicules modernes.<\/p>\n<ol start=\"1\" data-path-to-node=\"13\">\n<li>\n<p data-path-to-node=\"13,0,0\"><b data-path-to-node=\"13,0,0\" data-index-in-node=\"0\">Solution cibl\u00e9e contre les insectes\u00a0:<\/b> Les compos\u00e9s organiques contenus dans les restes d&#039;insectes sont souvent difficiles \u00e0 dissoudre. <b data-path-to-node=\"13,0,0\" data-index-in-node=\"102\">Shampoing auto premium 750 ml<\/b> Elle les adoucit en douceur pour qu&#039;elles puissent \u00eatre lav\u00e9es sans frotter.<\/p>\n<\/li>\n<li>\n<p data-path-to-node=\"13,1,0\"><b data-path-to-node=\"13,1,0\" data-index-in-node=\"0\">D\u00e9graissage sans agression :<\/b> Les r\u00e9sidus huileux provenant des gaz d&#039;\u00e9chappement ou de la chauss\u00e9e sont \u00e9limin\u00e9s par le <b data-path-to-node=\"13,1,0\" data-index-in-node=\"90\">Shampoing auto premium 750 ml<\/b> efficacement \u00e9mulsionn\u00e9 et \u00e9limin\u00e9 sans danger de la peinture.<\/p>\n<\/li>\n<li>\n<p data-path-to-node=\"13,2,0\"><b data-path-to-node=\"13,2,0\" data-index-in-node=\"0\">Capacit\u00e9 de vol plan\u00e9 :<\/b> La recette de <b data-path-to-node=\"13,2,0\" data-index-in-node=\"33\">Shampoing auto premium 750 ml<\/b> Elle cr\u00e9e un fin film lubrifiant entre le gant de lavage et la peinture, ce qui r\u00e9duit consid\u00e9rablement le risque de micro-rayures (tourbillons).<\/p>\n<\/li>\n<\/ol>\n<h2 data-path-to-node=\"14\">L&#039;application : Efficacit\u00e9 maximale avec le shampoing auto premium 750 ml<\/h2>\n<p data-path-to-node=\"15\">Un bon produit ne vaut que par son application. <b data-path-to-node=\"15\" data-index-in-node=\"61\">Gigis Travel World<\/b> Nous nous concentrons sur le bon m\u00e9lange. <b data-path-to-node=\"15\" data-index-in-node=\"129\">Shampoing auto premium 750 ml<\/b> est extr\u00eamement productif :<\/p>\n<ul data-path-to-node=\"16\">\n<li>\n<p data-path-to-node=\"16,0,0\"><b data-path-to-node=\"16,0,0\" data-index-in-node=\"0\">Dosage:<\/b> M\u00e9langer simplement <b data-path-to-node=\"16,0,0\" data-index-in-node=\"26\">60 ml<\/b> du shampooing dans <b data-path-to-node=\"16,0,0\" data-index-in-node=\"48\">5 litres<\/b> eau chaude.<\/p>\n<\/li>\n<li>\n<p data-path-to-node=\"16,1,0\"><b data-path-to-node=\"16,1,0\" data-index-in-node=\"0\">F\u00e9condit\u00e9:<\/b> Avec une bouteille de 750 ml de <b data-path-to-node=\"16,1,0\" data-index-in-node=\"42\">Shampoing auto premium 750 ml<\/b> Pouvez-vous recharger votre v\u00e9hicule jusqu&#039;\u00e0 <b data-path-to-node=\"16,1,0\" data-index-in-node=\"100\">12 fois<\/b> Lavage complet. Cela \u00e9quivaut \u00e0 un prix imbattable par lavage d&#039;environ... <b data-path-to-node=\"16,1,0\" data-index-in-node=\"199\">1,00 \u20ac<\/b>.<\/p>\n<\/li>\n<li>\n<p data-path-to-node=\"16,2,0\"><b data-path-to-node=\"16,2,0\" data-index-in-node=\"0\">Conseil:<\/b> Pour de meilleurs r\u00e9sultats, utilisez notre [outil\/applicateur\/etc.] double face <a class=\"ng-star-inserted\" href=\"https:\/\/www.google.com\/search?q=https:\/\/gigistravelworld.de\/car-care\/waschhandschuh\/\" target=\"_blank\" rel=\"noopener\" data-hveid=\"0\" data-ved=\"0CAAQ_4QMahgKEwiO58n648yTAxUAAAAAHQAAAAAQzQE\">Gant de lavage<\/a>, pour utiliser la mousse nettoyante du <b data-path-to-node=\"16,2,0\" data-index-in-node=\"103\">Shampoing auto premium 750 ml<\/b> pour une distribution optimale.<\/p>\n<\/li>\n<\/ul>\n<h2 data-path-to-node=\"17\">Voir, c&#039;est croire\u00a0: le shampoing auto premium 750\u00a0ml en vid\u00e9o<\/h2>\n<p data-path-to-node=\"18\">Dans votre magasin, c&#039;est <b data-path-to-node=\"18\" data-index-in-node=\"23\">Shampoing auto premium 750 ml<\/b> Dot\u00e9 d&#039;un module vid\u00e9o. Pourquoi ? Parce que vous pouvez surveiller la formation de mousse et les performances de nettoyage du <b data-path-to-node=\"18\" data-index-in-node=\"151\">Shampoing auto premium 750 ml<\/b> C&#039;est encore plus impressionnant en action ! Regardez comment la mousse emprisonne la salet\u00e9 et comme elle se rince facilement ensuite, sans laisser de traces. La vid\u00e9o parle de <b data-path-to-node=\"18\" data-index-in-node=\"356\">Shampoing auto premium 750 ml<\/b> vous montre \u00e9tape par \u00e9tape comment obtenir une brillance parfaite.<\/p>\n<p><iframe loading=\"lazy\" title=\"V Living Car Care 6100 a\" width=\"563\" height=\"1000\" src=\"https:\/\/www.youtube.com\/embed\/6CHYFwOASik?feature=oembed\"  allow=\"accelerometer; autoplay; clipboard-write; encrypted-media; gyroscope; picture-in-picture; web-share\" referrerpolicy=\"strict-origin-when-cross-origin\" allowfullscreen><\/iframe><\/p>\n<h2 data-path-to-node=\"19\">Un r\u00e9sultat brillant pour toutes les surfaces<\/h2>\n<p data-path-to-node=\"20\">Le <b data-path-to-node=\"20\" data-index-in-node=\"4\">Shampoing auto premium 750 ml<\/b> ne se limite pas \u00e0 la peinture. Dans le <b data-path-to-node=\"20\" data-index-in-node=\"74\">Gigis Travel World<\/b> Nous l&#039;utilisons pour tout l&#039;ext\u00e9rieur :<\/p>\n<ul data-path-to-node=\"21\">\n<li>\n<p data-path-to-node=\"21,0,0\"><b data-path-to-node=\"21,0,0\" data-index-in-node=\"0\">Surfaces en verre :<\/b> Les fen\u00eatres et les miroirs sont trait\u00e9s avec le <b data-path-to-node=\"21,0,0\" data-index-in-node=\"48\">Shampoing auto premium 750 ml<\/b> Sans traces et propre.<\/p>\n<\/li>\n<li>\n<p data-path-to-node=\"21,1,0\"><b data-path-to-node=\"21,1,0\" data-index-in-node=\"0\">Plastiques :<\/b> Les pare-chocs et les baguettes de finition non peints sont nettoy\u00e9s en douceur sans d\u00e9coloration.<\/p>\n<\/li>\n<li>\n<p data-path-to-node=\"21,2,0\"><b data-path-to-node=\"21,2,0\" data-index-in-node=\"0\">Jantes :<\/b> La poussi\u00e8re de freins et les salet\u00e9s de la route peuvent \u00eatre \u00e9limin\u00e9es gr\u00e2ce au pouvoir d\u00e9graissant du <b data-path-to-node=\"21,2,0\" data-index-in-node=\"79\">Shampoing auto premium 750 ml<\/b> plus facile \u00e0 enlever.<\/p>\n<\/li>\n<\/ul>\n<h2 data-path-to-node=\"22\">Pr\u00e9servez la valeur de votre voiture gr\u00e2ce \u00e0 un entretien r\u00e9gulier avec le shampoing auto premium 750 ml.<\/h2>\n<p data-path-to-node=\"23\">Une peinture bien entretenue n&#039;est pas seulement une question d&#039;esth\u00e9tique, mais aussi de valeur de revente. Un lavage r\u00e9gulier avec le <b data-path-to-node=\"23\" data-index-in-node=\"131\">Shampoing auto premium 750 ml<\/b> Vous emp\u00eachez les agressions ext\u00e9rieures de p\u00e9n\u00e9trer le vernis. Chez P\u00e9tange, nous le savons : investir aujourd&#039;hui dans un produit de haute qualit\u00e9\u2026 <b data-path-to-node=\"23\" data-index-in-node=\"288\">Shampoing auto premium 750 ml<\/b> Investissez maintenant et vous \u00e9conomiserez sur les frais d&#039;entretien esth\u00e9tique demain. C&#039;est la meilleure fa\u00e7on de pr\u00e9server la beaut\u00e9 de votre voiture.<\/p>\n<h2 data-path-to-node=\"24\">Pourquoi le shampoing auto premium 750 ml a sa place dans votre trousse d&#039;entretien<\/h2>\n<p data-path-to-node=\"25\">Dans le <b data-path-to-node=\"25\" data-index-in-node=\"7\">Gigis Travel World<\/b> Nous s\u00e9lectionnons uniquement les meilleurs produits. <b data-path-to-node=\"25\" data-index-in-node=\"70\">Shampoing auto premium 750 ml<\/b> C&#039;est un produit de base indispensable pour tout conducteur. Son parfum est agr\u00e9able, son application est facile et ses r\u00e9sultats sont visibles et palpables. Que vous pr\u00e9pariez votre voiture de collection pour une balade dominicale ou que vous nettoyiez votre v\u00e9hicule quotidien des salet\u00e9s hivernales, ce produit est fait pour vous. <b data-path-to-node=\"25\" data-index-in-node=\"365\">Shampoing auto premium 750 ml<\/b> Il ne vous d\u00e9cevra pas.<\/p>\n<h3 data-path-to-node=\"26\">Questions fr\u00e9quentes concernant le shampoing auto premium 750 ml (FAQ)<\/h3>\n<ul data-path-to-node=\"27\">\n<li>\n<p data-path-to-node=\"27,0,0\"><b data-path-to-node=\"27,0,0\" data-index-in-node=\"0\">Puis-je utiliser le shampoing auto premium 750 ml dans un pistolet \u00e0 mousse ?<\/b> Oui, \u00e7a <b data-path-to-node=\"27,0,0\" data-index-in-node=\"94\">Shampoing auto premium 750 ml<\/b> Id\u00e9al pour le pr\u00e9lavage \u00e0 la mousse. Ajustez le dosage selon la quantit\u00e9 de mousse souhait\u00e9e.<\/p>\n<\/li>\n<li>\n<p data-path-to-node=\"27,1,0\"><b data-path-to-node=\"27,1,0\" data-index-in-node=\"0\">Le shampoing auto premium 750 ml est-il biod\u00e9gradable ?<\/b> Les agents tensioactifs contenus dans le produit r\u00e9pondent aux exigences l\u00e9gales en mati\u00e8re de biod\u00e9gradabilit\u00e9, ce qui le rend s\u00fbr pour une utilisation dans les zones de lavage d\u00e9sign\u00e9es.<\/p>\n<\/li>\n<li>\n<p data-path-to-node=\"27,2,0\"><b data-path-to-node=\"27,2,0\" data-index-in-node=\"0\">Le shampoing auto premium 750 ml laisse-t-il un r\u00e9sidu cireux\u00a0?<\/b> Non, ce produit est un shampoing nettoyant uniquement. Il est id\u00e9al pour d\u00e9graisser les surfaces. Pour une protection optimale apr\u00e8s lavage, nous recommandons l&#039;application d&#039;un produit protecteur ou d&#039;une cire.<\/p>\n<\/li>\n<\/ul>\n<h3 data-path-to-node=\"28\">Aper\u00e7u des donn\u00e9es produit\u00a0:<\/h3>\n<table data-path-to-node=\"29\">\n<thead>\n<tr>\n<td><strong>fonctionnalit\u00e9<\/strong><\/td>\n<td><strong>D\u00e9tails<\/strong><\/td>\n<\/tr>\n<\/thead>\n<tbody>\n<tr>\n<td><span data-path-to-node=\"29,1,0,0\"><b data-path-to-node=\"29,1,0,0\" data-index-in-node=\"0\">Nom du produit<\/b><\/span><\/td>\n<td><span data-path-to-node=\"29,1,1,0\"><b data-path-to-node=\"29,1,1,0\" data-index-in-node=\"0\">Shampoing auto premium 750 ml<\/b><\/span><\/td>\n<\/tr>\n<tr>\n<td><span data-path-to-node=\"29,2,0,0\"><b data-path-to-node=\"29,2,0,0\" data-index-in-node=\"0\">dosage<\/b><\/span><\/td>\n<td><span data-path-to-node=\"29,2,1,0\">60 ml pour 5 litres d&#039;eau<\/span><\/td>\n<\/tr>\n<tr>\n<td><span data-path-to-node=\"29,3,0,0\"><b data-path-to-node=\"29,3,0,0\" data-index-in-node=\"0\">Effet<\/b><\/span><\/td>\n<td><span data-path-to-node=\"29,3,1,0\">Nettoyage, d\u00e9graissage, \u00e9limination des insectes<\/span><\/td>\n<\/tr>\n<tr>\n<td><span data-path-to-node=\"29,4,0,0\"><b data-path-to-node=\"29,4,0,0\" data-index-in-node=\"0\">Contenu<\/b><\/span><\/td>\n<td><span data-path-to-node=\"29,4,1,0\">concentr\u00e9 de 750 ml<\/span><\/td>\n<\/tr>\n<tr>\n<td><span data-path-to-node=\"29,5,0,0\"><b data-path-to-node=\"29,5,0,0\" data-index-in-node=\"0\">Application<\/b><\/span><\/td>\n<td><span data-path-to-node=\"29,5,1,0\">Lavage \u00e0 la main \/ Pistolet \u00e0 mousse<\/span><\/td>\n<\/tr>\n<tr>\n<td><span data-path-to-node=\"29,6,0,0\"><b data-path-to-node=\"29,6,0,0\" data-index-in-node=\"0\">Fonction sp\u00e9ciale<\/b><\/span><\/td>\n<td><span data-path-to-node=\"29,6,1,0\">Comprend une vid\u00e9o du produit<\/span><\/td>\n<\/tr>\n<tr>\n<td><span data-path-to-node=\"29,7,0,0\"><b data-path-to-node=\"29,7,0,0\" data-index-in-node=\"0\">Prix<\/b><\/span><\/td>\n<td><span data-path-to-node=\"29,7,1,0\">12,50 \u20ac<\/span><\/td>\n<\/tr>\n<\/tbody>\n<\/table>","protected":false},"excerpt":{"rendered":"<p data-path-to-node=\"4\"><b data-path-to-node=\"4\" data-index-in-node=\"0\">Nettoyage en profondeur tout en douceur pour une brillance parfaite : Shampoing auto premium 750 ml.<\/b><\/p>\n<p data-path-to-node=\"5\">Offrez \u00e0 votre v\u00e9hicule les soins qu&#039;il m\u00e9rite ! <b data-path-to-node=\"5\" data-index-in-node=\"54\">Shampoing auto premium 750 ml<\/b> Vegas Cosmetics est la solution id\u00e9ale pour un lavage \u00e0 la main \u00e0 la fois doux et efficace. Sa formule sp\u00e9ciale dissout sans effort les salet\u00e9s routi\u00e8res tenaces, les r\u00e9sidus gras et les traces d&#039;insectes sans ab\u00eemer la couche protectrice de votre peinture. Gr\u00e2ce \u00e0 son action d\u00e9graissante, elle laisse une surface impeccable et pr\u00e9pare parfaitement votre voiture \u00e0 l&#039;application d&#039;un produit de protection. Hautement concentr\u00e9e et douce pour les mat\u00e9riaux, elle garantit des r\u00e9sultats dignes d&#039;une salle d&#039;exposition.<\/p>\n<ul data-path-to-node=\"6\">\n<li>\n<p data-path-to-node=\"6,0,0\">\u2705 <b data-path-to-node=\"6,0,0\" data-index-in-node=\"2\">Action nettoyante puissante :<\/b> \u00c9limine l&#039;huile, la graisse et les r\u00e9sidus d&#039;insectes tenaces.<\/p>\n<\/li>\n<li>\n<p data-path-to-node=\"6,1,0\">\u2705 <b data-path-to-node=\"6,1,0\" data-index-in-node=\"2\">Compatible avec la peinture :<\/b> Formule douce pour l&#039;entretien r\u00e9gulier de votre v\u00e9hicule.<\/p>\n<\/li>\n<li>\n<p data-path-to-node=\"6,2,0\">\u2705 <b data-path-to-node=\"6,2,0\" data-index-in-node=\"2\">Effet d\u00e9graissant :<\/b> Surface garantie sans r\u00e9sidus.<\/p>\n<\/li>\n<li>\n<p data-path-to-node=\"6,3,0\">\u2705 <b data-path-to-node=\"6,3,0\" data-index-in-node=\"2\">Tr\u00e8s concentr\u00e9 :<\/b> Seulement 60 ml pour 5 litres d&#039;eau pour un rendement maximal.<\/p>\n<\/li>\n<li>\n<p data-path-to-node=\"6,4,0\">\u2705 <b data-path-to-node=\"6,4,0\" data-index-in-node=\"2\">Comprend un tutoriel vid\u00e9o\u00a0:<\/b> D\u00e9couvrez le produit en action !<\/p>\n<\/li>\n<li>\n<p data-path-to-node=\"6,5,0\">\u2705 <b data-path-to-node=\"6,5,0\" data-index-in-node=\"2\">Prix : 12,50 \u20ac<\/b> (Soins haut de gamme pour une pr\u00e9servation durable de la valeur)<\/p>\n<\/li>\n<\/ul>","protected":false},"featured_media":942,"template":"","meta":{"_et_pb_use_builder":"","_et_pb_old_content":"","_et_gb_content_width":""},"product_brand":[63],"product_cat":[196,195,210,70],"product_tag":[],"class_list":{"0":"post-3407","1":"product","2":"type-product","3":"status-publish","4":"has-post-thumbnail","6":"product_brand-vegas-cosmetics-gmbh","7":"product_cat-auto-reinigungsmittel","8":"product_cat-car-care","9":"product_cat-home-style","10":"product_cat-wohnen-auto","12":"first","13":"instock","14":"shipping-taxable","15":"product-type-external"},"_links":{"self":[{"href":"https:\/\/gigistravelworld.de\/fr\/wp-json\/wp\/v2\/product\/3407","targetHints":{"allow":["GET"]}}],"collection":[{"href":"https:\/\/gigistravelworld.de\/fr\/wp-json\/wp\/v2\/product"}],"about":[{"href":"https:\/\/gigistravelworld.de\/fr\/wp-json\/wp\/v2\/types\/product"}],"wp:featuredmedia":[{"embeddable":true,"href":"https:\/\/gigistravelworld.de\/fr\/wp-json\/wp\/v2\/media\/942"}],"wp:attachment":[{"href":"https:\/\/gigistravelworld.de\/fr\/wp-json\/wp\/v2\/media?parent=3407"}],"wp:term":[{"taxonomy":"product_brand","embeddable":true,"href":"https:\/\/gigistravelworld.de\/fr\/wp-json\/wp\/v2\/product_brand?post=3407"},{"taxonomy":"product_cat","embeddable":true,"href":"https:\/\/gigistravelworld.de\/fr\/wp-json\/wp\/v2\/product_cat?post=3407"},{"taxonomy":"product_tag","embeddable":true,"href":"https:\/\/gigistravelworld.de\/fr\/wp-json\/wp\/v2\/product_tag?post=3407"}],"curies":[{"name":"wp","href":"https:\/\/api.w.org\/{rel}","templated":true}]}}